
{"id":1023,"date":"2024-05-20T22:17:35","date_gmt":"2024-05-20T20:17:35","guid":{"rendered":"https:\/\/dealtech.eu\/it\/?page_id=1023"},"modified":"2024-07-01T22:08:58","modified_gmt":"2024-07-01T20:08:58","slug":"serie-hp","status":"publish","type":"page","link":"https:\/\/dealtech.eu\/en\/serie-hp\/","title":{"rendered":"Serie hP"},"content":{"rendered":"\n<div class=\"wp-block-query is-layout-flow wp-block-query-is-layout-flow\"><ul class=\"wp-block-post-template is-layout-flow wp-block-post-template-is-layout-flow\"><li class=\"post-23 post type-post status-publish format-standard hentry category-combinata-laser\">\n\n<p class=\"has-text-align-center has-x-large-font-size\">PRIMA POWER Serie hP<\/p>\n\n<\/li><\/ul><\/div>\n\n\n\n<div class=\"wp-block-columns is-layout-flex wp-container-core-columns-is-layout-9d6595d7 wp-block-columns-is-layout-flex\">\n<div class=\"wp-block-column is-layout-flow wp-block-column-is-layout-flow\" style=\"flex-basis:66.66%\"><div id=\"metaslider-id-1022\" style=\"width: 100%;\" class=\"ml-slider-3-105-0 metaslider metaslider-flex metaslider-1022 ml-slider ms-theme-default nav-hidden\" role=\"region\" aria-label=\"Serie hP\" data-height=\"500\" data-width=\"700\">\n    <div id=\"metaslider_container_1022\">\n        <div id=\"metaslider_1022\">\n            <ul class='slides'>\n                <li style=\"display: block; width: 100%;\" class=\"slide-1033 ms-image \" aria-roledescription=\"slide\" data-date=\"2024-04-30 14:20:31\" data-filename=\"eP_1030_5-1-610x436.png\" data-slide-type=\"image\"><img loading=\"lazy\" decoding=\"async\" src=\"https:\/\/dealtech.eu\/wp-content\/uploads\/2024\/04\/eP_1030_5-1-610x436.png\" height=\"500\" width=\"700\" alt=\"Presso Piegatrice Elettrica\" class=\"slider-1022 slide-1033 msDefaultImage\" title=\"eP_1030_5  Prima Power\" \/><\/li>\n                <li style=\"display: none; width: 100%;\" class=\"slide-1034 ms-image \" aria-roledescription=\"slide\" data-date=\"2024-04-30 14:20:34\" data-filename=\"hP_4060_5-610x436.png\" data-slide-type=\"image\"><img loading=\"lazy\" decoding=\"async\" src=\"https:\/\/dealtech.eu\/wp-content\/uploads\/2024\/04\/hP_4060_5-610x436.png\" height=\"500\" width=\"700\" alt=\"\" class=\"slider-1022 slide-1034 msDefaultImage\" title=\"hP_4060_5\" \/><\/li>\n                <li style=\"display: none; width: 100%;\" class=\"slide-1035 ms-image \" aria-roledescription=\"slide\" data-date=\"2024-04-30 14:20:36\" data-filename=\"DSC_6452-700x500.jpg\" data-slide-type=\"image\"><img loading=\"lazy\" decoding=\"async\" src=\"https:\/\/dealtech.eu\/wp-content\/uploads\/2024\/04\/DSC_6452-700x500.jpg\" height=\"500\" width=\"700\" alt=\"\" class=\"slider-1022 slide-1035 msDefaultImage\" title=\"DSC_6452\" \/><\/li>\n                <li style=\"display: none; width: 100%;\" class=\"slide-1036 ms-image \" aria-roledescription=\"slide\" data-date=\"2024-04-30 14:20:38\" data-filename=\"DSC_6442-700x500.jpg\" data-slide-type=\"image\"><img loading=\"lazy\" decoding=\"async\" src=\"https:\/\/dealtech.eu\/wp-content\/uploads\/2024\/04\/DSC_6442-700x500.jpg\" height=\"500\" width=\"700\" alt=\"\" class=\"slider-1022 slide-1036 msDefaultImage\" title=\"DSC_6442\" \/><\/li>\n                <li style=\"display: none; width: 100%;\" class=\"slide-1037 ms-image \" aria-roledescription=\"slide\" data-date=\"2024-04-30 14:20:41\" data-filename=\"DSC_6439-700x500.jpg\" data-slide-type=\"image\"><img loading=\"lazy\" decoding=\"async\" src=\"https:\/\/dealtech.eu\/wp-content\/uploads\/2024\/04\/DSC_6439-700x500.jpg\" height=\"500\" width=\"700\" alt=\"\" class=\"slider-1022 slide-1037 msDefaultImage\" title=\"DSC_6439\" \/><\/li>\n                <li style=\"display: none; width: 100%;\" class=\"slide-1038 ms-image \" aria-roledescription=\"slide\" data-date=\"2024-04-30 14:20:42\" data-filename=\"DSC_6406-700x500.jpg\" data-slide-type=\"image\"><img loading=\"lazy\" decoding=\"async\" src=\"https:\/\/dealtech.eu\/wp-content\/uploads\/2024\/04\/DSC_6406-700x500.jpg\" height=\"500\" width=\"700\" alt=\"\" class=\"slider-1022 slide-1038 msDefaultImage\" title=\"DSC_6406\" \/><\/li>\n                <li style=\"display: none; width: 100%;\" class=\"slide-1039 ms-image \" aria-roledescription=\"slide\" data-date=\"2024-04-30 14:20:42\" data-filename=\"DSC_6285-700x500.jpeg\" data-slide-type=\"image\"><img loading=\"lazy\" decoding=\"async\" src=\"https:\/\/dealtech.eu\/wp-content\/uploads\/2024\/04\/DSC_6285-700x500.jpeg\" height=\"500\" width=\"700\" alt=\"\" class=\"slider-1022 slide-1039 msDefaultImage\" title=\"DSC_6285\" \/><\/li>\n                <li style=\"display: none; width: 100%;\" class=\"slide-1040 ms-image \" aria-roledescription=\"slide\" data-date=\"2024-04-30 14:20:47\" data-filename=\"Adaptive_Crowning-700x500.jpg\" data-slide-type=\"image\"><img loading=\"lazy\" decoding=\"async\" src=\"https:\/\/dealtech.eu\/wp-content\/uploads\/2024\/04\/Adaptive_Crowning-700x500.jpg\" height=\"500\" width=\"700\" alt=\"\" class=\"slider-1022 slide-1040 msDefaultImage\" title=\"Adaptive_Crowning\" \/><\/li>\n            <\/ul>\n        <\/div>\n        \n    <\/div>\n<\/div>\n<\/div>\n\n\n\n<div class=\"wp-block-column is-layout-flow wp-block-column-is-layout-flow\" style=\"flex-basis:33.33%\">\n<p class=\"has-vivid-cyan-blue-color has-text-color has-link-color wp-elements-470e59ea6b1915bb6e1e646b9fa592cb\"><strong>PRESSE PIEGATRICI<\/strong><\/p>\n\n\n\n<h2 class=\"wp-block-heading has-x-large-font-size\">Soluzione di piegatura idraulica ECO per il mercato ad alto tonnellaggio<\/h2>\n\n\n\n<p>La pressa piegatrice della serie hP di Prima Power \u00e8 la risposta idraulica per il mercato ad alto tonnellaggio. \u00c8 la combinazione perfetta di forza e versatilit\u00e0 della tecnologia idraulica nonch\u00e9 la fusione di risparmio energetico e sostenibilit\u00e0 del pacchetto ECO.<\/p>\n<\/div>\n<\/div>\n\n\n\n<div style=\"height:38px\" aria-hidden=\"true\" class=\"wp-block-spacer\"><\/div>\n\n\n\n<div class=\"wp-block-columns is-layout-flex wp-container-core-columns-is-layout-9d6595d7 wp-block-columns-is-layout-flex\">\n<div class=\"wp-block-column is-layout-flow wp-block-column-is-layout-flow\">\n<h2 class=\"wp-block-heading has-medium-font-size\"><img loading=\"lazy\" decoding=\"async\" width=\"30\" height=\"30\" class=\"wp-image-559\" style=\"width: 30px;\" src=\"https:\/\/dealtech.eu\/wp-content\/uploads\/2024\/04\/pngegg2.png\" alt=\"\" srcset=\"https:\/\/dealtech.eu\/wp-content\/uploads\/2024\/04\/pngegg2.png 512w, https:\/\/dealtech.eu\/wp-content\/uploads\/2024\/04\/pngegg2-300x300.png 300w, https:\/\/dealtech.eu\/wp-content\/uploads\/2024\/04\/pngegg2-150x150.png 150w, https:\/\/dealtech.eu\/wp-content\/uploads\/2024\/04\/pngegg2-100x100.png 100w\" sizes=\"auto, (max-width: 30px) 100vw, 30px\" \/> PRODUTTIVITA&#8217;<\/h2>\n\n\n\n<p>Produttivit\u00e0 estrema grazie a tempi di ciclo pi\u00f9 brevi e maggiore affidabilit\u00e0 del processo.<\/p>\n<\/div>\n\n\n\n<div class=\"wp-block-column is-layout-flow wp-block-column-is-layout-flow\">\n<h2 class=\"wp-block-heading has-medium-font-size\"><img loading=\"lazy\" decoding=\"async\" width=\"30\" height=\"30\" class=\"wp-image-559\" style=\"width: 30px;\" src=\"https:\/\/dealtech.eu\/wp-content\/uploads\/2024\/04\/pngegg2.png\" alt=\"\" srcset=\"https:\/\/dealtech.eu\/wp-content\/uploads\/2024\/04\/pngegg2.png 512w, https:\/\/dealtech.eu\/wp-content\/uploads\/2024\/04\/pngegg2-300x300.png 300w, https:\/\/dealtech.eu\/wp-content\/uploads\/2024\/04\/pngegg2-150x150.png 150w, https:\/\/dealtech.eu\/wp-content\/uploads\/2024\/04\/pngegg2-100x100.png 100w\" sizes=\"auto, (max-width: 30px) 100vw, 30px\" \/> <strong>&nbsp;<\/strong>FLESSIBILITA&#8217;<\/h2>\n\n\n\n<p>Perfetta per un\u2019ampia gamma di prodotti diversi.<\/p>\n<\/div>\n<\/div>\n\n\n\n<div class=\"wp-block-columns is-layout-flex wp-container-core-columns-is-layout-9d6595d7 wp-block-columns-is-layout-flex\">\n<div class=\"wp-block-column is-layout-flow wp-block-column-is-layout-flow\">\n<h2 class=\"wp-block-heading has-medium-font-size\"><img loading=\"lazy\" decoding=\"async\" width=\"30\" height=\"30\" class=\"wp-image-559\" style=\"width: 30px;\" src=\"https:\/\/dealtech.eu\/wp-content\/uploads\/2024\/04\/pngegg2.png\" alt=\"\" srcset=\"https:\/\/dealtech.eu\/wp-content\/uploads\/2024\/04\/pngegg2.png 512w, https:\/\/dealtech.eu\/wp-content\/uploads\/2024\/04\/pngegg2-300x300.png 300w, https:\/\/dealtech.eu\/wp-content\/uploads\/2024\/04\/pngegg2-150x150.png 150w, https:\/\/dealtech.eu\/wp-content\/uploads\/2024\/04\/pngegg2-100x100.png 100w\" sizes=\"auto, (max-width: 30px) 100vw, 30px\" \/> RIPETIBILITA&#8217;<\/h2>\n\n\n\n<p>Prestazioni coerenti nel tempo grazie alla tecnologia idraulica.<\/p>\n<\/div>\n\n\n\n<div class=\"wp-block-column is-layout-flow wp-block-column-is-layout-flow\">\n<h2 class=\"wp-block-heading has-medium-font-size\"><img loading=\"lazy\" decoding=\"async\" width=\"30\" height=\"30\" class=\"wp-image-559\" style=\"width: 30px;\" src=\"https:\/\/dealtech.eu\/wp-content\/uploads\/2024\/04\/pngegg2.png\" alt=\"\" srcset=\"https:\/\/dealtech.eu\/wp-content\/uploads\/2024\/04\/pngegg2.png 512w, https:\/\/dealtech.eu\/wp-content\/uploads\/2024\/04\/pngegg2-300x300.png 300w, https:\/\/dealtech.eu\/wp-content\/uploads\/2024\/04\/pngegg2-150x150.png 150w, https:\/\/dealtech.eu\/wp-content\/uploads\/2024\/04\/pngegg2-100x100.png 100w\" sizes=\"auto, (max-width: 30px) 100vw, 30px\" \/> <strong>&nbsp;<\/strong>MODULARITA&#8217;<\/h2>\n\n\n\n<p>In grado di soddisfare qualsiasi esigenza produttiva grazie a una variet\u00e0 di possibili configurazioni.<\/p>\n<\/div>\n<\/div>\n\n\n\n<div style=\"height:38px\" aria-hidden=\"true\" class=\"wp-block-spacer\"><\/div>\n\n\n\n<details class=\"wp-block-details is-layout-flow wp-block-details-is-layout-flow\" open><summary><font size=\"28px\"><b>Caratteristiche<\/b><\/font><\/summary>\n<h3 class=\"wp-block-heading has-vivid-cyan-blue-color has-text-color has-link-color wp-elements-abd39ed5c23d1f5768d1d814015c2ae3\">Panoramica<\/h3>\n\n\n\n<p>La centinatura adattiva e il sistema reflex rendono questa pressa piegatrice la macchina pi\u00f9 accurata attualmente disponibile sul mercato.<\/p>\n\n\n\n<p>La serie hP pu\u00f2 essere collegata in tandem o integrata in linee automatizzate o celle robotizzate.<\/p>\n\n\n\n<h3 class=\"wp-block-heading has-vivid-cyan-blue-color has-text-color has-link-color wp-elements-86bda974e52e7358bd531478e5345523\">Specifiche tecniche<\/h3>\n\n\n\n<p><strong>Centinatura Adattiva<\/strong><\/p>\n\n\n\n<p>Per compensare le inevitabili deflessioni del telaio, il banco presenta una struttura a triplo sandwich. Questa soluzione consente l\u2019installazione del sistema di centinatura adattiva con il vantaggio di misurare la deflessione del portalama e del banco compensandole in tempo reale per gestire la variabilit\u00e0 del materiale.<\/p>\n\n\n\n<p>Due sensori di precisione si adattano in tempo reale alla deformazione del portalama: il primo rileva l\u2019incurvamento del portalama dall&#8217;inizio della piega, il CNC attiva i cilindri nel banco inferiore fino a quando la lettura del secondo sensore corrisponde a quella del primo.<\/p>\n\n\n\n<p>Ci\u00f2 comporta un controllo completo con la massima precisione e assoluta ripetibilit\u00e0, indipendentemente dal materiale.<\/p>\n\n\n\n<p><strong>Sistema di compensazione Reflex<\/strong><\/p>\n\n\n\n<p>Durante la piegatura, i telai laterali sono soggetti a forze elevate che causano deformazioni nella zona dell\u2019incavo. Tale effetto provoca l\u2019allontanamento della tavola superiore dalla tavola inferiore, compromettendo in questo modo la precisione dei sistemi di controllo.<\/p>\n\n\n\n<p>Il sistema Reflex controlla la deformazione dei telai laterali grazie ai diversi sensori della macchina e al suo circuito idraulico.<\/p>\n\n\n\n<p>La posizione del portalama, durante il processo di piegatura, \u00e8 sempre sotto controllo per garantire la ripetibilit\u00e0 dell\u2019angolo, indipendentemente dalla lunghezza del pezzo, dalle variazioni di spessore, dal posizionamento del pezzo e dalle caratteristiche della lamiera.<\/p>\n\n\n\n<h3 class=\"wp-block-heading has-vivid-cyan-blue-color has-text-color has-link-color wp-elements-cb5e853490ac7eeb2b7b9f02fb6f6f6a\">Caratteristiche della macchina<\/h3>\n\n\n\n<p>Da 200 a 1000 tonnellate&nbsp;<\/p>\n\n\n\n<p>Da 2000 a 12000 mm<\/p>\n\n\n\n<p>Configurazione tandem disponibile<\/p>\n\n\n\n<p>Configurazione Genius (sistema di cambio utensile) disponibile per macchine hP di ogni taglia.<\/p>\n<\/details>\n\n\n\n<div style=\"height:38px\" aria-hidden=\"true\" class=\"wp-block-spacer\"><\/div>\n\n\n\n<figure class=\"wp-block-embed aligncenter is-type-video is-provider-youtube wp-block-embed-youtube wp-embed-aspect-16-9 wp-has-aspect-ratio\"><div class=\"wp-block-embed__wrapper\">\n<iframe loading=\"lazy\" title=\"Prima Power hP3340 - ECO hydraulic press brake\" width=\"640\" height=\"360\" src=\"https:\/\/www.youtube.com\/embed\/VzTUMSrFYcE?feature=oembed\" frameborder=\"0\" allow=\"accelerometer; autoplay; clipboard-write; encrypted-media; gyroscope; picture-in-picture; web-share\" referrerpolicy=\"strict-origin-when-cross-origin\" allowfullscreen><\/iframe>\n<\/div><\/figure>\n\n\n\n<div style=\"height:38px\" aria-hidden=\"true\" class=\"wp-block-spacer\"><\/div>\n\n\n\n<h2 class=\"wp-block-heading\">Maggiori informazioni? Compila il form!<\/h2>\n\n\n\n<div class=\"wpcf7 no-js\" id=\"wpcf7-f1438-o1\" lang=\"en-US\" dir=\"ltr\" data-wpcf7-id=\"1438\">\n<div class=\"screen-reader-response\"><p role=\"status\" aria-live=\"polite\" aria-atomic=\"true\"><\/p> <ul><\/ul><\/div>\n<form action=\"\/en\/wp-json\/wp\/v2\/pages\/1023#wpcf7-f1438-o1\" method=\"post\" class=\"wpcf7-form init\" aria-label=\"Contact form\" novalidate=\"novalidate\" data-status=\"init\">\n<fieldset class=\"hidden-fields-container\"><input type=\"hidden\" name=\"_wpcf7\" value=\"1438\" \/><input type=\"hidden\" name=\"_wpcf7_version\" value=\"6.1.5\" \/><input type=\"hidden\" name=\"_wpcf7_locale\" value=\"en_US\" \/><input type=\"hidden\" name=\"_wpcf7_unit_tag\" value=\"wpcf7-f1438-o1\" \/><input type=\"hidden\" name=\"_wpcf7_container_post\" value=\"0\" \/><input type=\"hidden\" name=\"_wpcf7_posted_data_hash\" value=\"\" \/><input type=\"hidden\" name=\"_wpcf7dtx_version\" value=\"5.0.4\" \/><input type=\"hidden\" name=\"lang\" value=\"en\" \/><input type=\"hidden\" name=\"_wpcf7_recaptcha_response\" value=\"\" \/>\n<\/fieldset>\n<p><label> Name<br \/>\n<span class=\"wpcf7-form-control-wrap\" data-name=\"your-name\"><input size=\"40\" maxlength=\"400\" class=\"wpcf7-form-control wpcf7-text wpcf7-validates-as-required\" autocomplete=\"name\" aria-required=\"true\" aria-invalid=\"false\" value=\"\" type=\"text\" name=\"your-name\" \/><\/span> <\/label>\n<\/p>\n<p><label> Email<br \/>\n<span class=\"wpcf7-form-control-wrap\" data-name=\"your-email\"><input size=\"40\" maxlength=\"400\" class=\"wpcf7-form-control wpcf7-email wpcf7-validates-as-required wpcf7-text wpcf7-validates-as-email\" autocomplete=\"email\" aria-required=\"true\" aria-invalid=\"false\" value=\"\" type=\"email\" name=\"your-email\" \/><\/span> <\/label>\n<\/p>\n<p><label> Subject<br \/>\n<span class=\"wpcf7-form-control-wrap\" data-name=\"your-subject\"><input size=\"40\" maxlength=\"400\" class=\"wpcf7-form-control wpcf7-text wpcf7-validates-as-required\" aria-required=\"true\" aria-invalid=\"false\" value=\"\" type=\"text\" name=\"your-subject\" \/><\/span> <\/label>\n<\/p>\n<p><label class=\"wpcf7-form-control wpcf7-label wpcf7dtx wpcf7dtx-label\">Serie hP<\/label>\n<\/p>\n<p><span id=\"wpcf7-69e35c667721a-wrapper\" class=\"wpcf7-form-control-wrap your-prod-message-wrap\" style=\"display:none !important; visibility:hidden !important;\"><input type=\"hidden\" name=\"your-prod-message-time-start\" value=\"1776508006\"><input type=\"hidden\" name=\"your-prod-message-time-check\" value=\"4\"><label for=\"wpcf7-69e35c667721a-field\" class=\"hp-message\">Please leave this field empty.<\/label><input id=\"wpcf7-69e35c667721a-field\"  class=\"wpcf7-form-control wpcf7-text\" type=\"text\" name=\"your-prod-message\" value=\"\" size=\"40\" tabindex=\"-1\" autocomplete=\"new-password\" \/><\/span>\n<\/p>\n<p><label> Messagge (optional)<br \/>\n<span class=\"wpcf7-form-control-wrap\" data-name=\"your-prod-message\"><textarea cols=\"40\" rows=\"10\" maxlength=\"2000\" class=\"wpcf7-form-control wpcf7-textarea\" aria-invalid=\"false\" name=\"your-prod-message\"><\/textarea><\/span> <\/label>\n<\/p>\n<p><input class=\"wpcf7-form-control wpcf7-submit has-spinner\" type=\"submit\" value=\"Send\" \/>\n<\/p><div class=\"wpcf7-response-output\" aria-hidden=\"true\"><\/div>\n<\/form>\n<\/div>\n\n","protected":false},"excerpt":{"rendered":"<p>PRESSE PIEGATRICI Soluzione di piegatura idraulica ECO per il mercato ad alto tonnellaggio La pressa piegatrice della serie hP di Prima Power \u00e8 la risposta idraulica per il mercato ad<\/p>\n","protected":false},"author":1,"featured_media":0,"parent":0,"menu_order":0,"comment_status":"closed","ping_status":"closed","template":"","meta":{"_seopress_robots_primary_cat":"","_seopress_titles_title":"","_seopress_titles_desc":"","_seopress_robots_index":"","footnotes":""},"categories":[],"tags":[],"class_list":{"1":"page","2":"type-page","3":"status-publish","4":"hentry"},"_links":{"self":[{"href":"https:\/\/dealtech.eu\/en\/wp-json\/wp\/v2\/pages\/1023","targetHints":{"allow":["GET"]}}],"collection":[{"href":"https:\/\/dealtech.eu\/en\/wp-json\/wp\/v2\/pages"}],"about":[{"href":"https:\/\/dealtech.eu\/en\/wp-json\/wp\/v2\/types\/page"}],"author":[{"embeddable":true,"href":"https:\/\/dealtech.eu\/en\/wp-json\/wp\/v2\/users\/1"}],"replies":[{"embeddable":true,"href":"https:\/\/dealtech.eu\/en\/wp-json\/wp\/v2\/comments?post=1023"}],"version-history":[{"count":4,"href":"https:\/\/dealtech.eu\/en\/wp-json\/wp\/v2\/pages\/1023\/revisions"}],"predecessor-version":[{"id":1469,"href":"https:\/\/dealtech.eu\/en\/wp-json\/wp\/v2\/pages\/1023\/revisions\/1469"}],"wp:attachment":[{"href":"https:\/\/dealtech.eu\/en\/wp-json\/wp\/v2\/media?parent=1023"}],"wp:term":[{"taxonomy":"category","embeddable":true,"href":"https:\/\/dealtech.eu\/en\/wp-json\/wp\/v2\/categories?post=1023"},{"taxonomy":"post_tag","embeddable":true,"href":"https:\/\/dealtech.eu\/en\/wp-json\/wp\/v2\/tags?post=1023"}],"curies":[{"name":"wp","href":"https:\/\/api.w.org\/{rel}","templated":true}]}}