
{"id":1080,"date":"2024-05-20T22:18:32","date_gmt":"2024-05-20T20:18:32","guid":{"rendered":"https:\/\/dealtech.eu\/it\/?page_id=1080"},"modified":"2024-07-01T22:06:16","modified_gmt":"2024-07-01T20:06:16","slug":"punch-genius-2","status":"publish","type":"page","link":"https:\/\/dealtech.eu\/en\/punch-genius-2\/","title":{"rendered":"Punch Genius"},"content":{"rendered":"\n<div class=\"wp-block-query is-layout-flow wp-block-query-is-layout-flow\"><ul class=\"wp-block-post-template is-layout-flow wp-block-post-template-is-layout-flow\"><li class=\"post-23 post type-post status-publish format-standard hentry category-combinata-laser\">\n\n<p class=\"has-text-align-center has-x-large-font-size\">PRIMA POWER Punch Genius<\/p>\n\n<\/li><\/ul><\/div>\n\n\n\n<div class=\"wp-block-columns is-layout-flex wp-container-core-columns-is-layout-9d6595d7 wp-block-columns-is-layout-flex\">\n<div class=\"wp-block-column is-layout-flow wp-block-column-is-layout-flow\" style=\"flex-basis:66.66%\"><div id=\"metaslider-id-1081\" style=\"width: 100%;\" class=\"ml-slider-3-105-0 metaslider metaslider-flex metaslider-1081 ml-slider ms-theme-default nav-hidden\" role=\"region\" aria-label=\"Punch Genius\" data-height=\"500\" data-width=\"700\">\n    <div id=\"metaslider_container_1081\">\n        <div id=\"metaslider_1081\">\n            <ul class='slides'>\n                <li style=\"display: block; width: 100%;\" class=\"slide-1086 ms-image \" aria-roledescription=\"slide\" data-date=\"2024-04-30 15:25:00\" data-filename=\"Punch_Genius_with_Compact_Express-700x500.jpg\" data-slide-type=\"image\"><img loading=\"lazy\" decoding=\"async\" src=\"https:\/\/dealtech.eu\/wp-content\/uploads\/2024\/04\/Punch_Genius_with_Compact_Express-700x500.jpg\" height=\"500\" width=\"700\" alt=\"\" class=\"slider-1081 slide-1086 msDefaultImage\" title=\"Punch_Genius_with_Compact_Express\" \/><\/li>\n                <li style=\"display: none; width: 100%;\" class=\"slide-1087 ms-image \" aria-roledescription=\"slide\" data-date=\"2024-04-30 15:25:00\" data-filename=\"Punch-Genius-700x500.png\" data-slide-type=\"image\"><img loading=\"lazy\" decoding=\"async\" src=\"https:\/\/dealtech.eu\/wp-content\/uploads\/2024\/04\/Punch-Genius-700x500.png\" height=\"500\" width=\"700\" alt=\"\" class=\"slider-1081 slide-1087 msDefaultImage\" title=\"Punch Genius\" \/><\/li>\n                <li style=\"display: none; width: 100%;\" class=\"slide-1088 ms-image \" aria-roledescription=\"slide\" data-date=\"2024-04-30 15:25:00\" data-filename=\"Punch-Genius-turret-door-open-view2-5069x3423-1-700x500.jpg\" data-slide-type=\"image\"><img loading=\"lazy\" decoding=\"async\" src=\"https:\/\/dealtech.eu\/wp-content\/uploads\/2024\/04\/Punch-Genius-turret-door-open-view2-5069x3423-1-700x500.jpg\" height=\"500\" width=\"700\" alt=\"\" class=\"slider-1081 slide-1088 msDefaultImage\" title=\"Punch Genius, turret door open view2 (5069x3423)\" \/><\/li>\n                <li style=\"display: none; width: 100%;\" class=\"slide-1089 ms-image \" aria-roledescription=\"slide\" data-date=\"2024-04-30 15:25:00\" data-filename=\"Punch-Genius-punching-5321x3071-v2-1-700x500.jpg\" data-slide-type=\"image\"><img loading=\"lazy\" decoding=\"async\" src=\"https:\/\/dealtech.eu\/wp-content\/uploads\/2024\/04\/Punch-Genius-punching-5321x3071-v2-1-700x500.jpg\" height=\"500\" width=\"700\" alt=\"\" class=\"slider-1081 slide-1089 msDefaultImage\" title=\"Punch Genius punching (5321x3071) v2 (1)\" \/><\/li>\n            <\/ul>\n        <\/div>\n        \n    <\/div>\n<\/div>\n<\/div>\n\n\n\n<div class=\"wp-block-column is-layout-flow wp-block-column-is-layout-flow\" style=\"flex-basis:33.33%\">\n<p class=\"has-vivid-cyan-blue-color has-text-color has-link-color wp-elements-f0492bdc4d21fd1664de9e2755573d42\"><strong>MACCHINE PUNZONATRICI<\/strong><\/p>\n\n\n\n<h2 class=\"wp-block-heading has-large-font-size\">Straordinaria efficienza energetica, minore necessit\u00e0 di manutenzione ed elevata velocit\u00e0 operativa.<\/h2>\n\n\n\n<p>La punzonatrice a torretta Prima Power utilizza assi servoelettrici a controllo numerico per offrire un&#8217;eccezionale efficienza energetica, bassi requisiti di manutenzione e un&#8217;elevata velocit\u00e0 operativa. La sua produttivit\u00e0 \u00e8 resa possibile dall&#8217;ampia capacit\u00e0 di attrezzaggio, dall&#8217;ampia gamma di utensili disponibili e dal cambio di configurazione facile e veloce.<\/p>\n<\/div>\n<\/div>\n\n\n\n<div style=\"height:38px\" aria-hidden=\"true\" class=\"wp-block-spacer\"><\/div>\n\n\n\n<div class=\"wp-block-columns is-layout-flex wp-container-core-columns-is-layout-9d6595d7 wp-block-columns-is-layout-flex\">\n<div class=\"wp-block-column is-layout-flow wp-block-column-is-layout-flow\">\n<h2 class=\"wp-block-heading has-medium-font-size\"><img loading=\"lazy\" decoding=\"async\" width=\"30\" height=\"30\" class=\"wp-image-559\" style=\"width: 30px;\" src=\"https:\/\/dealtech.eu\/wp-content\/uploads\/2024\/04\/pngegg2.png\" alt=\"\" srcset=\"https:\/\/dealtech.eu\/wp-content\/uploads\/2024\/04\/pngegg2.png 512w, https:\/\/dealtech.eu\/wp-content\/uploads\/2024\/04\/pngegg2-300x300.png 300w, https:\/\/dealtech.eu\/wp-content\/uploads\/2024\/04\/pngegg2-150x150.png 150w, https:\/\/dealtech.eu\/wp-content\/uploads\/2024\/04\/pngegg2-100x100.png 100w\" sizes=\"auto, (max-width: 30px) 100vw, 30px\" \/> ACCESSIBILITA&#8217;<\/h2>\n\n\n\n<p>Utilizzo e monitoraggio semplificati.<\/p>\n<\/div>\n\n\n\n<div class=\"wp-block-column is-layout-flow wp-block-column-is-layout-flow\">\n<h2 class=\"wp-block-heading has-medium-font-size\"><img loading=\"lazy\" decoding=\"async\" width=\"30\" height=\"30\" class=\"wp-image-559\" style=\"width: 30px;\" src=\"https:\/\/dealtech.eu\/wp-content\/uploads\/2024\/04\/pngegg2.png\" alt=\"\" srcset=\"https:\/\/dealtech.eu\/wp-content\/uploads\/2024\/04\/pngegg2.png 512w, https:\/\/dealtech.eu\/wp-content\/uploads\/2024\/04\/pngegg2-300x300.png 300w, https:\/\/dealtech.eu\/wp-content\/uploads\/2024\/04\/pngegg2-150x150.png 150w, https:\/\/dealtech.eu\/wp-content\/uploads\/2024\/04\/pngegg2-100x100.png 100w\" sizes=\"auto, (max-width: 30px) 100vw, 30px\" \/> <strong>&nbsp;<\/strong>MARTELLO INTELLIGENTE<\/h2>\n\n\n\n<p>Pi\u00f9 utensili nella torretta e tempi di cambio utensile pi\u00f9 brevi.<\/p>\n<\/div>\n<\/div>\n\n\n\n<div class=\"wp-block-columns is-layout-flex wp-container-core-columns-is-layout-9d6595d7 wp-block-columns-is-layout-flex\">\n<div class=\"wp-block-column is-layout-flow wp-block-column-is-layout-flow\">\n<h2 class=\"wp-block-heading has-medium-font-size\"><img loading=\"lazy\" decoding=\"async\" width=\"30\" height=\"30\" class=\"wp-image-559\" style=\"width: 30px;\" src=\"https:\/\/dealtech.eu\/wp-content\/uploads\/2024\/04\/pngegg2.png\" alt=\"\" srcset=\"https:\/\/dealtech.eu\/wp-content\/uploads\/2024\/04\/pngegg2.png 512w, https:\/\/dealtech.eu\/wp-content\/uploads\/2024\/04\/pngegg2-300x300.png 300w, https:\/\/dealtech.eu\/wp-content\/uploads\/2024\/04\/pngegg2-150x150.png 150w, https:\/\/dealtech.eu\/wp-content\/uploads\/2024\/04\/pngegg2-100x100.png 100w\" sizes=\"auto, (max-width: 30px) 100vw, 30px\" \/> <strong>&nbsp;<\/strong>ZERO GRAFFI<\/h2>\n\n\n\n<p>Le spazzole a movimento verticale impediscono di graffiare i materiali sensibili.<\/p>\n<\/div>\n\n\n\n<div class=\"wp-block-column is-layout-flow wp-block-column-is-layout-flow\">\n<h2 class=\"wp-block-heading has-medium-font-size\"><img loading=\"lazy\" decoding=\"async\" width=\"30\" height=\"30\" class=\"wp-image-559\" style=\"width: 30px;\" src=\"https:\/\/dealtech.eu\/wp-content\/uploads\/2024\/04\/pngegg2.png\" alt=\"\" srcset=\"https:\/\/dealtech.eu\/wp-content\/uploads\/2024\/04\/pngegg2.png 512w, https:\/\/dealtech.eu\/wp-content\/uploads\/2024\/04\/pngegg2-300x300.png 300w, https:\/\/dealtech.eu\/wp-content\/uploads\/2024\/04\/pngegg2-150x150.png 150w, https:\/\/dealtech.eu\/wp-content\/uploads\/2024\/04\/pngegg2-100x100.png 100w\" sizes=\"auto, (max-width: 30px) 100vw, 30px\" \/> TECNOLOGIA MODULARE<\/h2>\n\n\n\n<p>La cella di produzione pu\u00f2 essere dotata di soluzioni di automazione per ottenere una produzione non presidiata.<\/p>\n<\/div>\n<\/div>\n\n\n\n<div style=\"height:38px\" aria-hidden=\"true\" class=\"wp-block-spacer\"><\/div>\n\n\n\n<details class=\"wp-block-details is-layout-flow wp-block-details-is-layout-flow\" open><summary><font size=\"28px\"><b>Caratteristiche<\/b><\/font><\/summary>\n<h3 class=\"wp-block-heading has-vivid-cyan-blue-color has-text-color has-link-color wp-elements-abd39ed5c23d1f5768d1d814015c2ae3\">Panoramica<\/h3>\n\n\n\n<p>La formatura e le altre fasi operative ausiliarie, oltre alla facilit\u00e0 d&#8217;uso, sono gli ulteriori fattori che riducono il costo di produzione per componente, rendendo cos\u00ec la punzonatrice a torretta una soluzione produttiva e competitiva.<\/p>\n\n\n\n<p>Il concetto ECOPUNCH\u00ae di Prima Power rappresenta un sorprendente risparmio di denaro per quanto riguarda il consumo energetico. Rispetto al metodo tradizionale, Prima Power pu\u00f2 produrre un numero maggiore di pezzi consumando la stessa quantit\u00e0 di energia.<\/p>\n\n\n\n<h3 class=\"wp-block-heading has-vivid-cyan-blue-color has-text-color has-link-color wp-elements-cb5e853490ac7eeb2b7b9f02fb6f6f6a\">Caratteristiche della macchina<\/h3>\n\n\n\n<p>Con una forza di punzonatura di 23 tonnellate e 30 tonnellate di serie, a seconda delle prestazioni selezionate.<\/p>\n\n\n\n<p>Torretta da 20 stazioni con 16 portautensili normali (A, B, C, D) e quattro portautensili index (2 x Bi, 1 x Ci, 1 x Di). Disponibilit\u00e0 fino a 384 utensili nella torretta per un uso attivo. La torretta \u00e8 compatibile con gli utensili Amada\u00ae.<\/p>\n\n\n\n<p>Due pinze per lamiera con chiusura centralizzata e pedale.<\/p>\n\n\n\n<p>Terza pinza opzionale disponibile per una migliore presa e supporto per lamiere di dimensioni maggiori.<\/p>\n\n\n\n<p>ELEVATA CAPACIT\u00c0 DI ATTREZZAGGIO<\/p>\n\n\n\n<p>Il gran numero di utensili disponibili per le punzonatrici Prima Power<\/p>\n\n\n\n<p>deriva da una serie di caratteristiche tecniche che<\/p>\n\n\n\n<p>nessun altro produttore \u00e8 in grado di offrire:<\/p>\n\n\n\n<p>\u2022 Struttura della torretta disponibile in due varianti: 16 e 20 stazioni<\/p>\n\n\n\n<p>\u2022 Multi-Tools\u00ae<\/p>\n\n\n\n<p>\u2022 Una vasta gamma di utensili speciali<\/p>\n\n\n\n<p>\u2022 Sistema rotante di auto-indicizzazione<\/p>\n\n\n\n<p>\u2022 Martello intelligente<\/p>\n\n\n\n<p>Modulare e facile da automatizzare.<\/p>\n\n\n\n<h3 class=\"wp-block-heading has-vivid-cyan-blue-color has-text-color has-link-color wp-elements-4822bb808d34026e09780d7e47c5d156\">Dati tecnici<\/h3>\n\n\n\n<p><strong>Dimensione max. foglio:<\/strong><\/p>\n\n\n\n<p>2.500 mm x 1.250 mm (PG1225)<\/p>\n\n\n\n<p>3.000 mm x 1.500 mm (PG1530)<\/p>\n\n\n\n<p><strong>Forza di punzonatura:&nbsp; &nbsp; &nbsp; &nbsp;&nbsp;<\/strong>&nbsp;&nbsp;&nbsp;&nbsp;&nbsp;&nbsp;&nbsp;&nbsp;&nbsp;&nbsp;&nbsp;&nbsp;<\/p>\n\n\n\n<p>170, 200 o 230 kN (PG Pure)<\/p>\n\n\n\n<p>200 o 300 kN (PG Dynamic)<\/p>\n\n\n\n<p><strong>Velocit\u00e0 di punzonatura:<\/strong><\/p>\n\n\n\n<p>700 1\/min (PG Pure)<\/p>\n\n\n\n<p>1000 1\/min (PG Dynamic)<\/p>\n\n\n\n<p><strong>Velocit\u00e0 di posizionamento asse:<\/strong><\/p>\n\n\n\n<p>Asse X 2500 mm = 108 m\/min (PG Pure)&nbsp; \/ 127 m\/min (PG Dynamic)<\/p>\n\n\n\n<p>Asse X 3000 mm = 127 m\/min (PG Pure)&nbsp; \/ 150 m\/min (PG Dynamic)<\/p>\n\n\n\n<p><strong>Velocit\u00e0 di rotazione index:<\/strong><\/p>\n\n\n\n<p>180 r\/min (PG Pure)<\/p>\n\n\n\n<p>250 r\/min (PG Dynamic)<\/p>\n\n\n\n<p><strong>Max. n. utensili \/ utensili indice<\/strong><\/p>\n\n\n\n<p>torretta con 16 stazioni 280\/80<\/p>\n\n\n\n<p>torretta con 20 stazioni 384\/128<\/p>\n\n\n\n<p>Spessore max. foglio 8 mm<\/p>\n\n\n\n<p>Peso max. foglio 250 kg<\/p>\n<\/details>\n\n\n\n<div style=\"height:38px\" aria-hidden=\"true\" class=\"wp-block-spacer\"><\/div>\n\n\n\n<h2 class=\"wp-block-heading\">Maggiori informazioni? Compila il form!<\/h2>\n\n\n\n<div class=\"wpcf7 no-js\" id=\"wpcf7-f1438-o1\" lang=\"en-US\" dir=\"ltr\" data-wpcf7-id=\"1438\">\n<div class=\"screen-reader-response\"><p role=\"status\" aria-live=\"polite\" aria-atomic=\"true\"><\/p> <ul><\/ul><\/div>\n<form action=\"\/en\/wp-json\/wp\/v2\/pages\/1080#wpcf7-f1438-o1\" method=\"post\" class=\"wpcf7-form init\" aria-label=\"Contact form\" novalidate=\"novalidate\" data-status=\"init\">\n<fieldset class=\"hidden-fields-container\"><input type=\"hidden\" name=\"_wpcf7\" value=\"1438\" \/><input type=\"hidden\" name=\"_wpcf7_version\" value=\"6.1.5\" \/><input type=\"hidden\" name=\"_wpcf7_locale\" value=\"en_US\" \/><input type=\"hidden\" name=\"_wpcf7_unit_tag\" value=\"wpcf7-f1438-o1\" \/><input type=\"hidden\" name=\"_wpcf7_container_post\" value=\"0\" \/><input type=\"hidden\" name=\"_wpcf7_posted_data_hash\" value=\"\" \/><input type=\"hidden\" name=\"_wpcf7dtx_version\" value=\"5.0.4\" \/><input type=\"hidden\" name=\"lang\" value=\"en\" \/><input type=\"hidden\" name=\"_wpcf7_recaptcha_response\" value=\"\" \/>\n<\/fieldset>\n<p><label> Name<br \/>\n<span class=\"wpcf7-form-control-wrap\" data-name=\"your-name\"><input size=\"40\" maxlength=\"400\" class=\"wpcf7-form-control wpcf7-text wpcf7-validates-as-required\" autocomplete=\"name\" aria-required=\"true\" aria-invalid=\"false\" value=\"\" type=\"text\" name=\"your-name\" \/><\/span> <\/label>\n<\/p>\n<p><label> Email<br \/>\n<span class=\"wpcf7-form-control-wrap\" data-name=\"your-email\"><input size=\"40\" maxlength=\"400\" class=\"wpcf7-form-control wpcf7-email wpcf7-validates-as-required wpcf7-text wpcf7-validates-as-email\" autocomplete=\"email\" aria-required=\"true\" aria-invalid=\"false\" value=\"\" type=\"email\" name=\"your-email\" \/><\/span> <\/label>\n<\/p>\n<p><label> Subject<br \/>\n<span class=\"wpcf7-form-control-wrap\" data-name=\"your-subject\"><input size=\"40\" maxlength=\"400\" class=\"wpcf7-form-control wpcf7-text wpcf7-validates-as-required\" aria-required=\"true\" aria-invalid=\"false\" value=\"\" type=\"text\" name=\"your-subject\" \/><\/span> <\/label>\n<\/p>\n<p><label class=\"wpcf7-form-control wpcf7-label wpcf7dtx wpcf7dtx-label\">Punch Genius<\/label>\n<\/p>\n<p><span id=\"wpcf7-69f36c8db3572-wrapper\" class=\"wpcf7-form-control-wrap your-prod-message-wrap\" style=\"display:none !important; visibility:hidden !important;\"><input type=\"hidden\" name=\"your-prod-message-time-start\" value=\"1777560717\"><input type=\"hidden\" name=\"your-prod-message-time-check\" value=\"4\"><label for=\"wpcf7-69f36c8db3572-field\" class=\"hp-message\">Please leave this field empty.<\/label><input id=\"wpcf7-69f36c8db3572-field\"  class=\"wpcf7-form-control wpcf7-text\" type=\"text\" name=\"your-prod-message\" value=\"\" size=\"40\" tabindex=\"-1\" autocomplete=\"new-password\" \/><\/span>\n<\/p>\n<p><label> Messagge (optional)<br \/>\n<span class=\"wpcf7-form-control-wrap\" data-name=\"your-prod-message\"><textarea cols=\"40\" rows=\"10\" maxlength=\"2000\" class=\"wpcf7-form-control wpcf7-textarea\" aria-invalid=\"false\" name=\"your-prod-message\"><\/textarea><\/span> <\/label>\n<\/p>\n<p><input class=\"wpcf7-form-control wpcf7-submit has-spinner\" type=\"submit\" value=\"Send\" \/>\n<\/p><div class=\"wpcf7-response-output\" aria-hidden=\"true\"><\/div>\n<\/form>\n<\/div>\n\n","protected":false},"excerpt":{"rendered":"<p>MACCHINE PUNZONATRICI Straordinaria efficienza energetica, minore necessit\u00e0 di manutenzione ed elevata velocit\u00e0 operativa. La punzonatrice a torretta Prima Power utilizza assi servoelettrici a controllo numerico per offrire un&#8217;eccezionale efficienza energetica,<\/p>\n","protected":false},"author":9,"featured_media":1268,"parent":0,"menu_order":0,"comment_status":"closed","ping_status":"closed","template":"","meta":{"_seopress_robots_primary_cat":"","_seopress_titles_title":"","_seopress_titles_desc":"","_seopress_robots_index":"","footnotes":""},"categories":[149],"tags":[],"class_list":{"0":"post-1080","1":"page","2":"type-page","3":"status-publish","5":"hentry","6":"category-prima-power-punch"},"_links":{"self":[{"href":"https:\/\/dealtech.eu\/en\/wp-json\/wp\/v2\/pages\/1080","targetHints":{"allow":["GET"]}}],"collection":[{"href":"https:\/\/dealtech.eu\/en\/wp-json\/wp\/v2\/pages"}],"about":[{"href":"https:\/\/dealtech.eu\/en\/wp-json\/wp\/v2\/types\/page"}],"author":[{"embeddable":true,"href":"https:\/\/dealtech.eu\/en\/wp-json\/wp\/v2\/users\/9"}],"replies":[{"embeddable":true,"href":"https:\/\/dealtech.eu\/en\/wp-json\/wp\/v2\/comments?post=1080"}],"version-history":[{"count":2,"href":"https:\/\/dealtech.eu\/en\/wp-json\/wp\/v2\/pages\/1080\/revisions"}],"predecessor-version":[{"id":1465,"href":"https:\/\/dealtech.eu\/en\/wp-json\/wp\/v2\/pages\/1080\/revisions\/1465"}],"wp:featuredmedia":[{"embeddable":true,"href":"https:\/\/dealtech.eu\/en\/wp-json\/wp\/v2\/media\/1268"}],"wp:attachment":[{"href":"https:\/\/dealtech.eu\/en\/wp-json\/wp\/v2\/media?parent=1080"}],"wp:term":[{"taxonomy":"category","embeddable":true,"href":"https:\/\/dealtech.eu\/en\/wp-json\/wp\/v2\/categories?post=1080"},{"taxonomy":"post_tag","embeddable":true,"href":"https:\/\/dealtech.eu\/en\/wp-json\/wp\/v2\/tags?post=1080"}],"curies":[{"name":"wp","href":"https:\/\/api.w.org\/{rel}","templated":true}]}}