
{"id":1091,"date":"2024-05-20T22:16:54","date_gmt":"2024-05-20T20:16:54","guid":{"rendered":"https:\/\/dealtech.eu\/it\/?page_id=1091"},"modified":"2024-07-01T21:52:35","modified_gmt":"2024-07-01T19:52:35","slug":"combi-sharp","status":"publish","type":"page","link":"https:\/\/dealtech.eu\/en\/combi-sharp\/","title":{"rendered":"Combi Sharp"},"content":{"rendered":"\n<div class=\"wp-block-query is-layout-flow wp-block-query-is-layout-flow\"><ul class=\"wp-block-post-template is-layout-flow wp-block-post-template-is-layout-flow\"><li class=\"post-23 post type-post status-publish format-standard hentry category-combinata-laser\">\n\n<p class=\"has-text-align-center has-x-large-font-size\">PRIMA POWER <strong>Combi Sharp<\/strong><\/p>\n\n<\/li><\/ul><\/div>\n\n\n\n<div class=\"wp-block-columns is-layout-flex wp-container-core-columns-is-layout-9d6595d7 wp-block-columns-is-layout-flex\">\n<div class=\"wp-block-column is-layout-flow wp-block-column-is-layout-flow\" style=\"flex-basis:66.66%\"><div id=\"metaslider-id-1092\" style=\"width: 100%;\" class=\"ml-slider-3-105-0 metaslider metaslider-flex metaslider-1092 ml-slider ms-theme-default nav-hidden\" role=\"region\" aria-label=\"Combi Sharp\" data-height=\"500\" data-width=\"700\">\n    <div id=\"metaslider_container_1092\">\n        <div id=\"metaslider_1092\">\n            <ul class='slides'>\n                <li style=\"display: block; width: 100%;\" class=\"slide-1098 ms-image \" aria-roledescription=\"slide\" data-date=\"2024-04-30 15:38:42\" data-filename=\"Combi-Sharp-with-safety-5611x3090-1-700x500.jpg\" data-slide-type=\"image\"><img loading=\"lazy\" decoding=\"async\" src=\"https:\/\/dealtech.eu\/wp-content\/uploads\/2024\/04\/Combi-Sharp-with-safety-5611x3090-1-700x500.jpg\" height=\"500\" width=\"700\" alt=\"\" class=\"slider-1092 slide-1098 msDefaultImage\" title=\"Combi Sharp with safety (5611x3090)\" \/><\/li>\n                <li style=\"display: none; width: 100%;\" class=\"slide-1099 ms-image \" aria-roledescription=\"slide\" data-date=\"2024-04-30 15:38:48\" data-filename=\"CS_CE_front-700x500.png\" data-slide-type=\"image\"><img loading=\"lazy\" decoding=\"async\" src=\"https:\/\/dealtech.eu\/wp-content\/uploads\/2024\/04\/CS_CE_front-700x500.png\" height=\"500\" width=\"700\" alt=\"\" class=\"slider-1092 slide-1099 msDefaultImage\" title=\"CS_CE_front\" \/><\/li>\n                <li style=\"display: none; width: 100%;\" class=\"slide-1100 ms-image \" aria-roledescription=\"slide\" data-date=\"2024-04-30 15:38:50\" data-filename=\"CS_CE_left-700x500.png\" data-slide-type=\"image\"><img loading=\"lazy\" decoding=\"async\" src=\"https:\/\/dealtech.eu\/wp-content\/uploads\/2024\/04\/CS_CE_left-700x500.png\" height=\"500\" width=\"700\" alt=\"\" class=\"slider-1092 slide-1100 msDefaultImage\" title=\"CS_CE_left\" \/><\/li>\n                <li style=\"display: none; width: 100%;\" class=\"slide-1101 ms-image \" aria-roledescription=\"slide\" data-date=\"2024-04-30 15:38:50\" data-filename=\"MAIN_Combi_sharp-700x500.png\" data-slide-type=\"image\"><img loading=\"lazy\" decoding=\"async\" src=\"https:\/\/dealtech.eu\/wp-content\/uploads\/2024\/04\/MAIN_Combi_sharp-700x500.png\" height=\"500\" width=\"700\" alt=\"\" class=\"slider-1092 slide-1101 msDefaultImage\" title=\"MAIN_Combi_sharp\" \/><\/li>\n                <li style=\"display: none; width: 100%;\" class=\"slide-1102 ms-image \" aria-roledescription=\"slide\" data-date=\"2024-04-30 15:38:51\" data-filename=\"Prima-Power-Combi-Sharp-punch-and-laser-cutting-700x500.jpg\" data-slide-type=\"image\"><img loading=\"lazy\" decoding=\"async\" src=\"https:\/\/dealtech.eu\/wp-content\/uploads\/2024\/04\/Prima-Power-Combi-Sharp-punch-and-laser-cutting-700x500.jpg\" height=\"500\" width=\"700\" alt=\"\" class=\"slider-1092 slide-1102 msDefaultImage\" title=\"Prima Power Combi Sharp punch and laser cutting\" \/><\/li>\n            <\/ul>\n        <\/div>\n        \n    <\/div>\n<\/div>\n<\/div>\n\n\n\n<div class=\"wp-block-column is-layout-flow wp-block-column-is-layout-flow\" style=\"flex-basis:33.33%\">\n<p class=\"has-vivid-cyan-blue-color has-text-color has-link-color wp-elements-5009988c65972f2b18bf6b2c5b6ba5bc\"><strong>MACCHINE COMBINATE PER PUNZONATURA E TAGLIO LASER<\/strong><\/p>\n\n\n\n<h2 class=\"wp-block-heading has-large-font-size\">Punzonatura e taglio laser integrati a un prezzo contenuto<\/h2>\n\n\n\n<p>Combi Sharp \u00e8 una cella di punzonatura e taglio laser fibra compatta con elevata accessibilit\u00e0. La doppia opzione del risonatore e l\u2019elevata capacit\u00e0 di attrezzaggio offrono una produttivit\u00e0 superiore a un prezzo vantaggioso. La testa di taglio ottimizzata, il collimatore, la fibra e i parametri di taglio assicurano una qualit\u00e0 di taglio molto elevata fino a 8 mm di spessore del materiale.<\/p>\n<\/div>\n<\/div>\n\n\n\n<div style=\"height:38px\" aria-hidden=\"true\" class=\"wp-block-spacer\"><\/div>\n\n\n\n<div class=\"wp-block-columns is-layout-flex wp-container-core-columns-is-layout-9d6595d7 wp-block-columns-is-layout-flex\">\n<div class=\"wp-block-column is-layout-flow wp-block-column-is-layout-flow\">\n<h2 class=\"wp-block-heading has-medium-font-size\"><img loading=\"lazy\" decoding=\"async\" width=\"30\" height=\"30\" class=\"wp-image-559\" style=\"width: 30px;\" src=\"https:\/\/dealtech.eu\/wp-content\/uploads\/2024\/04\/pngegg2.png\" alt=\"\" srcset=\"https:\/\/dealtech.eu\/wp-content\/uploads\/2024\/04\/pngegg2.png 512w, https:\/\/dealtech.eu\/wp-content\/uploads\/2024\/04\/pngegg2-300x300.png 300w, https:\/\/dealtech.eu\/wp-content\/uploads\/2024\/04\/pngegg2-150x150.png 150w, https:\/\/dealtech.eu\/wp-content\/uploads\/2024\/04\/pngegg2-100x100.png 100w\" sizes=\"auto, (max-width: 30px) 100vw, 30px\" \/> GLI INCREDIBILI CINQUE<\/h2>\n\n\n\n<p>Punzonatura, formatura, marcatura, piegatura, taglio laser: tutto in un\u2019unica macchina<\/p>\n<\/div>\n\n\n\n<div class=\"wp-block-column is-layout-flow wp-block-column-is-layout-flow\">\n<h2 class=\"wp-block-heading has-medium-font-size\"><img loading=\"lazy\" decoding=\"async\" width=\"30\" height=\"30\" class=\"wp-image-559\" style=\"width: 30px;\" src=\"https:\/\/dealtech.eu\/wp-content\/uploads\/2024\/04\/pngegg2.png\" alt=\"\" srcset=\"https:\/\/dealtech.eu\/wp-content\/uploads\/2024\/04\/pngegg2.png 512w, https:\/\/dealtech.eu\/wp-content\/uploads\/2024\/04\/pngegg2-300x300.png 300w, https:\/\/dealtech.eu\/wp-content\/uploads\/2024\/04\/pngegg2-150x150.png 150w, https:\/\/dealtech.eu\/wp-content\/uploads\/2024\/04\/pngegg2-100x100.png 100w\" sizes=\"auto, (max-width: 30px) 100vw, 30px\" \/> <strong>&nbsp;<\/strong>ELEVATA PRODUTTIVITA&#8217;<\/h2>\n\n\n\n<p>Velocit\u00e0 elevate, facilit\u00e0 di funzionamento, tempi di configurazione minimi<\/p>\n<\/div>\n<\/div>\n\n\n\n<div class=\"wp-block-columns is-layout-flex wp-container-core-columns-is-layout-9d6595d7 wp-block-columns-is-layout-flex\">\n<div class=\"wp-block-column is-layout-flow wp-block-column-is-layout-flow\">\n<h2 class=\"wp-block-heading has-medium-font-size\"><img loading=\"lazy\" decoding=\"async\" width=\"30\" height=\"30\" class=\"wp-image-559\" style=\"width: 30px;\" src=\"https:\/\/dealtech.eu\/wp-content\/uploads\/2024\/04\/pngegg2.png\" alt=\"\" srcset=\"https:\/\/dealtech.eu\/wp-content\/uploads\/2024\/04\/pngegg2.png 512w, https:\/\/dealtech.eu\/wp-content\/uploads\/2024\/04\/pngegg2-300x300.png 300w, https:\/\/dealtech.eu\/wp-content\/uploads\/2024\/04\/pngegg2-150x150.png 150w, https:\/\/dealtech.eu\/wp-content\/uploads\/2024\/04\/pngegg2-100x100.png 100w\" sizes=\"auto, (max-width: 30px) 100vw, 30px\" \/> <strong>&nbsp;<\/strong>LAYOUT COMPATTO<\/h2>\n\n\n\n<p>Richiede un ingombro ridotto anche in presenza di moduli di automazione<\/p>\n<\/div>\n\n\n\n<div class=\"wp-block-column is-layout-flow wp-block-column-is-layout-flow\">\n<h2 class=\"wp-block-heading has-medium-font-size\"><img loading=\"lazy\" decoding=\"async\" width=\"30\" height=\"30\" class=\"wp-image-559\" style=\"width: 30px;\" src=\"https:\/\/dealtech.eu\/wp-content\/uploads\/2024\/04\/pngegg2.png\" alt=\"\" srcset=\"https:\/\/dealtech.eu\/wp-content\/uploads\/2024\/04\/pngegg2.png 512w, https:\/\/dealtech.eu\/wp-content\/uploads\/2024\/04\/pngegg2-300x300.png 300w, https:\/\/dealtech.eu\/wp-content\/uploads\/2024\/04\/pngegg2-150x150.png 150w, https:\/\/dealtech.eu\/wp-content\/uploads\/2024\/04\/pngegg2-100x100.png 100w\" sizes=\"auto, (max-width: 30px) 100vw, 30px\" \/> CONSUMO ENERGETICO RIDOTTO<\/h2>\n\n\n\n<p>Tecnologie di punzonatura servoelettrica e taglio laser fibra, senza necessit\u00e0 di gas per laser<\/p>\n<\/div>\n<\/div>\n\n\n\n<div class=\"wp-block-columns is-layout-flex wp-container-core-columns-is-layout-9d6595d7 wp-block-columns-is-layout-flex\">\n<div class=\"wp-block-column is-layout-flow wp-block-column-is-layout-flow\">\n<h2 class=\"wp-block-heading has-medium-font-size\"><img loading=\"lazy\" decoding=\"async\" width=\"30\" height=\"30\" class=\"wp-image-559\" style=\"width: 30px;\" src=\"https:\/\/dealtech.eu\/wp-content\/uploads\/2024\/04\/pngegg2.png\" alt=\"\" srcset=\"https:\/\/dealtech.eu\/wp-content\/uploads\/2024\/04\/pngegg2.png 512w, https:\/\/dealtech.eu\/wp-content\/uploads\/2024\/04\/pngegg2-300x300.png 300w, https:\/\/dealtech.eu\/wp-content\/uploads\/2024\/04\/pngegg2-150x150.png 150w, https:\/\/dealtech.eu\/wp-content\/uploads\/2024\/04\/pngegg2-100x100.png 100w\" sizes=\"auto, (max-width: 30px) 100vw, 30px\" \/> <strong>&nbsp;<\/strong>ELEVATA CAPACITA&#8217; DI ATTREZZAGGIO<\/h2>\n\n\n\n<p>Il design personalizzato della torretta consente fino a 384 utensili standard o 128 index per un uso attivo.<\/p>\n<\/div>\n\n\n\n<div class=\"wp-block-column is-layout-flow wp-block-column-is-layout-flow\">\n<h2 class=\"wp-block-heading has-medium-font-size\"><\/h2>\n<\/div>\n<\/div>\n\n\n\n<div style=\"height:38px\" aria-hidden=\"true\" class=\"wp-block-spacer\"><\/div>\n\n\n\n<details class=\"wp-block-details is-layout-flow wp-block-details-is-layout-flow\" open><summary><font size=\"28px\"><b>Caratteristiche<\/b><\/font><\/summary>\n<h3 class=\"wp-block-heading has-vivid-cyan-blue-color has-text-color has-link-color wp-elements-abd39ed5c23d1f5768d1d814015c2ae3\">Panoramica<\/h3>\n\n\n\n<p><strong>La modularit\u00e0 \u00e8 potere<\/strong><\/p>\n\n\n\n<p>Nel cuore della macchina si trova Punch Sharp, una soluzione modulare che permette di crescere in momenti differenti fino a ottenere una macchina combinata se la produzione si orienta verso pezzi pi\u00f9 complessi.<\/p>\n\n\n\n<p><strong>Sistema di protezione di facile accesso<\/strong><\/p>\n\n\n\n<p>Il nuovo sistema di sicurezza consente un accesso alla macchina facilitato, agevolando cos\u00ec il carico manuale di fogli di lamiera, lo scarico di pezzi grandi e dello scheletro.<\/p>\n\n\n\n<p>Il concetto ECOPUNCH\u00ae di Prima Power rappresenta un sorprendente risparmio di denaro per quanto riguarda il consumo energetico. Rispetto al metodo tradizionale, Prima Power pu\u00f2 produrre un numero maggiore di pezzi consumando la stessa quantit\u00e0 di energia.<\/p>\n\n\n\n<h3 class=\"wp-block-heading has-vivid-cyan-blue-color has-text-color has-link-color wp-elements-cb5e853490ac7eeb2b7b9f02fb6f6f6a\">Caratteristiche della macchina<\/h3>\n\n\n\n<p>Il pannello di controllo \u00e8 integrato nell&#8217;armadio elettrico per un facile posizionamento dell&#8217;armadio e un facile accesso ai comandi della macchina. Questo controllo multitasking consente la preparazione del lavoro, l&#8217;editing in background del programma e la configurazione durante il funzionamento della macchina.<\/p>\n\n\n\n<p><strong>Elevata capacit\u00e0 di attrezzaggio<\/strong><\/p>\n\n\n\n<p>L&#8217;elevato numero di utensili con le punzonatrici Prima Power deriva da una serie di caratteristiche tecniche che nessun altro produttore \u00e8 in grado di offrire:<\/p>\n\n\n\n<p>\u2022 Struttura della torretta disponibile in due varianti: 16 e 20 stazioni<\/p>\n\n\n\n<p>\u2022 Multi-Tools\u00ae<\/p>\n\n\n\n<p>\u2022 Una vasta gamma di utensili speciali<\/p>\n\n\n\n<p>\u2022 Sistema rotante di auto-indicizzazione<\/p>\n\n\n\n<p>La combinazione di punzonatura e laser, dotata di punzonatura servoelettrica, offre sia velocit\u00e0 di roditura elevate sia la possibilit\u00e0 di utilizzare velocit\u00e0 del pistone ridotte durante l\u2019uso di utensili di formatura o per ridurre il livello di rumore con utensili dal diametro maggiore. La lunghezza della corsa completamente programmabile offre numerose possibilit\u00e0 nelle operazioni di formatura, fino alla piegatura.<\/p>\n\n\n\n<p>La testa di taglio ottimizzata, il collimatore, la fibra e i parametri di taglio assicurano la massima qualit\u00e0 di taglio e velocit\u00e0 sul mercato per la macchina combinata di Prima Power. I laser fibra di alta qualit\u00e0 sono disponibili con risonatori Prima Power CF in due potenze di taglio.<\/p>\n\n\n\n<h3 class=\"wp-block-heading has-vivid-cyan-blue-color has-text-color has-link-color wp-elements-4822bb808d34026e09780d7e47c5d156\">Dati tecnici<\/h3>\n\n\n\n<p><strong>Combi Sharp CS1225<\/strong><\/p>\n\n\n\n<ul class=\"wp-block-list\">\n<li>Dimensione max. del foglio: 2,500 mm x 1,250 mm<\/li>\n\n\n\n<li>Forza del martello: 25 t (230 kN)<\/li>\n\n\n\n<li>Velocit\u00e0 di colpo: 700 hpm<\/li>\n\n\n\n<li>Velocit\u00e0 di posizionamento: 108 m\/min<\/li>\n\n\n\n<li>Velocit\u00e0 di rotazione dell\u2019utensile tipo Index: 166 rpm<\/li>\n\n\n\n<li>Torretta standard: 20 stazioni; 250 utensili (4 utensili index, 35 utensili standard)<\/li>\n\n\n\n<li>Potenza del laser a fibra: 1 o 3 kW<\/li>\n\n\n\n<li>Spessore max. del materiale da punzonare e tagliare a laser: 8 mm (alluminio, acciaio, inox)<\/li>\n\n\n\n<li>Peso max. del foglio: 250 kg<\/li>\n\n\n\n<li>Consumo medio di potenza: 3.2 kW (punzonatrice) 3.5 kW (laser da 1 kW) 10 kW (laser da 3 kW)<\/li>\n<\/ul>\n<\/details>\n\n\n\n<div style=\"height:38px\" aria-hidden=\"true\" class=\"wp-block-spacer\"><\/div>\n\n\n\n<figure class=\"wp-block-embed aligncenter is-type-video is-provider-youtube wp-block-embed-youtube wp-embed-aspect-16-9 wp-has-aspect-ratio\"><div class=\"wp-block-embed__wrapper\">\n<iframe loading=\"lazy\" title=\"Combi Sharp animation\" width=\"640\" height=\"360\" src=\"https:\/\/www.youtube.com\/embed\/bA0cQ37f1IE?feature=oembed\" frameborder=\"0\" allow=\"accelerometer; autoplay; clipboard-write; encrypted-media; gyroscope; picture-in-picture; web-share\" referrerpolicy=\"strict-origin-when-cross-origin\" allowfullscreen><\/iframe>\n<\/div><\/figure>\n\n\n\n<div style=\"height:38px\" aria-hidden=\"true\" class=\"wp-block-spacer\"><\/div>\n\n\n\n<h2 class=\"wp-block-heading\">Maggiori informazioni? Compila il form!<\/h2>\n\n\n\n<div class=\"wpcf7 no-js\" id=\"wpcf7-f1438-o1\" lang=\"en-US\" dir=\"ltr\" data-wpcf7-id=\"1438\">\n<div class=\"screen-reader-response\"><p role=\"status\" aria-live=\"polite\" aria-atomic=\"true\"><\/p> <ul><\/ul><\/div>\n<form action=\"\/en\/wp-json\/wp\/v2\/pages\/1091#wpcf7-f1438-o1\" method=\"post\" class=\"wpcf7-form init\" aria-label=\"Contact form\" novalidate=\"novalidate\" data-status=\"init\">\n<fieldset class=\"hidden-fields-container\"><input type=\"hidden\" name=\"_wpcf7\" value=\"1438\" \/><input type=\"hidden\" name=\"_wpcf7_version\" value=\"6.1.5\" \/><input type=\"hidden\" name=\"_wpcf7_locale\" value=\"en_US\" \/><input type=\"hidden\" name=\"_wpcf7_unit_tag\" value=\"wpcf7-f1438-o1\" \/><input type=\"hidden\" name=\"_wpcf7_container_post\" value=\"0\" \/><input type=\"hidden\" name=\"_wpcf7_posted_data_hash\" value=\"\" \/><input type=\"hidden\" name=\"_wpcf7dtx_version\" value=\"5.0.4\" \/><input type=\"hidden\" name=\"lang\" value=\"en\" \/><input type=\"hidden\" name=\"_wpcf7_recaptcha_response\" value=\"\" \/>\n<\/fieldset>\n<p><label> Name<br \/>\n<span class=\"wpcf7-form-control-wrap\" data-name=\"your-name\"><input size=\"40\" maxlength=\"400\" class=\"wpcf7-form-control wpcf7-text wpcf7-validates-as-required\" autocomplete=\"name\" aria-required=\"true\" aria-invalid=\"false\" value=\"\" type=\"text\" name=\"your-name\" \/><\/span> <\/label>\n<\/p>\n<p><label> Email<br \/>\n<span class=\"wpcf7-form-control-wrap\" data-name=\"your-email\"><input size=\"40\" maxlength=\"400\" class=\"wpcf7-form-control wpcf7-email wpcf7-validates-as-required wpcf7-text wpcf7-validates-as-email\" autocomplete=\"email\" aria-required=\"true\" aria-invalid=\"false\" value=\"\" type=\"email\" name=\"your-email\" \/><\/span> <\/label>\n<\/p>\n<p><label> Subject<br \/>\n<span class=\"wpcf7-form-control-wrap\" data-name=\"your-subject\"><input size=\"40\" maxlength=\"400\" class=\"wpcf7-form-control wpcf7-text wpcf7-validates-as-required\" aria-required=\"true\" aria-invalid=\"false\" value=\"\" type=\"text\" name=\"your-subject\" \/><\/span> <\/label>\n<\/p>\n<p><label class=\"wpcf7-form-control wpcf7-label wpcf7dtx wpcf7dtx-label\">Combi Sharp<\/label>\n<\/p>\n<p><span id=\"wpcf7-69e35c66411c2-wrapper\" class=\"wpcf7-form-control-wrap your-prod-message-wrap\" style=\"display:none !important; visibility:hidden !important;\"><input type=\"hidden\" name=\"your-prod-message-time-start\" value=\"1776508006\"><input type=\"hidden\" name=\"your-prod-message-time-check\" value=\"4\"><label for=\"wpcf7-69e35c66411c2-field\" class=\"hp-message\">Please leave this field empty.<\/label><input id=\"wpcf7-69e35c66411c2-field\"  class=\"wpcf7-form-control wpcf7-text\" type=\"text\" name=\"your-prod-message\" value=\"\" size=\"40\" tabindex=\"-1\" autocomplete=\"new-password\" \/><\/span>\n<\/p>\n<p><label> Messagge (optional)<br \/>\n<span class=\"wpcf7-form-control-wrap\" data-name=\"your-prod-message\"><textarea cols=\"40\" rows=\"10\" maxlength=\"2000\" class=\"wpcf7-form-control wpcf7-textarea\" aria-invalid=\"false\" name=\"your-prod-message\"><\/textarea><\/span> <\/label>\n<\/p>\n<p><input class=\"wpcf7-form-control wpcf7-submit has-spinner\" type=\"submit\" value=\"Send\" \/>\n<\/p><div class=\"wpcf7-response-output\" aria-hidden=\"true\"><\/div>\n<\/form>\n<\/div>\n\n","protected":false},"excerpt":{"rendered":"<p>MACCHINE COMBINATE PER PUNZONATURA E TAGLIO LASER Punzonatura e taglio laser integrati a un prezzo contenuto Combi Sharp \u00e8 una cella di punzonatura e taglio laser fibra compatta con elevata<\/p>\n","protected":false},"author":9,"featured_media":1269,"parent":0,"menu_order":0,"comment_status":"closed","ping_status":"closed","template":"","meta":{"_seopress_robots_primary_cat":"","_seopress_titles_title":"","_seopress_titles_desc":"","_seopress_robots_index":"","footnotes":""},"categories":[],"tags":[],"class_list":{"0":"post-1091","1":"page","2":"type-page","3":"status-publish","5":"hentry"},"_links":{"self":[{"href":"https:\/\/dealtech.eu\/en\/wp-json\/wp\/v2\/pages\/1091","targetHints":{"allow":["GET"]}}],"collection":[{"href":"https:\/\/dealtech.eu\/en\/wp-json\/wp\/v2\/pages"}],"about":[{"href":"https:\/\/dealtech.eu\/en\/wp-json\/wp\/v2\/types\/page"}],"author":[{"embeddable":true,"href":"https:\/\/dealtech.eu\/en\/wp-json\/wp\/v2\/users\/9"}],"replies":[{"embeddable":true,"href":"https:\/\/dealtech.eu\/en\/wp-json\/wp\/v2\/comments?post=1091"}],"version-history":[{"count":2,"href":"https:\/\/dealtech.eu\/en\/wp-json\/wp\/v2\/pages\/1091\/revisions"}],"predecessor-version":[{"id":1446,"href":"https:\/\/dealtech.eu\/en\/wp-json\/wp\/v2\/pages\/1091\/revisions\/1446"}],"wp:featuredmedia":[{"embeddable":true,"href":"https:\/\/dealtech.eu\/en\/wp-json\/wp\/v2\/media\/1269"}],"wp:attachment":[{"href":"https:\/\/dealtech.eu\/en\/wp-json\/wp\/v2\/media?parent=1091"}],"wp:term":[{"taxonomy":"category","embeddable":true,"href":"https:\/\/dealtech.eu\/en\/wp-json\/wp\/v2\/categories?post=1091"},{"taxonomy":"post_tag","embeddable":true,"href":"https:\/\/dealtech.eu\/en\/wp-json\/wp\/v2\/tags?post=1091"}],"curies":[{"name":"wp","href":"https:\/\/api.w.org\/{rel}","templated":true}]}}