
{"id":1105,"date":"2024-05-20T22:21:58","date_gmt":"2024-05-20T20:21:58","guid":{"rendered":"https:\/\/dealtech.eu\/it\/?page_id=1105"},"modified":"2024-07-01T21:52:06","modified_gmt":"2024-07-01T19:52:06","slug":"combi-genius","status":"publish","type":"page","link":"https:\/\/dealtech.eu\/en\/combi-genius\/","title":{"rendered":"Combi Genius"},"content":{"rendered":"\n<div class=\"wp-block-query is-layout-flow wp-block-query-is-layout-flow\"><ul class=\"wp-block-post-template is-layout-flow wp-block-post-template-is-layout-flow\"><li class=\"post-23 post type-post status-publish format-standard hentry category-combinata-laser\">\n\n<p class=\"has-text-align-center has-x-large-font-size\">PRIMA POWER Combi Genius<\/p>\n\n<\/li><\/ul><\/div>\n\n\n\n<div class=\"wp-block-columns is-layout-flex wp-container-core-columns-is-layout-9d6595d7 wp-block-columns-is-layout-flex\">\n<div class=\"wp-block-column is-layout-flow wp-block-column-is-layout-flow\" style=\"flex-basis:66.66%\"><div id=\"metaslider-id-1106\" style=\"width: 100%;\" class=\"ml-slider-3-105-0 metaslider metaslider-flex metaslider-1106 ml-slider ms-theme-default nav-hidden\" role=\"region\" aria-label=\"Combi Genius\" data-height=\"500\" data-width=\"700\">\n    <div id=\"metaslider_container_1106\">\n        <div id=\"metaslider_1106\">\n            <ul class='slides'>\n                <li style=\"display: block; width: 100%;\" class=\"slide-1112 ms-image \" aria-roledescription=\"slide\" data-date=\"2024-05-02 15:36:22\" data-filename=\"Combi-Genius-on-transparent-background-19653x11339-@CMYK-2-700x500.png\" data-slide-type=\"image\"><img loading=\"lazy\" decoding=\"async\" src=\"https:\/\/dealtech.eu\/wp-content\/uploads\/2024\/05\/Combi-Genius-on-transparent-background-19653x11339-@CMYK-2-700x500.png\" height=\"500\" width=\"700\" alt=\"\" class=\"slider-1106 slide-1112 msDefaultImage\" title=\"Combi Genius on transparent background (19653x11339 @CMYK) (2)\" \/><\/li>\n                <li style=\"display: none; width: 100%;\" class=\"slide-1113 ms-image \" aria-roledescription=\"slide\" data-date=\"2024-05-02 15:36:23\" data-filename=\"CG_Combi_genius_front-700x500.png\" data-slide-type=\"image\"><img loading=\"lazy\" decoding=\"async\" src=\"https:\/\/dealtech.eu\/wp-content\/uploads\/2024\/05\/CG_Combi_genius_front-700x500.png\" height=\"500\" width=\"700\" alt=\"\" class=\"slider-1106 slide-1113 msDefaultImage\" title=\"CG_Combi_genius_front\" \/><\/li>\n                <li style=\"display: none; width: 100%;\" class=\"slide-1114 ms-image \" aria-roledescription=\"slide\" data-date=\"2024-05-02 15:36:23\" data-filename=\"CG_Combi_genius_left-700x500.png\" data-slide-type=\"image\"><img loading=\"lazy\" decoding=\"async\" src=\"https:\/\/dealtech.eu\/wp-content\/uploads\/2024\/05\/CG_Combi_genius_left-700x500.png\" height=\"500\" width=\"700\" alt=\"\" class=\"slider-1106 slide-1114 msDefaultImage\" title=\"CG_Combi_genius_left\" \/><\/li>\n                <li style=\"display: none; width: 100%;\" class=\"slide-1115 ms-image \" aria-roledescription=\"slide\" data-date=\"2024-05-02 15:36:23\" data-filename=\"CG_Combi_genius_right-1-700x500.png\" data-slide-type=\"image\"><img loading=\"lazy\" decoding=\"async\" src=\"https:\/\/dealtech.eu\/wp-content\/uploads\/2024\/05\/CG_Combi_genius_right-1-700x500.png\" height=\"500\" width=\"700\" alt=\"\" class=\"slider-1106 slide-1115 msDefaultImage\" title=\"CG_Combi_genius_right (1)\" \/><\/li>\n                <li style=\"display: none; width: 100%;\" class=\"slide-1116 ms-image \" aria-roledescription=\"slide\" data-date=\"2024-05-02 15:36:23\" data-filename=\"Combi-Genius-punching-4822x2796-1-700x500.jpg\" data-slide-type=\"image\"><img loading=\"lazy\" decoding=\"async\" src=\"https:\/\/dealtech.eu\/wp-content\/uploads\/2024\/05\/Combi-Genius-punching-4822x2796-1-700x500.jpg\" height=\"500\" width=\"700\" alt=\"\" class=\"slider-1106 slide-1116 msDefaultImage\" title=\"Combi Genius punching (4822x2796)\" \/><\/li>\n            <\/ul>\n        <\/div>\n        \n    <\/div>\n<\/div>\n<\/div>\n\n\n\n<div class=\"wp-block-column is-layout-flow wp-block-column-is-layout-flow\" style=\"flex-basis:33.33%\">\n<p class=\"has-vivid-cyan-blue-color has-text-color has-link-color wp-elements-5009988c65972f2b18bf6b2c5b6ba5bc\"><strong>MACCHINE COMBINATE PER PUNZONATURA E TAGLIO LASER<\/strong><\/p>\n\n\n\n<h2 class=\"wp-block-heading has-large-font-size\"><strong>Punzonatura + taglio laser = per un risparmio produttivo superiore<\/strong><br><strong>1+1>2<\/strong><\/h2>\n\n\n\n<p>La macchina combinata laser \u00e8 imbattibile in termini di versatilit\u00e0 e flessibilit\u00e0, dal momento che abbina numerose operazioni in un unico macchinario. Questo stile di Lean Manufacturing riduce il costo per pezzo, permette di realizzare i pezzi velocemente, facilmente e accuratamente tramite una sola macchina e da un solo operatore, con un unico sistema operativo e di programmazione.<\/p>\n<\/div>\n<\/div>\n\n\n\n<div style=\"height:38px\" aria-hidden=\"true\" class=\"wp-block-spacer\"><\/div>\n\n\n\n<div class=\"wp-block-columns is-layout-flex wp-container-core-columns-is-layout-9d6595d7 wp-block-columns-is-layout-flex\">\n<div class=\"wp-block-column is-layout-flow wp-block-column-is-layout-flow\">\n<h2 class=\"wp-block-heading has-medium-font-size\"><img loading=\"lazy\" decoding=\"async\" width=\"30\" height=\"30\" class=\"wp-image-559\" style=\"width: 30px;\" src=\"https:\/\/dealtech.eu\/wp-content\/uploads\/2024\/04\/pngegg2.png\" alt=\"\" srcset=\"https:\/\/dealtech.eu\/wp-content\/uploads\/2024\/04\/pngegg2.png 512w, https:\/\/dealtech.eu\/wp-content\/uploads\/2024\/04\/pngegg2-300x300.png 300w, https:\/\/dealtech.eu\/wp-content\/uploads\/2024\/04\/pngegg2-150x150.png 150w, https:\/\/dealtech.eu\/wp-content\/uploads\/2024\/04\/pngegg2-100x100.png 100w\" sizes=\"auto, (max-width: 30px) 100vw, 30px\" \/> TECNOLOGIA MODULARE<\/h2>\n\n\n\n<p>La cella di produzione pu\u00f2 essere dotata di soluzioni di automazione per ottenere una produzione non presidiata.<\/p>\n<\/div>\n\n\n\n<div class=\"wp-block-column is-layout-flow wp-block-column-is-layout-flow\">\n<h2 class=\"wp-block-heading has-medium-font-size\"><img loading=\"lazy\" decoding=\"async\" width=\"30\" height=\"30\" class=\"wp-image-559\" style=\"width: 30px;\" src=\"https:\/\/dealtech.eu\/wp-content\/uploads\/2024\/04\/pngegg2.png\" alt=\"\" srcset=\"https:\/\/dealtech.eu\/wp-content\/uploads\/2024\/04\/pngegg2.png 512w, https:\/\/dealtech.eu\/wp-content\/uploads\/2024\/04\/pngegg2-300x300.png 300w, https:\/\/dealtech.eu\/wp-content\/uploads\/2024\/04\/pngegg2-150x150.png 150w, https:\/\/dealtech.eu\/wp-content\/uploads\/2024\/04\/pngegg2-100x100.png 100w\" sizes=\"auto, (max-width: 30px) 100vw, 30px\" \/> <strong>&nbsp;<\/strong>LASER FIBRA COMPATTO<\/h2>\n\n\n\n<p>Il risonatore laser fibra Prima Power da 3 o 4 kW offre una capacit\u00e0 di produzione economica per un\u2019ampia gamma di prodotti in lamiera.<\/p>\n<\/div>\n<\/div>\n\n\n\n<div class=\"wp-block-columns is-layout-flex wp-container-core-columns-is-layout-9d6595d7 wp-block-columns-is-layout-flex\">\n<div class=\"wp-block-column is-layout-flow wp-block-column-is-layout-flow\">\n<h2 class=\"wp-block-heading has-medium-font-size\"><img loading=\"lazy\" decoding=\"async\" width=\"30\" height=\"30\" class=\"wp-image-559\" style=\"width: 30px;\" src=\"https:\/\/dealtech.eu\/wp-content\/uploads\/2024\/04\/pngegg2.png\" alt=\"\" srcset=\"https:\/\/dealtech.eu\/wp-content\/uploads\/2024\/04\/pngegg2.png 512w, https:\/\/dealtech.eu\/wp-content\/uploads\/2024\/04\/pngegg2-300x300.png 300w, https:\/\/dealtech.eu\/wp-content\/uploads\/2024\/04\/pngegg2-150x150.png 150w, https:\/\/dealtech.eu\/wp-content\/uploads\/2024\/04\/pngegg2-100x100.png 100w\" sizes=\"auto, (max-width: 30px) 100vw, 30px\" \/> <strong>&nbsp;<\/strong>ACCESSIBILIT\u00c0<\/h2>\n\n\n\n<p>Il sistema di sicurezza consente una pi\u00f9 facile movimentazione del materiale e cicli di lavoro pi\u00f9 rapidi con la macchina in caso di funzionamento manuale.<\/p>\n<\/div>\n\n\n\n<div class=\"wp-block-column is-layout-flow wp-block-column-is-layout-flow\">\n<h2 class=\"wp-block-heading has-medium-font-size\"><img loading=\"lazy\" decoding=\"async\" width=\"30\" height=\"30\" class=\"wp-image-559\" style=\"width: 30px;\" src=\"https:\/\/dealtech.eu\/wp-content\/uploads\/2024\/04\/pngegg2.png\" alt=\"\" srcset=\"https:\/\/dealtech.eu\/wp-content\/uploads\/2024\/04\/pngegg2.png 512w, https:\/\/dealtech.eu\/wp-content\/uploads\/2024\/04\/pngegg2-300x300.png 300w, https:\/\/dealtech.eu\/wp-content\/uploads\/2024\/04\/pngegg2-150x150.png 150w, https:\/\/dealtech.eu\/wp-content\/uploads\/2024\/04\/pngegg2-100x100.png 100w\" sizes=\"auto, (max-width: 30px) 100vw, 30px\" \/> ELEVATA CAPACIT\u00c0 DI ATTREZZAGGIO<\/h2>\n\n\n\n<p>Il design personalizzato della torretta consente fino a 400 utensili standard o 384 index per un uso attivo.<\/p>\n<\/div>\n<\/div>\n\n\n\n<div style=\"height:38px\" aria-hidden=\"true\" class=\"wp-block-spacer\"><\/div>\n\n\n\n<details class=\"wp-block-details is-layout-flow wp-block-details-is-layout-flow\" open><summary><font size=\"28px\"><b>Caratteristiche<\/b><\/font><\/summary>\n<h3 class=\"wp-block-heading has-vivid-cyan-blue-color has-text-color has-link-color wp-elements-abd39ed5c23d1f5768d1d814015c2ae3\">Panoramica<\/h3>\n\n\n\n<p>La macchina Combi lavora con assi servoelettrici a controllo numerico, garantendo operazioni ad alta velocit\u00e0 e bassa manutenzione,efficienza energetica superiore e costi di produzione ridotti.<\/p>\n\n\n\n<p>Combi Genius comprende un laser in fibra ad alta brillantezza, che consente una produzione pi\u00f9 rapida, pi\u00f9 economica e con una gamma pi\u00f9 ampia di materiali rispetto a qualsiasi soluzione alternativa sul mercato.<\/p>\n\n\n\n<p>Il concetto ECOPUNCH\u00ae di Prima Power rappresenta un sorprendente risparmio di denaro per quanto riguarda il consumo energetico. Rispetto al metodo tradizionale, Prima Power pu\u00f2 produrre un numero maggiore di pezzi consumando la stessa quantit\u00e0 di energia.<\/p>\n\n\n\n<h3 class=\"wp-block-heading has-vivid-cyan-blue-color has-text-color has-link-color wp-elements-cb5e853490ac7eeb2b7b9f02fb6f6f6a\">Caratteristiche della macchina<\/h3>\n\n\n\n<p>Il pannello di controllo \u00e8 integrato nell&#8217;armadio elettrico per un facile posizionamento dell&#8217;armadio e un facile accesso ai comandi della macchina. Questo controllo multitasking consente la preparazione del lavoro, l&#8217;editing in background del programma e la configurazione durante il funzionamento della macchina.<\/p>\n\n\n\n<p>La testa di taglio ottimizzata, il collimatore, la fibra e i parametri di taglio assicurano la massima qualit\u00e0 di taglio e velocit\u00e0 per la macchina combinata Prima Power sul mercato.&nbsp;<\/p>\n\n\n\n<p>Con una forza di punzonatura di 23 tonnellate e 30 tonnellate di serie, a seconda delle prestazioni selezionate (Pure\/Dynamic).<\/p>\n\n\n\n<p>Fino a 384 utensili standard o 128 index disponibili contemporaneamente nella torretta per un uso attivo. La torretta \u00e8 compatibile con gli utensili Amada\u00ae.<\/p>\n\n\n\n<p><strong>Elevata capacit\u00e0 di attrezzaggio<\/strong><\/p>\n\n\n\n<p>Il gran numero di utensili disponibili per le punzonatrici Prima Power&nbsp;deriva da una serie di caratteristiche tecniche che&nbsp;nessun altro produttore \u00e8 in grado di offrire:<\/p>\n\n\n\n<p>\u2022 Struttura della torretta disponibile in due varianti: 16 e 20 stazioni<\/p>\n\n\n\n<p>\u2022 Multi-Tools\u00ae<\/p>\n\n\n\n<p>\u2022 Una vasta gamma di utensili speciali<\/p>\n\n\n\n<p>\u2022 Sistema rotante di auto-indicizzazione<\/p>\n\n\n\n<p>\u2022 Martello intelligente<\/p>\n\n\n\n<p>La combinazione di punzonatura e laser, dotata di punzonatura servoelettrica, offre sia velocit\u00e0 di roditura elevate sia la possibilit\u00e0 di utilizzare velocit\u00e0 del pistone ridotte durante l\u2019uso di utensili di formatura o per ridurre il livello di rumore con utensili dal diametro maggiore. La lunghezza della corsa completamente programmabile offre numerose possibilit\u00e0 nelle operazioni di formatura, fino alla piegatura.<\/p>\n\n\n\n<h3 class=\"wp-block-heading has-vivid-cyan-blue-color has-text-color has-link-color wp-elements-4822bb808d34026e09780d7e47c5d156\">Dati tecnici<\/h3>\n\n\n\n<p><strong>Dimensione max. foglio:<\/strong><\/p>\n\n\n\n<ul class=\"wp-block-list\">\n<li>2.500 mm x 1.250 mm (CG1225)<\/li>\n\n\n\n<li>3.000 mm x 1.500 mm (CG 1530)<\/li>\n<\/ul>\n\n\n\n<p><strong>Forza di punzonatura:<\/strong><\/p>\n\n\n\n<ul class=\"wp-block-list\">\n<li>230 kN (CG Pure)<\/li>\n\n\n\n<li>300 kN (CG Dynamic)<\/li>\n<\/ul>\n\n\n\n<p><strong>Velocit\u00e0 di punzonatura:<\/strong><\/p>\n\n\n\n<ul class=\"wp-block-list\">\n<li>700 1\/min (CG Pure)<\/li>\n\n\n\n<li>1.000 1\/min (CG Dynamic)<\/li>\n<\/ul>\n\n\n\n<p><strong>Velocit\u00e0 di posizionamento asse<\/strong><\/p>\n\n\n\n<ul class=\"wp-block-list\">\n<li>108 m\/min (CG Pure)<\/li>\n\n\n\n<li>127 m\/min (CG Dynamic)<\/li>\n<\/ul>\n\n\n\n<p><strong>Velocit\u00e0 di rotazione index:<\/strong><\/p>\n\n\n\n<ul class=\"wp-block-list\">\n<li>180 r\/min (CG Pure)<\/li>\n\n\n\n<li>250 r\/min (CG Dynamic)<\/li>\n<\/ul>\n\n\n\n<p><strong>Max. n. utensili \/ utensili indice:<\/strong><\/p>\n\n\n\n<p>torretta con 16 stazioni 384\/128<\/p>\n\n\n\n<p>torretta con 20 stazioni 280\/80<\/p>\n\n\n\n<p>Potenza laser 3 kW o 4 kW<\/p>\n\n\n\n<p>Spessore max. foglio, punzonatura e laser 8 mm (alluminio, acciaio dolce, acciaio inox)<\/p>\n<\/details>\n\n\n\n<div style=\"height:38px\" aria-hidden=\"true\" class=\"wp-block-spacer\"><\/div>\n\n\n\n<figure class=\"wp-block-embed aligncenter is-type-video is-provider-youtube wp-block-embed-youtube wp-embed-aspect-16-9 wp-has-aspect-ratio\"><div class=\"wp-block-embed__wrapper\">\n<iframe loading=\"lazy\" title=\"Prima Power Combi Genius + LSR - Sheet metal Laser Cutting and Punching + Loading and Stacking Robot\" width=\"640\" height=\"360\" src=\"https:\/\/www.youtube.com\/embed\/tQ-NAZ6elXw?feature=oembed\" frameborder=\"0\" allow=\"accelerometer; autoplay; clipboard-write; encrypted-media; gyroscope; picture-in-picture; web-share\" referrerpolicy=\"strict-origin-when-cross-origin\" allowfullscreen><\/iframe>\n<\/div><\/figure>\n\n\n\n<div style=\"height:38px\" aria-hidden=\"true\" class=\"wp-block-spacer\"><\/div>\n\n\n\n<h2 class=\"wp-block-heading\">Maggiori informazioni? Compila il form!<\/h2>\n\n\n\n<div class=\"wpcf7 no-js\" id=\"wpcf7-f1438-o1\" lang=\"en-US\" dir=\"ltr\" data-wpcf7-id=\"1438\">\n<div class=\"screen-reader-response\"><p role=\"status\" aria-live=\"polite\" aria-atomic=\"true\"><\/p> <ul><\/ul><\/div>\n<form action=\"\/en\/wp-json\/wp\/v2\/pages\/1105#wpcf7-f1438-o1\" method=\"post\" class=\"wpcf7-form init\" aria-label=\"Contact form\" novalidate=\"novalidate\" data-status=\"init\">\n<fieldset class=\"hidden-fields-container\"><input type=\"hidden\" name=\"_wpcf7\" value=\"1438\" \/><input type=\"hidden\" name=\"_wpcf7_version\" value=\"6.1.5\" \/><input type=\"hidden\" name=\"_wpcf7_locale\" value=\"en_US\" \/><input type=\"hidden\" name=\"_wpcf7_unit_tag\" value=\"wpcf7-f1438-o1\" \/><input type=\"hidden\" name=\"_wpcf7_container_post\" value=\"0\" \/><input type=\"hidden\" name=\"_wpcf7_posted_data_hash\" value=\"\" \/><input type=\"hidden\" name=\"_wpcf7dtx_version\" value=\"5.0.4\" \/><input type=\"hidden\" name=\"lang\" value=\"en\" \/><input type=\"hidden\" name=\"_wpcf7_recaptcha_response\" value=\"\" \/>\n<\/fieldset>\n<p><label> Name<br \/>\n<span class=\"wpcf7-form-control-wrap\" data-name=\"your-name\"><input size=\"40\" maxlength=\"400\" class=\"wpcf7-form-control wpcf7-text wpcf7-validates-as-required\" autocomplete=\"name\" aria-required=\"true\" aria-invalid=\"false\" value=\"\" type=\"text\" name=\"your-name\" \/><\/span> <\/label>\n<\/p>\n<p><label> Email<br \/>\n<span class=\"wpcf7-form-control-wrap\" data-name=\"your-email\"><input size=\"40\" maxlength=\"400\" class=\"wpcf7-form-control wpcf7-email wpcf7-validates-as-required wpcf7-text wpcf7-validates-as-email\" autocomplete=\"email\" aria-required=\"true\" aria-invalid=\"false\" value=\"\" type=\"email\" name=\"your-email\" \/><\/span> <\/label>\n<\/p>\n<p><label> Subject<br \/>\n<span class=\"wpcf7-form-control-wrap\" data-name=\"your-subject\"><input size=\"40\" maxlength=\"400\" class=\"wpcf7-form-control wpcf7-text wpcf7-validates-as-required\" aria-required=\"true\" aria-invalid=\"false\" value=\"\" type=\"text\" name=\"your-subject\" \/><\/span> <\/label>\n<\/p>\n<p><label class=\"wpcf7-form-control wpcf7-label wpcf7dtx wpcf7dtx-label\">Combi Genius<\/label>\n<\/p>\n<p><span id=\"wpcf7-69ff2afe4cc37-wrapper\" class=\"wpcf7-form-control-wrap your-prod-message-wrap\" style=\"display:none !important; visibility:hidden !important;\"><input type=\"hidden\" name=\"your-prod-message-time-start\" value=\"1778330366\"><input type=\"hidden\" name=\"your-prod-message-time-check\" value=\"4\"><label for=\"wpcf7-69ff2afe4cc37-field\" class=\"hp-message\">Please leave this field empty.<\/label><input id=\"wpcf7-69ff2afe4cc37-field\"  class=\"wpcf7-form-control wpcf7-text\" type=\"text\" name=\"your-prod-message\" value=\"\" size=\"40\" tabindex=\"-1\" autocomplete=\"new-password\" \/><\/span>\n<\/p>\n<p><label> Messagge (optional)<br \/>\n<span class=\"wpcf7-form-control-wrap\" data-name=\"your-prod-message\"><textarea cols=\"40\" rows=\"10\" maxlength=\"2000\" class=\"wpcf7-form-control wpcf7-textarea\" aria-invalid=\"false\" name=\"your-prod-message\"><\/textarea><\/span> <\/label>\n<\/p>\n<p><input class=\"wpcf7-form-control wpcf7-submit has-spinner\" type=\"submit\" value=\"Send\" \/>\n<\/p><div class=\"wpcf7-response-output\" aria-hidden=\"true\"><\/div>\n<\/form>\n<\/div>\n\n","protected":false},"excerpt":{"rendered":"<p>MACCHINE COMBINATE PER PUNZONATURA E TAGLIO LASER Punzonatura + taglio laser = per un risparmio produttivo superiore1+1>2 La macchina combinata laser \u00e8 imbattibile in termini di versatilit\u00e0 e flessibilit\u00e0, dal<\/p>\n","protected":false},"author":9,"featured_media":1268,"parent":0,"menu_order":0,"comment_status":"closed","ping_status":"closed","template":"","meta":{"_seopress_robots_primary_cat":"","_seopress_titles_title":"","_seopress_titles_desc":"","_seopress_robots_index":"","footnotes":""},"categories":[149],"tags":[],"class_list":{"0":"post-1105","1":"page","2":"type-page","3":"status-publish","5":"hentry","6":"category-prima-power-punch"},"_links":{"self":[{"href":"https:\/\/dealtech.eu\/en\/wp-json\/wp\/v2\/pages\/1105","targetHints":{"allow":["GET"]}}],"collection":[{"href":"https:\/\/dealtech.eu\/en\/wp-json\/wp\/v2\/pages"}],"about":[{"href":"https:\/\/dealtech.eu\/en\/wp-json\/wp\/v2\/types\/page"}],"author":[{"embeddable":true,"href":"https:\/\/dealtech.eu\/en\/wp-json\/wp\/v2\/users\/9"}],"replies":[{"embeddable":true,"href":"https:\/\/dealtech.eu\/en\/wp-json\/wp\/v2\/comments?post=1105"}],"version-history":[{"count":3,"href":"https:\/\/dealtech.eu\/en\/wp-json\/wp\/v2\/pages\/1105\/revisions"}],"predecessor-version":[{"id":1445,"href":"https:\/\/dealtech.eu\/en\/wp-json\/wp\/v2\/pages\/1105\/revisions\/1445"}],"wp:featuredmedia":[{"embeddable":true,"href":"https:\/\/dealtech.eu\/en\/wp-json\/wp\/v2\/media\/1268"}],"wp:attachment":[{"href":"https:\/\/dealtech.eu\/en\/wp-json\/wp\/v2\/media?parent=1105"}],"wp:term":[{"taxonomy":"category","embeddable":true,"href":"https:\/\/dealtech.eu\/en\/wp-json\/wp\/v2\/categories?post=1105"},{"taxonomy":"post_tag","embeddable":true,"href":"https:\/\/dealtech.eu\/en\/wp-json\/wp\/v2\/tags?post=1105"}],"curies":[{"name":"wp","href":"https:\/\/api.w.org\/{rel}","templated":true}]}}