
{"id":1119,"date":"2024-05-20T22:18:51","date_gmt":"2024-05-20T20:18:51","guid":{"rendered":"https:\/\/dealtech.eu\/it\/?page_id=1119"},"modified":"2024-07-01T22:10:02","modified_gmt":"2024-07-01T20:10:02","slug":"shear-genius-evo","status":"publish","type":"page","link":"https:\/\/dealtech.eu\/en\/shear-genius-evo\/","title":{"rendered":"Shear Genius EVO"},"content":{"rendered":"\n<div class=\"wp-block-query is-layout-flow wp-block-query-is-layout-flow\"><ul class=\"wp-block-post-template is-layout-flow wp-block-post-template-is-layout-flow\"><li class=\"post-23 post type-post status-publish format-standard hentry category-combinata-laser\">\n\n<p class=\"has-text-align-center has-x-large-font-size\">PRIMA POWER Shear Genius EVO<\/p>\n\n<\/li><\/ul><\/div>\n\n\n\n<div class=\"wp-block-columns is-layout-flex wp-container-core-columns-is-layout-9d6595d7 wp-block-columns-is-layout-flex\">\n<div class=\"wp-block-column is-layout-flow wp-block-column-is-layout-flow\" style=\"flex-basis:66.66%\"><div id=\"metaslider-id-1120\" style=\"width: 100%;\" class=\"ml-slider-3-105-0 metaslider metaslider-flex metaslider-1120 ml-slider ms-theme-default nav-hidden\" role=\"region\" aria-label=\"Shear Genius\" data-height=\"500\" data-width=\"700\">\n    <div id=\"metaslider_container_1120\">\n        <div id=\"metaslider_1120\">\n            <ul class='slides'>\n                <li style=\"display: block; width: 100%;\" class=\"slide-1126 ms-image \" aria-roledescription=\"slide\" data-date=\"2024-05-02 15:50:03\" data-filename=\"Shear-Genius-EVO-4000x2667px-700x500.png\" data-slide-type=\"image\"><img loading=\"lazy\" decoding=\"async\" src=\"https:\/\/dealtech.eu\/wp-content\/uploads\/2024\/05\/Shear-Genius-EVO-4000x2667px-700x500.png\" height=\"500\" width=\"700\" alt=\"Punzonatrice con cesoia\" class=\"slider-1120 slide-1126 msDefaultImage\" title=\"Shear Genius EVO (4000x2667px)\" \/><\/li>\n                <li style=\"display: none; width: 100%;\" class=\"slide-1124 ms-image \" aria-roledescription=\"slide\" data-date=\"2024-05-02 15:50:02\" data-filename=\"Shear-Genius-loading-side-5760x3840-1-564x403.png\" data-slide-type=\"image\"><img loading=\"lazy\" decoding=\"async\" src=\"https:\/\/dealtech.eu\/wp-content\/uploads\/2024\/05\/Shear-Genius-loading-side-5760x3840-1-564x403.png\" height=\"500\" width=\"700\" alt=\"\" class=\"slider-1120 slide-1124 msDefaultImage\" title=\"Shear Genius loading side (5760x3840)\" \/><\/li>\n                <li style=\"display: none; width: 100%;\" class=\"slide-1125 ms-image \" aria-roledescription=\"slide\" data-date=\"2024-05-02 15:50:02\" data-filename=\"Shear-Genius-EVO-5002x2880-1-700x500.png\" data-slide-type=\"image\"><img loading=\"lazy\" decoding=\"async\" src=\"https:\/\/dealtech.eu\/wp-content\/uploads\/2024\/05\/Shear-Genius-EVO-5002x2880-1-700x500.png\" height=\"500\" width=\"700\" alt=\"\" class=\"slider-1120 slide-1125 msDefaultImage\" title=\"Shear Genius EVO (5002x2880)\" \/><\/li>\n            <\/ul>\n        <\/div>\n        \n    <\/div>\n<\/div>\n<\/div>\n\n\n\n<div class=\"wp-block-column is-layout-flow wp-block-column-is-layout-flow\" style=\"flex-basis:33.33%\">\n<p class=\"has-vivid-cyan-blue-color has-text-color has-link-color wp-elements-3d8875b6f8efc5a2ca17af67c277f0e5\"><strong>MACCHINE COMBINATE PER PUNZONATURA E CESOIATURA<\/strong><\/p>\n\n\n\n<h2 class=\"wp-block-heading\" style=\"font-size:30px\">Massima produttivit\u00e0 con punzonatura e cesoiatura integrate<\/h2>\n\n\n\n<p>La filosofia di Shear Genius\u00ae EVO \u00e8 quella di fornire un&#8217;unica macchina in grado di trasformare pezzi squadrati e pannelli in prodotti finali, combinando le fasi di lavoro aggiuntive (carico, punzonatura, formatura, filettatura, marcatura, cesoiatura e scarico) e semplificando in questo modo il processo completo.&nbsp;Il concetto su cui si basa Shear Genius\u00ae EVO consente di risparmiare materiale, ridurre l\u2019ingombro a terra nonch\u00e9 l\u2019investimento in macchine utensili separate, ulteriori utensili e consumi.<\/p>\n<\/div>\n<\/div>\n\n\n\n<div style=\"height:38px\" aria-hidden=\"true\" class=\"wp-block-spacer\"><\/div>\n\n\n\n<div class=\"wp-block-columns is-layout-flex wp-container-core-columns-is-layout-9d6595d7 wp-block-columns-is-layout-flex\">\n<div class=\"wp-block-column is-layout-flow wp-block-column-is-layout-flow\">\n<h2 class=\"wp-block-heading has-medium-font-size\"><img loading=\"lazy\" decoding=\"async\" width=\"30\" height=\"30\" class=\"wp-image-559\" style=\"width: 30px;\" src=\"https:\/\/dealtech.eu\/wp-content\/uploads\/2024\/04\/pngegg2.png\" alt=\"\" srcset=\"https:\/\/dealtech.eu\/wp-content\/uploads\/2024\/04\/pngegg2.png 512w, https:\/\/dealtech.eu\/wp-content\/uploads\/2024\/04\/pngegg2-300x300.png 300w, https:\/\/dealtech.eu\/wp-content\/uploads\/2024\/04\/pngegg2-150x150.png 150w, https:\/\/dealtech.eu\/wp-content\/uploads\/2024\/04\/pngegg2-100x100.png 100w\" sizes=\"auto, (max-width: 30px) 100vw, 30px\" \/> RISPARMIO<\/h2>\n\n\n\n<p>Costo per pezzo ridotto<\/p>\n<\/div>\n\n\n\n<div class=\"wp-block-column is-layout-flow wp-block-column-is-layout-flow\">\n<h2 class=\"wp-block-heading has-medium-font-size\"><img loading=\"lazy\" decoding=\"async\" width=\"30\" height=\"30\" class=\"wp-image-559\" style=\"width: 30px;\" src=\"https:\/\/dealtech.eu\/wp-content\/uploads\/2024\/04\/pngegg2.png\" alt=\"\" srcset=\"https:\/\/dealtech.eu\/wp-content\/uploads\/2024\/04\/pngegg2.png 512w, https:\/\/dealtech.eu\/wp-content\/uploads\/2024\/04\/pngegg2-300x300.png 300w, https:\/\/dealtech.eu\/wp-content\/uploads\/2024\/04\/pngegg2-150x150.png 150w, https:\/\/dealtech.eu\/wp-content\/uploads\/2024\/04\/pngegg2-100x100.png 100w\" sizes=\"auto, (max-width: 30px) 100vw, 30px\" \/> <strong>&nbsp;<\/strong>EFFICIENZA<\/h2>\n\n\n\n<p>Produzione ottimizzata<\/p>\n<\/div>\n<\/div>\n\n\n\n<div class=\"wp-block-columns is-layout-flex wp-container-core-columns-is-layout-9d6595d7 wp-block-columns-is-layout-flex\">\n<div class=\"wp-block-column is-layout-flow wp-block-column-is-layout-flow\">\n<h2 class=\"wp-block-heading has-medium-font-size\"><img loading=\"lazy\" decoding=\"async\" width=\"30\" height=\"30\" class=\"wp-image-559\" style=\"width: 30px;\" src=\"https:\/\/dealtech.eu\/wp-content\/uploads\/2024\/04\/pngegg2.png\" alt=\"\" srcset=\"https:\/\/dealtech.eu\/wp-content\/uploads\/2024\/04\/pngegg2.png 512w, https:\/\/dealtech.eu\/wp-content\/uploads\/2024\/04\/pngegg2-300x300.png 300w, https:\/\/dealtech.eu\/wp-content\/uploads\/2024\/04\/pngegg2-150x150.png 150w, https:\/\/dealtech.eu\/wp-content\/uploads\/2024\/04\/pngegg2-100x100.png 100w\" sizes=\"auto, (max-width: 30px) 100vw, 30px\" \/> <strong>&nbsp;<\/strong>SOSTENIBILIT\u00c0<\/h2>\n\n\n\n<p>Fabbricazione sostenibile<\/p>\n<\/div>\n\n\n\n<div class=\"wp-block-column is-layout-flow wp-block-column-is-layout-flow\">\n<h2 class=\"wp-block-heading has-medium-font-size\"><img loading=\"lazy\" decoding=\"async\" width=\"30\" height=\"30\" class=\"wp-image-559\" style=\"width: 30px;\" src=\"https:\/\/dealtech.eu\/wp-content\/uploads\/2024\/04\/pngegg2.png\" alt=\"\" srcset=\"https:\/\/dealtech.eu\/wp-content\/uploads\/2024\/04\/pngegg2.png 512w, https:\/\/dealtech.eu\/wp-content\/uploads\/2024\/04\/pngegg2-300x300.png 300w, https:\/\/dealtech.eu\/wp-content\/uploads\/2024\/04\/pngegg2-150x150.png 150w, https:\/\/dealtech.eu\/wp-content\/uploads\/2024\/04\/pngegg2-100x100.png 100w\" sizes=\"auto, (max-width: 30px) 100vw, 30px\" \/> TECNOLOGIA MODULARE<\/h2>\n\n\n\n<p>Sia la macchina che l&#8217;automazione sono modulari per soddisfare le esigenze del cliente<\/p>\n<\/div>\n<\/div>\n\n\n\n<div style=\"height:38px\" aria-hidden=\"true\" class=\"wp-block-spacer\"><\/div>\n\n\n\n<details class=\"wp-block-details is-layout-flow wp-block-details-is-layout-flow\" open><summary><font size=\"28px\"><b>Caratteristiche<\/b><\/font><\/summary>\n<h3 class=\"wp-block-heading has-vivid-cyan-blue-color has-text-color has-link-color wp-elements-abd39ed5c23d1f5768d1d814015c2ae3\">Panoramica<\/h3>\n\n\n\n<p>Il cuore della macchina \u00e8 la sua tecnologia servoelettrica, che consente una produzione sostenibile con un consumo energetico ridotto, un risparmio di materie prime e nessuno spreco di olio. Shear Genius\u00ae EVO si compone di una punzonatrice a torretta servoelettrica con cesoia angolare integrata e un&#8217;attrezzatura di carico automatico.<\/p>\n\n\n\n<p>Il concetto ECOPUNCH\u00ae di Prima Power rappresenta un sorprendente risparmio di denaro per quanto riguarda il consumo energetico. Rispetto al metodo tradizionale, Prima Power pu\u00f2 produrre un numero maggiore di pezzi consumando la stessa quantit\u00e0 di energia.<\/p>\n\n\n\n<p>Il funzionamento della cesoia angolare Prima Power \u00e8 estremamente rapido. L&#8217;altezza della lama programmabile e la regolazione automatica della profondit\u00e0 della corsa ottimizzano il taglio. La velocit\u00e0 della lama viene selezionata automaticamente per ottenere la velocit\u00e0 massima. Insieme alle modalit\u00e0 di taglio automatico, si&nbsp;ottimizza anche la velocit\u00e0 operativa.&nbsp;<\/p>\n\n\n\n<p>Shear Genius EVO pu\u00f2 essere facilmente collegata a sistemi di automazione per automatizzare il flusso di materiale e pezzi e incrementare ulteriormente la produzione.<\/p>\n\n\n\n<p>IN EVIDENZA<\/p>\n\n\n\n<p>\u2022 Nuova soluzione per il carico del materiale con misurazione del bordo della lamiera<\/p>\n\n\n\n<p>\u2022 Nesting intelligente<\/p>\n\n\n\n<p>\u2022 Dispositivo di eliminazione scarti di rifinitura per accelerare la produzione continua<\/p>\n\n\n\n<p>\u2022 Tempi di carico lamiere rapidi e tempi di processo di produzione efficient<\/p>\n\n\n\n<h3 class=\"wp-block-heading has-vivid-cyan-blue-color has-text-color has-link-color wp-elements-cb5e853490ac7eeb2b7b9f02fb6f6f6a\">Caratteristiche della macchina<\/h3>\n\n\n\n<p><strong>ACCESSIBILIT\u00c0<\/strong><\/p>\n\n\n\n<p>Utilizzo e monitoraggio semplificati<\/p>\n\n\n\n<p><strong>MARTELLO INTELLIGENTE<\/strong><\/p>\n\n\n\n<p>Pi\u00f9 utensili nella torretta e tempi di cambio utensile pi\u00f9 brevi<\/p>\n\n\n\n<p><strong>ZERO GRAFFI<\/strong><\/p>\n\n\n\n<p>Le spazzole a movimento verticale impediscono di graffiare i materiali sensibili<\/p>\n\n\n\n<p><strong>ELEVATA CAPACIT\u00c0 DI ATTREZZAGGIO<\/strong><\/p>\n\n\n\n<p>Il gran numero di utensili disponibili per le punzonatrici Prima Power<\/p>\n\n\n\n<p>deriva da una serie di caratteristiche tecniche che<\/p>\n\n\n\n<p>nessun altro produttore \u00e8 in grado di offrire:<\/p>\n\n\n\n<p>\u2022 Struttura della torretta disponibile in due varianti: 16 e 20 stazioni<\/p>\n\n\n\n<p>\u2022 Multi-Tools\u00ae<\/p>\n\n\n\n<p>\u2022 Una vasta gamma di utensili speciali<\/p>\n\n\n\n<p>\u2022 Sistema rotante di auto-indicizzazione<\/p>\n\n\n\n<p>\u2022 Martello intelligente<\/p>\n\n\n\n<p><strong>VANTAGGI<\/strong><\/p>\n\n\n\n<p>I vantaggi della macchina Shear Genius\u00ae EVO SG1530 servoelettrica<\/p>\n\n\n\n<p>+ Soluzione per il carico rapido del materiale con misurazione del bordo della lamiera<\/p>\n\n\n\n<p>+ Nesting economico ed efficiente<\/p>\n\n\n\n<p>+ Tempi di carico lamiere rapidi e tempi di processo di produzione ottimizzati<\/p>\n\n\n\n<p>+ Dimensione della lamiera\/Area di lavoro Y 1565 mm, X 3074 mm<\/p>\n\n\n\n<p>+ Rapida configurazione con elevata capacit\u00e0 di attrezzaggio<\/p>\n\n\n\n<p>+ Basso consumo energetico in tre modalit\u00e0 di alimentazione: funzionamento\/stand by\/minimo<\/p>\n\n\n\n<p>+ Costi di manutenzione ridotti<\/p>\n\n\n\n<p>+ Elevata versatilit\u00e0<\/p>\n\n\n\n<p>+ Valori di rendimento elevati<\/p>\n\n\n\n<p>+ Ampia gamma di opzioni, installabili anche in seguito come upgrade della macchina<\/p>\n\n\n\n<p>+ Fabbricazione flessibile automatizzata<\/p>\n\n\n\n<p>+ Supporto stabile per il materiale lavorato durante il processo con piani dotati di spazzole di alta qualit\u00e0<\/p>\n\n\n\n<p>+ Zero scheletri, meno scarti di punzonatura = risparmio di materie prime<\/p>\n\n\n\n<p>+ Nessun segno di roditura<\/p>\n\n\n\n<p>+ Elevata produttivit\u00e0<\/p>\n\n\n\n<p>+ Bassi costi di produzione<\/p>\n\n\n\n<p>+ Rapido ritorno sull&#8217;investimento<\/p>\n\n\n\n<p>= altissima produttivit\u00e0 nelle pi\u00f9 svariate applicazioni<\/p>\n\n\n\n<h3 class=\"wp-block-heading has-vivid-cyan-blue-color has-text-color has-link-color wp-elements-4822bb808d34026e09780d7e47c5d156\">Dati tecnici<\/h3>\n\n\n\n<p><strong>Due modelli: SG1530 e SG1540<\/strong><\/p>\n\n\n\n<ul class=\"wp-block-list\">\n<li>Dimensione max. foglio<br>SG1530: 3,074 mm x 1,565 mm<br>SG1540: 4,300 mm x 1,565 mm<\/li>\n\n\n\n<li>Spessore max. materiale<br>punzonatura: 8 mm<br>cesoiatura: Alluminio 5 mm, Acciaio 3 mm, Inox 3 mm<\/li>\n\n\n\n<li>Torretta personalizzata<br>Q.t\u00e0 max. utensili in torretta: 400<br>Q.t\u00e0 max. utensili indexabili in torretta: 384<\/li>\n<\/ul>\n\n\n\n<p><strong>Due livelli di prestazione: Pure e Dynamic<\/strong><\/p>\n\n\n\n<p>La serie Genius include modelli con due livelli di prestazione complementari. Il modello&nbsp;<em>Pure<\/em>&nbsp;soddisfa tutti gli obiettivi fissati per una macchina efficiente nella produttivit\u00e0 ma con un prezzo attraente;&nbsp;<em>Dynamic<\/em>&nbsp;offre la massima produttivit\u00e0 e le migliori prestazioni sul mercato. Entrambi i modelli sono dotati delle pi\u00f9 recenti funzionalit\u00e0 e possono essere personalizzati con un\u2019ampia gamma di opzioni.<\/p>\n\n\n\n<ul class=\"wp-block-list\">\n<li>Forza del martello<br>SG EVO Pure: 250 kN (25 t)<br>SG EVO Dynamic: 300 kN (33 t)<\/li>\n\n\n\n<li>Velocit\u00e0 max. del colpo<br>SG EVO Pure:&nbsp;1,800 hpm<br>SG EVO Dynamic:&nbsp;2,500 hpm<\/li>\n\n\n\n<li>Velocit\u00e0 di posizionamento<br>SG EVO Pure: 127 m\/min<br>SG EVO Dynamic: 150 m\/min<\/li>\n\n\n\n<li>Velocit\u00e0 di rotazione Index tool<br>SG EVO Pure: 180 rpm<br>SG EVO Dynamic: 250 rpm<\/li>\n<\/ul>\n<\/details>\n\n\n\n<div style=\"height:38px\" aria-hidden=\"true\" class=\"wp-block-spacer\"><\/div>\n\n\n\n<figure class=\"wp-block-embed aligncenter is-type-video is-provider-youtube wp-block-embed-youtube wp-embed-aspect-16-9 wp-has-aspect-ratio\"><div class=\"wp-block-embed__wrapper\">\n<iframe loading=\"lazy\" title=\"Prima Power Shear Genius 1530 - Integrated punching and shearing\" width=\"640\" height=\"360\" src=\"https:\/\/www.youtube.com\/embed\/avhYUDvPYg0?feature=oembed\" frameborder=\"0\" allow=\"accelerometer; autoplay; clipboard-write; encrypted-media; gyroscope; picture-in-picture; web-share\" referrerpolicy=\"strict-origin-when-cross-origin\" allowfullscreen><\/iframe>\n<\/div><\/figure>\n\n\n\n<div style=\"height:38px\" aria-hidden=\"true\" class=\"wp-block-spacer\"><\/div>\n\n\n\n<h2 class=\"wp-block-heading\">Maggiori informazioni? Compila il form!<\/h2>\n\n\n\n<div class=\"wpcf7 no-js\" id=\"wpcf7-f1438-o1\" lang=\"en-US\" dir=\"ltr\" data-wpcf7-id=\"1438\">\n<div class=\"screen-reader-response\"><p role=\"status\" aria-live=\"polite\" aria-atomic=\"true\"><\/p> <ul><\/ul><\/div>\n<form action=\"\/en\/wp-json\/wp\/v2\/pages\/1119#wpcf7-f1438-o1\" method=\"post\" class=\"wpcf7-form init\" aria-label=\"Contact form\" novalidate=\"novalidate\" data-status=\"init\">\n<fieldset class=\"hidden-fields-container\"><input type=\"hidden\" name=\"_wpcf7\" value=\"1438\" \/><input type=\"hidden\" name=\"_wpcf7_version\" value=\"6.1.5\" \/><input type=\"hidden\" name=\"_wpcf7_locale\" value=\"en_US\" \/><input type=\"hidden\" name=\"_wpcf7_unit_tag\" value=\"wpcf7-f1438-o1\" \/><input type=\"hidden\" name=\"_wpcf7_container_post\" value=\"0\" \/><input type=\"hidden\" name=\"_wpcf7_posted_data_hash\" value=\"\" \/><input type=\"hidden\" name=\"_wpcf7dtx_version\" value=\"5.0.4\" \/><input type=\"hidden\" name=\"lang\" value=\"en\" \/><input type=\"hidden\" name=\"_wpcf7_recaptcha_response\" value=\"\" \/>\n<\/fieldset>\n<p><label> Name<br \/>\n<span class=\"wpcf7-form-control-wrap\" data-name=\"your-name\"><input size=\"40\" maxlength=\"400\" class=\"wpcf7-form-control wpcf7-text wpcf7-validates-as-required\" autocomplete=\"name\" aria-required=\"true\" aria-invalid=\"false\" value=\"\" type=\"text\" name=\"your-name\" \/><\/span> <\/label>\n<\/p>\n<p><label> Email<br \/>\n<span class=\"wpcf7-form-control-wrap\" data-name=\"your-email\"><input size=\"40\" maxlength=\"400\" class=\"wpcf7-form-control wpcf7-email wpcf7-validates-as-required wpcf7-text wpcf7-validates-as-email\" autocomplete=\"email\" aria-required=\"true\" aria-invalid=\"false\" value=\"\" type=\"email\" name=\"your-email\" \/><\/span> <\/label>\n<\/p>\n<p><label> Subject<br \/>\n<span class=\"wpcf7-form-control-wrap\" data-name=\"your-subject\"><input size=\"40\" maxlength=\"400\" class=\"wpcf7-form-control wpcf7-text wpcf7-validates-as-required\" aria-required=\"true\" aria-invalid=\"false\" value=\"\" type=\"text\" name=\"your-subject\" \/><\/span> <\/label>\n<\/p>\n<p><label class=\"wpcf7-form-control wpcf7-label wpcf7dtx wpcf7dtx-label\">Shear Genius EVO<\/label>\n<\/p>\n<p><span id=\"wpcf7-69ff2afd456df-wrapper\" class=\"wpcf7-form-control-wrap your-prod-message-wrap\" style=\"display:none !important; visibility:hidden !important;\"><input type=\"hidden\" name=\"your-prod-message-time-start\" value=\"1778330365\"><input type=\"hidden\" name=\"your-prod-message-time-check\" value=\"4\"><label for=\"wpcf7-69ff2afd456df-field\" class=\"hp-message\">Please leave this field empty.<\/label><input id=\"wpcf7-69ff2afd456df-field\"  class=\"wpcf7-form-control wpcf7-text\" type=\"text\" name=\"your-prod-message\" value=\"\" size=\"40\" tabindex=\"-1\" autocomplete=\"new-password\" \/><\/span>\n<\/p>\n<p><label> Messagge (optional)<br \/>\n<span class=\"wpcf7-form-control-wrap\" data-name=\"your-prod-message\"><textarea cols=\"40\" rows=\"10\" maxlength=\"2000\" class=\"wpcf7-form-control wpcf7-textarea\" aria-invalid=\"false\" name=\"your-prod-message\"><\/textarea><\/span> <\/label>\n<\/p>\n<p><input class=\"wpcf7-form-control wpcf7-submit has-spinner\" type=\"submit\" value=\"Send\" \/>\n<\/p><div class=\"wpcf7-response-output\" aria-hidden=\"true\"><\/div>\n<\/form>\n<\/div>\n\n","protected":false},"excerpt":{"rendered":"<p>MACCHINE COMBINATE PER PUNZONATURA E CESOIATURA Massima produttivit\u00e0 con punzonatura e cesoiatura integrate La filosofia di Shear Genius\u00ae EVO \u00e8 quella di fornire un&#8217;unica macchina in grado di trasformare pezzi<\/p>\n","protected":false},"author":9,"featured_media":1422,"parent":0,"menu_order":0,"comment_status":"closed","ping_status":"closed","template":"","meta":{"_seopress_robots_primary_cat":"","_seopress_titles_title":"","_seopress_titles_desc":"","_seopress_robots_index":"","footnotes":""},"categories":[149],"tags":[],"class_list":{"0":"post-1119","1":"page","2":"type-page","3":"status-publish","5":"hentry","6":"category-prima-power-punch"},"_links":{"self":[{"href":"https:\/\/dealtech.eu\/en\/wp-json\/wp\/v2\/pages\/1119","targetHints":{"allow":["GET"]}}],"collection":[{"href":"https:\/\/dealtech.eu\/en\/wp-json\/wp\/v2\/pages"}],"about":[{"href":"https:\/\/dealtech.eu\/en\/wp-json\/wp\/v2\/types\/page"}],"author":[{"embeddable":true,"href":"https:\/\/dealtech.eu\/en\/wp-json\/wp\/v2\/users\/9"}],"replies":[{"embeddable":true,"href":"https:\/\/dealtech.eu\/en\/wp-json\/wp\/v2\/comments?post=1119"}],"version-history":[{"count":7,"href":"https:\/\/dealtech.eu\/en\/wp-json\/wp\/v2\/pages\/1119\/revisions"}],"predecessor-version":[{"id":1471,"href":"https:\/\/dealtech.eu\/en\/wp-json\/wp\/v2\/pages\/1119\/revisions\/1471"}],"wp:featuredmedia":[{"embeddable":true,"href":"https:\/\/dealtech.eu\/en\/wp-json\/wp\/v2\/media\/1422"}],"wp:attachment":[{"href":"https:\/\/dealtech.eu\/en\/wp-json\/wp\/v2\/media?parent=1119"}],"wp:term":[{"taxonomy":"category","embeddable":true,"href":"https:\/\/dealtech.eu\/en\/wp-json\/wp\/v2\/categories?post=1119"},{"taxonomy":"post_tag","embeddable":true,"href":"https:\/\/dealtech.eu\/en\/wp-json\/wp\/v2\/tags?post=1119"}],"curies":[{"name":"wp","href":"https:\/\/api.w.org\/{rel}","templated":true}]}}