
{"id":1168,"date":"2024-05-20T22:21:32","date_gmt":"2024-05-20T20:21:32","guid":{"rendered":"https:\/\/dealtech.eu\/it\/?page_id=1168"},"modified":"2024-07-01T22:03:10","modified_gmt":"2024-07-01T20:03:10","slug":"lpbb","status":"publish","type":"page","link":"https:\/\/dealtech.eu\/en\/lpbb\/","title":{"rendered":"LPBB"},"content":{"rendered":"\n<div class=\"wp-block-query is-layout-flow wp-block-query-is-layout-flow\"><ul class=\"wp-block-post-template is-layout-flow wp-block-post-template-is-layout-flow\"><li class=\"post-23 post type-post status-publish format-standard hentry category-combinata-laser\">\n\n<p class=\"has-text-align-center has-x-large-font-size\">PRIMA POWER LPBB<\/p>\n\n<\/li><\/ul><\/div>\n\n\n\n<div class=\"wp-block-columns is-layout-flex wp-container-core-columns-is-layout-9d6595d7 wp-block-columns-is-layout-flex\">\n<div class=\"wp-block-column is-layout-flow wp-block-column-is-layout-flow\" style=\"flex-basis:66.66%\"><div id=\"metaslider-id-1169\" style=\"width: 100%;\" class=\"ml-slider-3-105-0 metaslider metaslider-flex metaslider-1169 ml-slider ms-theme-default nav-hidden\" role=\"region\" aria-label=\"LPBB\" data-height=\"500\" data-width=\"700\">\n    <div id=\"metaslider_container_1169\">\n        <div id=\"metaslider_1169\">\n            <ul class='slides'>\n                <li style=\"display: block; width: 100%;\" class=\"slide-1173 ms-image \" aria-roledescription=\"slide\" data-date=\"2024-05-02 22:01:15\" data-filename=\"LPBB_lasercutting_punching_buffering_bending_right-700x500.png\" data-slide-type=\"image\"><img loading=\"lazy\" decoding=\"async\" src=\"https:\/\/dealtech.eu\/wp-content\/uploads\/2024\/05\/LPBB_lasercutting_punching_buffering_bending_right-700x500.png\" height=\"500\" width=\"700\" alt=\"\" class=\"slider-1169 slide-1173 msDefaultImage\" title=\"LPBB_lasercutting_punching_buffering_bending_right\" \/><\/li>\n                <li style=\"display: none; width: 100%;\" class=\"slide-1174 ms-image \" aria-roledescription=\"slide\" data-date=\"2024-05-02 22:01:16\" data-filename=\"LPBB_lasercutting_punching_buffering_bending_left-700x500.png\" data-slide-type=\"image\"><img loading=\"lazy\" decoding=\"async\" src=\"https:\/\/dealtech.eu\/wp-content\/uploads\/2024\/05\/LPBB_lasercutting_punching_buffering_bending_left-700x500.png\" height=\"500\" width=\"700\" alt=\"\" class=\"slider-1169 slide-1174 msDefaultImage\" title=\"LPBB_lasercutting_punching_buffering_bending_left\" \/><\/li>\n                <li style=\"display: none; width: 100%;\" class=\"slide-1175 ms-image \" aria-roledescription=\"slide\" data-date=\"2024-05-02 22:01:16\" data-filename=\"LPBB_lasercutting_punching_buffering_bending_front-700x500.png\" data-slide-type=\"image\"><img loading=\"lazy\" decoding=\"async\" src=\"https:\/\/dealtech.eu\/wp-content\/uploads\/2024\/05\/LPBB_lasercutting_punching_buffering_bending_front-700x500.png\" height=\"500\" width=\"700\" alt=\"\" class=\"slider-1169 slide-1175 msDefaultImage\" title=\"LPBB_lasercutting_punching_buffering_bending_front\" \/><\/li>\n            <\/ul>\n        <\/div>\n        \n    <\/div>\n<\/div>\n<\/div>\n\n\n\n<div class=\"wp-block-column is-layout-flow wp-block-column-is-layout-flow\" style=\"flex-basis:33.33%\">\n<p class=\"has-vivid-cyan-blue-color has-text-color has-link-color wp-elements-b74e992ff05d26a599cb2e97b6948323\"><strong>SISTEMI DI PRODUZIONE FLESSIBILI<\/strong><\/p>\n\n\n\n<h2 class=\"wp-block-heading has-large-font-size\">L&#8217;arte dell&#8217;integrazione<\/h2>\n\n\n\n<p>LPBB \u00e8 l&#8217;acronimo di&nbsp;<strong>Laser cutting + Punching + Buffering + Bending<\/strong>, ossia taglio laser + punzonatura + buffering + piegatura. L&#8217;eccezionale produttivit\u00e0 offerta dal sistema di produzione flessibile LPBB deriva dalla tecnologia modulare Prima Power e dalla gestione intelligente del flusso dei materiali.<\/p>\n<\/div>\n<\/div>\n\n\n\n<div style=\"height:38px\" aria-hidden=\"true\" class=\"wp-block-spacer\"><\/div>\n\n\n\n<div class=\"wp-block-columns is-layout-flex wp-container-core-columns-is-layout-9d6595d7 wp-block-columns-is-layout-flex\">\n<div class=\"wp-block-column is-layout-flow wp-block-column-is-layout-flow\">\n<h2 class=\"wp-block-heading has-medium-font-size\"><img loading=\"lazy\" decoding=\"async\" width=\"30\" height=\"30\" class=\"wp-image-559\" style=\"width: 30px;\" src=\"https:\/\/dealtech.eu\/wp-content\/uploads\/2024\/04\/pngegg2.png\" alt=\"\" srcset=\"https:\/\/dealtech.eu\/wp-content\/uploads\/2024\/04\/pngegg2.png 512w, https:\/\/dealtech.eu\/wp-content\/uploads\/2024\/04\/pngegg2-300x300.png 300w, https:\/\/dealtech.eu\/wp-content\/uploads\/2024\/04\/pngegg2-150x150.png 150w, https:\/\/dealtech.eu\/wp-content\/uploads\/2024\/04\/pngegg2-100x100.png 100w\" sizes=\"auto, (max-width: 30px) 100vw, 30px\" \/> ALL-IN-ONE<\/h2>\n\n\n\n<p>Punzonatura, formatura, maschiatura, marcatura, taglio in laser fibra, piegatura&#8230; tutto con un unico sistema<\/p>\n<\/div>\n\n\n\n<div class=\"wp-block-column is-layout-flow wp-block-column-is-layout-flow\">\n<h2 class=\"wp-block-heading has-medium-font-size\"><img loading=\"lazy\" decoding=\"async\" width=\"30\" height=\"30\" class=\"wp-image-559\" style=\"width: 30px;\" src=\"https:\/\/dealtech.eu\/wp-content\/uploads\/2024\/04\/pngegg2.png\" alt=\"\" srcset=\"https:\/\/dealtech.eu\/wp-content\/uploads\/2024\/04\/pngegg2.png 512w, https:\/\/dealtech.eu\/wp-content\/uploads\/2024\/04\/pngegg2-300x300.png 300w, https:\/\/dealtech.eu\/wp-content\/uploads\/2024\/04\/pngegg2-150x150.png 150w, https:\/\/dealtech.eu\/wp-content\/uploads\/2024\/04\/pngegg2-100x100.png 100w\" sizes=\"auto, (max-width: 30px) 100vw, 30px\" \/> <strong>&nbsp;<\/strong>VERSATILIT\u00c0<\/h2>\n\n\n\n<p>Straordinaria versatilit\u00e0 per produzioni complesse<\/p>\n<\/div>\n<\/div>\n\n\n\n<div class=\"wp-block-columns is-layout-flex wp-container-core-columns-is-layout-9d6595d7 wp-block-columns-is-layout-flex\">\n<div class=\"wp-block-column is-layout-flow wp-block-column-is-layout-flow\">\n<h2 class=\"wp-block-heading has-medium-font-size\"><img loading=\"lazy\" decoding=\"async\" width=\"30\" height=\"30\" class=\"wp-image-559\" style=\"width: 30px;\" src=\"https:\/\/dealtech.eu\/wp-content\/uploads\/2024\/04\/pngegg2.png\" alt=\"\" srcset=\"https:\/\/dealtech.eu\/wp-content\/uploads\/2024\/04\/pngegg2.png 512w, https:\/\/dealtech.eu\/wp-content\/uploads\/2024\/04\/pngegg2-300x300.png 300w, https:\/\/dealtech.eu\/wp-content\/uploads\/2024\/04\/pngegg2-150x150.png 150w, https:\/\/dealtech.eu\/wp-content\/uploads\/2024\/04\/pngegg2-100x100.png 100w\" sizes=\"auto, (max-width: 30px) 100vw, 30px\" \/> <strong>&nbsp;<\/strong>USO INTUITIVO<\/h2>\n\n\n\n<p>Facilit\u00e0 operativa e tempi di configurazione minimi<\/p>\n<\/div>\n\n\n\n<div class=\"wp-block-column is-layout-flow wp-block-column-is-layout-flow\">\n<h2 class=\"wp-block-heading has-medium-font-size\"><img loading=\"lazy\" decoding=\"async\" width=\"30\" height=\"30\" class=\"wp-image-559\" style=\"width: 30px;\" src=\"https:\/\/dealtech.eu\/wp-content\/uploads\/2024\/04\/pngegg2.png\" alt=\"\" srcset=\"https:\/\/dealtech.eu\/wp-content\/uploads\/2024\/04\/pngegg2.png 512w, https:\/\/dealtech.eu\/wp-content\/uploads\/2024\/04\/pngegg2-300x300.png 300w, https:\/\/dealtech.eu\/wp-content\/uploads\/2024\/04\/pngegg2-150x150.png 150w, https:\/\/dealtech.eu\/wp-content\/uploads\/2024\/04\/pngegg2-100x100.png 100w\" sizes=\"auto, (max-width: 30px) 100vw, 30px\" \/> TRASPARENZA<\/h2>\n\n\n\n<p>Flusso di informazioni automatico dalla programmazione al reporting di produzione<\/p>\n<\/div>\n<\/div>\n\n\n\n<div style=\"height:38px\" aria-hidden=\"true\" class=\"wp-block-spacer\"><\/div>\n\n\n\n<details class=\"wp-block-details is-layout-flow wp-block-details-is-layout-flow\" open><summary><font size=\"28px\"><b>Caratteristiche<\/b><\/font><\/summary>\n<h3 class=\"wp-block-heading has-vivid-cyan-blue-color has-text-color has-link-color wp-elements-abd39ed5c23d1f5768d1d814015c2ae3\">Panoramica<\/h3>\n\n\n\n<p>Il sistema di produzione di lamiere LPBB compatto trasforma automaticamente le lamiere grezze in componenti gi\u00e0 piegati e caratterizzati da qualit\u00e0 elevata. Il sistema di produzione integra punzonatura, taglio laser, piegatura e gestione intelligente dei pezzi.<\/p>\n\n\n\n<h3 class=\"wp-block-heading has-vivid-cyan-blue-color has-text-color has-link-color wp-elements-cb5e853490ac7eeb2b7b9f02fb6f6f6a\">Caratteristiche della macchina<\/h3>\n\n\n\n<p>LPBB integra punzonatura, taglio laser, gestione intelligente dei pezzi e piegatura di alta qualit\u00e0. La produzione moderna esige tempi di reazione estremamente rapidi. La macchina deve essere flessibile e incredibilmente veloce per offrire una rapida risposta agli ordini di produzione, spesso per quantit\u00e0 davvero ridotte.&nbsp;<\/p>\n\n\n\n<p>Che arrivi un ordine urgente o una serie di test per dimostrare la capacit\u00e0 produttiva, spesso il laser si rivela la scelta perfetta. Nelle serie pi\u00f9 voluminose, la punzonatura aggiunge velocit\u00e0 di produzione ed efficienza dei costi, consentendo ad esempio una formatura versatile, oltre a offrire una competitivit\u00e0 ineguagliata da macchine laser o punzonatrici singole.<\/p>\n\n\n\n<p>La produttivit\u00e0 offerta da questo concetto deriva dall&#8217;integrazione di:<\/p>\n\n\n\n<ul class=\"wp-block-list\">\n<li>Punzonatura servoelettrica versatile<\/li>\n\n\n\n<li>Taglio laser moderno<\/li>\n\n\n\n<li>Piegatura servoelettrica<\/li>\n\n\n\n<li>Flusso di materiali automatico e flessibile e<\/li>\n\n\n\n<li>Software sofisticato<\/li>\n<\/ul>\n<\/details>\n\n\n\n<div style=\"height:38px\" aria-hidden=\"true\" class=\"wp-block-spacer\"><\/div>\n\n\n\n<figure class=\"wp-block-embed aligncenter is-type-video is-provider-youtube wp-block-embed-youtube wp-embed-aspect-16-9 wp-has-aspect-ratio\"><div class=\"wp-block-embed__wrapper\">\n<iframe loading=\"lazy\" title=\"LPBB - Multifunctional sheet metal processing technology\" width=\"640\" height=\"360\" src=\"https:\/\/www.youtube.com\/embed\/uNta5BgjHdw?feature=oembed\" frameborder=\"0\" allow=\"accelerometer; autoplay; clipboard-write; encrypted-media; gyroscope; picture-in-picture; web-share\" referrerpolicy=\"strict-origin-when-cross-origin\" allowfullscreen><\/iframe>\n<\/div><\/figure>\n\n\n\n<div style=\"height:38px\" aria-hidden=\"true\" class=\"wp-block-spacer\"><\/div>\n\n\n\n<h2 class=\"wp-block-heading\">Maggiori informazioni? Compila il form!<\/h2>\n\n\n\n<div class=\"wpcf7 no-js\" id=\"wpcf7-f1438-o1\" lang=\"en-US\" dir=\"ltr\" data-wpcf7-id=\"1438\">\n<div class=\"screen-reader-response\"><p role=\"status\" aria-live=\"polite\" aria-atomic=\"true\"><\/p> <ul><\/ul><\/div>\n<form action=\"\/en\/wp-json\/wp\/v2\/pages\/1168#wpcf7-f1438-o1\" method=\"post\" class=\"wpcf7-form init\" aria-label=\"Contact form\" novalidate=\"novalidate\" data-status=\"init\">\n<fieldset class=\"hidden-fields-container\"><input type=\"hidden\" name=\"_wpcf7\" value=\"1438\" \/><input type=\"hidden\" name=\"_wpcf7_version\" value=\"6.1.5\" \/><input type=\"hidden\" name=\"_wpcf7_locale\" value=\"en_US\" \/><input type=\"hidden\" name=\"_wpcf7_unit_tag\" value=\"wpcf7-f1438-o1\" \/><input type=\"hidden\" name=\"_wpcf7_container_post\" value=\"0\" \/><input type=\"hidden\" name=\"_wpcf7_posted_data_hash\" value=\"\" \/><input type=\"hidden\" name=\"_wpcf7dtx_version\" value=\"5.0.4\" \/><input type=\"hidden\" name=\"lang\" value=\"en\" \/><input type=\"hidden\" name=\"_wpcf7_recaptcha_response\" value=\"\" \/>\n<\/fieldset>\n<p><label> Name<br \/>\n<span class=\"wpcf7-form-control-wrap\" data-name=\"your-name\"><input size=\"40\" maxlength=\"400\" class=\"wpcf7-form-control wpcf7-text wpcf7-validates-as-required\" autocomplete=\"name\" aria-required=\"true\" aria-invalid=\"false\" value=\"\" type=\"text\" name=\"your-name\" \/><\/span> <\/label>\n<\/p>\n<p><label> Email<br \/>\n<span class=\"wpcf7-form-control-wrap\" data-name=\"your-email\"><input size=\"40\" maxlength=\"400\" class=\"wpcf7-form-control wpcf7-email wpcf7-validates-as-required wpcf7-text wpcf7-validates-as-email\" autocomplete=\"email\" aria-required=\"true\" aria-invalid=\"false\" value=\"\" type=\"email\" name=\"your-email\" \/><\/span> <\/label>\n<\/p>\n<p><label> Subject<br \/>\n<span class=\"wpcf7-form-control-wrap\" data-name=\"your-subject\"><input size=\"40\" maxlength=\"400\" class=\"wpcf7-form-control wpcf7-text wpcf7-validates-as-required\" aria-required=\"true\" aria-invalid=\"false\" value=\"\" type=\"text\" name=\"your-subject\" \/><\/span> <\/label>\n<\/p>\n<p><label class=\"wpcf7-form-control wpcf7-label wpcf7dtx wpcf7dtx-label\">LPBB<\/label>\n<\/p>\n<p><span id=\"wpcf7-69fb211a8358e-wrapper\" class=\"wpcf7-form-control-wrap your-prod-message-wrap\" style=\"display:none !important; visibility:hidden !important;\"><input type=\"hidden\" name=\"your-prod-message-time-start\" value=\"1778065690\"><input type=\"hidden\" name=\"your-prod-message-time-check\" value=\"4\"><label for=\"wpcf7-69fb211a8358e-field\" class=\"hp-message\">Please leave this field empty.<\/label><input id=\"wpcf7-69fb211a8358e-field\"  class=\"wpcf7-form-control wpcf7-text\" type=\"text\" name=\"your-prod-message\" value=\"\" size=\"40\" tabindex=\"-1\" autocomplete=\"new-password\" \/><\/span>\n<\/p>\n<p><label> Messagge (optional)<br \/>\n<span class=\"wpcf7-form-control-wrap\" data-name=\"your-prod-message\"><textarea cols=\"40\" rows=\"10\" maxlength=\"2000\" class=\"wpcf7-form-control wpcf7-textarea\" aria-invalid=\"false\" name=\"your-prod-message\"><\/textarea><\/span> <\/label>\n<\/p>\n<p><input class=\"wpcf7-form-control wpcf7-submit has-spinner\" type=\"submit\" value=\"Send\" \/>\n<\/p><div class=\"wpcf7-response-output\" aria-hidden=\"true\"><\/div>\n<\/form>\n<\/div>\n\n","protected":false},"excerpt":{"rendered":"<p>SISTEMI DI PRODUZIONE FLESSIBILI L&#8217;arte dell&#8217;integrazione LPBB \u00e8 l&#8217;acronimo di&nbsp;Laser cutting + Punching + Buffering + Bending, ossia taglio laser + punzonatura + buffering + piegatura. L&#8217;eccezionale produttivit\u00e0 offerta dal<\/p>\n","protected":false},"author":10,"featured_media":1170,"parent":0,"menu_order":0,"comment_status":"closed","ping_status":"closed","template":"","meta":{"_seopress_robots_primary_cat":"","_seopress_titles_title":"","_seopress_titles_desc":"","_seopress_robots_index":"","footnotes":""},"categories":[150],"tags":[],"class_list":{"0":"post-1168","1":"page","2":"type-page","3":"status-publish","5":"hentry","6":"category-prima-power-system"},"_links":{"self":[{"href":"https:\/\/dealtech.eu\/en\/wp-json\/wp\/v2\/pages\/1168","targetHints":{"allow":["GET"]}}],"collection":[{"href":"https:\/\/dealtech.eu\/en\/wp-json\/wp\/v2\/pages"}],"about":[{"href":"https:\/\/dealtech.eu\/en\/wp-json\/wp\/v2\/types\/page"}],"author":[{"embeddable":true,"href":"https:\/\/dealtech.eu\/en\/wp-json\/wp\/v2\/users\/10"}],"replies":[{"embeddable":true,"href":"https:\/\/dealtech.eu\/en\/wp-json\/wp\/v2\/comments?post=1168"}],"version-history":[{"count":2,"href":"https:\/\/dealtech.eu\/en\/wp-json\/wp\/v2\/pages\/1168\/revisions"}],"predecessor-version":[{"id":1461,"href":"https:\/\/dealtech.eu\/en\/wp-json\/wp\/v2\/pages\/1168\/revisions\/1461"}],"wp:featuredmedia":[{"embeddable":true,"href":"https:\/\/dealtech.eu\/en\/wp-json\/wp\/v2\/media\/1170"}],"wp:attachment":[{"href":"https:\/\/dealtech.eu\/en\/wp-json\/wp\/v2\/media?parent=1168"}],"wp:term":[{"taxonomy":"category","embeddable":true,"href":"https:\/\/dealtech.eu\/en\/wp-json\/wp\/v2\/categories?post=1168"},{"taxonomy":"post_tag","embeddable":true,"href":"https:\/\/dealtech.eu\/en\/wp-json\/wp\/v2\/tags?post=1168"}],"curies":[{"name":"wp","href":"https:\/\/api.w.org\/{rel}","templated":true}]}}