
{"id":1178,"date":"2024-05-20T22:21:23","date_gmt":"2024-05-20T20:21:23","guid":{"rendered":"https:\/\/dealtech.eu\/it\/?page_id=1178"},"modified":"2024-07-01T22:05:41","modified_gmt":"2024-07-01T20:05:41","slug":"psbb","status":"publish","type":"page","link":"https:\/\/dealtech.eu\/en\/psbb\/","title":{"rendered":"PSBB"},"content":{"rendered":"\n<div class=\"wp-block-query is-layout-flow wp-block-query-is-layout-flow\"><ul class=\"wp-block-post-template is-layout-flow wp-block-post-template-is-layout-flow\"><li class=\"post-23 post type-post status-publish format-standard hentry category-combinata-laser\">\n\n<p class=\"has-text-align-center has-x-large-font-size\">PRIMA POWER PSBB<\/p>\n\n<\/li><\/ul><\/div>\n\n\n\n<div class=\"wp-block-columns is-layout-flex wp-container-core-columns-is-layout-9d6595d7 wp-block-columns-is-layout-flex\">\n<div class=\"wp-block-column is-layout-flow wp-block-column-is-layout-flow\" style=\"flex-basis:66.66%\"><div id=\"metaslider-id-1179\" style=\"width: 100%;\" class=\"ml-slider-3-105-0 metaslider metaslider-flex metaslider-1179 ml-slider ms-theme-default nav-hidden\" role=\"region\" aria-label=\"PSBB\" data-height=\"500\" data-width=\"700\">\n    <div id=\"metaslider_container_1179\">\n        <div id=\"metaslider_1179\">\n            <ul class='slides'>\n                <li style=\"display: block; width: 100%;\" class=\"slide-1185 ms-image \" aria-roledescription=\"slide\" data-date=\"2024-05-02 22:10:55\" data-filename=\"PSBB-with-FL-Storage-700x500.jpg\" data-slide-type=\"image\"><img loading=\"lazy\" decoding=\"async\" src=\"https:\/\/dealtech.eu\/wp-content\/uploads\/2024\/05\/PSBB-with-FL-Storage-700x500.jpg\" height=\"500\" width=\"700\" alt=\"\" class=\"slider-1179 slide-1185 msDefaultImage\" title=\"PSBB with FL Storage\" \/><\/li>\n                <li style=\"display: none; width: 100%;\" class=\"slide-1186 ms-image \" aria-roledescription=\"slide\" data-date=\"2024-05-02 22:10:55\" data-filename=\"PSBB_Full_right-700x500.png\" data-slide-type=\"image\"><img loading=\"lazy\" decoding=\"async\" src=\"https:\/\/dealtech.eu\/wp-content\/uploads\/2024\/05\/PSBB_Full_right-700x500.png\" height=\"500\" width=\"700\" alt=\"\" class=\"slider-1179 slide-1186 msDefaultImage\" title=\"PSBB_Full_right\" \/><\/li>\n                <li style=\"display: none; width: 100%;\" class=\"slide-1187 ms-image \" aria-roledescription=\"slide\" data-date=\"2024-05-02 22:10:55\" data-filename=\"PSBB_Full_front-700x500.png\" data-slide-type=\"image\"><img loading=\"lazy\" decoding=\"async\" src=\"https:\/\/dealtech.eu\/wp-content\/uploads\/2024\/05\/PSBB_Full_front-700x500.png\" height=\"500\" width=\"700\" alt=\"\" class=\"slider-1179 slide-1187 msDefaultImage\" title=\"PSBB_Full_front\" \/><\/li>\n                <li style=\"display: none; width: 100%;\" class=\"slide-1188 ms-image \" aria-roledescription=\"slide\" data-date=\"2024-05-02 22:10:56\" data-filename=\"PSBB_direct_right-700x500.png\" data-slide-type=\"image\"><img loading=\"lazy\" decoding=\"async\" src=\"https:\/\/dealtech.eu\/wp-content\/uploads\/2024\/05\/PSBB_direct_right-700x500.png\" height=\"500\" width=\"700\" alt=\"Punzonatura cesoiatura pannellatura\" class=\"slider-1179 slide-1188 msDefaultImage\" title=\"PSBB_direct_right\" \/><\/li>\n                <li style=\"display: none; width: 100%;\" class=\"slide-1189 ms-image \" aria-roledescription=\"slide\" data-date=\"2024-05-02 22:10:56\" data-filename=\"PSBB_direct_front-700x500.png\" data-slide-type=\"image\"><img loading=\"lazy\" decoding=\"async\" src=\"https:\/\/dealtech.eu\/wp-content\/uploads\/2024\/05\/PSBB_direct_front-700x500.png\" height=\"500\" width=\"700\" alt=\"\" class=\"slider-1179 slide-1189 msDefaultImage\" title=\"PSBB_direct_front\" \/><\/li>\n            <\/ul>\n        <\/div>\n        \n    <\/div>\n<\/div>\n<\/div>\n\n\n\n<div class=\"wp-block-column is-layout-flow wp-block-column-is-layout-flow\" style=\"flex-basis:33.33%\">\n<p class=\"has-vivid-cyan-blue-color has-text-color has-link-color wp-elements-b74e992ff05d26a599cb2e97b6948323\"><strong>SISTEMI DI PRODUZIONE FLESSIBILI<\/strong><\/p>\n\n\n\n<h2 class=\"wp-block-heading has-x-large-font-size\">Un sistema di produzione flessibile<\/h2>\n\n\n\n<p>La linea PSBB di Prima Power trasforma automaticamente le lamiere grezze in componenti gi\u00e0 piegati e di alta qualit\u00e0. SBB \u00e8 l\u2019acronimo di&nbsp;<strong>Punching + Shearing + Buffering + Bending,&nbsp;<\/strong>ovvero punzonatura, cesoiatura, buffering e piegatura<strong>.<\/strong><\/p>\n<\/div>\n<\/div>\n\n\n\n<div style=\"height:38px\" aria-hidden=\"true\" class=\"wp-block-spacer\"><\/div>\n\n\n\n<div class=\"wp-block-columns is-layout-flex wp-container-core-columns-is-layout-9d6595d7 wp-block-columns-is-layout-flex\">\n<div class=\"wp-block-column is-layout-flow wp-block-column-is-layout-flow\">\n<h2 class=\"wp-block-heading has-medium-font-size\"><img loading=\"lazy\" decoding=\"async\" width=\"30\" height=\"30\" class=\"wp-image-559\" style=\"width: 30px;\" src=\"https:\/\/dealtech.eu\/wp-content\/uploads\/2024\/04\/pngegg2.png\" alt=\"\" srcset=\"https:\/\/dealtech.eu\/wp-content\/uploads\/2024\/04\/pngegg2.png 512w, https:\/\/dealtech.eu\/wp-content\/uploads\/2024\/04\/pngegg2-300x300.png 300w, https:\/\/dealtech.eu\/wp-content\/uploads\/2024\/04\/pngegg2-150x150.png 150w, https:\/\/dealtech.eu\/wp-content\/uploads\/2024\/04\/pngegg2-100x100.png 100w\" sizes=\"auto, (max-width: 30px) 100vw, 30px\" \/> MAGGIORE CAPACIT\u00c0<\/h2>\n\n\n\n<p>Meno ore per gli operatori e pi\u00f9 ore per la macchina grazie al funzionamento non presidiato<\/p>\n<\/div>\n\n\n\n<div class=\"wp-block-column is-layout-flow wp-block-column-is-layout-flow\">\n<h2 class=\"wp-block-heading has-medium-font-size\"><img loading=\"lazy\" decoding=\"async\" width=\"30\" height=\"30\" class=\"wp-image-559\" style=\"width: 30px;\" src=\"https:\/\/dealtech.eu\/wp-content\/uploads\/2024\/04\/pngegg2.png\" alt=\"\" srcset=\"https:\/\/dealtech.eu\/wp-content\/uploads\/2024\/04\/pngegg2.png 512w, https:\/\/dealtech.eu\/wp-content\/uploads\/2024\/04\/pngegg2-300x300.png 300w, https:\/\/dealtech.eu\/wp-content\/uploads\/2024\/04\/pngegg2-150x150.png 150w, https:\/\/dealtech.eu\/wp-content\/uploads\/2024\/04\/pngegg2-100x100.png 100w\" sizes=\"auto, (max-width: 30px) 100vw, 30px\" \/> <strong>&nbsp;<\/strong>PRODUZIONE PI\u00d9 RAPIDA<\/h2>\n\n\n\n<p>Massima produttivit\u00e0 e minori tempi per il cambio prodotto&nbsp;<\/p>\n<\/div>\n<\/div>\n\n\n\n<div class=\"wp-block-columns is-layout-flex wp-container-core-columns-is-layout-9d6595d7 wp-block-columns-is-layout-flex\">\n<div class=\"wp-block-column is-layout-flow wp-block-column-is-layout-flow\">\n<h2 class=\"wp-block-heading has-medium-font-size\"><img loading=\"lazy\" decoding=\"async\" width=\"30\" height=\"30\" class=\"wp-image-559\" style=\"width: 30px;\" src=\"https:\/\/dealtech.eu\/wp-content\/uploads\/2024\/04\/pngegg2.png\" alt=\"\" srcset=\"https:\/\/dealtech.eu\/wp-content\/uploads\/2024\/04\/pngegg2.png 512w, https:\/\/dealtech.eu\/wp-content\/uploads\/2024\/04\/pngegg2-300x300.png 300w, https:\/\/dealtech.eu\/wp-content\/uploads\/2024\/04\/pngegg2-150x150.png 150w, https:\/\/dealtech.eu\/wp-content\/uploads\/2024\/04\/pngegg2-100x100.png 100w\" sizes=\"auto, (max-width: 30px) 100vw, 30px\" \/> <strong>&nbsp;<\/strong>ZERO TEMPI DI CONFIGURAZIONE<\/h2>\n\n\n\n<p>Tempo di configurazione praticamente inesistente, grazie al cambio di materiale veloce e automatico<\/p>\n<\/div>\n\n\n\n<div class=\"wp-block-column is-layout-flow wp-block-column-is-layout-flow\">\n<h2 class=\"wp-block-heading has-medium-font-size\"><img loading=\"lazy\" decoding=\"async\" width=\"30\" height=\"30\" class=\"wp-image-559\" style=\"width: 30px;\" src=\"https:\/\/dealtech.eu\/wp-content\/uploads\/2024\/04\/pngegg2.png\" alt=\"\" srcset=\"https:\/\/dealtech.eu\/wp-content\/uploads\/2024\/04\/pngegg2.png 512w, https:\/\/dealtech.eu\/wp-content\/uploads\/2024\/04\/pngegg2-300x300.png 300w, https:\/\/dealtech.eu\/wp-content\/uploads\/2024\/04\/pngegg2-150x150.png 150w, https:\/\/dealtech.eu\/wp-content\/uploads\/2024\/04\/pngegg2-100x100.png 100w\" sizes=\"auto, (max-width: 30px) 100vw, 30px\" \/> TRASPARENZA<\/h2>\n\n\n\n<p>Flusso di informazioni automatico dalla programmazione al reporting di produzione<\/p>\n<\/div>\n<\/div>\n\n\n\n<div style=\"height:38px\" aria-hidden=\"true\" class=\"wp-block-spacer\"><\/div>\n\n\n\n<details class=\"wp-block-details is-layout-flow wp-block-details-is-layout-flow\" open><summary><font size=\"28px\"><b>Caratteristiche<\/b><\/font><\/summary>\n<h3 class=\"wp-block-heading has-vivid-cyan-blue-color has-text-color has-link-color wp-elements-abd39ed5c23d1f5768d1d814015c2ae3\">Panoramica<\/h3>\n\n\n\n<p>Il flusso del materiale pu\u00f2 essere organizzato con la massima flessibilit\u00e0: per il trasferimento dei pezzi direttamente alla piegatura automatica, per il bilanciamento delle diverse esigenze di tempo di piegatura e punzonatura\/cesoiatura, per l\u2019uscita dal sistema e per l\u2019introduzione di nuovo materiale al suo interno. La funzione di buffering flessibile e versatile assicura di scegliere sempre un funzionamento ottimale in termini di costi e tempi di produzione, indipendentemente dall&#8217;attivit\u00e0 in corso. Il buffering flessibile garantisce il funzionamento ottimale delle macchine integrate.<\/p>\n\n\n\n<p>La produttivit\u00e0 offerta da questo concetto deriva dall&#8217;integrazione di:<\/p>\n\n\n\n<ul class=\"wp-block-list\">\n<li>Punzonatura servoelettrica versatile<\/li>\n\n\n\n<li>Cesoiatura servoelettrica integrata<\/li>\n\n\n\n<li>Piegatura servoelettrica<\/li>\n\n\n\n<li>Flusso di materiali automatico e flessibile e<\/li>\n\n\n\n<li>Software sofisticato<\/li>\n<\/ul>\n\n\n\n<h3 class=\"wp-block-heading has-vivid-cyan-blue-color has-text-color has-link-color wp-elements-2c1c95626abd37bbe18130060d3adcbd\">Features<\/h3>\n\n\n\n<ul class=\"wp-block-list\">\n<li>Flusso di informazioni automatico dalla programmazione al reporting di produzione<\/li>\n\n\n\n<li>Un sistema di produzione integrato, che riduce l&#8217;intero processo di fabbricazione in un\u2019unica fase<\/li>\n\n\n\n<li>Fasi di produzione automatiche<\/li>\n\n\n\n<li>Movimentazione automatica del materiale, compreso buffering intelligente<\/li>\n\n\n\n<li>Tempo di produzione minimo e tempo di produzione massimo<\/li>\n\n\n\n<li>Flusso di valore ottimale dalla materia prima ai componenti gi\u00e0 pronti.<\/li>\n<\/ul>\n\n\n\n<p>PRODUZIONE FLESSIBILE:<\/p>\n\n\n\n<ul class=\"wp-block-list\">\n<li>Flusso di materiale diretto da una cella di punzonatura e tranciatura alla cella di piegatura<\/li>\n\n\n\n<li>Impilamento simultaneo e recupero di componenti da tavole\/carrelli alla cella di piegatura<\/li>\n\n\n\n<li>Utilizzo dell&#8217;intera area di impilamento in modalit\u00e0 operativa non presidiata<\/li>\n<\/ul>\n<\/details>\n\n\n\n<div style=\"height:38px\" aria-hidden=\"true\" class=\"wp-block-spacer\"><\/div>\n\n\n\n<figure class=\"wp-block-embed aligncenter is-type-video is-provider-youtube wp-block-embed-youtube wp-embed-aspect-16-9 wp-has-aspect-ratio\"><div class=\"wp-block-embed__wrapper\">\n<iframe loading=\"lazy\" title=\"Prima Power PSBB - Flexible Sheet Metal Manufacturing System: Punching, Shearing, Buffering, Bending\" width=\"640\" height=\"360\" src=\"https:\/\/www.youtube.com\/embed\/dkrqqdFokqI?feature=oembed\" frameborder=\"0\" allow=\"accelerometer; autoplay; clipboard-write; encrypted-media; gyroscope; picture-in-picture; web-share\" referrerpolicy=\"strict-origin-when-cross-origin\" allowfullscreen><\/iframe>\n<\/div><\/figure>\n\n\n\n<div style=\"height:38px\" aria-hidden=\"true\" class=\"wp-block-spacer\"><\/div>\n\n\n\n<h2 class=\"wp-block-heading\">Maggiori informazioni? Compila il form!<\/h2>\n\n\n\n<div class=\"wpcf7 no-js\" id=\"wpcf7-f1438-o1\" lang=\"en-US\" dir=\"ltr\" data-wpcf7-id=\"1438\">\n<div class=\"screen-reader-response\"><p role=\"status\" aria-live=\"polite\" aria-atomic=\"true\"><\/p> <ul><\/ul><\/div>\n<form action=\"\/en\/wp-json\/wp\/v2\/pages\/1178#wpcf7-f1438-o1\" method=\"post\" class=\"wpcf7-form init\" aria-label=\"Contact form\" novalidate=\"novalidate\" data-status=\"init\">\n<fieldset class=\"hidden-fields-container\"><input type=\"hidden\" name=\"_wpcf7\" value=\"1438\" \/><input type=\"hidden\" name=\"_wpcf7_version\" value=\"6.1.5\" \/><input type=\"hidden\" name=\"_wpcf7_locale\" value=\"en_US\" \/><input type=\"hidden\" name=\"_wpcf7_unit_tag\" value=\"wpcf7-f1438-o1\" \/><input type=\"hidden\" name=\"_wpcf7_container_post\" value=\"0\" \/><input type=\"hidden\" name=\"_wpcf7_posted_data_hash\" value=\"\" \/><input type=\"hidden\" name=\"_wpcf7dtx_version\" value=\"5.0.4\" \/><input type=\"hidden\" name=\"lang\" value=\"en\" \/><input type=\"hidden\" name=\"_wpcf7_recaptcha_response\" value=\"\" \/>\n<\/fieldset>\n<p><label> Name<br \/>\n<span class=\"wpcf7-form-control-wrap\" data-name=\"your-name\"><input size=\"40\" maxlength=\"400\" class=\"wpcf7-form-control wpcf7-text wpcf7-validates-as-required\" autocomplete=\"name\" aria-required=\"true\" aria-invalid=\"false\" value=\"\" type=\"text\" name=\"your-name\" \/><\/span> <\/label>\n<\/p>\n<p><label> Email<br \/>\n<span class=\"wpcf7-form-control-wrap\" data-name=\"your-email\"><input size=\"40\" maxlength=\"400\" class=\"wpcf7-form-control wpcf7-email wpcf7-validates-as-required wpcf7-text wpcf7-validates-as-email\" autocomplete=\"email\" aria-required=\"true\" aria-invalid=\"false\" value=\"\" type=\"email\" name=\"your-email\" \/><\/span> <\/label>\n<\/p>\n<p><label> Subject<br \/>\n<span class=\"wpcf7-form-control-wrap\" data-name=\"your-subject\"><input size=\"40\" maxlength=\"400\" class=\"wpcf7-form-control wpcf7-text wpcf7-validates-as-required\" aria-required=\"true\" aria-invalid=\"false\" value=\"\" type=\"text\" name=\"your-subject\" \/><\/span> <\/label>\n<\/p>\n<p><label class=\"wpcf7-form-control wpcf7-label wpcf7dtx wpcf7dtx-label\">PSBB<\/label>\n<\/p>\n<p><span id=\"wpcf7-69fb22984524b-wrapper\" class=\"wpcf7-form-control-wrap your-prod-message-wrap\" style=\"display:none !important; visibility:hidden !important;\"><input type=\"hidden\" name=\"your-prod-message-time-start\" value=\"1778066072\"><input type=\"hidden\" name=\"your-prod-message-time-check\" value=\"4\"><label for=\"wpcf7-69fb22984524b-field\" class=\"hp-message\">Please leave this field empty.<\/label><input id=\"wpcf7-69fb22984524b-field\"  class=\"wpcf7-form-control wpcf7-text\" type=\"text\" name=\"your-prod-message\" value=\"\" size=\"40\" tabindex=\"-1\" autocomplete=\"new-password\" \/><\/span>\n<\/p>\n<p><label> Messagge (optional)<br \/>\n<span class=\"wpcf7-form-control-wrap\" data-name=\"your-prod-message\"><textarea cols=\"40\" rows=\"10\" maxlength=\"2000\" class=\"wpcf7-form-control wpcf7-textarea\" aria-invalid=\"false\" name=\"your-prod-message\"><\/textarea><\/span> <\/label>\n<\/p>\n<p><input class=\"wpcf7-form-control wpcf7-submit has-spinner\" type=\"submit\" value=\"Send\" \/>\n<\/p><div class=\"wpcf7-response-output\" aria-hidden=\"true\"><\/div>\n<\/form>\n<\/div>\n\n","protected":false},"excerpt":{"rendered":"<p>SISTEMI DI PRODUZIONE FLESSIBILI Un sistema di produzione flessibile La linea PSBB di Prima Power trasforma automaticamente le lamiere grezze in componenti gi\u00e0 piegati e di alta qualit\u00e0. SBB \u00e8<\/p>\n","protected":false},"author":10,"featured_media":1183,"parent":0,"menu_order":0,"comment_status":"closed","ping_status":"closed","template":"","meta":{"_seopress_robots_primary_cat":"","_seopress_titles_title":"","_seopress_titles_desc":"","_seopress_robots_index":"","footnotes":""},"categories":[150],"tags":[],"class_list":{"0":"post-1178","1":"page","2":"type-page","3":"status-publish","5":"hentry","6":"category-prima-power-system"},"_links":{"self":[{"href":"https:\/\/dealtech.eu\/en\/wp-json\/wp\/v2\/pages\/1178","targetHints":{"allow":["GET"]}}],"collection":[{"href":"https:\/\/dealtech.eu\/en\/wp-json\/wp\/v2\/pages"}],"about":[{"href":"https:\/\/dealtech.eu\/en\/wp-json\/wp\/v2\/types\/page"}],"author":[{"embeddable":true,"href":"https:\/\/dealtech.eu\/en\/wp-json\/wp\/v2\/users\/10"}],"replies":[{"embeddable":true,"href":"https:\/\/dealtech.eu\/en\/wp-json\/wp\/v2\/comments?post=1178"}],"version-history":[{"count":2,"href":"https:\/\/dealtech.eu\/en\/wp-json\/wp\/v2\/pages\/1178\/revisions"}],"predecessor-version":[{"id":1464,"href":"https:\/\/dealtech.eu\/en\/wp-json\/wp\/v2\/pages\/1178\/revisions\/1464"}],"wp:featuredmedia":[{"embeddable":true,"href":"https:\/\/dealtech.eu\/en\/wp-json\/wp\/v2\/media\/1183"}],"wp:attachment":[{"href":"https:\/\/dealtech.eu\/en\/wp-json\/wp\/v2\/media?parent=1178"}],"wp:term":[{"taxonomy":"category","embeddable":true,"href":"https:\/\/dealtech.eu\/en\/wp-json\/wp\/v2\/categories?post=1178"},{"taxonomy":"post_tag","embeddable":true,"href":"https:\/\/dealtech.eu\/en\/wp-json\/wp\/v2\/tags?post=1178"}],"curies":[{"name":"wp","href":"https:\/\/api.w.org\/{rel}","templated":true}]}}