
{"id":1222,"date":"2024-05-20T22:20:03","date_gmt":"2024-05-20T20:20:03","guid":{"rendered":"https:\/\/dealtech.eu\/it\/?page_id=1222"},"modified":"2024-07-13T15:55:41","modified_gmt":"2024-07-13T13:55:41","slug":"sistemi","status":"publish","type":"page","link":"https:\/\/dealtech.eu\/en\/sistemi\/","title":{"rendered":"SISTEMI"},"content":{"rendered":"\n<h2 class=\"wp-block-heading has-text-align-center has-vivid-cyan-blue-color has-text-color has-link-color has-large-font-size wp-elements-9c7c373ef61cb9c41078034bb4bbab98\">TUTTI I PRODOTTI PRIMA POWER: Sistemi<\/h2>\n\n\n\n<div style=\"height:37px\" aria-hidden=\"true\" class=\"wp-block-spacer\"><\/div>\n\n\n\n<p>Una gamma completa e modulare di soluzioni per la gestione delle fasi di lavoro, del flusso di informazioni e della movimentazione dei materiali. Produttivit\u00e0 unica basata sull&#8217;esperienza ineguagliabile di Prima Power.<\/p>\n\n\n\n<div style=\"height:37px\" aria-hidden=\"true\" class=\"wp-block-spacer\"><\/div>\n\n\n\n<h2 class=\"wp-block-heading\"><strong>Scopri come la tecnologia combinata di punzonatura, cesoiatura e taglio laser di Prima Power pu\u00f2 ottimizzare la tua produzione<\/strong><\/h2>\n\n\n\n<div style=\"height:37px\" aria-hidden=\"true\" class=\"wp-block-spacer\"><\/div>\n\n\n\n<h2 class=\"wp-block-heading has-vivid-cyan-blue-color has-text-color has-link-color wp-elements-0aeb7ca72af3eff7f4c913b5dc9b72ea\">Flexible Manufacturing Systems<\/h2>\n\n\n\n<div style=\"height:37px\" aria-hidden=\"true\" class=\"wp-block-spacer\"><\/div>\n\n\n\n<h3 class=\"wp-block-heading has-luminous-vivid-amber-color has-text-color has-link-color wp-elements-6678f8a88e13bee2d7f1a2fab6e4d161\"><strong>Scopri in che modo i sistemi di produzione flessibili di Prima Power possono aiutarti a ottimizzare la tua produzione<\/strong><\/h3>\n\n\n\n<p>La tecnologia&nbsp;<strong>Flexible Manufacturing System<\/strong>&nbsp;di Prima Power automatizza i sistemi materiali e informativi di uno stabilimento e combina le singole fasi di produzione in un unico processo flessibile. Con la tecnologia&nbsp;<strong>Flexible Manufacturing System<\/strong>&nbsp;di Prima Power, il cliente ottiene una maggiore efficienza di costo sia nella produzione in serie che in quella in piccoli lotti.<\/p>\n\n\n\n<p>Due aspetti che molto spesso dettano le strategie di produzione dei componenti di oggi sono l&#8217;economia di produzione e la necessit\u00e0 di agilit\u00e0, la capacit\u00e0 di far fronte ai cambiamenti nelle dimensioni dei lotti, nei materiali e nei tempi di produzione previsti. La soluzione tecnologica sono i nostri Flexible Manufacturing Systems.<\/p>\n\n\n\n<p>Cos&#8217;\u00e8:<\/p>\n\n\n\n<ul class=\"wp-block-list\">\n<li>Un sistema di produzione flessibile<\/li>\n\n\n\n<li>automatizza il flusso di informazioni dalla gestione della produzione attraverso la programmazione e fino al reporting della produzione<\/li>\n\n\n\n<li>fornisce un sistema di produzione integrato, che riduce l&#8217;intero processo di fabbricazione in un\u2019unica fase<\/li>\n\n\n\n<li>automatizza completamente le fasi di produzione<\/li>\n\n\n\n<li>automatizza completamente la movimentazione dei materiali, compreso il buffering intelligente<\/li>\n\n\n\n<li>implementa automaticamente le fasi di produzione come previsto<\/li>\n<\/ul>\n\n\n\n<div style=\"height:37px\" aria-hidden=\"true\" class=\"wp-block-spacer\"><\/div>\n\n\n\n<h2 class=\"wp-block-heading has-vivid-cyan-blue-color has-text-color has-link-color wp-elements-a4c5502dad37c5bc7192801365bcd1dc\">Magazzini automatici<\/h2>\n\n\n\n<div style=\"height:37px\" aria-hidden=\"true\" class=\"wp-block-spacer\"><\/div>\n\n\n\n<h3 class=\"wp-block-heading has-luminous-vivid-amber-color has-text-color has-link-color wp-elements-5c81e6de04d19800a91fd61a1f910a64\"><strong>La soluzione ottimale per ogni applicazione e sistemi di ogni dimensione.<\/strong><\/h3>\n\n\n\n<p>Soluzioni di immagazzinamento flessibili per automatizzare il flusso di materiale, rendendo disponibili i diversi materiali quando necessario in modo automatico e senza ritardi, servendo anche come magazzino intermedio per i componenti pronti e come buffer. Dalle soluzioni a torre singola ai magazzini completamente automatizzati, Prima Power offre la soluzione ideale per ogni applicazione e per impianti di ogni dimensione.<\/p>\n\n\n\n<h3 class=\"wp-block-heading has-luminous-vivid-amber-color has-text-color has-link-color wp-elements-1b4dab3316939d0296bf7d814ee177f2\"><a href=\"https:\/\/www.gasparini.com\/products\/x-press-easy\/\"><\/a><\/h3>\n\n\n\n<div style=\"height:37px\" aria-hidden=\"true\" class=\"wp-block-spacer\"><\/div>\n\n\n\n<div class=\"wp-block-columns is-layout-flex wp-container-core-columns-is-layout-9d6595d7 wp-block-columns-is-layout-flex\">\n<div class=\"wp-block-column is-layout-flow wp-block-column-is-layout-flow\">\n<h2 class=\"wp-block-heading has-text-align-center\" style=\"font-size:25px\">LBB<\/h2>\n\n\n\n<div style=\"height:10px\" aria-hidden=\"true\" class=\"wp-block-spacer\"><\/div>\n\n\n<div class=\"wp-block-image\">\n<figure class=\"aligncenter size-medium is-resized\"><a href=\"https:\/\/dealtech.eu\/wp-content\/uploads\/2024\/05\/Background-1.png\"><img loading=\"lazy\" decoding=\"async\" width=\"300\" height=\"81\" src=\"https:\/\/dealtech.eu\/wp-content\/uploads\/2024\/05\/Background-1-300x81.png\" alt=\"\" class=\"wp-image-1162\" style=\"width:326px;height:auto\" srcset=\"https:\/\/dealtech.eu\/wp-content\/uploads\/2024\/05\/Background-1-300x81.png 300w, https:\/\/dealtech.eu\/wp-content\/uploads\/2024\/05\/Background-1-1024x276.png 1024w, https:\/\/dealtech.eu\/wp-content\/uploads\/2024\/05\/Background-1-768x207.png 768w, https:\/\/dealtech.eu\/wp-content\/uploads\/2024\/05\/Background-1-1536x414.png 1536w, https:\/\/dealtech.eu\/wp-content\/uploads\/2024\/05\/Background-1-600x162.png 600w, https:\/\/dealtech.eu\/wp-content\/uploads\/2024\/05\/Background-1.png 2048w\" sizes=\"auto, (max-width: 300px) 100vw, 300px\" \/><\/a><\/figure>\n<\/div>\n\n\n<div style=\"height:10px\" aria-hidden=\"true\" class=\"wp-block-spacer\"><\/div>\n\n\n\n<div class=\"wp-block-buttons is-content-justification-center is-layout-flex wp-container-core-buttons-is-layout-16018d1d wp-block-buttons-is-layout-flex\">\n<div class=\"wp-block-button\"><a class=\"wp-block-button__link has-white-color has-vivid-cyan-blue-background-color has-text-color has-background has-link-color has-text-align-center wp-element-button\" href=\"https:\/\/dealtech.eu\/it\/lbb\/\" style=\"border-radius:12px\"><strong>MORE<\/strong><\/a><\/div>\n<\/div>\n<\/div>\n\n\n\n<div class=\"wp-block-column is-layout-flow wp-block-column-is-layout-flow\">\n<h2 class=\"wp-block-heading has-text-align-center\" style=\"font-size:25px\">PSBB<\/h2>\n\n\n<div class=\"wp-block-image\">\n<figure class=\"aligncenter size-medium is-resized\"><a href=\"https:\/\/dealtech.eu\/wp-content\/uploads\/2024\/05\/PSBB-with-FL-Storage.jpg\"><img loading=\"lazy\" decoding=\"async\" width=\"300\" height=\"225\" src=\"https:\/\/dealtech.eu\/wp-content\/uploads\/2024\/05\/PSBB-with-FL-Storage-300x225.jpg\" alt=\"\" class=\"wp-image-1180\" style=\"aspect-ratio:3\/2;object-fit:cover;width:236px;height:auto\" srcset=\"https:\/\/dealtech.eu\/wp-content\/uploads\/2024\/05\/PSBB-with-FL-Storage-300x225.jpg 300w, https:\/\/dealtech.eu\/wp-content\/uploads\/2024\/05\/PSBB-with-FL-Storage-1024x768.jpg 1024w, https:\/\/dealtech.eu\/wp-content\/uploads\/2024\/05\/PSBB-with-FL-Storage-768x576.jpg 768w, https:\/\/dealtech.eu\/wp-content\/uploads\/2024\/05\/PSBB-with-FL-Storage-1536x1151.jpg 1536w, https:\/\/dealtech.eu\/wp-content\/uploads\/2024\/05\/PSBB-with-FL-Storage-800x600.jpg 800w, https:\/\/dealtech.eu\/wp-content\/uploads\/2024\/05\/PSBB-with-FL-Storage-600x450.jpg 600w, https:\/\/dealtech.eu\/wp-content\/uploads\/2024\/05\/PSBB-with-FL-Storage.jpg 2001w\" sizes=\"auto, (max-width: 300px) 100vw, 300px\" \/><\/a><\/figure>\n<\/div>\n\n\n<div class=\"wp-block-buttons is-content-justification-center is-layout-flex wp-container-core-buttons-is-layout-16018d1d wp-block-buttons-is-layout-flex\">\n<div class=\"wp-block-button\"><a class=\"wp-block-button__link has-white-color has-vivid-cyan-blue-background-color has-text-color has-background has-link-color has-text-align-center wp-element-button\" href=\"https:\/\/dealtech.eu\/it\/psbb\/\" style=\"border-radius:12px\"><strong>MORE<\/strong><\/a><\/div>\n<\/div>\n<\/div>\n<\/div>\n\n\n\n<div style=\"height:37px\" aria-hidden=\"true\" class=\"wp-block-spacer\"><\/div>\n\n\n\n<div class=\"wp-block-columns is-layout-flex wp-container-core-columns-is-layout-9d6595d7 wp-block-columns-is-layout-flex\">\n<div class=\"wp-block-column is-layout-flow wp-block-column-is-layout-flow\">\n<h2 class=\"wp-block-heading has-text-align-center\" style=\"font-size:25px\">LPBB<\/h2>\n\n\n<div class=\"wp-block-image\">\n<figure class=\"aligncenter size-medium is-resized\"><a href=\"https:\/\/dealtech.eu\/wp-content\/uploads\/2024\/05\/LPBB_lasercutting_punching_buffering_bending_right.png\"><img loading=\"lazy\" decoding=\"async\" width=\"300\" height=\"200\" src=\"https:\/\/dealtech.eu\/wp-content\/uploads\/2024\/05\/LPBB_lasercutting_punching_buffering_bending_right-300x200.png\" alt=\"\" class=\"wp-image-1170\" style=\"width:311px;height:auto\" srcset=\"https:\/\/dealtech.eu\/wp-content\/uploads\/2024\/05\/LPBB_lasercutting_punching_buffering_bending_right-300x200.png 300w, https:\/\/dealtech.eu\/wp-content\/uploads\/2024\/05\/LPBB_lasercutting_punching_buffering_bending_right-1024x683.png 1024w, https:\/\/dealtech.eu\/wp-content\/uploads\/2024\/05\/LPBB_lasercutting_punching_buffering_bending_right-768x512.png 768w, https:\/\/dealtech.eu\/wp-content\/uploads\/2024\/05\/LPBB_lasercutting_punching_buffering_bending_right-1536x1024.png 1536w, https:\/\/dealtech.eu\/wp-content\/uploads\/2024\/05\/LPBB_lasercutting_punching_buffering_bending_right-600x400.png 600w, https:\/\/dealtech.eu\/wp-content\/uploads\/2024\/05\/LPBB_lasercutting_punching_buffering_bending_right.png 2048w\" sizes=\"auto, (max-width: 300px) 100vw, 300px\" \/><\/a><\/figure>\n<\/div>\n\n\n<div class=\"wp-block-buttons is-content-justification-center is-layout-flex wp-container-core-buttons-is-layout-16018d1d wp-block-buttons-is-layout-flex\">\n<div class=\"wp-block-button\"><a class=\"wp-block-button__link has-white-color has-vivid-cyan-blue-background-color has-text-color has-background has-link-color has-text-align-center wp-element-button\" href=\"http:\/\/lpbb\" style=\"border-radius:12px\"><strong>MORE<\/strong><\/a><\/div>\n<\/div>\n<\/div>\n\n\n\n<div class=\"wp-block-column is-layout-flow wp-block-column-is-layout-flow\">\n<h2 class=\"wp-block-heading has-text-align-center\" style=\"font-size:25px\">Night Train FMS<\/h2>\n\n\n<div class=\"wp-block-image\">\n<figure class=\"aligncenter size-medium is-resized\"><a href=\"https:\/\/dealtech.eu\/wp-content\/uploads\/2024\/05\/MAIN_NightTrain_0.png\"><img loading=\"lazy\" decoding=\"async\" width=\"300\" height=\"225\" src=\"https:\/\/dealtech.eu\/wp-content\/uploads\/2024\/05\/MAIN_NightTrain_0-300x225.png\" alt=\"\" class=\"wp-image-1196\" style=\"width:274px;height:auto\" srcset=\"https:\/\/dealtech.eu\/wp-content\/uploads\/2024\/05\/MAIN_NightTrain_0-300x225.png 300w, https:\/\/dealtech.eu\/wp-content\/uploads\/2024\/05\/MAIN_NightTrain_0-1024x768.png 1024w, https:\/\/dealtech.eu\/wp-content\/uploads\/2024\/05\/MAIN_NightTrain_0-768x576.png 768w, https:\/\/dealtech.eu\/wp-content\/uploads\/2024\/05\/MAIN_NightTrain_0-1536x1152.png 1536w, https:\/\/dealtech.eu\/wp-content\/uploads\/2024\/05\/MAIN_NightTrain_0-800x600.png 800w, https:\/\/dealtech.eu\/wp-content\/uploads\/2024\/05\/MAIN_NightTrain_0-600x450.png 600w, https:\/\/dealtech.eu\/wp-content\/uploads\/2024\/05\/MAIN_NightTrain_0.png 2000w\" sizes=\"auto, (max-width: 300px) 100vw, 300px\" \/><\/a><\/figure>\n<\/div>\n\n\n<div class=\"wp-block-buttons is-content-justification-center is-layout-flex wp-container-core-buttons-is-layout-16018d1d wp-block-buttons-is-layout-flex\">\n<div class=\"wp-block-button\"><a class=\"wp-block-button__link has-white-color has-vivid-cyan-blue-background-color has-text-color has-background has-link-color has-text-align-center wp-element-button\" href=\"https:\/\/dealtech.eu\/it\/night-train-fms\/\" style=\"border-radius:12px\"><strong>MORE<\/strong><\/a><\/div>\n<\/div>\n<\/div>\n<\/div>\n\n\n\n<div style=\"height:37px\" aria-hidden=\"true\" class=\"wp-block-spacer\"><\/div>\n\n\n\n<div style=\"height:37px\" aria-hidden=\"true\" class=\"wp-block-spacer\"><\/div>\n\n\n\n<div class=\"wp-block-columns is-layout-flex wp-container-core-columns-is-layout-9d6595d7 wp-block-columns-is-layout-flex\">\n<div class=\"wp-block-column is-layout-flow wp-block-column-is-layout-flow\">\n<h2 class=\"wp-block-heading has-text-align-center\" style=\"font-size:25px\">Fast Loading Storage<\/h2>\n\n\n<div class=\"wp-block-image\">\n<figure class=\"aligncenter size-medium is-resized\"><a href=\"https:\/\/dealtech.eu\/wp-content\/uploads\/2024\/05\/MAIN_fast_loading_storage.png\"><img loading=\"lazy\" decoding=\"async\" width=\"300\" height=\"225\" src=\"https:\/\/dealtech.eu\/wp-content\/uploads\/2024\/05\/MAIN_fast_loading_storage-300x225.png\" alt=\"\" class=\"wp-image-1206\" style=\"aspect-ratio:3\/2;object-fit:cover;width:311px;height:auto\" srcset=\"https:\/\/dealtech.eu\/wp-content\/uploads\/2024\/05\/MAIN_fast_loading_storage-300x225.png 300w, https:\/\/dealtech.eu\/wp-content\/uploads\/2024\/05\/MAIN_fast_loading_storage-1024x768.png 1024w, https:\/\/dealtech.eu\/wp-content\/uploads\/2024\/05\/MAIN_fast_loading_storage-768x576.png 768w, https:\/\/dealtech.eu\/wp-content\/uploads\/2024\/05\/MAIN_fast_loading_storage-1536x1152.png 1536w, https:\/\/dealtech.eu\/wp-content\/uploads\/2024\/05\/MAIN_fast_loading_storage-800x600.png 800w, https:\/\/dealtech.eu\/wp-content\/uploads\/2024\/05\/MAIN_fast_loading_storage-600x450.png 600w, https:\/\/dealtech.eu\/wp-content\/uploads\/2024\/05\/MAIN_fast_loading_storage.png 2000w\" sizes=\"auto, (max-width: 300px) 100vw, 300px\" \/><\/a><\/figure>\n<\/div>\n\n\n<div style=\"height:10px\" aria-hidden=\"true\" class=\"wp-block-spacer\"><\/div>\n\n\n\n<div class=\"wp-block-buttons is-content-justification-center is-layout-flex wp-container-core-buttons-is-layout-16018d1d wp-block-buttons-is-layout-flex\">\n<div class=\"wp-block-button\"><a class=\"wp-block-button__link has-white-color has-vivid-cyan-blue-background-color has-text-color has-background has-link-color has-text-align-center wp-element-button\" href=\"https:\/\/dealtech.eu\/it\/fast-loading-storage\/\" style=\"border-radius:12px\"><strong>MORE<\/strong><\/a><\/div>\n<\/div>\n<\/div>\n\n\n\n<div class=\"wp-block-column is-layout-flow wp-block-column-is-layout-flow\">\n<h2 class=\"wp-block-heading has-text-align-center\" style=\"font-size:25px\">Combo Tower Laser<\/h2>\n\n\n<div class=\"wp-block-image\">\n<figure class=\"aligncenter size-medium is-resized\"><a href=\"https:\/\/dealtech.eu\/wp-content\/uploads\/2024\/05\/MAIN_combo_tower_laser_0.png\"><img loading=\"lazy\" decoding=\"async\" width=\"300\" height=\"225\" src=\"https:\/\/dealtech.eu\/wp-content\/uploads\/2024\/05\/MAIN_combo_tower_laser_0-300x225.png\" alt=\"\" class=\"wp-image-1219\" style=\"aspect-ratio:4\/3;object-fit:cover;width:274px;height:auto\" srcset=\"https:\/\/dealtech.eu\/wp-content\/uploads\/2024\/05\/MAIN_combo_tower_laser_0-300x225.png 300w, https:\/\/dealtech.eu\/wp-content\/uploads\/2024\/05\/MAIN_combo_tower_laser_0-1024x768.png 1024w, https:\/\/dealtech.eu\/wp-content\/uploads\/2024\/05\/MAIN_combo_tower_laser_0-768x576.png 768w, https:\/\/dealtech.eu\/wp-content\/uploads\/2024\/05\/MAIN_combo_tower_laser_0-1536x1152.png 1536w, https:\/\/dealtech.eu\/wp-content\/uploads\/2024\/05\/MAIN_combo_tower_laser_0-800x600.png 800w, https:\/\/dealtech.eu\/wp-content\/uploads\/2024\/05\/MAIN_combo_tower_laser_0-600x450.png 600w, https:\/\/dealtech.eu\/wp-content\/uploads\/2024\/05\/MAIN_combo_tower_laser_0.png 2000w\" sizes=\"auto, (max-width: 300px) 100vw, 300px\" \/><\/a><\/figure>\n<\/div>\n\n\n<div style=\"height:10px\" aria-hidden=\"true\" class=\"wp-block-spacer\"><\/div>\n\n\n\n<div class=\"wp-block-buttons is-content-justification-center is-layout-flex wp-container-core-buttons-is-layout-16018d1d wp-block-buttons-is-layout-flex\">\n<div class=\"wp-block-button\"><a class=\"wp-block-button__link has-white-color has-vivid-cyan-blue-background-color has-text-color has-background has-link-color has-text-align-center wp-element-button\" href=\"https:\/\/dealtech.eu\/it\/combo-tower-laser\/\" style=\"border-radius:12px\"><strong>MORE<\/strong><\/a><\/div>\n<\/div>\n<\/div>\n<\/div>\n\n\n\n<div style=\"height:100px\" aria-hidden=\"true\" class=\"wp-block-spacer\"><\/div>\n\n\n<div id=\"metaslider-id-1223\" style=\"width: 100%;\" class=\"ml-slider-3-105-0 metaslider metaslider-flex metaslider-1223 ml-slider ms-theme-default nav-hidden\" role=\"region\" aria-label=\"Sistemi\" data-height=\"500\" data-width=\"700\">\n    <div id=\"metaslider_container_1223\">\n        <div id=\"metaslider_1223\">\n            <ul class='slides'>\n                <li style=\"display: block; width: 100%;\" class=\"slide-1234 ms-image \" aria-roledescription=\"slide\" data-date=\"2024-05-02 22:45:28\" data-filename=\"Compact-Grill-3-5020x2704-1-700x500.jpg\" data-slide-type=\"image\"><img loading=\"lazy\" decoding=\"async\" src=\"https:\/\/dealtech.eu\/wp-content\/uploads\/2024\/05\/Compact-Grill-3-5020x2704-1-700x500.jpg\" height=\"500\" width=\"700\" alt=\"\" class=\"slider-1223 slide-1234 msDefaultImage\" title=\"Compact Grill 3 (5020x2704)\" \/><\/li>\n                <li style=\"display: none; width: 100%;\" class=\"slide-1235 ms-image \" aria-roledescription=\"slide\" data-date=\"2024-05-02 22:45:29\" data-filename=\"Black-door-3-700x500.jpg\" data-slide-type=\"image\"><img loading=\"lazy\" decoding=\"async\" src=\"https:\/\/dealtech.eu\/wp-content\/uploads\/2024\/05\/Black-door-3-700x500.jpg\" height=\"500\" width=\"700\" alt=\"\" class=\"slider-1223 slide-1235 msDefaultImage\" title=\"Black door 3\" \/><\/li>\n                <li style=\"display: none; width: 100%;\" class=\"slide-1236 ms-image \" aria-roledescription=\"slide\" data-date=\"2024-05-02 22:45:29\" data-filename=\"Bent-profile-700x500.jpg\" data-slide-type=\"image\"><img loading=\"lazy\" decoding=\"async\" src=\"https:\/\/dealtech.eu\/wp-content\/uploads\/2024\/05\/Bent-profile-700x500.jpg\" height=\"500\" width=\"700\" alt=\"\" class=\"slider-1223 slide-1236 msDefaultImage\" title=\"Bent profile\" \/><\/li>\n                <li style=\"display: none; width: 100%;\" class=\"slide-1237 ms-image \" aria-roledescription=\"slide\" data-date=\"2024-05-02 22:45:29\" data-filename=\"Locker-700x500.png\" data-slide-type=\"image\"><img loading=\"lazy\" decoding=\"async\" src=\"https:\/\/dealtech.eu\/wp-content\/uploads\/2024\/05\/Locker-700x500.png\" height=\"500\" width=\"700\" alt=\"\" class=\"slider-1223 slide-1237 msDefaultImage\" title=\"Locker\" \/><\/li>\n                <li style=\"display: none; width: 100%;\" class=\"slide-1238 ms-image \" aria-roledescription=\"slide\" data-date=\"2024-05-02 22:45:29\" data-filename=\"Heavy-door-2-700x500.jpg\" data-slide-type=\"image\"><img loading=\"lazy\" decoding=\"async\" src=\"https:\/\/dealtech.eu\/wp-content\/uploads\/2024\/05\/Heavy-door-2-700x500.jpg\" height=\"500\" width=\"700\" alt=\"\" class=\"slider-1223 slide-1238 msDefaultImage\" title=\"Heavy door 2\" \/><\/li>\n                <li style=\"display: none; width: 100%;\" class=\"slide-1239 ms-image \" aria-roledescription=\"slide\" data-date=\"2024-05-02 22:45:29\" data-filename=\"Drawer-3813x3082-1-700x500.jpg\" data-slide-type=\"image\"><img loading=\"lazy\" decoding=\"async\" src=\"https:\/\/dealtech.eu\/wp-content\/uploads\/2024\/05\/Drawer-3813x3082-1-700x500.jpg\" height=\"500\" width=\"700\" alt=\"\" class=\"slider-1223 slide-1239 msDefaultImage\" title=\"Drawer (3813x3082)\" \/><\/li>\n                <li style=\"display: none; width: 100%;\" class=\"slide-1240 ms-image \" aria-roledescription=\"slide\" data-date=\"2024-05-02 22:45:30\" data-filename=\"Compact-Grill-5-5020x2704-1-700x500.jpg\" data-slide-type=\"image\"><img loading=\"lazy\" decoding=\"async\" src=\"https:\/\/dealtech.eu\/wp-content\/uploads\/2024\/05\/Compact-Grill-5-5020x2704-1-700x500.jpg\" height=\"500\" width=\"700\" alt=\"\" class=\"slider-1223 slide-1240 msDefaultImage\" title=\"Compact Grill 5 (5020x2704)\" \/><\/li>\n                <li style=\"display: none; width: 100%;\" class=\"slide-1241 ms-image \" aria-roledescription=\"slide\" data-date=\"2024-05-02 22:45:30\" data-filename=\"Tool-wagon-3387x3540-1-700x500.jpg\" data-slide-type=\"image\"><img loading=\"lazy\" decoding=\"async\" src=\"https:\/\/dealtech.eu\/wp-content\/uploads\/2024\/05\/Tool-wagon-3387x3540-1-700x500.jpg\" height=\"500\" width=\"700\" alt=\"\" class=\"slider-1223 slide-1241 msDefaultImage\" title=\"Tool wagon (3387x3540)\" \/><\/li>\n                <li style=\"display: none; width: 100%;\" class=\"slide-1242 ms-image \" aria-roledescription=\"slide\" data-date=\"2024-05-02 22:45:30\" data-filename=\"Pizzaoven_B7A1688-700x500.jpg\" data-slide-type=\"image\"><img loading=\"lazy\" decoding=\"async\" src=\"https:\/\/dealtech.eu\/wp-content\/uploads\/2024\/05\/Pizzaoven_B7A1688-700x500.jpg\" height=\"500\" width=\"700\" alt=\"\" class=\"slider-1223 slide-1242 msDefaultImage\" title=\"Pizzaoven_B7A1688\" \/><\/li>\n                <li style=\"display: none; width: 100%;\" class=\"slide-1243 ms-image \" aria-roledescription=\"slide\" data-date=\"2024-05-02 22:45:30\" data-filename=\"Metal-door-2-700x500.jpg\" data-slide-type=\"image\"><img loading=\"lazy\" decoding=\"async\" src=\"https:\/\/dealtech.eu\/wp-content\/uploads\/2024\/05\/Metal-door-2-700x500.jpg\" height=\"500\" width=\"700\" alt=\"\" class=\"slider-1223 slide-1243 msDefaultImage\" title=\"Metal door 2\" \/><\/li>\n            <\/ul>\n        <\/div>\n        \n    <\/div>\n<\/div>\n\n\n\n<div style=\"height:37px\" aria-hidden=\"true\" class=\"wp-block-spacer\"><\/div>\n\n\n\n<div style=\"height:37px\" aria-hidden=\"true\" class=\"wp-block-spacer\"><\/div>\n\n\n\n<div style=\"height:37px\" aria-hidden=\"true\" class=\"wp-block-spacer\"><\/div>\n","protected":false},"excerpt":{"rendered":"<p>TUTTI I PRODOTTI PRIMA POWER: Sistemi Una gamma completa e modulare di soluzioni per la gestione delle fasi di lavoro, del flusso di informazioni e della movimentazione dei materiali. Produttivit\u00e0<\/p>\n","protected":false},"author":1,"featured_media":0,"parent":0,"menu_order":0,"comment_status":"closed","ping_status":"closed","template":"","meta":{"_seopress_robots_primary_cat":"","_seopress_titles_title":"","_seopress_titles_desc":"","_seopress_robots_index":"","footnotes":""},"categories":[],"tags":[],"class_list":{"1":"page","2":"type-page","3":"status-publish","4":"hentry"},"_links":{"self":[{"href":"https:\/\/dealtech.eu\/en\/wp-json\/wp\/v2\/pages\/1222","targetHints":{"allow":["GET"]}}],"collection":[{"href":"https:\/\/dealtech.eu\/en\/wp-json\/wp\/v2\/pages"}],"about":[{"href":"https:\/\/dealtech.eu\/en\/wp-json\/wp\/v2\/types\/page"}],"author":[{"embeddable":true,"href":"https:\/\/dealtech.eu\/en\/wp-json\/wp\/v2\/users\/1"}],"replies":[{"embeddable":true,"href":"https:\/\/dealtech.eu\/en\/wp-json\/wp\/v2\/comments?post=1222"}],"version-history":[{"count":6,"href":"https:\/\/dealtech.eu\/en\/wp-json\/wp\/v2\/pages\/1222\/revisions"}],"predecessor-version":[{"id":1600,"href":"https:\/\/dealtech.eu\/en\/wp-json\/wp\/v2\/pages\/1222\/revisions\/1600"}],"wp:attachment":[{"href":"https:\/\/dealtech.eu\/en\/wp-json\/wp\/v2\/media?parent=1222"}],"wp:term":[{"taxonomy":"category","embeddable":true,"href":"https:\/\/dealtech.eu\/en\/wp-json\/wp\/v2\/categories?post=1222"},{"taxonomy":"post_tag","embeddable":true,"href":"https:\/\/dealtech.eu\/en\/wp-json\/wp\/v2\/tags?post=1222"}],"curies":[{"name":"wp","href":"https:\/\/api.w.org\/{rel}","templated":true}]}}