
{"id":1476,"date":"2024-07-10T11:04:09","date_gmt":"2024-07-10T09:04:09","guid":{"rendered":"https:\/\/dealtech.eu\/it\/?page_id=1476"},"modified":"2025-08-11T23:33:02","modified_gmt":"2025-08-11T21:33:02","slug":"industria-4-0-2","status":"publish","type":"page","link":"https:\/\/dealtech.eu\/en\/industria-4-0-2\/","title":{"rendered":"Industria 4.0"},"content":{"rendered":"\n<div class=\"wp-block-columns is-layout-flex wp-container-core-columns-is-layout-9d6595d7 wp-block-columns-is-layout-flex\">\n<div class=\"wp-block-column is-layout-flow wp-block-column-is-layout-flow\">\n<h2 class=\"wp-block-heading has-vivid-cyan-blue-color has-text-color has-link-color wp-elements-03425bd0b44096a09e322a7bddd54dac\">Cos&#8217;\u00e8 Industria 4.0?<\/h2>\n\n\n\n<p class=\"has-medium-font-size\">Industria 4.0 \u00e8 il processo di digitalizzazione del settore manifatturiero e punta ad una produzione industriale completamente automatizzata e interconnessa. Si identifica con la quarta rivoluzione industriale (attualmente ancora in atto). Il punto cardine di Industria 4.0 \u00e8 il concetto di&nbsp;<strong>Smart Factory&nbsp;<\/strong>che a sua volta si divide in tre parti:<\/p>\n<\/div>\n\n\n\n<div class=\"wp-block-column is-layout-flow wp-block-column-is-layout-flow\">\n<figure class=\"wp-block-image size-large\"><a href=\"https:\/\/dealtech.eu\/wp-content\/uploads\/2024\/07\/industry-8303482_1280.jpg\"><img loading=\"lazy\" decoding=\"async\" width=\"1024\" height=\"578\" src=\"https:\/\/dealtech.eu\/wp-content\/uploads\/2024\/07\/industry-8303482_1280-1024x578.jpg\" alt=\"\" class=\"wp-image-1477\" srcset=\"https:\/\/dealtech.eu\/wp-content\/uploads\/2024\/07\/industry-8303482_1280-1024x578.jpg 1024w, https:\/\/dealtech.eu\/wp-content\/uploads\/2024\/07\/industry-8303482_1280-300x169.jpg 300w, https:\/\/dealtech.eu\/wp-content\/uploads\/2024\/07\/industry-8303482_1280-768x434.jpg 768w, https:\/\/dealtech.eu\/wp-content\/uploads\/2024\/07\/industry-8303482_1280-600x339.jpg 600w, https:\/\/dealtech.eu\/wp-content\/uploads\/2024\/07\/industry-8303482_1280.jpg 1280w\" sizes=\"auto, (max-width: 1024px) 100vw, 1024px\" \/><\/a><\/figure>\n<\/div>\n<\/div>\n\n\n\n<div style=\"height:78px\" aria-hidden=\"true\" class=\"wp-block-spacer\"><\/div>\n\n\n\n<div class=\"wp-block-columns is-layout-flex wp-container-core-columns-is-layout-9d6595d7 wp-block-columns-is-layout-flex\">\n<div class=\"wp-block-column is-layout-flow wp-block-column-is-layout-flow\"><div class=\"wp-block-image\">\n<figure class=\"aligncenter size-thumbnail\"><a href=\"https:\/\/dealtech.eu\/wp-content\/uploads\/2024\/07\/Progetto-senza-titolo-2024-07-03T162123.298.png\"><img loading=\"lazy\" decoding=\"async\" width=\"150\" height=\"150\" src=\"https:\/\/dealtech.eu\/wp-content\/uploads\/2024\/07\/Progetto-senza-titolo-2024-07-03T162123.298-150x150.png\" alt=\"\" class=\"wp-image-1507\" srcset=\"https:\/\/dealtech.eu\/wp-content\/uploads\/2024\/07\/Progetto-senza-titolo-2024-07-03T162123.298-150x150.png 150w, https:\/\/dealtech.eu\/wp-content\/uploads\/2024\/07\/Progetto-senza-titolo-2024-07-03T162123.298-300x300.png 300w, https:\/\/dealtech.eu\/wp-content\/uploads\/2024\/07\/Progetto-senza-titolo-2024-07-03T162123.298-100x100.png 100w, https:\/\/dealtech.eu\/wp-content\/uploads\/2024\/07\/Progetto-senza-titolo-2024-07-03T162123.298.png 500w\" sizes=\"auto, (max-width: 150px) 100vw, 150px\" \/><\/a><\/figure>\n<\/div>\n\n\n<div style=\"height:29px\" aria-hidden=\"true\" class=\"wp-block-spacer\"><\/div>\n\n\n\n<h2 class=\"wp-block-heading has-text-align-center has-luminous-vivid-amber-color has-text-color has-link-color has-medium-font-size wp-elements-db8988041acca6d273ddc2f726abd204\">SMART PRODUCTION<\/h2>\n\n\n\n<p class=\"has-text-align-center has-medium-font-size\">Nuove tecnologie produttive che creano collaborazione tra operatori, macchine e strumenti.<\/p>\n<\/div>\n\n\n\n<div class=\"wp-block-column is-layout-flow wp-block-column-is-layout-flow\"><div class=\"wp-block-image\">\n<figure class=\"aligncenter size-thumbnail\"><a href=\"https:\/\/dealtech.eu\/wp-content\/uploads\/2024\/07\/Progetto-senza-titolo-2024-07-03T162532.432.png\"><img loading=\"lazy\" decoding=\"async\" width=\"150\" height=\"150\" src=\"https:\/\/dealtech.eu\/wp-content\/uploads\/2024\/07\/Progetto-senza-titolo-2024-07-03T162532.432-150x150.png\" alt=\"\" class=\"wp-image-1509\" srcset=\"https:\/\/dealtech.eu\/wp-content\/uploads\/2024\/07\/Progetto-senza-titolo-2024-07-03T162532.432-150x150.png 150w, https:\/\/dealtech.eu\/wp-content\/uploads\/2024\/07\/Progetto-senza-titolo-2024-07-03T162532.432-300x300.png 300w, https:\/\/dealtech.eu\/wp-content\/uploads\/2024\/07\/Progetto-senza-titolo-2024-07-03T162532.432-100x100.png 100w, https:\/\/dealtech.eu\/wp-content\/uploads\/2024\/07\/Progetto-senza-titolo-2024-07-03T162532.432.png 500w\" sizes=\"auto, (max-width: 150px) 100vw, 150px\" \/><\/a><\/figure>\n<\/div>\n\n\n<div style=\"height:29px\" aria-hidden=\"true\" class=\"wp-block-spacer\"><\/div>\n\n\n\n<h2 class=\"wp-block-heading has-text-align-center has-luminous-vivid-amber-color has-text-color has-link-color has-medium-font-size wp-elements-3b1f4b984185547728ee707f460defaa\">SMART SERVICE<\/h2>\n\n\n\n<p class=\"has-text-align-center has-medium-font-size\">Infrastrutture informatiche e tecniche che integrano sistemi, aziende (fornitore &#8211; cliente) e strutture esterne (strade ecc.).<\/p>\n<\/div>\n\n\n\n<div class=\"wp-block-column is-layout-flow wp-block-column-is-layout-flow\"><div class=\"wp-block-image\">\n<figure class=\"aligncenter size-thumbnail\"><a href=\"https:\/\/dealtech.eu\/wp-content\/uploads\/2024\/07\/Progetto-senza-titolo-2024-07-03T162644.313.png\"><img loading=\"lazy\" decoding=\"async\" width=\"150\" height=\"150\" src=\"https:\/\/dealtech.eu\/wp-content\/uploads\/2024\/07\/Progetto-senza-titolo-2024-07-03T162644.313-150x150.png\" alt=\"\" class=\"wp-image-1510\" srcset=\"https:\/\/dealtech.eu\/wp-content\/uploads\/2024\/07\/Progetto-senza-titolo-2024-07-03T162644.313-150x150.png 150w, https:\/\/dealtech.eu\/wp-content\/uploads\/2024\/07\/Progetto-senza-titolo-2024-07-03T162644.313-300x300.png 300w, https:\/\/dealtech.eu\/wp-content\/uploads\/2024\/07\/Progetto-senza-titolo-2024-07-03T162644.313-100x100.png 100w, https:\/\/dealtech.eu\/wp-content\/uploads\/2024\/07\/Progetto-senza-titolo-2024-07-03T162644.313.png 500w\" sizes=\"auto, (max-width: 150px) 100vw, 150px\" \/><\/a><\/figure>\n<\/div>\n\n\n<div style=\"height:29px\" aria-hidden=\"true\" class=\"wp-block-spacer\"><\/div>\n\n\n\n<h2 class=\"wp-block-heading has-text-align-center has-luminous-vivid-amber-color has-text-color has-link-color has-medium-font-size wp-elements-a87751406cafe4deb1103d8bc8cd93e9\">SMART ENERGY<\/h2>\n\n\n\n<p class=\"has-text-align-center has-medium-font-size\">Nell&#8217;ottica di un industria sostenibile ci si pone l&#8217;obiettivo di ridurre il pi\u00f9 possibile i consumi.<\/p>\n<\/div>\n<\/div>\n\n\n\n<div style=\"height:78px\" aria-hidden=\"true\" class=\"wp-block-spacer\"><\/div>\n\n\n\n<div class=\"wp-block-columns is-layout-flex wp-container-core-columns-is-layout-9d6595d7 wp-block-columns-is-layout-flex\">\n<div class=\"wp-block-column is-layout-flow wp-block-column-is-layout-flow\">\n<figure class=\"wp-block-image size-large\"><a href=\"https:\/\/dealtech.eu\/wp-content\/uploads\/2024\/07\/industry-2630319_1280.jpg\"><img loading=\"lazy\" decoding=\"async\" width=\"1024\" height=\"724\" src=\"https:\/\/dealtech.eu\/wp-content\/uploads\/2024\/07\/industry-2630319_1280-1024x724.jpg\" alt=\"\" class=\"wp-image-1491\" srcset=\"https:\/\/dealtech.eu\/wp-content\/uploads\/2024\/07\/industry-2630319_1280-1024x724.jpg 1024w, https:\/\/dealtech.eu\/wp-content\/uploads\/2024\/07\/industry-2630319_1280-300x212.jpg 300w, https:\/\/dealtech.eu\/wp-content\/uploads\/2024\/07\/industry-2630319_1280-768x543.jpg 768w, https:\/\/dealtech.eu\/wp-content\/uploads\/2024\/07\/industry-2630319_1280-600x424.jpg 600w, https:\/\/dealtech.eu\/wp-content\/uploads\/2024\/07\/industry-2630319_1280.jpg 1280w\" sizes=\"auto, (max-width: 1024px) 100vw, 1024px\" \/><\/a><\/figure>\n<\/div>\n\n\n\n<div class=\"wp-block-column is-layout-flow wp-block-column-is-layout-flow\">\n<h2 class=\"wp-block-heading has-vivid-cyan-blue-color has-text-color has-link-color wp-elements-2f6390743c0818b0bbc4d14f4227b7dc\">Perch\u00e9 passare a Industria 4.0?<\/h2>\n\n\n\n<p class=\"has-medium-font-size\">Industria 4.0 ha come obiettivo quello di <strong>trasformare <\/strong>radicalmente il mondo della produzione integrando <strong>nuove tecnologie<\/strong> come <strong>l&#8217;intelligenza artificiale<\/strong>, <strong>la robotica avanzata<\/strong>, <strong>l&#8217;internet of things<\/strong>, <strong>l&#8217;analisi dei big data <\/strong>e <strong>il cloud computing.&nbsp;<\/strong><br>Il fine non \u00e8 solo quello di cambiare i processi che esistono. Uno degli obiettivi \u00e8 quello di <strong>creare nuove modalit\u00e0 di produzione e business<\/strong> per un futuro industriale <strong>pi\u00f9 sostenibile e sicuro <\/strong>sotto ogni punto di vista. Industria 4.0 offre, quindi, molti vantaggi tra cui:<\/p>\n<\/div>\n<\/div>\n\n\n\n<div style=\"height:78px\" aria-hidden=\"true\" class=\"wp-block-spacer\"><\/div>\n\n\n\n<div class=\"wp-block-columns is-layout-flex wp-container-core-columns-is-layout-9d6595d7 wp-block-columns-is-layout-flex\">\n<div class=\"wp-block-column is-layout-flow wp-block-column-is-layout-flow\"><div class=\"wp-block-image\">\n<figure class=\"aligncenter size-thumbnail\"><a href=\"https:\/\/dealtech.eu\/wp-content\/uploads\/2024\/07\/Progetto-senza-titolo-2024-07-03T161629.895.png\"><img loading=\"lazy\" decoding=\"async\" width=\"150\" height=\"150\" src=\"https:\/\/dealtech.eu\/wp-content\/uploads\/2024\/07\/Progetto-senza-titolo-2024-07-03T161629.895-150x150.png\" alt=\"\" class=\"wp-image-1502\" srcset=\"https:\/\/dealtech.eu\/wp-content\/uploads\/2024\/07\/Progetto-senza-titolo-2024-07-03T161629.895-150x150.png 150w, https:\/\/dealtech.eu\/wp-content\/uploads\/2024\/07\/Progetto-senza-titolo-2024-07-03T161629.895-300x300.png 300w, https:\/\/dealtech.eu\/wp-content\/uploads\/2024\/07\/Progetto-senza-titolo-2024-07-03T161629.895-100x100.png 100w, https:\/\/dealtech.eu\/wp-content\/uploads\/2024\/07\/Progetto-senza-titolo-2024-07-03T161629.895.png 500w\" sizes=\"auto, (max-width: 150px) 100vw, 150px\" \/><\/a><\/figure>\n<\/div>\n\n\n<div style=\"height:29px\" aria-hidden=\"true\" class=\"wp-block-spacer\"><\/div>\n\n\n\n<h2 class=\"wp-block-heading has-text-align-center has-luminous-vivid-amber-color has-text-color has-link-color has-medium-font-size wp-elements-01a11049567f3762b0a1d1130b718bf2\">PIU&#8217; EFFICIENZA, MENO COSTI<\/h2>\n\n\n\n<p class=\"has-text-align-center has-medium-font-size\">Grazie all&#8217;integrazione di nuove tecnologie intelligenti e all&#8217;automazione avanzata \u00e8 possibile aumentare la produttivit\u00e0 minimizzando gli sprechi sia in ambito economico che materiale.&nbsp;<\/p>\n<\/div>\n\n\n\n<div class=\"wp-block-column is-layout-flow wp-block-column-is-layout-flow\"><div class=\"wp-block-image\">\n<figure class=\"aligncenter size-thumbnail\"><a href=\"https:\/\/dealtech.eu\/wp-content\/uploads\/2024\/07\/Progetto-senza-titolo-2024-07-03T161942.543.png\"><img loading=\"lazy\" decoding=\"async\" width=\"150\" height=\"150\" src=\"https:\/\/dealtech.eu\/wp-content\/uploads\/2024\/07\/Progetto-senza-titolo-2024-07-03T161942.543-150x150.png\" alt=\"\" class=\"wp-image-1505\" srcset=\"https:\/\/dealtech.eu\/wp-content\/uploads\/2024\/07\/Progetto-senza-titolo-2024-07-03T161942.543-150x150.png 150w, https:\/\/dealtech.eu\/wp-content\/uploads\/2024\/07\/Progetto-senza-titolo-2024-07-03T161942.543-300x300.png 300w, https:\/\/dealtech.eu\/wp-content\/uploads\/2024\/07\/Progetto-senza-titolo-2024-07-03T161942.543-100x100.png 100w, https:\/\/dealtech.eu\/wp-content\/uploads\/2024\/07\/Progetto-senza-titolo-2024-07-03T161942.543.png 500w\" sizes=\"auto, (max-width: 150px) 100vw, 150px\" \/><\/a><\/figure>\n<\/div>\n\n\n<div style=\"height:29px\" aria-hidden=\"true\" class=\"wp-block-spacer\"><\/div>\n\n\n\n<h2 class=\"wp-block-heading has-text-align-center has-luminous-vivid-amber-color has-text-color has-link-color has-medium-font-size wp-elements-8975a9cc9d8d9e767b7ec03ef8757ab6\">RIDUZIONE DEI GUASTI<\/h2>\n\n\n\n<p class=\"has-text-align-center has-medium-font-size\">Con la manutenzione predittiva si evitano imprevisti e nello stesso tempo ci si assicura di mantenere l&#8217;apparecchiatura perfettamente efficiente prolungando la sua durata.<\/p>\n<\/div>\n\n\n\n<div class=\"wp-block-column is-layout-flow wp-block-column-is-layout-flow\"><div class=\"wp-block-image\">\n<figure class=\"aligncenter size-thumbnail\"><a href=\"https:\/\/dealtech.eu\/wp-content\/uploads\/2024\/07\/Progetto-senza-titolo-2024-07-03T162036.721.png\"><img loading=\"lazy\" decoding=\"async\" width=\"150\" height=\"150\" src=\"https:\/\/dealtech.eu\/wp-content\/uploads\/2024\/07\/Progetto-senza-titolo-2024-07-03T162036.721-150x150.png\" alt=\"\" class=\"wp-image-1506\" srcset=\"https:\/\/dealtech.eu\/wp-content\/uploads\/2024\/07\/Progetto-senza-titolo-2024-07-03T162036.721-150x150.png 150w, https:\/\/dealtech.eu\/wp-content\/uploads\/2024\/07\/Progetto-senza-titolo-2024-07-03T162036.721-300x300.png 300w, https:\/\/dealtech.eu\/wp-content\/uploads\/2024\/07\/Progetto-senza-titolo-2024-07-03T162036.721-100x100.png 100w, https:\/\/dealtech.eu\/wp-content\/uploads\/2024\/07\/Progetto-senza-titolo-2024-07-03T162036.721.png 500w\" sizes=\"auto, (max-width: 150px) 100vw, 150px\" \/><\/a><\/figure>\n<\/div>\n\n\n<div style=\"height:29px\" aria-hidden=\"true\" class=\"wp-block-spacer\"><\/div>\n\n\n\n<h2 class=\"wp-block-heading has-text-align-center has-luminous-vivid-amber-color has-text-color has-link-color has-medium-font-size wp-elements-472553b9e519476cca7a9491ab00c336\">PIU&#8217; FLESSIBILITA&#8217;, PIU&#8217; QUALITA&#8217;<\/h2>\n\n\n\n<p class=\"has-text-align-center has-medium-font-size\">Con la produzione flessibile \u00e8 possibile rispondere alle richieste di mercato proponendo prodotti interamente personalizzati anche per pochi o singoli clienti.<\/p>\n<\/div>\n<\/div>\n\n\n\n<div style=\"height:78px\" aria-hidden=\"true\" class=\"wp-block-spacer\"><\/div>\n\n\n\n<p class=\"has-text-align-center has-vivid-cyan-blue-color has-text-color has-link-color has-large-font-size wp-elements-ae315d69963a005e092d33c87bbe7a6d\"><strong>Prenota un appuntamento.<\/strong><\/p>\n\n\n\n                <iframe\n                    class='easyappointments-iframe'\n                    src='https:\/\/dealtech.eu\/appointment\/?provider=2&amp;service=1'\n                    width='100%'\n                    height='1000px'\n                    style=''\n                >\n                <\/iframe>\n            \n\n\n\n<h2 class=\"wp-block-heading has-vivid-cyan-blue-color has-text-color has-link-color wp-elements-7f4afbd781a98c72ef226b4fc46f42ae\" style=\"font-size:30px\">Domande frequenti:<\/h2>\n\n\n\n<details class=\"wp-block-details has-black-color has-text-color has-link-color wp-elements-a34d36870f7179f2a35db7d37c347e5e is-layout-flow wp-block-details-is-layout-flow\" style=\"font-size:25px\"><summary><strong>Perch\u00e8 scegliere Odoo Gestionale?&nbsp;<\/strong><\/summary>\n<p class=\"has-medium-font-size\">Odoo \u00e8 una suite di applicazioni aziendali  open source che risponde a tutte le esigenze aziendali a partire dalla programmazione della produzione con la creazione del preventivo di vendita fino al post vendita. Ogni singola funzione pu\u00f2 essere personalizzata in base alle esigenze del cliente creando un sistema aziendale completo, intuitivo e continuamente plasmabile in base all&#8217;evoluzione del ciclo di lavoro. Odoo \u00e8 inoltre integrabile con altre applicazioni aziendali.<\/p>\n<\/details>\n\n\n\n<div style=\"height:18px\" aria-hidden=\"true\" class=\"wp-block-spacer\"><\/div>\n\n\n\n<details class=\"wp-block-details has-black-color has-text-color has-link-color wp-elements-4affc7d7acec75abb97755b0d24f33a1 is-layout-flow wp-block-details-is-layout-flow\" style=\"font-size:25px\"><summary><strong>Che cos&#8217;ha Odoo Gestionale di diverso rispetto a tutti gli altri gestionali in commercio?&nbsp;<\/strong><\/summary>\n<p class=\"has-medium-font-size\">Odoo \u00e8 una piattaforma senza limiti, fruibile in tutte le lingue da un numero illimitato di operatori e da qualsiasi dispositivo. Pu\u00f2 interfacciarsi con gli altri sistemi aziendali ed \u00e8 in continuo aggiornamento grazie alla community che ogni giorno crea nuovi sviluppi rendendolo cos\u00ec un sistema dinamico e  in continua evoluzione.<\/p>\n<\/details>\n\n\n\n<div style=\"height:18px\" aria-hidden=\"true\" class=\"wp-block-spacer\"><\/div>\n\n\n\n<details class=\"wp-block-details has-black-color has-text-color has-link-color wp-elements-32ad046ba502e3e889b62f496aea648a is-layout-flow wp-block-details-is-layout-flow\" style=\"font-size:25px\"><summary><strong>Che cos&#8217;ha il nostro Odoo Gestionale di diverso rispetto alla versione base?&nbsp;<\/strong><\/summary>\n<p class=\"has-medium-font-size\">La nostra trentennale esperienza sulle macchine utensili e la nostra forte specializzazione a 360\u00b0 nel mondo della lamiera ci ha permesso di sviluppare moduli e applicazioni specifici e unici per questo settore. L&#8217;integrazione con CAM e macchine permette lo scambio bidirezionale di informazioni assolvendo alle caratteristiche di industria 4.0 permettendo di automatizzare il magazzino.<\/p>\n<\/details>\n\n\n\n<div style=\"height:18px\" aria-hidden=\"true\" class=\"wp-block-spacer\"><\/div>\n\n\n\n<details class=\"wp-block-details has-black-color has-text-color has-link-color wp-elements-a2bb6c0f638b438c770b269cbf6739b5 is-layout-flow wp-block-details-is-layout-flow\" style=\"font-size:25px\"><summary><strong>Come funziona l&#8217;acquisto di Odoo Gestionale?&nbsp;<\/strong><\/summary>\n<p class=\"has-medium-font-size\">Il nostro team effettuer\u00e0 insieme a voi un&#8217;attenta analisi aziendale e da qui verr\u00e0 sviluppato un preventivo personalizzato all-inclusive che includer\u00e0 tutte le fasi che si renderanno necessarie, dallo sviluppo di moduli personalizzati fino all&#8217;assistenza post vendita.<\/p>\n<\/details>\n\n\n\n<div style=\"height:18px\" aria-hidden=\"true\" class=\"wp-block-spacer\"><\/div>\n\n\n\n<div style=\"height:18px\" aria-hidden=\"true\" class=\"wp-block-spacer\"><\/div>\n\n\n\n<details class=\"wp-block-details has-black-color has-text-color has-link-color wp-elements-1506d401bbb772889351e47876a0fa17 is-layout-flow wp-block-details-is-layout-flow\" style=\"font-size:25px\"><summary><strong>Quali tipologie di macchine sono integrabili con Odoo Gestionale?&nbsp;<\/strong><\/summary>\n<p class=\"has-medium-font-size\">\u00e9 possibile integrare tutte le macchine che dispongano di un protocollo di interscambio di dati.<\/p>\n<\/details>\n\n\n\n<div style=\"height:18px\" aria-hidden=\"true\" class=\"wp-block-spacer\"><\/div>\n\n\n\n<details class=\"wp-block-details has-black-color has-text-color has-link-color wp-elements-ccea468504bee4a31395310c7a2defa7 is-layout-flow wp-block-details-is-layout-flow\" style=\"font-size:25px\" open><summary><strong>Ci sono delle agevolazioni per passare a Industria 4.0?&nbsp;<\/strong><\/summary>\n<p class=\"has-medium-font-size\"><strong>Assolutamente si,<\/strong> ed \u00e8 un altro motivo per fare il salto di qualit\u00e0. Questo momento \u00e8 particolarmente buono per rivoluzionare la propria azienda grazie agli incentivi che lo stato italiano mette a disposizione per  il passaggio a Industria 4.0.&nbsp;<\/p>\n\n\n\n<p class=\"has-medium-font-size\">In particolare le micro, piccole e medie imprese (MPMI) possono accedere ad agevolazioni importanti come per esempio la&nbsp;<strong><a href=\"https:\/\/www.mimit.gov.it\/it\/incentivi\/agevolazioni-per-gli-investimenti-delle-pmi-in-beni-strumentali-nuova-sabatini\">Nuova Sabatini<\/a><\/strong>&nbsp;e&nbsp;<strong><a href=\"https:\/\/www.fondidigaranzia.it\/\">Il fondo di garanzia PMI<\/a>.&nbsp;<\/strong>La Legge di Bilancio 2023, infatti, ha previsto il finanziamento di misure chiave fino al 31 dicembre 2025 e, in alcuni casi, fino al 30 giugno 2026.&nbsp;<\/p>\n\n\n\n<p class=\"has-medium-font-size\">Inoltre non bisogna trascurare il&nbsp;<strong><a href=\"https:\/\/www.mimit.gov.it\/images\/stories\/documenti\/guida_industria_40.pdf\">Piano Nazionale Industria 4.0<\/a>&nbsp;<\/strong>e la possibilit\u00e0 di accedere ad agevolazioni regionali. Consulta il sito della tua regione per sapere se sono previsti degli incentivi per il passaggio a Industria 4.0.<\/p>\n<\/details>\n\n\n\n<div style=\"height:18px\" aria-hidden=\"true\" class=\"wp-block-spacer\"><\/div>\n","protected":false},"excerpt":{"rendered":"<p>Cos&#8217;\u00e8 Industria 4.0? Industria 4.0 \u00e8 il processo di digitalizzazione del settore manifatturiero e punta ad una produzione industriale completamente automatizzata e interconnessa. Si identifica con la quarta rivoluzione industriale<\/p>\n","protected":false},"author":1,"featured_media":0,"parent":0,"menu_order":0,"comment_status":"closed","ping_status":"closed","template":"","meta":{"_seopress_robots_primary_cat":"","_seopress_titles_title":"","_seopress_titles_desc":"","_seopress_robots_index":"","footnotes":""},"categories":[],"tags":[],"class_list":{"1":"page","2":"type-page","3":"status-publish","4":"hentry"},"_links":{"self":[{"href":"https:\/\/dealtech.eu\/en\/wp-json\/wp\/v2\/pages\/1476","targetHints":{"allow":["GET"]}}],"collection":[{"href":"https:\/\/dealtech.eu\/en\/wp-json\/wp\/v2\/pages"}],"about":[{"href":"https:\/\/dealtech.eu\/en\/wp-json\/wp\/v2\/types\/page"}],"author":[{"embeddable":true,"href":"https:\/\/dealtech.eu\/en\/wp-json\/wp\/v2\/users\/1"}],"replies":[{"embeddable":true,"href":"https:\/\/dealtech.eu\/en\/wp-json\/wp\/v2\/comments?post=1476"}],"version-history":[{"count":39,"href":"https:\/\/dealtech.eu\/en\/wp-json\/wp\/v2\/pages\/1476\/revisions"}],"predecessor-version":[{"id":6829,"href":"https:\/\/dealtech.eu\/en\/wp-json\/wp\/v2\/pages\/1476\/revisions\/6829"}],"wp:attachment":[{"href":"https:\/\/dealtech.eu\/en\/wp-json\/wp\/v2\/media?parent=1476"}],"wp:term":[{"taxonomy":"category","embeddable":true,"href":"https:\/\/dealtech.eu\/en\/wp-json\/wp\/v2\/categories?post=1476"},{"taxonomy":"post_tag","embeddable":true,"href":"https:\/\/dealtech.eu\/en\/wp-json\/wp\/v2\/tags?post=1476"}],"curies":[{"name":"wp","href":"https:\/\/api.w.org\/{rel}","templated":true}]}}