
{"id":529,"date":"2024-04-23T23:43:36","date_gmt":"2024-04-23T21:43:36","guid":{"rendered":"https:\/\/dealtech.eu\/it\/?page_id=529"},"modified":"2024-07-01T22:12:07","modified_gmt":"2024-07-01T20:12:07","slug":"itx-press-easy","status":"publish","type":"page","link":"https:\/\/dealtech.eu\/en\/itx-press-easy\/","title":{"rendered":"X Press Easy"},"content":{"rendered":"\n<div class=\"wp-block-query is-layout-flow wp-block-query-is-layout-flow\"><ul class=\"wp-block-post-template is-layout-flow wp-block-post-template-is-layout-flow\"><li class=\"post-23 post type-post status-publish format-standard hentry category-combinata-laser\">\n\n<p class=\"has-text-align-center has-x-large-font-size\"><strong>GASPARINI X-Press Easy<\/strong><\/p>\n\n<\/li><\/ul><\/div>\n\n\n\n<div class=\"wp-block-columns is-layout-flex wp-container-core-columns-is-layout-9d6595d7 wp-block-columns-is-layout-flex\">\n<div class=\"wp-block-column is-layout-flow wp-block-column-is-layout-flow\" style=\"flex-basis:66.66%\"><div id=\"metaslider-id-564\" style=\"width: 100%;\" class=\"ml-slider-3-105-0 metaslider metaslider-flex metaslider-564 ml-slider ms-theme-default nav-hidden\" role=\"region\" aria-label=\"X Press Easy\" data-height=\"500\" data-width=\"700\">\n    <div id=\"metaslider_container_564\">\n        <div id=\"metaslider_564\">\n            <ul class='slides'>\n                <li style=\"display: block; width: 100%;\" class=\"slide-565 ms-image \" aria-roledescription=\"slide\" data-date=\"2024-04-20 01:41:05\" data-filename=\"Gasparini-Industries-Martini-165-3000-700x500.jpg\" data-slide-type=\"image\"><img loading=\"lazy\" decoding=\"async\" src=\"https:\/\/dealtech.eu\/wp-content\/uploads\/2024\/04\/Gasparini-Industries-Martini-165-3000-700x500.jpg\" height=\"500\" width=\"700\" alt=\"\" class=\"slider-564 slide-565 msDefaultImage\" title=\"Gasparini-Industries-Martini-165-3000\" \/><\/li>\n                <li style=\"display: none; width: 100%;\" class=\"slide-566 ms-image \" aria-roledescription=\"slide\" data-date=\"2024-04-20 01:41:13\" data-filename=\"pressa-piegatrice_X-Press-Easy-1-700x500.jpg\" data-slide-type=\"image\"><img loading=\"lazy\" decoding=\"async\" src=\"https:\/\/dealtech.eu\/wp-content\/uploads\/2024\/04\/pressa-piegatrice_X-Press-Easy-1-700x500.jpg\" height=\"500\" width=\"700\" alt=\"\" class=\"slider-564 slide-566 msDefaultImage\" title=\"pressa-piegatrice_X-Press-Easy (1)\" \/><\/li>\n            <\/ul>\n        <\/div>\n        \n    <\/div>\n<\/div>\n<\/div>\n\n\n\n<div class=\"wp-block-column is-layout-flow wp-block-column-is-layout-flow\" style=\"flex-basis:33.33%\">\n<p class=\"has-text-color has-link-color has-medium-font-size wp-elements-f3860909b048d6c290d7985bf795bb81\" style=\"color:#0286e7\"><strong>MACCHINE COMBINATE PER PUNZONATURA E CESOIATURA<\/strong><\/p>\n\n\n\n<h2 class=\"wp-block-heading has-x-large-font-size\">La semplicit\u00e0 che porta a grandi risultati<\/h2>\n\n\n\n<p>La nostra&nbsp;<strong>X-Press Easy<\/strong>&nbsp;\u00e8 la&nbsp;<strong>pressa piegatrice idraulica<\/strong>&nbsp;che si caratterizza per la sua&nbsp;<strong>solidit\u00e0<\/strong>&nbsp;e per il suo&nbsp;<strong>design minimal<\/strong>. La semplicit\u00e0 d\u2019uso ed il rapporto qualit\u00e0\/prezzo sono gli elementi distintivi.<\/p>\n\n\n\n<p>Rappresenta la scelta Ideale anche nel caso di lotti minimi, per produrre in modo vantaggioso, ottenendo risultati precisi ed affidabili.<\/p>\n<\/div>\n<\/div>\n\n\n\n<div style=\"height:38px\" aria-hidden=\"true\" class=\"wp-block-spacer\"><\/div>\n\n\n\n<h2 class=\"wp-block-heading has-text-align-center has-text-color has-link-color has-large-font-size wp-elements-9601ad0bbd9da7ab8aefd0a5b882c04e\" style=\"color:#ffbf3f\"><em>La pressa piegatrice idraulica pi\u00f9 semplice da utilizzare!<\/em><\/h2>\n\n\n\n<div style=\"height:38px\" aria-hidden=\"true\" class=\"wp-block-spacer\"><\/div>\n\n\n\n<div class=\"wp-block-columns is-layout-flex wp-container-core-columns-is-layout-9d6595d7 wp-block-columns-is-layout-flex\">\n<div class=\"wp-block-column is-layout-flow wp-block-column-is-layout-flow\">\n<h2 class=\"wp-block-heading has-medium-font-size\"><img loading=\"lazy\" decoding=\"async\" width=\"30\" height=\"30\" class=\"wp-image-559\" style=\"width: 30px;\" src=\"https:\/\/dealtech.eu\/wp-content\/uploads\/2024\/04\/pngegg2.png\" alt=\"\" srcset=\"https:\/\/dealtech.eu\/wp-content\/uploads\/2024\/04\/pngegg2.png 512w, https:\/\/dealtech.eu\/wp-content\/uploads\/2024\/04\/pngegg2-300x300.png 300w, https:\/\/dealtech.eu\/wp-content\/uploads\/2024\/04\/pngegg2-150x150.png 150w, https:\/\/dealtech.eu\/wp-content\/uploads\/2024\/04\/pngegg2-100x100.png 100w\" sizes=\"auto, (max-width: 30px) 100vw, 30px\" \/> <strong>SEMPLICE E SOLIDA<\/strong><\/h2>\n\n\n\n<p>Scegli una macchina per piegare la lamiera, dal design semplice ma d\u2019impatto, in grado di garantire la massima affidabilit\u00e0 per prestazioni durature.<\/p>\n<\/div>\n\n\n\n<div class=\"wp-block-column is-layout-flow wp-block-column-is-layout-flow\">\n<h2 class=\"wp-block-heading has-medium-font-size\"><img loading=\"lazy\" decoding=\"async\" width=\"30\" height=\"30\" class=\"wp-image-559\" style=\"width: 30px;\" src=\"https:\/\/dealtech.eu\/wp-content\/uploads\/2024\/04\/pngegg2.png\" alt=\"\" srcset=\"https:\/\/dealtech.eu\/wp-content\/uploads\/2024\/04\/pngegg2.png 512w, https:\/\/dealtech.eu\/wp-content\/uploads\/2024\/04\/pngegg2-300x300.png 300w, https:\/\/dealtech.eu\/wp-content\/uploads\/2024\/04\/pngegg2-150x150.png 150w, https:\/\/dealtech.eu\/wp-content\/uploads\/2024\/04\/pngegg2-100x100.png 100w\" sizes=\"auto, (max-width: 30px) 100vw, 30px\" \/> <strong>&nbsp;<strong>PRECISA ED EFFICIENTE<\/strong><\/strong><\/h2>\n\n\n\n<p>Le dotazioni di base, come il registro posteriore a 2 assi e il CNC touch garantiscono un\u2019ottima ergonomia, permettendo di ottenere angoli di piega precisi.<\/p>\n<\/div>\n<\/div>\n\n\n\n<div class=\"wp-block-columns is-layout-flex wp-container-core-columns-is-layout-9d6595d7 wp-block-columns-is-layout-flex\">\n<div class=\"wp-block-column is-layout-flow wp-block-column-is-layout-flow\">\n<h2 class=\"wp-block-heading has-medium-font-size\"><img loading=\"lazy\" decoding=\"async\" width=\"30\" height=\"30\" class=\"wp-image-559\" style=\"width: 30px;\" src=\"https:\/\/dealtech.eu\/wp-content\/uploads\/2024\/04\/pngegg2.png\" alt=\"\" srcset=\"https:\/\/dealtech.eu\/wp-content\/uploads\/2024\/04\/pngegg2.png 512w, https:\/\/dealtech.eu\/wp-content\/uploads\/2024\/04\/pngegg2-300x300.png 300w, https:\/\/dealtech.eu\/wp-content\/uploads\/2024\/04\/pngegg2-150x150.png 150w, https:\/\/dealtech.eu\/wp-content\/uploads\/2024\/04\/pngegg2-100x100.png 100w\" sizes=\"auto, (max-width: 30px) 100vw, 30px\" \/> <strong><strong>REALIZZATA IN ITALIA<\/strong><\/strong><\/h2>\n\n\n\n<p>Tutte le nostre presse piegatrici, sono costruite in Italia nel nostro stabilimento di Istrana in provincia di Treviso. Utilizziamo esclusivamente materiali di elevata qualit\u00e0.<\/p>\n<\/div>\n\n\n\n<div class=\"wp-block-column is-layout-flow wp-block-column-is-layout-flow\">\n<h2 class=\"wp-block-heading has-medium-font-size\"><img loading=\"lazy\" decoding=\"async\" width=\"30\" height=\"30\" class=\"wp-image-559\" style=\"width: 30px;\" src=\"https:\/\/dealtech.eu\/wp-content\/uploads\/2024\/04\/pngegg2.png\" alt=\"\" srcset=\"https:\/\/dealtech.eu\/wp-content\/uploads\/2024\/04\/pngegg2.png 512w, https:\/\/dealtech.eu\/wp-content\/uploads\/2024\/04\/pngegg2-300x300.png 300w, https:\/\/dealtech.eu\/wp-content\/uploads\/2024\/04\/pngegg2-150x150.png 150w, https:\/\/dealtech.eu\/wp-content\/uploads\/2024\/04\/pngegg2-100x100.png 100w\" sizes=\"auto, (max-width: 30px) 100vw, 30px\" \/> <strong>&nbsp;<strong><strong>ZONA DI LAVORO PERSONALIZZABILE<\/strong><\/strong><\/strong><\/h2>\n\n\n\n<p>Adatta la zona di lavoro alle tue esigenze, con una gamma completa di sistemi e accessori, per ottenere un miglioramento del processo produttivo.<\/p>\n<\/div>\n<\/div>\n\n\n\n<div style=\"height:38px\" aria-hidden=\"true\" class=\"wp-block-spacer\"><\/div>\n\n\n\n<details class=\"wp-block-details is-layout-flow wp-block-details-is-layout-flow\" open><summary><font size=\"28px\"><b>Software<\/b><\/font><\/summary>\n<h3 class=\"wp-block-heading has-vivid-cyan-blue-color has-text-color has-link-color wp-elements-0416384d6607ef66547c783bc42fc9c1\">CNC per pressa piegatrice<\/h3>\n\n\n\n<p>Offriamo una variet\u00e0 di sistemi CNC su misura per le nostre presse piegatrici. Ogni sistema \u00e8 progettato con funzionalit\u00e0 uniche per garantire flessibilit\u00e0 e precisione ottimali. La connessione di tutti i nostri dispositivi alla rete aziendale consente lo scambio sicuro ed efficiente dei programmi di piegatura e di altri dati. Garantiamo la sicurezza dei tuoi programmi e configurazioni tramite le funzionalit\u00e0 di backup e l&#8217;assistenza remota offerta da Gasparini TeleLink.<\/p>\n\n\n\n<h3 class=\"wp-block-heading has-vivid-cyan-blue-color has-text-color has-link-color wp-elements-a413943c3350d967b8ad66f8f1520b80\">Software di programmazione offline<\/h3>\n\n\n\n<p>Il software di programmazione offline consente di creare e caricare programmi senza interrompere il lavoro. Offre funzioni simili al CNC installato, inclusa la gestione delle collisioni e la simulazione della sequenza di piega. Inoltre, permette di importare disegni 2D e 3D da vari formati CAD e di esportare i programmi di piega.<\/p>\n<\/details>\n\n\n\n<div style=\"height:38px\" aria-hidden=\"true\" class=\"wp-block-spacer\"><\/div>\n\n\n\n<h2 class=\"wp-block-heading\">Maggiori informazioni? Compila il form!<\/h2>\n\n\n\n<div class=\"wpcf7 no-js\" id=\"wpcf7-f1438-o1\" lang=\"en-US\" dir=\"ltr\" data-wpcf7-id=\"1438\">\n<div class=\"screen-reader-response\"><p role=\"status\" aria-live=\"polite\" aria-atomic=\"true\"><\/p> <ul><\/ul><\/div>\n<form action=\"\/en\/wp-json\/wp\/v2\/pages\/529#wpcf7-f1438-o1\" method=\"post\" class=\"wpcf7-form init\" aria-label=\"Contact form\" novalidate=\"novalidate\" data-status=\"init\">\n<fieldset class=\"hidden-fields-container\"><input type=\"hidden\" name=\"_wpcf7\" value=\"1438\" \/><input type=\"hidden\" name=\"_wpcf7_version\" value=\"6.1.5\" \/><input type=\"hidden\" name=\"_wpcf7_locale\" value=\"en_US\" \/><input type=\"hidden\" name=\"_wpcf7_unit_tag\" value=\"wpcf7-f1438-o1\" \/><input type=\"hidden\" name=\"_wpcf7_container_post\" value=\"0\" \/><input type=\"hidden\" name=\"_wpcf7_posted_data_hash\" value=\"\" \/><input type=\"hidden\" name=\"_wpcf7dtx_version\" value=\"5.0.4\" \/><input type=\"hidden\" name=\"lang\" value=\"en\" \/><input type=\"hidden\" name=\"_wpcf7_recaptcha_response\" value=\"\" \/>\n<\/fieldset>\n<p><label> Name<br \/>\n<span class=\"wpcf7-form-control-wrap\" data-name=\"your-name\"><input size=\"40\" maxlength=\"400\" class=\"wpcf7-form-control wpcf7-text wpcf7-validates-as-required\" autocomplete=\"name\" aria-required=\"true\" aria-invalid=\"false\" value=\"\" type=\"text\" name=\"your-name\" \/><\/span> <\/label>\n<\/p>\n<p><label> Email<br \/>\n<span class=\"wpcf7-form-control-wrap\" data-name=\"your-email\"><input size=\"40\" maxlength=\"400\" class=\"wpcf7-form-control wpcf7-email wpcf7-validates-as-required wpcf7-text wpcf7-validates-as-email\" autocomplete=\"email\" aria-required=\"true\" aria-invalid=\"false\" value=\"\" type=\"email\" name=\"your-email\" \/><\/span> <\/label>\n<\/p>\n<p><label> Subject<br \/>\n<span class=\"wpcf7-form-control-wrap\" data-name=\"your-subject\"><input size=\"40\" maxlength=\"400\" class=\"wpcf7-form-control wpcf7-text wpcf7-validates-as-required\" aria-required=\"true\" aria-invalid=\"false\" value=\"\" type=\"text\" name=\"your-subject\" \/><\/span> <\/label>\n<\/p>\n<p><label class=\"wpcf7-form-control wpcf7-label wpcf7dtx wpcf7dtx-label\">X Press Easy<\/label>\n<\/p>\n<p><span id=\"wpcf7-69f3708c8c507-wrapper\" class=\"wpcf7-form-control-wrap your-prod-message-wrap\" style=\"display:none !important; visibility:hidden !important;\"><input type=\"hidden\" name=\"your-prod-message-time-start\" value=\"1777561740\"><input type=\"hidden\" name=\"your-prod-message-time-check\" value=\"4\"><label for=\"wpcf7-69f3708c8c507-field\" class=\"hp-message\">Please leave this field empty.<\/label><input id=\"wpcf7-69f3708c8c507-field\"  class=\"wpcf7-form-control wpcf7-text\" type=\"text\" name=\"your-prod-message\" value=\"\" size=\"40\" tabindex=\"-1\" autocomplete=\"new-password\" \/><\/span>\n<\/p>\n<p><label> Messagge (optional)<br \/>\n<span class=\"wpcf7-form-control-wrap\" data-name=\"your-prod-message\"><textarea cols=\"40\" rows=\"10\" maxlength=\"2000\" class=\"wpcf7-form-control wpcf7-textarea\" aria-invalid=\"false\" name=\"your-prod-message\"><\/textarea><\/span> <\/label>\n<\/p>\n<p><input class=\"wpcf7-form-control wpcf7-submit has-spinner\" type=\"submit\" value=\"Send\" \/>\n<\/p><div class=\"wpcf7-response-output\" aria-hidden=\"true\"><\/div>\n<\/form>\n<\/div>\n\n","protected":false},"excerpt":{"rendered":"<p>MACCHINE COMBINATE PER PUNZONATURA E CESOIATURA La semplicit\u00e0 che porta a grandi risultati La nostra&nbsp;X-Press Easy&nbsp;\u00e8 la&nbsp;pressa piegatrice idraulica&nbsp;che si caratterizza per la sua&nbsp;solidit\u00e0&nbsp;e per il suo&nbsp;design minimal. La semplicit\u00e0<\/p>\n","protected":false},"author":7,"featured_media":638,"parent":0,"menu_order":0,"comment_status":"closed","ping_status":"closed","template":"","meta":{"_seopress_robots_primary_cat":"","_seopress_titles_title":"","_seopress_titles_desc":"","_seopress_robots_index":"","footnotes":""},"categories":[146],"tags":[],"class_list":{"0":"post-529","1":"page","2":"type-page","3":"status-publish","5":"hentry","6":"category-gasparini"},"_links":{"self":[{"href":"https:\/\/dealtech.eu\/en\/wp-json\/wp\/v2\/pages\/529","targetHints":{"allow":["GET"]}}],"collection":[{"href":"https:\/\/dealtech.eu\/en\/wp-json\/wp\/v2\/pages"}],"about":[{"href":"https:\/\/dealtech.eu\/en\/wp-json\/wp\/v2\/types\/page"}],"author":[{"embeddable":true,"href":"https:\/\/dealtech.eu\/en\/wp-json\/wp\/v2\/users\/7"}],"replies":[{"embeddable":true,"href":"https:\/\/dealtech.eu\/en\/wp-json\/wp\/v2\/comments?post=529"}],"version-history":[{"count":39,"href":"https:\/\/dealtech.eu\/en\/wp-json\/wp\/v2\/pages\/529\/revisions"}],"predecessor-version":[{"id":1473,"href":"https:\/\/dealtech.eu\/en\/wp-json\/wp\/v2\/pages\/529\/revisions\/1473"}],"wp:featuredmedia":[{"embeddable":true,"href":"https:\/\/dealtech.eu\/en\/wp-json\/wp\/v2\/media\/638"}],"wp:attachment":[{"href":"https:\/\/dealtech.eu\/en\/wp-json\/wp\/v2\/media?parent=529"}],"wp:term":[{"taxonomy":"category","embeddable":true,"href":"https:\/\/dealtech.eu\/en\/wp-json\/wp\/v2\/categories?post=529"},{"taxonomy":"post_tag","embeddable":true,"href":"https:\/\/dealtech.eu\/en\/wp-json\/wp\/v2\/tags?post=529"}],"curies":[{"name":"wp","href":"https:\/\/api.w.org\/{rel}","templated":true}]}}