
{"id":582,"date":"2024-04-23T23:45:06","date_gmt":"2024-04-23T21:45:06","guid":{"rendered":"https:\/\/dealtech.eu\/it\/?page_id=582"},"modified":"2024-07-01T22:12:37","modified_gmt":"2024-07-01T20:12:37","slug":"x-press-next","status":"publish","type":"page","link":"https:\/\/dealtech.eu\/en\/x-press-next\/","title":{"rendered":"X Press Next"},"content":{"rendered":"\n<div class=\"wp-block-query is-layout-flow wp-block-query-is-layout-flow\"><ul class=\"wp-block-post-template is-layout-flow wp-block-post-template-is-layout-flow\"><li class=\"post-23 post type-post status-publish format-standard hentry category-combinata-laser\">\n\n<p class=\"has-text-align-center has-x-large-font-size\"><strong>GASPARINI X-Press Next<\/strong><\/p>\n\n<\/li><\/ul><\/div>\n\n\n\n<div class=\"wp-block-columns is-layout-flex wp-container-core-columns-is-layout-9d6595d7 wp-block-columns-is-layout-flex\">\n<div class=\"wp-block-column is-layout-flow wp-block-column-is-layout-flow\" style=\"flex-basis:66.66%\"><div id=\"metaslider-id-583\" style=\"width: 100%;\" class=\"ml-slider-3-105-0 metaslider metaslider-flex metaslider-583 ml-slider ms-theme-default nav-hidden\" role=\"region\" aria-label=\"X Press Next\" data-height=\"500\" data-width=\"700\">\n    <div id=\"metaslider_container_583\">\n        <div id=\"metaslider_583\">\n            <ul class='slides'>\n                <li style=\"display: block; width: 100%;\" class=\"slide-589 ms-image \" aria-roledescription=\"slide\" data-date=\"2024-04-23 23:40:47\" data-filename=\"Gasparini-Industries-Canel-165-3000-1-700x500.jpg\" data-slide-type=\"image\"><img loading=\"lazy\" decoding=\"async\" src=\"https:\/\/dealtech.eu\/wp-content\/uploads\/2024\/04\/Gasparini-Industries-Canel-165-3000-1-700x500.jpg\" height=\"500\" width=\"700\" alt=\"\" class=\"slider-583 slide-589 msDefaultImage\" title=\"Gasparini-Industries-Canel-165-3000\" \/><\/li>\n                <li style=\"display: none; width: 100%;\" class=\"slide-590 ms-image \" aria-roledescription=\"slide\" data-date=\"2024-04-23 23:40:54\" data-filename=\"pressa-piegatrice_X-Press-Next-700x500.jpg\" data-slide-type=\"image\"><img loading=\"lazy\" decoding=\"async\" src=\"https:\/\/dealtech.eu\/wp-content\/uploads\/2024\/04\/pressa-piegatrice_X-Press-Next-700x500.jpg\" height=\"500\" width=\"700\" alt=\"\" class=\"slider-583 slide-590 msDefaultImage\" title=\"pressa-piegatrice_X-Press-Next\" \/><\/li>\n            <\/ul>\n        <\/div>\n        \n    <\/div>\n<\/div>\n<\/div>\n\n\n\n<div class=\"wp-block-column is-layout-flow wp-block-column-is-layout-flow\" style=\"flex-basis:33.33%\">\n<p class=\"has-text-color has-link-color has-medium-font-size wp-elements-f3860909b048d6c290d7985bf795bb81\" style=\"color:#0286e7\"><strong>MACCHINE COMBINATE PER PUNZONATURA E CESOIATURA<\/strong><\/p>\n\n\n\n<h2 class=\"wp-block-heading has-x-large-font-size\">Prestazioni e versatilit\u00e0 senza compromessi<\/h2>\n\n\n\n<p>Questa\u00a0<strong>pressa piegatrice<\/strong>\u00a0garantisce\u00a0<strong>risultati ottimali<\/strong>\u00a0in termini di\u00a0<strong>programmazione<\/strong>,\u00a0<strong>attrezzaggio<\/strong>\u00a0e\u00a0<strong>piegatura<\/strong>. Le caratteristiche e gli accessori innovativi di cui dispone, offrono la\u00a0<strong>massima libert\u00e0 di applicazione<\/strong>, semplificando l\u2019attivit\u00e0 dell\u2019operatore.<\/p>\n\n\n\n<p>Ogni aspetto di questa macchina per la lamiera pu\u00f2 essere personalizzato, per adattarsi alle esigenze di produzione.<\/p>\n<\/div>\n<\/div>\n\n\n\n<div style=\"height:38px\" aria-hidden=\"true\" class=\"wp-block-spacer\"><\/div>\n\n\n\n<h2 class=\"wp-block-heading has-text-align-center has-text-color has-link-color has-large-font-size wp-elements-ac30af441003869a86796987972df7b9\" style=\"color:#ffbf3f\">La pressa piegatrice innovativa e versatile<\/h2>\n\n\n\n<div style=\"height:38px\" aria-hidden=\"true\" class=\"wp-block-spacer\"><\/div>\n\n\n\n<div class=\"wp-block-columns is-layout-flex wp-container-core-columns-is-layout-9d6595d7 wp-block-columns-is-layout-flex\">\n<div class=\"wp-block-column is-layout-flow wp-block-column-is-layout-flow\">\n<h2 class=\"wp-block-heading has-medium-font-size\"><img loading=\"lazy\" decoding=\"async\" width=\"30\" height=\"30\" class=\"wp-image-559\" style=\"width: 30px;\" src=\"https:\/\/dealtech.eu\/wp-content\/uploads\/2024\/04\/pngegg2.png\" alt=\"\" srcset=\"https:\/\/dealtech.eu\/wp-content\/uploads\/2024\/04\/pngegg2.png 512w, https:\/\/dealtech.eu\/wp-content\/uploads\/2024\/04\/pngegg2-300x300.png 300w, https:\/\/dealtech.eu\/wp-content\/uploads\/2024\/04\/pngegg2-150x150.png 150w, https:\/\/dealtech.eu\/wp-content\/uploads\/2024\/04\/pngegg2-100x100.png 100w\" sizes=\"auto, (max-width: 30px) 100vw, 30px\" \/> <strong><strong>INTUITIVA ED ERGONOMICA<\/strong><\/strong><\/h2>\n\n\n\n<p>La piegatrice Next \u00e8 progettata per rendere il lavoro dell\u2019operatore piacevole, sicuro e preciso, grazie alle sue dotazioni di base, ai sistemi e agli accessori opzionabili.<\/p>\n<\/div>\n\n\n\n<div class=\"wp-block-column is-layout-flow wp-block-column-is-layout-flow\">\n<h2 class=\"wp-block-heading has-medium-font-size\"><img loading=\"lazy\" decoding=\"async\" width=\"30\" height=\"30\" class=\"wp-image-559\" style=\"width: 30px;\" src=\"https:\/\/dealtech.eu\/wp-content\/uploads\/2024\/04\/pngegg2.png\" alt=\"\" srcset=\"https:\/\/dealtech.eu\/wp-content\/uploads\/2024\/04\/pngegg2.png 512w, https:\/\/dealtech.eu\/wp-content\/uploads\/2024\/04\/pngegg2-300x300.png 300w, https:\/\/dealtech.eu\/wp-content\/uploads\/2024\/04\/pngegg2-150x150.png 150w, https:\/\/dealtech.eu\/wp-content\/uploads\/2024\/04\/pngegg2-100x100.png 100w\" sizes=\"auto, (max-width: 30px) 100vw, 30px\" \/> <strong>\u00a0<strong><strong>FLESSIBILE E VERSATILE<\/strong><\/strong><\/strong><\/h2>\n\n\n\n<p>La possibilit\u00e0 di implementare il registro posteriore fino a 8 assi, la rende flessibile per numerose applicazioni e tipologie di lavorazione della lamiera.<\/p>\n<\/div>\n<\/div>\n\n\n\n<div class=\"wp-block-columns is-layout-flex wp-container-core-columns-is-layout-9d6595d7 wp-block-columns-is-layout-flex\">\n<div class=\"wp-block-column is-layout-flow wp-block-column-is-layout-flow\">\n<h2 class=\"wp-block-heading has-medium-font-size\"><img loading=\"lazy\" decoding=\"async\" width=\"30\" height=\"30\" class=\"wp-image-559\" style=\"width: 30px;\" src=\"https:\/\/dealtech.eu\/wp-content\/uploads\/2024\/04\/pngegg2.png\" alt=\"\" srcset=\"https:\/\/dealtech.eu\/wp-content\/uploads\/2024\/04\/pngegg2.png 512w, https:\/\/dealtech.eu\/wp-content\/uploads\/2024\/04\/pngegg2-300x300.png 300w, https:\/\/dealtech.eu\/wp-content\/uploads\/2024\/04\/pngegg2-150x150.png 150w, https:\/\/dealtech.eu\/wp-content\/uploads\/2024\/04\/pngegg2-100x100.png 100w\" sizes=\"auto, (max-width: 30px) 100vw, 30px\" \/> <strong><strong><strong>FACILE DA UTILIZZARE<\/strong><\/strong><\/strong><\/h2>\n\n\n\n<p>Questa macchina per la piegatura della lamiera, \u00e8 caratterizzata dalla semplicit\u00e0 di utilizzo. I suoi comandi, infatti, sono studiati per facilitare al massimo il processo di lavoro.<\/p>\n<\/div>\n\n\n\n<div class=\"wp-block-column is-layout-flow wp-block-column-is-layout-flow\">\n<h2 class=\"wp-block-heading has-medium-font-size\"><img loading=\"lazy\" decoding=\"async\" width=\"30\" height=\"30\" class=\"wp-image-559\" style=\"width: 30px;\" src=\"https:\/\/dealtech.eu\/wp-content\/uploads\/2024\/04\/pngegg2.png\" alt=\"\" srcset=\"https:\/\/dealtech.eu\/wp-content\/uploads\/2024\/04\/pngegg2.png 512w, https:\/\/dealtech.eu\/wp-content\/uploads\/2024\/04\/pngegg2-300x300.png 300w, https:\/\/dealtech.eu\/wp-content\/uploads\/2024\/04\/pngegg2-150x150.png 150w, https:\/\/dealtech.eu\/wp-content\/uploads\/2024\/04\/pngegg2-100x100.png 100w\" sizes=\"auto, (max-width: 30px) 100vw, 30px\" \/> <strong>\u00a0<strong><strong><strong>ELEVATA PERSONALIZZAZIONE<\/strong><\/strong><\/strong><\/strong><\/h2>\n\n\n\n<p>Ogni elemento di questa pressa piegatrice pu\u00f2 essere personalizzato in base alle esigenze produttive, per ottenere un angolo di piega perfetto, in modo semplice e veloce.<\/p>\n<\/div>\n<\/div>\n\n\n\n<div style=\"height:38px\" aria-hidden=\"true\" class=\"wp-block-spacer\"><\/div>\n\n\n\n<details class=\"wp-block-details is-layout-flow wp-block-details-is-layout-flow\" open><summary><font size=\"28px\"><b>Software<\/b><\/font><\/summary>\n<h3 class=\"wp-block-heading has-vivid-cyan-blue-color has-text-color has-link-color wp-elements-0416384d6607ef66547c783bc42fc9c1\">CNC per pressa piegatrice<\/h3>\n\n\n\n<p>Offriamo una variet\u00e0 di sistemi CNC su misura per le nostre presse piegatrici. Ogni sistema \u00e8 progettato con funzionalit\u00e0 uniche per garantire flessibilit\u00e0 e precisione ottimali. La connessione di tutti i nostri dispositivi alla rete aziendale consente lo scambio sicuro ed efficiente dei programmi di piegatura e di altri dati. Garantiamo la sicurezza dei tuoi programmi e configurazioni tramite le funzionalit\u00e0 di backup e l&#8217;assistenza remota offerta da Gasparini TeleLink.<\/p>\n\n\n\n<h3 class=\"wp-block-heading has-vivid-cyan-blue-color has-text-color has-link-color wp-elements-a413943c3350d967b8ad66f8f1520b80\">Software di programmazione offline<\/h3>\n\n\n\n<p>Il software di programmazione offline consente di creare e caricare programmi senza interrompere il lavoro. Offre funzioni simili al CNC installato, inclusa la gestione delle collisioni e la simulazione della sequenza di piega. Inoltre, permette di importare disegni 2D e 3D da vari formati CAD e di esportare i programmi di piega.<\/p>\n<\/details>\n\n\n\n<div style=\"height:38px\" aria-hidden=\"true\" class=\"wp-block-spacer\"><\/div>\n\n\n\n<h2 class=\"wp-block-heading\">Maggiori informazioni? Compila il form!<\/h2>\n\n\n\n<div class=\"wp-block-contact-form-7-contact-form-selector\"><p class=\"wpcf7-contact-form-not-found\"><strong>Error:<\/strong> Contact form not found.<\/p><\/div>\n","protected":false},"excerpt":{"rendered":"<p>MACCHINE COMBINATE PER PUNZONATURA E CESOIATURA Prestazioni e versatilit\u00e0 senza compromessi Questa\u00a0pressa piegatrice\u00a0garantisce\u00a0risultati ottimali\u00a0in termini di\u00a0programmazione,\u00a0attrezzaggio\u00a0e\u00a0piegatura. Le caratteristiche e gli accessori innovativi di cui dispone, offrono la\u00a0massima libert\u00e0 di applicazione,<\/p>\n","protected":false},"author":7,"featured_media":640,"parent":0,"menu_order":0,"comment_status":"closed","ping_status":"closed","template":"","meta":{"_seopress_robots_primary_cat":"","_seopress_titles_title":"","_seopress_titles_desc":"","_seopress_robots_index":"","footnotes":""},"categories":[146],"tags":[],"class_list":{"0":"post-582","1":"page","2":"type-page","3":"status-publish","5":"hentry","6":"category-gasparini"},"_links":{"self":[{"href":"https:\/\/dealtech.eu\/en\/wp-json\/wp\/v2\/pages\/582","targetHints":{"allow":["GET"]}}],"collection":[{"href":"https:\/\/dealtech.eu\/en\/wp-json\/wp\/v2\/pages"}],"about":[{"href":"https:\/\/dealtech.eu\/en\/wp-json\/wp\/v2\/types\/page"}],"author":[{"embeddable":true,"href":"https:\/\/dealtech.eu\/en\/wp-json\/wp\/v2\/users\/7"}],"replies":[{"embeddable":true,"href":"https:\/\/dealtech.eu\/en\/wp-json\/wp\/v2\/comments?post=582"}],"version-history":[{"count":5,"href":"https:\/\/dealtech.eu\/en\/wp-json\/wp\/v2\/pages\/582\/revisions"}],"predecessor-version":[{"id":1474,"href":"https:\/\/dealtech.eu\/en\/wp-json\/wp\/v2\/pages\/582\/revisions\/1474"}],"wp:featuredmedia":[{"embeddable":true,"href":"https:\/\/dealtech.eu\/en\/wp-json\/wp\/v2\/media\/640"}],"wp:attachment":[{"href":"https:\/\/dealtech.eu\/en\/wp-json\/wp\/v2\/media?parent=582"}],"wp:term":[{"taxonomy":"category","embeddable":true,"href":"https:\/\/dealtech.eu\/en\/wp-json\/wp\/v2\/categories?post=582"},{"taxonomy":"post_tag","embeddable":true,"href":"https:\/\/dealtech.eu\/en\/wp-json\/wp\/v2\/tags?post=582"}],"curies":[{"name":"wp","href":"https:\/\/api.w.org\/{rel}","templated":true}]}}