
{"id":594,"date":"2024-04-23T23:59:07","date_gmt":"2024-04-23T21:59:07","guid":{"rendered":"https:\/\/dealtech.eu\/it\/?page_id=594"},"modified":"2024-07-01T22:13:07","modified_gmt":"2024-07-01T20:13:07","slug":"x-press-super-custom","status":"publish","type":"page","link":"https:\/\/dealtech.eu\/en\/x-press-super-custom\/","title":{"rendered":"X Press Super Custom"},"content":{"rendered":"\n<div class=\"wp-block-query is-layout-flow wp-block-query-is-layout-flow\"><ul class=\"wp-block-post-template is-layout-flow wp-block-post-template-is-layout-flow\"><li class=\"post-23 post type-post status-publish format-standard hentry category-combinata-laser\">\n\n<p class=\"has-text-align-center has-x-large-font-size\"><strong>GASPARINI X-Press Super Custom<\/strong><\/p>\n\n<\/li><\/ul><\/div>\n\n\n\n<div class=\"wp-block-columns is-layout-flex wp-container-core-columns-is-layout-9d6595d7 wp-block-columns-is-layout-flex\">\n<div class=\"wp-block-column is-layout-flow wp-block-column-is-layout-flow\" style=\"flex-basis:66.66%\"><div id=\"metaslider-id-595\" style=\"width: 100%;\" class=\"ml-slider-3-105-0 metaslider metaslider-flex metaslider-595 ml-slider ms-theme-default nav-hidden\" role=\"region\" aria-label=\"X Press Super Custom\" data-height=\"500\" data-width=\"700\">\n    <div id=\"metaslider_container_595\">\n        <div id=\"metaslider_595\">\n            <ul class='slides'>\n                <li style=\"display: block; width: 100%;\" class=\"slide-598 ms-image \" aria-roledescription=\"slide\" data-date=\"2024-04-23 23:48:59\" data-filename=\"pressa_gasparini_X-Press_Banner_SuperCustom-700x500.jpg\" data-slide-type=\"image\"><img loading=\"lazy\" decoding=\"async\" src=\"https:\/\/dealtech.eu\/wp-content\/uploads\/2024\/04\/pressa_gasparini_X-Press_Banner_SuperCustom-700x500.jpg\" height=\"500\" width=\"700\" alt=\"\" class=\"slider-595 slide-598 msDefaultImage\" title=\"pressa_gasparini_X-Press_Banner_SuperCustom\" \/><\/li>\n                <li style=\"display: none; width: 100%;\" class=\"slide-600 ms-image \" aria-roledescription=\"slide\" data-date=\"2024-04-23 23:49:14\" data-filename=\"pressa-piegatrice_X-Press-SuperCustom-700x500.jpg\" data-slide-type=\"image\"><img loading=\"lazy\" decoding=\"async\" src=\"https:\/\/dealtech.eu\/wp-content\/uploads\/2024\/04\/pressa-piegatrice_X-Press-SuperCustom-700x500.jpg\" height=\"500\" width=\"700\" alt=\"\" class=\"slider-595 slide-600 msDefaultImage\" title=\"pressa-piegatrice_X-Press-SuperCustom\" \/><\/li>\n            <\/ul>\n        <\/div>\n        \n    <\/div>\n<\/div>\n<\/div>\n\n\n\n<div class=\"wp-block-column is-layout-flow wp-block-column-is-layout-flow\" style=\"flex-basis:33.33%\">\n<p class=\"has-text-color has-link-color has-medium-font-size wp-elements-f3860909b048d6c290d7985bf795bb81\" style=\"color:#0286e7\"><strong>MACCHINE COMBINATE PER PUNZONATURA E CESOIATURA<\/strong><\/p>\n\n\n\n<h2 class=\"wp-block-heading has-large-font-size\">La piegatrice su misura totalmente personalizzabile<\/h2>\n\n\n\n<p>X-Press SuperCustom \u00e8 un abito sartoriale per la&nbsp;<strong>produzione di grandi scatolati e vasche<\/strong>. Ogni aspetto, dalle luci alla corsa, dall\u2019incavo all\u2019altezza degli intermedi, \u00e8 completamente personalizzabile per<strong>&nbsp;adattarsi perfettamente<\/strong>&nbsp;al tuo prodotto.<\/p>\n\n\n\n<p>E&#8217; completamente personalizzabile per adattarsi perfettamente al tuo prodotto. L\u2019interazione fra uomo e macchina non \u00e8 mai stata cos\u00ec semplice ed efficace.<\/p>\n<\/div>\n<\/div>\n\n\n\n<div style=\"height:38px\" aria-hidden=\"true\" class=\"wp-block-spacer\"><\/div>\n\n\n\n<h2 class=\"wp-block-heading has-text-align-center has-text-color has-link-color has-large-font-size wp-elements-8c6525a32e3a51c4809cac707fe253e6\" style=\"color:#ffbf3f\"><em>Ideale per chi cerca una piegatrice per lamiera personalizzata<\/em><\/h2>\n\n\n\n<div style=\"height:38px\" aria-hidden=\"true\" class=\"wp-block-spacer\"><\/div>\n\n\n\n<div class=\"wp-block-columns is-layout-flex wp-container-core-columns-is-layout-9d6595d7 wp-block-columns-is-layout-flex\">\n<div class=\"wp-block-column is-layout-flow wp-block-column-is-layout-flow\">\n<h2 class=\"wp-block-heading has-medium-font-size\"><img loading=\"lazy\" decoding=\"async\" width=\"30\" height=\"30\" class=\"wp-image-559\" style=\"width: 30px;\" src=\"https:\/\/dealtech.eu\/wp-content\/uploads\/2024\/04\/pngegg2.png\" alt=\"\" srcset=\"https:\/\/dealtech.eu\/wp-content\/uploads\/2024\/04\/pngegg2.png 512w, https:\/\/dealtech.eu\/wp-content\/uploads\/2024\/04\/pngegg2-300x300.png 300w, https:\/\/dealtech.eu\/wp-content\/uploads\/2024\/04\/pngegg2-150x150.png 150w, https:\/\/dealtech.eu\/wp-content\/uploads\/2024\/04\/pngegg2-100x100.png 100w\" sizes=\"auto, (max-width: 30px) 100vw, 30px\" \/> <strong><strong>SU MISURA<\/strong><\/strong><\/h2>\n\n\n\n<p>Personalizza ogni aspetto della macchina per affrontare con flessibilit\u00e0 sfide uniche: la soluzione perfetta per adattare il processo di piega ai tuoi prodotti.<\/p>\n<\/div>\n\n\n\n<div class=\"wp-block-column is-layout-flow wp-block-column-is-layout-flow\">\n<h2 class=\"wp-block-heading has-medium-font-size\"><img loading=\"lazy\" decoding=\"async\" width=\"30\" height=\"30\" class=\"wp-image-559\" style=\"width: 30px;\" src=\"https:\/\/dealtech.eu\/wp-content\/uploads\/2024\/04\/pngegg2.png\" alt=\"\" srcset=\"https:\/\/dealtech.eu\/wp-content\/uploads\/2024\/04\/pngegg2.png 512w, https:\/\/dealtech.eu\/wp-content\/uploads\/2024\/04\/pngegg2-300x300.png 300w, https:\/\/dealtech.eu\/wp-content\/uploads\/2024\/04\/pngegg2-150x150.png 150w, https:\/\/dealtech.eu\/wp-content\/uploads\/2024\/04\/pngegg2-100x100.png 100w\" sizes=\"auto, (max-width: 30px) 100vw, 30px\" \/> <strong>\u00a0<strong><strong>COMFORT E QUALIT\u00c0<\/strong><\/strong><\/strong><\/h2>\n\n\n\n<p>Questa macchina per la piegatura della lamiera, consente di piegare pezzi di grosse dimensioni in modo ergonomico e veloce, nelle migliori condizioni operative.<\/p>\n<\/div>\n<\/div>\n\n\n\n<div class=\"wp-block-columns is-layout-flex wp-container-core-columns-is-layout-9d6595d7 wp-block-columns-is-layout-flex\">\n<div class=\"wp-block-column is-layout-flow wp-block-column-is-layout-flow\">\n<h2 class=\"wp-block-heading has-medium-font-size\"><img loading=\"lazy\" decoding=\"async\" width=\"30\" height=\"30\" class=\"wp-image-559\" style=\"width: 30px;\" src=\"https:\/\/dealtech.eu\/wp-content\/uploads\/2024\/04\/pngegg2.png\" alt=\"\" srcset=\"https:\/\/dealtech.eu\/wp-content\/uploads\/2024\/04\/pngegg2.png 512w, https:\/\/dealtech.eu\/wp-content\/uploads\/2024\/04\/pngegg2-300x300.png 300w, https:\/\/dealtech.eu\/wp-content\/uploads\/2024\/04\/pngegg2-150x150.png 150w, https:\/\/dealtech.eu\/wp-content\/uploads\/2024\/04\/pngegg2-100x100.png 100w\" sizes=\"auto, (max-width: 30px) 100vw, 30px\" \/> <strong><strong><strong>IDEALE PER GRANDI DIMENSIONI<\/strong><\/strong><\/strong><\/h2>\n\n\n\n<p>La pressa piegatrice perfetta per scatolati e vasche di grandi dimensioni. X-Press SuperCustom rappresenta la risposta alle situazioni di lavoro pi\u00f9 complesse.<\/p>\n<\/div>\n\n\n\n<div class=\"wp-block-column is-layout-flow wp-block-column-is-layout-flow\">\n<h2 class=\"wp-block-heading has-medium-font-size\"><img loading=\"lazy\" decoding=\"async\" width=\"30\" height=\"30\" class=\"wp-image-559\" style=\"width: 30px;\" src=\"https:\/\/dealtech.eu\/wp-content\/uploads\/2024\/04\/pngegg2.png\" alt=\"\" srcset=\"https:\/\/dealtech.eu\/wp-content\/uploads\/2024\/04\/pngegg2.png 512w, https:\/\/dealtech.eu\/wp-content\/uploads\/2024\/04\/pngegg2-300x300.png 300w, https:\/\/dealtech.eu\/wp-content\/uploads\/2024\/04\/pngegg2-150x150.png 150w, https:\/\/dealtech.eu\/wp-content\/uploads\/2024\/04\/pngegg2-100x100.png 100w\" sizes=\"auto, (max-width: 30px) 100vw, 30px\" \/> <strong>\u00a0<strong><strong><strong>ESTREMA PRECISIONE<\/strong><\/strong><\/strong><\/strong><\/h2>\n\n\n\n<p>L\u2019elevato livello di precisione, permette di ridurre i costi, risparmiando agli operatori numerose prove e correzioni, grazie a sistemi e accessori intelligenti.<\/p>\n<\/div>\n<\/div>\n\n\n\n<div style=\"height:38px\" aria-hidden=\"true\" class=\"wp-block-spacer\"><\/div>\n\n\n\n<details class=\"wp-block-details is-layout-flow wp-block-details-is-layout-flow\" open><summary><font size=\"28px\"><b>Software<\/b><\/font><\/summary>\n<h3 class=\"wp-block-heading has-vivid-cyan-blue-color has-text-color has-link-color wp-elements-0416384d6607ef66547c783bc42fc9c1\">CNC per pressa piegatrice<\/h3>\n\n\n\n<p>Offriamo una variet\u00e0 di sistemi CNC su misura per le nostre presse piegatrici. Ogni sistema \u00e8 progettato con funzionalit\u00e0 uniche per garantire flessibilit\u00e0 e precisione ottimali. La connessione di tutti i nostri dispositivi alla rete aziendale consente lo scambio sicuro ed efficiente dei programmi di piegatura e di altri dati. Garantiamo la sicurezza dei tuoi programmi e configurazioni tramite le funzionalit\u00e0 di backup e l&#8217;assistenza remota offerta da Gasparini TeleLink.<\/p>\n\n\n\n<h3 class=\"wp-block-heading has-vivid-cyan-blue-color has-text-color has-link-color wp-elements-a413943c3350d967b8ad66f8f1520b80\">Software di programmazione offline<\/h3>\n\n\n\n<p>Il software di programmazione offline consente di creare e caricare programmi senza interrompere il lavoro. Offre funzioni simili al CNC installato, inclusa la gestione delle collisioni e la simulazione della sequenza di piega. Inoltre, permette di importare disegni 2D e 3D da vari formati CAD e di esportare i programmi di piega.<\/p>\n<\/details>\n\n\n\n<div style=\"height:38px\" aria-hidden=\"true\" class=\"wp-block-spacer\"><\/div>\n\n\n\n<h2 class=\"wp-block-heading\">Maggiori informazioni? Compila il form!<\/h2>\n\n\n\n<div class=\"wp-block-contact-form-7-contact-form-selector\"><p class=\"wpcf7-contact-form-not-found\"><strong>Error:<\/strong> Contact form not found.<\/p><\/div>\n","protected":false},"excerpt":{"rendered":"<p>MACCHINE COMBINATE PER PUNZONATURA E CESOIATURA La piegatrice su misura totalmente personalizzabile X-Press SuperCustom \u00e8 un abito sartoriale per la&nbsp;produzione di grandi scatolati e vasche. Ogni aspetto, dalle luci alla<\/p>\n","protected":false},"author":7,"featured_media":641,"parent":0,"menu_order":0,"comment_status":"closed","ping_status":"closed","template":"","meta":{"_seopress_robots_primary_cat":"","_seopress_titles_title":"","_seopress_titles_desc":"","_seopress_robots_index":"","footnotes":""},"categories":[146],"tags":[],"class_list":{"0":"post-594","1":"page","2":"type-page","3":"status-publish","5":"hentry","6":"category-gasparini"},"_links":{"self":[{"href":"https:\/\/dealtech.eu\/en\/wp-json\/wp\/v2\/pages\/594","targetHints":{"allow":["GET"]}}],"collection":[{"href":"https:\/\/dealtech.eu\/en\/wp-json\/wp\/v2\/pages"}],"about":[{"href":"https:\/\/dealtech.eu\/en\/wp-json\/wp\/v2\/types\/page"}],"author":[{"embeddable":true,"href":"https:\/\/dealtech.eu\/en\/wp-json\/wp\/v2\/users\/7"}],"replies":[{"embeddable":true,"href":"https:\/\/dealtech.eu\/en\/wp-json\/wp\/v2\/comments?post=594"}],"version-history":[{"count":2,"href":"https:\/\/dealtech.eu\/en\/wp-json\/wp\/v2\/pages\/594\/revisions"}],"predecessor-version":[{"id":1475,"href":"https:\/\/dealtech.eu\/en\/wp-json\/wp\/v2\/pages\/594\/revisions\/1475"}],"wp:featuredmedia":[{"embeddable":true,"href":"https:\/\/dealtech.eu\/en\/wp-json\/wp\/v2\/media\/641"}],"wp:attachment":[{"href":"https:\/\/dealtech.eu\/en\/wp-json\/wp\/v2\/media?parent=594"}],"wp:term":[{"taxonomy":"category","embeddable":true,"href":"https:\/\/dealtech.eu\/en\/wp-json\/wp\/v2\/categories?post=594"},{"taxonomy":"post_tag","embeddable":true,"href":"https:\/\/dealtech.eu\/en\/wp-json\/wp\/v2\/tags?post=594"}],"curies":[{"name":"wp","href":"https:\/\/api.w.org\/{rel}","templated":true}]}}