
{"id":674,"date":"2024-05-20T22:16:04","date_gmt":"2024-05-20T20:16:04","guid":{"rendered":"https:\/\/dealtech.eu\/it\/?page_id=674"},"modified":"2024-07-01T22:05:08","modified_gmt":"2024-07-01T20:05:08","slug":"platino-linear","status":"publish","type":"page","link":"https:\/\/dealtech.eu\/en\/platino-linear\/","title":{"rendered":"Platino Linear"},"content":{"rendered":"\n<div class=\"wp-block-query is-layout-flow wp-block-query-is-layout-flow\"><ul class=\"wp-block-post-template is-layout-flow wp-block-post-template-is-layout-flow\"><li class=\"post-23 post type-post status-publish format-standard hentry category-combinata-laser\">\n\n<p class=\"has-text-align-center has-x-large-font-size\">PRIMA POWER Platino Linear<\/p>\n\n<\/li><\/ul><\/div>\n\n\n\n<div class=\"wp-block-columns is-layout-flex wp-container-core-columns-is-layout-9d6595d7 wp-block-columns-is-layout-flex\">\n<div class=\"wp-block-column is-layout-flow wp-block-column-is-layout-flow\" style=\"flex-basis:66.66%\"><div id=\"metaslider-id-676\" style=\"width: 100%;\" class=\"ml-slider-3-105-0 metaslider metaslider-flex metaslider-676 ml-slider ms-theme-default nav-hidden\" role=\"region\" aria-label=\"Platino Linear\" data-height=\"300\" data-width=\"700\">\n    <div id=\"metaslider_container_676\">\n        <div id=\"metaslider_676\">\n            <ul class='slides'>\n                <li style=\"display: block; width: 100%;\" class=\"slide-686 ms-image \" aria-roledescription=\"slide\" data-date=\"2024-04-29 14:06:16\" data-filename=\"P9_09062023.3728-1-700x300.png\" data-slide-type=\"image\"><img loading=\"lazy\" decoding=\"async\" src=\"https:\/\/dealtech.eu\/wp-content\/uploads\/2024\/04\/P9_09062023.3728-1-700x300.png\" height=\"300\" width=\"700\" alt=\"\" class=\"slider-676 slide-686 msDefaultImage\" title=\"P9_09062023.3728 (1)\" \/><\/li>\n                <li style=\"display: none; width: 100%;\" class=\"slide-693 ms-image \" aria-roledescription=\"slide\" data-date=\"2024-04-29 14:10:45\" data-filename=\"P9_09062023.2891-700x300.png\" data-slide-type=\"image\"><img loading=\"lazy\" decoding=\"async\" src=\"https:\/\/dealtech.eu\/wp-content\/uploads\/2024\/04\/P9_09062023.2891-700x300.png\" height=\"300\" width=\"700\" alt=\"\" class=\"slider-676 slide-693 msDefaultImage\" title=\"P9_09062023.2891\" \/><\/li>\n                <li style=\"display: none; width: 100%;\" class=\"slide-687 ms-image \" aria-roledescription=\"slide\" data-date=\"2024-04-29 14:06:24\" data-filename=\"P9_CS_3PA.3343-700x300.png\" data-slide-type=\"image\"><img loading=\"lazy\" decoding=\"async\" src=\"https:\/\/dealtech.eu\/wp-content\/uploads\/2024\/04\/P9_CS_3PA.3343-700x300.png\" height=\"300\" width=\"700\" alt=\"\" class=\"slider-676 slide-687 msDefaultImage\" title=\"P9_CS_3PA.3343\" \/><\/li>\n                <li style=\"display: none; width: 100%;\" class=\"slide-692 ms-image \" aria-roledescription=\"slide\" data-date=\"2024-04-29 14:10:20\" data-filename=\"P9_CS.3335-700x300.png\" data-slide-type=\"image\"><img loading=\"lazy\" decoding=\"async\" src=\"https:\/\/dealtech.eu\/wp-content\/uploads\/2024\/04\/P9_CS.3335-700x300.png\" height=\"300\" width=\"700\" alt=\"Prima Power Platino\" class=\"slider-676 slide-692 msDefaultImage\" title=\"P9_CS.3335\" \/><\/li>\n                <li style=\"display: none; width: 100%;\" class=\"slide-700 ms-image \" aria-roledescription=\"slide\" data-date=\"2024-04-29 14:11:27\" data-filename=\"P9_CS_3PA.3343-700x300.png\" data-slide-type=\"image\"><img loading=\"lazy\" decoding=\"async\" src=\"https:\/\/dealtech.eu\/wp-content\/uploads\/2024\/04\/P9_CS_3PA.3343-700x300.png\" height=\"300\" width=\"700\" alt=\"\" class=\"slider-676 slide-700 msDefaultImage\" title=\"P9_CS_3PA.3343\" \/><\/li>\n                <li style=\"display: none; width: 100%;\" class=\"slide-689 ms-image \" aria-roledescription=\"slide\" data-date=\"2024-04-29 14:06:39\" data-filename=\"P9_09062023.2891-700x300.png\" data-slide-type=\"image\"><img loading=\"lazy\" decoding=\"async\" src=\"https:\/\/dealtech.eu\/wp-content\/uploads\/2024\/04\/P9_09062023.2891-700x300.png\" height=\"300\" width=\"700\" alt=\"\" class=\"slider-676 slide-689 msDefaultImage\" title=\"P9_09062023.2891\" \/><\/li>\n                <li style=\"display: none; width: 100%;\" class=\"slide-698 ms-image \" aria-roledescription=\"slide\" data-date=\"2024-04-29 14:11:18\" data-filename=\"Combo_tower_PLSiow.3321-700x300.png\" data-slide-type=\"image\"><img loading=\"lazy\" decoding=\"async\" src=\"https:\/\/dealtech.eu\/wp-content\/uploads\/2024\/04\/Combo_tower_PLSiow.3321-700x300.png\" height=\"300\" width=\"700\" alt=\"\" class=\"slider-676 slide-698 msDefaultImage\" title=\"Combo_tower_PLSiow.3321\" \/><\/li>\n                <li style=\"display: none; width: 100%;\" class=\"slide-696 ms-image \" aria-roledescription=\"slide\" data-date=\"2024-04-29 14:11:00\" data-filename=\"PLN_CTL_PSR.3302-700x300.png\" data-slide-type=\"image\"><img loading=\"lazy\" decoding=\"async\" src=\"https:\/\/dealtech.eu\/wp-content\/uploads\/2024\/04\/PLN_CTL_PSR.3302-700x300.png\" height=\"300\" width=\"700\" alt=\"\" class=\"slider-676 slide-696 msDefaultImage\" title=\"PLN_CTL_PSR.3302\" \/><\/li>\n                <li style=\"display: none; width: 100%;\" class=\"slide-695 ms-image \" aria-roledescription=\"slide\" data-date=\"2024-04-29 14:10:57\" data-filename=\"P9_NT.3167-700x300.png\" data-slide-type=\"image\"><img loading=\"lazy\" decoding=\"async\" src=\"https:\/\/dealtech.eu\/wp-content\/uploads\/2024\/04\/P9_NT.3167-700x300.png\" height=\"300\" width=\"700\" alt=\"\" class=\"slider-676 slide-695 msDefaultImage\" title=\"P9_NT.3167\" \/><\/li>\n            <\/ul>\n        <\/div>\n        \n    <\/div>\n<\/div>\n<\/div>\n\n\n\n<div class=\"wp-block-column is-layout-flow wp-block-column-is-layout-flow\" style=\"flex-basis:33.33%\">\n<p class=\"has-text-color has-link-color has-medium-font-size wp-elements-7a6b5fc31185118d2738b82125ca04a9\" style=\"color:#0286e7\"><strong>MACCHINE PER IL TAGLIO LASER 2D<\/strong><\/p>\n\n\n\n<h2 class=\"wp-block-heading\" style=\"font-size:30px\"><strong>La soluzione affidabile e produttiva per la lavorazione laser 2D a costi vantaggiosi<\/strong><\/h2>\n\n\n\n<p>Platino Linear\u00ae&nbsp;\u00e8 l&#8217;ultima novit\u00e0 della gamma di prodotti laser 2D di Prima Power, frutto del perfetto equilibrio tra l&#8217;esperienza e la qualit\u00e0 di Prima Power e costi di investimento e di esercizio contenuti.<\/p>\n<\/div>\n<\/div>\n\n\n\n<div style=\"height:38px\" aria-hidden=\"true\" class=\"wp-block-spacer\"><\/div>\n\n\n\n<div style=\"height:38px\" aria-hidden=\"true\" class=\"wp-block-spacer\"><\/div>\n\n\n\n<div class=\"wp-block-columns is-layout-flex wp-container-core-columns-is-layout-9d6595d7 wp-block-columns-is-layout-flex\">\n<div class=\"wp-block-column is-layout-flow wp-block-column-is-layout-flow\">\n<p class=\"has-medium-font-size\"><img loading=\"lazy\" decoding=\"async\" width=\"30\" height=\"30\" class=\"wp-image-559\" style=\"width: 30px;\" src=\"https:\/\/dealtech.eu\/wp-content\/uploads\/2024\/04\/pngegg2.png\" alt=\"\" srcset=\"https:\/\/dealtech.eu\/wp-content\/uploads\/2024\/04\/pngegg2.png 512w, https:\/\/dealtech.eu\/wp-content\/uploads\/2024\/04\/pngegg2-300x300.png 300w, https:\/\/dealtech.eu\/wp-content\/uploads\/2024\/04\/pngegg2-150x150.png 150w, https:\/\/dealtech.eu\/wp-content\/uploads\/2024\/04\/pngegg2-100x100.png 100w\" sizes=\"auto, (max-width: 30px) 100vw, 30px\" \/> Macchina da taglio laser efficiente e facile da usare: la soluzione ideale e conveniente per la lavorazione di qualsiasi materiale e forma con un&#8217;elevata qualit\u00e0 di taglio e una grande affidabilit\u00e0.<\/p>\n<\/div>\n\n\n\n<div class=\"wp-block-column is-layout-flow wp-block-column-is-layout-flow\">\n<p class=\"has-medium-font-size\"><img loading=\"lazy\" decoding=\"async\" width=\"30\" height=\"30\" class=\"wp-image-559\" style=\"width: 30px;\" src=\"https:\/\/dealtech.eu\/wp-content\/uploads\/2024\/04\/pngegg2.png\" alt=\"\" srcset=\"https:\/\/dealtech.eu\/wp-content\/uploads\/2024\/04\/pngegg2.png 512w, https:\/\/dealtech.eu\/wp-content\/uploads\/2024\/04\/pngegg2-300x300.png 300w, https:\/\/dealtech.eu\/wp-content\/uploads\/2024\/04\/pngegg2-150x150.png 150w, https:\/\/dealtech.eu\/wp-content\/uploads\/2024\/04\/pngegg2-100x100.png 100w\" sizes=\"auto, (max-width: 30px) 100vw, 30px\" \/> <strong>&nbsp;<\/strong>I motori lineari che non necessitano di manutenzione aumentano il tempo di attivit\u00e0 della macchina e riducono i costi operativi grazie all&#8217;elevata efficienza energetica. Ci\u00f2 rende la Platino Linear la soluzione ideale e conveniente per la lavorazione di qualsiasi materiale e forma.<\/p>\n<\/div>\n<\/div>\n\n\n\n<div class=\"wp-block-columns is-layout-flex wp-container-core-columns-is-layout-9d6595d7 wp-block-columns-is-layout-flex\">\n<div class=\"wp-block-column is-layout-flow wp-block-column-is-layout-flow\">\n<p class=\"has-medium-font-size\"><img loading=\"lazy\" decoding=\"async\" width=\"30\" height=\"30\" class=\"wp-image-559\" style=\"width: 30px;\" src=\"https:\/\/dealtech.eu\/wp-content\/uploads\/2024\/04\/pngegg2.png\" alt=\"\" srcset=\"https:\/\/dealtech.eu\/wp-content\/uploads\/2024\/04\/pngegg2.png 512w, https:\/\/dealtech.eu\/wp-content\/uploads\/2024\/04\/pngegg2-300x300.png 300w, https:\/\/dealtech.eu\/wp-content\/uploads\/2024\/04\/pngegg2-150x150.png 150w, https:\/\/dealtech.eu\/wp-content\/uploads\/2024\/04\/pngegg2-100x100.png 100w\" sizes=\"auto, (max-width: 30px) 100vw, 30px\" \/> La migliore produttivit\u00e0 per metro quadro grazie a un ingombro ridotto del 22%.<\/p>\n<\/div>\n\n\n\n<div class=\"wp-block-column is-layout-flow wp-block-column-is-layout-flow\">\n<p class=\"has-medium-font-size\"><img loading=\"lazy\" decoding=\"async\" width=\"30\" height=\"30\" class=\"wp-image-559\" style=\"width: 30px;\" src=\"https:\/\/dealtech.eu\/wp-content\/uploads\/2024\/04\/pngegg2.png\" alt=\"\" srcset=\"https:\/\/dealtech.eu\/wp-content\/uploads\/2024\/04\/pngegg2.png 512w, https:\/\/dealtech.eu\/wp-content\/uploads\/2024\/04\/pngegg2-300x300.png 300w, https:\/\/dealtech.eu\/wp-content\/uploads\/2024\/04\/pngegg2-150x150.png 150w, https:\/\/dealtech.eu\/wp-content\/uploads\/2024\/04\/pngegg2-100x100.png 100w\" sizes=\"auto, (max-width: 30px) 100vw, 30px\" \/> <strong>&nbsp;<\/strong>Costo per pezzo inferiore grazie al consumo energetico ridotto (efficienza wall-plug superiore al 40%), risparmio di gas fino al 40% e utilizzo della lamiera fino al 96%.<\/p>\n<\/div>\n<\/div>\n\n\n\n<div style=\"height:38px\" aria-hidden=\"true\" class=\"wp-block-spacer\"><\/div>\n\n\n\n<details class=\"wp-block-details is-layout-flow wp-block-details-is-layout-flow\" open><summary><font size=\"28px\"><b>Caratteristiche<\/b><\/font><\/summary>\n<h3 class=\"wp-block-heading has-vivid-cyan-blue-color has-text-color has-link-color wp-elements-abd39ed5c23d1f5768d1d814015c2ae3\">Panoramica<\/h3>\n\n\n\n<p>Platino Linear \u00e8 una macchina per il taglio laser efficiente e facile da usare, progettata per la lavorazione di qualsiasi materiale e forma con un&#8217;elevata qualit\u00e0 di taglio e grande affidabilit\u00e0. \u00c8 una macchina resistente e duratura che offre risultati impeccabili grazie al suo design robusto e resistente.<\/p>\n\n\n\n<p>L&#8217;azionamento lineare, altamente dinamico e che non richiede manutenzione, aumenta i tempi di attivit\u00e0 della macchina, garantendo un&#8217;elevata produttivit\u00e0, soprattutto nella lavorazione di materiali sottili.<\/p>\n\n\n\n<p>Platino Linear \u00e8 estremamente efficiente dal punto di vista dei costi, con una produzione per m<sup>2<\/sup>&nbsp;ed efficienza plug-in imbattibile nella categoria, e un utilizzo del foglio di lamiera incredibilmente sostenibile fino al 96%.<\/p>\n\n\n\n<p>La sua interfaccia intuitiva offre un funzionamento semplice e una serie di funzioni intelligenti che consentono un&#8217;automazione e una connettivit\u00e0 senza sforzo.<br><br>Platino Linear \u00e8 una soluzione modulare che pu\u00f2 essere integrata con un&#8217;ampia gamma di moduli di automazione per il carico, lo scarico, il prelievo, lo smistamento e l&#8217;impilamento di fogli e pezzi. La sua modularit\u00e0 consente a Platino Linear di evolvere con la tua produzione integrando diversi tipi di automazione.<\/p>\n\n\n\n<h3 class=\"wp-block-heading has-vivid-cyan-blue-color has-text-color has-link-color wp-elements-cb5e853490ac7eeb2b7b9f02fb6f6f6a\">Caratteristiche della macchina<\/h3>\n\n\n\n<ul class=\"wp-block-list\">\n<li><strong>Basamento in granito sintetico<\/strong>:<strong>&nbsp;<\/strong>accessibilit\u00e0 impareggiabile all&#8217;area di lavoro, combinata con un assorbimento superiore delle vibrazioni, stabilit\u00e0 termica e resistenza agli agenti atmosferici.<br>&nbsp;<\/li>\n\n\n\n<li><strong>Carro in alluminio<\/strong>:<strong>&nbsp;<\/strong>riduce il peso delle parti mobili, mantenendo una rigidit\u00e0 ideale e garantendo un&#8217;elevata precisione.<br>&nbsp;<\/li>\n\n\n\n<li><strong>Testa laser adattiva<\/strong>: qualit\u00e0 di taglio superiore e prestazioni eccezionali su tutti i materiali con un&#8217;unica lente di messa a fuoco che pu\u00f2 essere adattata per soddisfare le diverse esigenze di produzione.<br>&nbsp;<\/li>\n\n\n\n<li><strong>Cabina di protezione<\/strong>: cabina altamente accessibile con apertura laterale a tutta lunghezza per il carico delle lamiere e porta anteriore per facile manutenzione.<br>&nbsp;<\/li>\n\n\n\n<li><strong>Tech suites<\/strong>: suite di opzioni tecnologiche per ottimizzare le prestazioni della macchina a seconda dell&#8217;applicazione. Le opzioni ECO-TOUCH Cut e Gas Mixer consentono di ridurre drasticamente il consumo di gas fino al 40%.<\/li>\n<\/ul>\n\n\n\n<h3 class=\"wp-block-heading has-vivid-cyan-blue-color has-text-color has-link-color wp-elements-cb5e853490ac7eeb2b7b9f02fb6f6f6a\">Caratteristiche della macchina<\/h3>\n\n\n\n<p><strong>Area di lavoro<\/strong><br>Platino Linear 1530 | X= 3,048 mm; Y= 1,524 mm; Z= 150 mm&nbsp;<br>&nbsp;<br><strong>Velocit\u00e0 assi<\/strong><br>100 m\/min (traiettoria 140 m\/min)<br><br><strong>Precisione di posizionamento (Pa) e Ripetibilit\u00e0 (Ps)*<\/strong><br>0.03 mm<\/p>\n\n\n\n<p><strong>Potenza laser fibra<\/strong><br>2000 W &#8211; 4000 W &#8211; 6000 W \u2013 8000 W &nbsp;<\/p>\n<\/details>\n\n\n\n<div style=\"height:38px\" aria-hidden=\"true\" class=\"wp-block-spacer\"><\/div>\n\n\n\n<h2 class=\"wp-block-heading\">Maggiori informazioni? Compila il form!<\/h2>\n\n\n\n<div class=\"wpcf7 no-js\" id=\"wpcf7-f1438-o1\" lang=\"en-US\" dir=\"ltr\" data-wpcf7-id=\"1438\">\n<div class=\"screen-reader-response\"><p role=\"status\" aria-live=\"polite\" aria-atomic=\"true\"><\/p> <ul><\/ul><\/div>\n<form action=\"\/en\/wp-json\/wp\/v2\/pages\/674#wpcf7-f1438-o1\" method=\"post\" class=\"wpcf7-form init\" aria-label=\"Contact form\" novalidate=\"novalidate\" data-status=\"init\">\n<fieldset class=\"hidden-fields-container\"><input type=\"hidden\" name=\"_wpcf7\" value=\"1438\" \/><input type=\"hidden\" name=\"_wpcf7_version\" value=\"6.1.5\" \/><input type=\"hidden\" name=\"_wpcf7_locale\" value=\"en_US\" \/><input type=\"hidden\" name=\"_wpcf7_unit_tag\" value=\"wpcf7-f1438-o1\" \/><input type=\"hidden\" name=\"_wpcf7_container_post\" value=\"0\" \/><input type=\"hidden\" name=\"_wpcf7_posted_data_hash\" value=\"\" \/><input type=\"hidden\" name=\"_wpcf7dtx_version\" value=\"5.0.4\" \/><input type=\"hidden\" name=\"lang\" value=\"en\" \/><input type=\"hidden\" name=\"_wpcf7_recaptcha_response\" value=\"\" \/>\n<\/fieldset>\n<p><label> Name<br \/>\n<span class=\"wpcf7-form-control-wrap\" data-name=\"your-name\"><input size=\"40\" maxlength=\"400\" class=\"wpcf7-form-control wpcf7-text wpcf7-validates-as-required\" autocomplete=\"name\" aria-required=\"true\" aria-invalid=\"false\" value=\"\" type=\"text\" name=\"your-name\" \/><\/span> <\/label>\n<\/p>\n<p><label> Email<br \/>\n<span class=\"wpcf7-form-control-wrap\" data-name=\"your-email\"><input size=\"40\" maxlength=\"400\" class=\"wpcf7-form-control wpcf7-email wpcf7-validates-as-required wpcf7-text wpcf7-validates-as-email\" autocomplete=\"email\" aria-required=\"true\" aria-invalid=\"false\" value=\"\" type=\"email\" name=\"your-email\" \/><\/span> <\/label>\n<\/p>\n<p><label> Subject<br \/>\n<span class=\"wpcf7-form-control-wrap\" data-name=\"your-subject\"><input size=\"40\" maxlength=\"400\" class=\"wpcf7-form-control wpcf7-text wpcf7-validates-as-required\" aria-required=\"true\" aria-invalid=\"false\" value=\"\" type=\"text\" name=\"your-subject\" \/><\/span> <\/label>\n<\/p>\n<p><label class=\"wpcf7-form-control wpcf7-label wpcf7dtx wpcf7dtx-label\">Platino Linear<\/label>\n<\/p>\n<p><span id=\"wpcf7-69f36c7ea41af-wrapper\" class=\"wpcf7-form-control-wrap your-prod-message-wrap\" style=\"display:none !important; visibility:hidden !important;\"><input type=\"hidden\" name=\"your-prod-message-time-start\" value=\"1777560702\"><input type=\"hidden\" name=\"your-prod-message-time-check\" value=\"4\"><label for=\"wpcf7-69f36c7ea41af-field\" class=\"hp-message\">Please leave this field empty.<\/label><input id=\"wpcf7-69f36c7ea41af-field\"  class=\"wpcf7-form-control wpcf7-text\" type=\"text\" name=\"your-prod-message\" value=\"\" size=\"40\" tabindex=\"-1\" autocomplete=\"new-password\" \/><\/span>\n<\/p>\n<p><label> Messagge (optional)<br \/>\n<span class=\"wpcf7-form-control-wrap\" data-name=\"your-prod-message\"><textarea cols=\"40\" rows=\"10\" maxlength=\"2000\" class=\"wpcf7-form-control wpcf7-textarea\" aria-invalid=\"false\" name=\"your-prod-message\"><\/textarea><\/span> <\/label>\n<\/p>\n<p><input class=\"wpcf7-form-control wpcf7-submit has-spinner\" type=\"submit\" value=\"Send\" \/>\n<\/p><div class=\"wpcf7-response-output\" aria-hidden=\"true\"><\/div>\n<\/form>\n<\/div>\n\n","protected":false},"excerpt":{"rendered":"<p>MACCHINE PER IL TAGLIO LASER 2D La soluzione affidabile e produttiva per la lavorazione laser 2D a costi vantaggiosi Platino Linear\u00ae&nbsp;\u00e8 l&#8217;ultima novit\u00e0 della gamma di prodotti laser 2D di<\/p>\n","protected":false},"author":11,"featured_media":1256,"parent":0,"menu_order":0,"comment_status":"closed","ping_status":"closed","template":"","meta":{"_seopress_robots_primary_cat":"","_seopress_titles_title":"","_seopress_titles_desc":"","_seopress_robots_index":"","footnotes":""},"categories":[148],"tags":[],"class_list":{"0":"post-674","1":"page","2":"type-page","3":"status-publish","5":"hentry","6":"category-prima-power-laser"},"_links":{"self":[{"href":"https:\/\/dealtech.eu\/en\/wp-json\/wp\/v2\/pages\/674","targetHints":{"allow":["GET"]}}],"collection":[{"href":"https:\/\/dealtech.eu\/en\/wp-json\/wp\/v2\/pages"}],"about":[{"href":"https:\/\/dealtech.eu\/en\/wp-json\/wp\/v2\/types\/page"}],"author":[{"embeddable":true,"href":"https:\/\/dealtech.eu\/en\/wp-json\/wp\/v2\/users\/11"}],"replies":[{"embeddable":true,"href":"https:\/\/dealtech.eu\/en\/wp-json\/wp\/v2\/comments?post=674"}],"version-history":[{"count":6,"href":"https:\/\/dealtech.eu\/en\/wp-json\/wp\/v2\/pages\/674\/revisions"}],"predecessor-version":[{"id":1463,"href":"https:\/\/dealtech.eu\/en\/wp-json\/wp\/v2\/pages\/674\/revisions\/1463"}],"wp:featuredmedia":[{"embeddable":true,"href":"https:\/\/dealtech.eu\/en\/wp-json\/wp\/v2\/media\/1256"}],"wp:attachment":[{"href":"https:\/\/dealtech.eu\/en\/wp-json\/wp\/v2\/media?parent=674"}],"wp:term":[{"taxonomy":"category","embeddable":true,"href":"https:\/\/dealtech.eu\/en\/wp-json\/wp\/v2\/categories?post=674"},{"taxonomy":"post_tag","embeddable":true,"href":"https:\/\/dealtech.eu\/en\/wp-json\/wp\/v2\/tags?post=674"}],"curies":[{"name":"wp","href":"https:\/\/api.w.org\/{rel}","templated":true}]}}