
{"id":730,"date":"2024-05-20T22:19:48","date_gmt":"2024-05-20T20:19:48","guid":{"rendered":"https:\/\/dealtech.eu\/it\/?page_id=730"},"modified":"2024-07-13T15:52:33","modified_gmt":"2024-07-13T13:52:33","slug":"taglio-laser-2d","status":"publish","type":"page","link":"https:\/\/dealtech.eu\/en\/taglio-laser-2d\/","title":{"rendered":"Taglio Laser 2D"},"content":{"rendered":"\n<h2 class=\"wp-block-heading has-text-align-center has-vivid-cyan-blue-color has-text-color has-link-color has-large-font-size wp-elements-8b885a55559a6f32f3c525cdf70b9a8f\">TUTTI I PRODOTTI PRIMA POWER: Taglio Laser 2D<\/h2>\n\n\n\n<div style=\"height:37px\" aria-hidden=\"true\" class=\"wp-block-spacer\"><\/div>\n\n\n\n<p class=\"has-text-align-center has-luminous-vivid-amber-color has-text-color has-link-color has-large-font-size wp-elements-d9bd4dc1ac592c426af45cad04da5d75\"><strong><em>Taglio laser. Lo strumento pi\u00f9 flessibile di sempre&nbsp;<\/em><\/strong><\/p>\n\n\n\n<div style=\"height:37px\" aria-hidden=\"true\" class=\"wp-block-spacer\"><\/div>\n\n\n\n<h2 class=\"wp-block-heading has-vivid-cyan-blue-color has-text-color has-link-color has-large-font-size wp-elements-70358b3c5612ee84bd64c7b5e6f1c18d\">Tecnologia di taglio laser 2D<\/h2>\n\n\n\n<p>Il&nbsp;<strong>taglio laser<\/strong>&nbsp;\u00e8 una&nbsp;<strong>tecnologia di produzione incredibilmente flessibile<\/strong>. \u00c8 possibile lavorare un&#8217;ampia variet\u00e0 di materiali e spessori, senza alcun limite alla forma che si pu\u00f2 ottenere. La sua programmazione \u00e8 cos\u00ec rapida che qualsiasi modifica pu\u00f2 essere applicata in ogni fase della produzione, praticamente senza costi e tempi aggiuntivi. La precisione \u00e8 massima, la qualit\u00e0 di taglio \u00e8 eccellente e non si verificano distorsioni dei pezzi. La migliore applicazione della tecnologia laser \u00e8 la lavorazione di materiali metallici (acciaio dolce, acciaio inox, alluminio, rame e ottone) con uno spessore da 0,8 mm a 30 mm.<\/p>\n\n\n\n<p>La produttivit\u00e0 di questa tecnologia pu\u00f2 essere ulteriormente migliorata grazie all&#8217;ampia gamma di soluzioni di automazione modulare che possono aiutare a gestire l&#8217;intero ciclo produttivo e alle suite di opzioni tecnologiche per adattare il&nbsp;<strong>taglio laser<\/strong>&nbsp;alle&nbsp;<strong>specifiche esigenze del cliente<\/strong><a href=\"https:\/\/www.gasparini.com\/products\/x-press-easy\/\"><\/a><\/p>\n\n\n\n<div style=\"height:37px\" aria-hidden=\"true\" class=\"wp-block-spacer\"><\/div>\n\n\n\n<div style=\"height:37px\" aria-hidden=\"true\" class=\"wp-block-spacer\"><\/div>\n\n\n\n<div class=\"wp-block-columns is-layout-flex wp-container-core-columns-is-layout-9d6595d7 wp-block-columns-is-layout-flex\">\n<div class=\"wp-block-column is-layout-flow wp-block-column-is-layout-flow\">\n<h2 class=\"wp-block-heading has-text-align-center\" style=\"font-size:25px\">Platino Linear<\/h2>\n\n\n<div class=\"wp-block-image\">\n<figure class=\"aligncenter size-medium is-resized\"><a href=\"https:\/\/dealtech.eu\/wp-content\/uploads\/2024\/05\/11-1.png\"><img loading=\"lazy\" decoding=\"async\" width=\"300\" height=\"300\" src=\"https:\/\/dealtech.eu\/wp-content\/uploads\/2024\/05\/11-1-300x300.png\" alt=\"\" class=\"wp-image-1256\" style=\"width:274px;height:auto\" srcset=\"https:\/\/dealtech.eu\/wp-content\/uploads\/2024\/05\/11-1-300x300.png 300w, https:\/\/dealtech.eu\/wp-content\/uploads\/2024\/05\/11-1-150x150.png 150w, https:\/\/dealtech.eu\/wp-content\/uploads\/2024\/05\/11-1-100x100.png 100w, https:\/\/dealtech.eu\/wp-content\/uploads\/2024\/05\/11-1.png 500w\" sizes=\"auto, (max-width: 300px) 100vw, 300px\" \/><\/a><\/figure>\n<\/div>\n\n\n<div style=\"height:10px\" aria-hidden=\"true\" class=\"wp-block-spacer\"><\/div>\n\n\n\n<div class=\"wp-block-buttons is-content-justification-center is-layout-flex wp-container-core-buttons-is-layout-16018d1d wp-block-buttons-is-layout-flex\">\n<div class=\"wp-block-button\"><a class=\"wp-block-button__link has-white-color has-vivid-cyan-blue-background-color has-text-color has-background has-link-color has-text-align-center wp-element-button\" href=\"https:\/\/dealtech.eu\/it\/platino-linear\/\" style=\"border-radius:12px\"><strong>MORE<\/strong><\/a><\/div>\n<\/div>\n<\/div>\n\n\n\n<div class=\"wp-block-column is-layout-flow wp-block-column-is-layout-flow\">\n<h2 class=\"wp-block-heading has-text-align-center\" style=\"font-size:25px\">Laser Genius +<\/h2>\n\n\n<div class=\"wp-block-image\">\n<figure class=\"aligncenter size-medium is-resized\"><a href=\"https:\/\/dealtech.eu\/wp-content\/uploads\/2024\/05\/21-1.png\"><img loading=\"lazy\" decoding=\"async\" width=\"300\" height=\"300\" src=\"https:\/\/dealtech.eu\/wp-content\/uploads\/2024\/05\/21-1-300x300.png\" alt=\"\" class=\"wp-image-1257\" style=\"width:274px;height:auto\" srcset=\"https:\/\/dealtech.eu\/wp-content\/uploads\/2024\/05\/21-1-300x300.png 300w, https:\/\/dealtech.eu\/wp-content\/uploads\/2024\/05\/21-1-150x150.png 150w, https:\/\/dealtech.eu\/wp-content\/uploads\/2024\/05\/21-1-100x100.png 100w, https:\/\/dealtech.eu\/wp-content\/uploads\/2024\/05\/21-1.png 500w\" sizes=\"auto, (max-width: 300px) 100vw, 300px\" \/><\/a><\/figure>\n<\/div>\n\n\n<div style=\"height:10px\" aria-hidden=\"true\" class=\"wp-block-spacer\"><\/div>\n\n\n\n<div class=\"wp-block-buttons is-content-justification-center is-layout-flex wp-container-core-buttons-is-layout-16018d1d wp-block-buttons-is-layout-flex\">\n<div class=\"wp-block-button\"><a class=\"wp-block-button__link has-white-color has-vivid-cyan-blue-background-color has-text-color has-background has-link-color has-text-align-center wp-element-button\" href=\"https:\/\/dealtech.eu\/it\/laser-genius-plus\/\" style=\"border-radius:12px\"><strong>MORE<\/strong><\/a><\/div>\n<\/div>\n<\/div>\n<\/div>\n\n\n\n<div style=\"height:100px\" aria-hidden=\"true\" class=\"wp-block-spacer\"><\/div>\n\n\n<div id=\"metaslider-id-731\" style=\"width: 100%;\" class=\"ml-slider-3-105-0 metaslider metaslider-flex metaslider-731 ml-slider ms-theme-default nav-hidden\" role=\"region\" aria-label=\"Taglio Laser 2D\" data-height=\"1686\" data-width=\"2048\">\n    <div id=\"metaslider_container_731\">\n        <div id=\"metaslider_731\">\n            <ul class='slides'>\n                <li style=\"display: block; width: 100%;\" class=\"slide-733 ms-image \" aria-roledescription=\"slide\" data-date=\"2024-04-29 14:38:34\" data-filename=\"Brass_2mm_6kW_nitrogen_cut-2045x1684.jpg\" data-slide-type=\"image\"><img loading=\"lazy\" decoding=\"async\" src=\"https:\/\/dealtech.eu\/wp-content\/uploads\/2024\/04\/Brass_2mm_6kW_nitrogen_cut-2045x1684.jpg\" height=\"1686\" width=\"2048\" alt=\"\" class=\"slider-731 slide-733 msDefaultImage\" title=\"Brass_2mm_6kW_nitrogen_cut\" \/><\/li>\n                <li style=\"display: none; width: 100%;\" class=\"slide-744 ms-image \" aria-roledescription=\"slide\" data-date=\"2024-04-29 14:41:21\" data-filename=\"Zinccoated_1mm_6kW_nitrogen_cut-1777x1463.jpg\" data-slide-type=\"image\"><img loading=\"lazy\" decoding=\"async\" src=\"https:\/\/dealtech.eu\/wp-content\/uploads\/2024\/04\/Zinccoated_1mm_6kW_nitrogen_cut-1777x1463.jpg\" height=\"1686\" width=\"2048\" alt=\"\" class=\"slider-731 slide-744 msDefaultImage\" title=\"Zinccoated_1mm_6kW_nitrogen_cut\" \/><\/li>\n                <li style=\"display: none; width: 100%;\" class=\"slide-745 ms-image \" aria-roledescription=\"slide\" data-date=\"2024-04-29 14:41:21\" data-filename=\"Stainless_3mm_10kW_nitrogen-1658x1365.jpg\" data-slide-type=\"image\"><img loading=\"lazy\" decoding=\"async\" src=\"https:\/\/dealtech.eu\/wp-content\/uploads\/2024\/04\/Stainless_3mm_10kW_nitrogen-1658x1365.jpg\" height=\"1686\" width=\"2048\" alt=\"\" class=\"slider-731 slide-745 msDefaultImage\" title=\"Stainless_3mm_10kW_nitrogen\" \/><\/li>\n                <li style=\"display: none; width: 100%;\" class=\"slide-746 ms-image \" aria-roledescription=\"slide\" data-date=\"2024-04-29 14:41:21\" data-filename=\"Mildsteel_20mm_6kW_oxygen_cut-1658x1365.jpg\" data-slide-type=\"image\"><img loading=\"lazy\" decoding=\"async\" src=\"https:\/\/dealtech.eu\/wp-content\/uploads\/2024\/04\/Mildsteel_20mm_6kW_oxygen_cut-1658x1365.jpg\" height=\"1686\" width=\"2048\" alt=\"\" class=\"slider-731 slide-746 msDefaultImage\" title=\"Mildsteel_20mm_6kW_oxygen_cut\" \/><\/li>\n                <li style=\"display: none; width: 100%;\" class=\"slide-747 ms-image \" aria-roledescription=\"slide\" data-date=\"2024-04-29 14:41:22\" data-filename=\"Mildsteel_8mm_10kW_oxygen_cut-1658x1365.jpg\" data-slide-type=\"image\"><img loading=\"lazy\" decoding=\"async\" src=\"https:\/\/dealtech.eu\/wp-content\/uploads\/2024\/04\/Mildsteel_8mm_10kW_oxygen_cut-1658x1365.jpg\" height=\"1686\" width=\"2048\" alt=\"\" class=\"slider-731 slide-747 msDefaultImage\" title=\"Mildsteel_8mm_10kW_oxygen_cut\" \/><\/li>\n                <li style=\"display: none; width: 100%;\" class=\"slide-748 ms-image \" aria-roledescription=\"slide\" data-date=\"2024-04-29 14:41:22\" data-filename=\"Copper_3mm_6kW_oxygen_cut-1540x1268.jpg\" data-slide-type=\"image\"><img loading=\"lazy\" decoding=\"async\" src=\"https:\/\/dealtech.eu\/wp-content\/uploads\/2024\/04\/Copper_3mm_6kW_oxygen_cut-1540x1268.jpg\" height=\"1686\" width=\"2048\" alt=\"\" class=\"slider-731 slide-748 msDefaultImage\" title=\"Copper_3mm_6kW_oxygen_cut\" \/><\/li>\n                <li style=\"display: none; width: 100%;\" class=\"slide-749 ms-image \" aria-roledescription=\"slide\" data-date=\"2024-04-29 14:41:22\" data-filename=\"Aluminum_3mm_6kW_gas_mix_cut-1658x1365.jpg\" data-slide-type=\"image\"><img loading=\"lazy\" decoding=\"async\" src=\"https:\/\/dealtech.eu\/wp-content\/uploads\/2024\/04\/Aluminum_3mm_6kW_gas_mix_cut-1658x1365.jpg\" height=\"1686\" width=\"2048\" alt=\"\" class=\"slider-731 slide-749 msDefaultImage\" title=\"Aluminum_3mm_6kW_gas_mix_cut\" \/><\/li>\n                <li style=\"display: none; width: 100%;\" class=\"slide-750 ms-image \" aria-roledescription=\"slide\" data-date=\"2024-04-29 14:41:22\" data-filename=\"Zincoated_1mm_6kW_nitrogen_cut-1616x1331.jpg\" data-slide-type=\"image\"><img loading=\"lazy\" decoding=\"async\" src=\"https:\/\/dealtech.eu\/wp-content\/uploads\/2024\/04\/Zincoated_1mm_6kW_nitrogen_cut-1616x1331.jpg\" height=\"1686\" width=\"2048\" alt=\"\" class=\"slider-731 slide-750 msDefaultImage\" title=\"Zincoated_1mm_6kW_nitrogen_cut\" \/><\/li>\n                <li style=\"display: none; width: 100%;\" class=\"slide-751 ms-image \" aria-roledescription=\"slide\" data-date=\"2024-04-29 14:41:22\" data-filename=\"Mildsteel_6mm_4kW_oxygen_cut-1777x1463.jpg\" data-slide-type=\"image\"><img loading=\"lazy\" decoding=\"async\" src=\"https:\/\/dealtech.eu\/wp-content\/uploads\/2024\/04\/Mildsteel_6mm_4kW_oxygen_cut-1777x1463.jpg\" height=\"1686\" width=\"2048\" alt=\"\" class=\"slider-731 slide-751 msDefaultImage\" title=\"Mildsteel_6mm_4kW_oxygen_cut\" \/><\/li>\n            <\/ul>\n        <\/div>\n        \n    <\/div>\n<\/div>\n\n\n\n<div style=\"height:37px\" aria-hidden=\"true\" class=\"wp-block-spacer\"><\/div>\n\n\n\n<div style=\"height:37px\" aria-hidden=\"true\" class=\"wp-block-spacer\"><\/div>\n","protected":false},"excerpt":{"rendered":"<p>TUTTI I PRODOTTI PRIMA POWER: Taglio Laser 2D Taglio laser. Lo strumento pi\u00f9 flessibile di sempre&nbsp; Tecnologia di taglio laser 2D Il&nbsp;taglio laser&nbsp;\u00e8 una&nbsp;tecnologia di produzione incredibilmente flessibile. \u00c8 possibile<\/p>\n","protected":false},"author":1,"featured_media":0,"parent":0,"menu_order":0,"comment_status":"closed","ping_status":"closed","template":"","meta":{"_seopress_robots_primary_cat":"","_seopress_titles_title":"","_seopress_titles_desc":"","_seopress_robots_index":"","footnotes":""},"categories":[],"tags":[],"class_list":{"1":"page","2":"type-page","3":"status-publish","4":"hentry"},"_links":{"self":[{"href":"https:\/\/dealtech.eu\/en\/wp-json\/wp\/v2\/pages\/730","targetHints":{"allow":["GET"]}}],"collection":[{"href":"https:\/\/dealtech.eu\/en\/wp-json\/wp\/v2\/pages"}],"about":[{"href":"https:\/\/dealtech.eu\/en\/wp-json\/wp\/v2\/types\/page"}],"author":[{"embeddable":true,"href":"https:\/\/dealtech.eu\/en\/wp-json\/wp\/v2\/users\/1"}],"replies":[{"embeddable":true,"href":"https:\/\/dealtech.eu\/en\/wp-json\/wp\/v2\/comments?post=730"}],"version-history":[{"count":12,"href":"https:\/\/dealtech.eu\/en\/wp-json\/wp\/v2\/pages\/730\/revisions"}],"predecessor-version":[{"id":1596,"href":"https:\/\/dealtech.eu\/en\/wp-json\/wp\/v2\/pages\/730\/revisions\/1596"}],"wp:attachment":[{"href":"https:\/\/dealtech.eu\/en\/wp-json\/wp\/v2\/media?parent=730"}],"wp:term":[{"taxonomy":"category","embeddable":true,"href":"https:\/\/dealtech.eu\/en\/wp-json\/wp\/v2\/categories?post=730"},{"taxonomy":"post_tag","embeddable":true,"href":"https:\/\/dealtech.eu\/en\/wp-json\/wp\/v2\/tags?post=730"}],"curies":[{"name":"wp","href":"https:\/\/api.w.org\/{rel}","templated":true}]}}