
{"id":796,"date":"2024-05-20T22:20:23","date_gmt":"2024-05-20T20:20:23","guid":{"rendered":"https:\/\/dealtech.eu\/it\/?page_id=796"},"modified":"2024-07-01T22:01:02","modified_gmt":"2024-07-01T20:01:02","slug":"laserdyne-795","status":"publish","type":"page","link":"https:\/\/dealtech.eu\/en\/laserdyne-795\/","title":{"rendered":"LASERDYNE\u00ae 795"},"content":{"rendered":"\n<div class=\"wp-block-query is-layout-flow wp-block-query-is-layout-flow\"><ul class=\"wp-block-post-template is-layout-flow wp-block-post-template-is-layout-flow\"><li class=\"post-23 post type-post status-publish format-standard hentry category-combinata-laser\">\n\n<p class=\"has-text-align-center has-x-large-font-size\">PRIMA POWER LASERDYNE\u00ae 795<\/p>\n\n<\/li><\/ul><\/div>\n\n\n\n<div class=\"wp-block-columns is-layout-flex wp-container-core-columns-is-layout-9d6595d7 wp-block-columns-is-layout-flex\">\n<div class=\"wp-block-column is-layout-flow wp-block-column-is-layout-flow\" style=\"flex-basis:66.66%\"><div id=\"metaslider-id-799\" style=\"width: 100%;\" class=\"ml-slider-3-105-0 metaslider metaslider-flex metaslider-799 ml-slider ms-theme-default nav-hidden\" role=\"region\" aria-label=\"LASERDYNE\u00ae 795\" data-height=\"500\" data-width=\"700\">\n    <div id=\"metaslider_container_799\">\n        <div id=\"metaslider_799\">\n            <ul class='slides'>\n                <li style=\"display: block; width: 100%;\" class=\"slide-806 ms-image \" aria-roledescription=\"slide\" data-date=\"2024-04-30 00:23:00\" data-filename=\"MAIN_Laserdyne_795-610x436.png\" data-slide-type=\"image\"><img loading=\"lazy\" decoding=\"async\" src=\"https:\/\/dealtech.eu\/wp-content\/uploads\/2024\/04\/MAIN_Laserdyne_795-610x436.png\" height=\"500\" width=\"700\" alt=\"\" class=\"slider-799 slide-806 msDefaultImage\" title=\"MAIN_Laserdyne_795\" \/><\/li>\n                <li style=\"display: none; width: 100%;\" class=\"slide-807 ms-image \" aria-roledescription=\"slide\" data-date=\"2024-04-30 00:23:00\" data-filename=\"Immagine_0-700x500.png\" data-slide-type=\"image\"><img loading=\"lazy\" decoding=\"async\" src=\"https:\/\/dealtech.eu\/wp-content\/uploads\/2024\/04\/Immagine_0-700x500.png\" height=\"500\" width=\"700\" alt=\"\" class=\"slider-799 slide-807 msDefaultImage\" title=\"Immagine_0\" \/><\/li>\n                <li style=\"display: none; width: 100%;\" class=\"slide-808 ms-image \" aria-roledescription=\"slide\" data-date=\"2024-04-30 00:23:01\" data-filename=\"795-6-611x436.png\" data-slide-type=\"image\"><img loading=\"lazy\" decoding=\"async\" src=\"https:\/\/dealtech.eu\/wp-content\/uploads\/2024\/04\/795-6-611x436.png\" height=\"500\" width=\"700\" alt=\"\" class=\"slider-799 slide-808 msDefaultImage\" title=\"795 6\" \/><\/li>\n                <li style=\"display: none; width: 100%;\" class=\"slide-809 ms-image \" aria-roledescription=\"slide\" data-date=\"2024-04-30 00:23:01\" data-filename=\"795-5-507x362.png\" data-slide-type=\"image\"><img loading=\"lazy\" decoding=\"async\" src=\"https:\/\/dealtech.eu\/wp-content\/uploads\/2024\/04\/795-5-507x362.png\" height=\"500\" width=\"700\" alt=\"\" class=\"slider-799 slide-809 msDefaultImage\" title=\"795 5\" \/><\/li>\n                <li style=\"display: none; width: 100%;\" class=\"slide-810 ms-image \" aria-roledescription=\"slide\" data-date=\"2024-04-30 00:23:01\" data-filename=\"795-4-700x500.png\" data-slide-type=\"image\"><img loading=\"lazy\" decoding=\"async\" src=\"https:\/\/dealtech.eu\/wp-content\/uploads\/2024\/04\/795-4-700x500.png\" height=\"500\" width=\"700\" alt=\"\" class=\"slider-799 slide-810 msDefaultImage\" title=\"795 4\" \/><\/li>\n                <li style=\"display: none; width: 100%;\" class=\"slide-811 ms-image \" aria-roledescription=\"slide\" data-date=\"2024-04-30 00:23:01\" data-filename=\"795-3-700x500.png\" data-slide-type=\"image\"><img loading=\"lazy\" decoding=\"async\" src=\"https:\/\/dealtech.eu\/wp-content\/uploads\/2024\/04\/795-3-700x500.png\" height=\"500\" width=\"700\" alt=\"\" class=\"slider-799 slide-811 msDefaultImage\" title=\"795 3\" \/><\/li>\n            <\/ul>\n        <\/div>\n        \n    <\/div>\n<\/div>\n<\/div>\n\n\n\n<div class=\"wp-block-column is-layout-flow wp-block-column-is-layout-flow\" style=\"flex-basis:33.33%\">\n<p class=\"has-vivid-cyan-blue-color has-text-color has-link-color wp-elements-37071ce4b3f386ef97b690ab37554755\"><strong>MACCHINE PER IL TAGLIO LASER&nbsp;3D<\/strong><\/p>\n\n\n\n<h2 class=\"wp-block-heading has-large-font-size\"><strong>Il sistema di lavorazione laser multiasse leader per operazioni di precisione di saldatura, foratura, taglio e applicazioni additive DED (Direct&nbsp;Energy Deposition)<\/strong><\/h2>\n<\/div>\n<\/div>\n\n\n\n<div style=\"height:38px\" aria-hidden=\"true\" class=\"wp-block-spacer\"><\/div>\n\n\n\n<p>LASERDYNE\u00ae 795 soddisfa l&#8217;ampia gamma di esigenze di lavorazione laser per il mercato aerospaziale, automotive, dei motori a turbina e della produzione general purpose.&nbsp; Le funzionalit\u00e0 e le capacit\u00e0 di questo sistema rispondono alle esigenze del cliente grazie alla flessibilit\u00e0 e alla precisione della tecnologia di lavorazione laser. Grazie all\u2019integrazione completa della macchina, del laser e dei sensori di&nbsp;processo, il controller LASERDYNE\u00ae S94P permette il controllo totale del processo, in tempo reale.&nbsp;Questo assicura controllo, ripetibilit\u00e0 e qualit\u00e0 senza precedenti del processo laser.<\/p>\n\n\n\n<div class=\"wp-block-columns is-layout-flex wp-container-core-columns-is-layout-9d6595d7 wp-block-columns-is-layout-flex\">\n<div class=\"wp-block-column is-layout-flow wp-block-column-is-layout-flow\">\n<h2 class=\"wp-block-heading has-medium-font-size\"><img loading=\"lazy\" decoding=\"async\" width=\"30\" height=\"30\" class=\"wp-image-559\" style=\"width: 30px;\" src=\"https:\/\/dealtech.eu\/wp-content\/uploads\/2024\/04\/pngegg2.png\" alt=\"\" srcset=\"https:\/\/dealtech.eu\/wp-content\/uploads\/2024\/04\/pngegg2.png 512w, https:\/\/dealtech.eu\/wp-content\/uploads\/2024\/04\/pngegg2-300x300.png 300w, https:\/\/dealtech.eu\/wp-content\/uploads\/2024\/04\/pngegg2-150x150.png 150w, https:\/\/dealtech.eu\/wp-content\/uploads\/2024\/04\/pngegg2-100x100.png 100w\" sizes=\"auto, (max-width: 30px) 100vw, 30px\" \/> FLESSIBILITA&#8217;<\/h2>\n\n\n\n<p>Un\u2019unica macchina in grado di supportare applicazioni 2D e 3D per la saldatura, la foratura e il taglio di componenti. Il BeamDirector\u00ae e gli ugelli a cambio rapido consentono il passaggio da un processo laser a un altro. La macchina supporta da 3 a oltre 7 assi di movimento simultaneo.<\/p>\n<\/div>\n\n\n\n<div class=\"wp-block-column is-layout-flow wp-block-column-is-layout-flow\">\n<h2 class=\"wp-block-heading has-medium-font-size\"><img loading=\"lazy\" decoding=\"async\" width=\"30\" height=\"30\" class=\"wp-image-559\" style=\"width: 30px;\" src=\"https:\/\/dealtech.eu\/wp-content\/uploads\/2024\/04\/pngegg2.png\" alt=\"\" srcset=\"https:\/\/dealtech.eu\/wp-content\/uploads\/2024\/04\/pngegg2.png 512w, https:\/\/dealtech.eu\/wp-content\/uploads\/2024\/04\/pngegg2-300x300.png 300w, https:\/\/dealtech.eu\/wp-content\/uploads\/2024\/04\/pngegg2-150x150.png 150w, https:\/\/dealtech.eu\/wp-content\/uploads\/2024\/04\/pngegg2-100x100.png 100w\" sizes=\"auto, (max-width: 30px) 100vw, 30px\" \/> <strong>&nbsp;<\/strong>AFFIDABILITA&#8217;<\/h2>\n\n\n\n<p>Completamente testata e validata per le operazioni di saldatura, foratura e taglio laser. La macchina racchiude oltre 40 anni di esperienza nell&#8217;ingegneria e nella lavorazione laser industriale. LASERDYNE\u00ae vanta una solida reputazione per la produzione costante e rapida di componenti di qualit\u00e0.<\/p>\n<\/div>\n<\/div>\n\n\n\n<div class=\"wp-block-columns is-layout-flex wp-container-core-columns-is-layout-9d6595d7 wp-block-columns-is-layout-flex\">\n<div class=\"wp-block-column is-layout-flow wp-block-column-is-layout-flow\">\n<h2 class=\"wp-block-heading has-medium-font-size\"><img loading=\"lazy\" decoding=\"async\" width=\"30\" height=\"30\" class=\"wp-image-559\" style=\"width: 30px;\" src=\"https:\/\/dealtech.eu\/wp-content\/uploads\/2024\/04\/pngegg2.png\" alt=\"\" srcset=\"https:\/\/dealtech.eu\/wp-content\/uploads\/2024\/04\/pngegg2.png 512w, https:\/\/dealtech.eu\/wp-content\/uploads\/2024\/04\/pngegg2-300x300.png 300w, https:\/\/dealtech.eu\/wp-content\/uploads\/2024\/04\/pngegg2-150x150.png 150w, https:\/\/dealtech.eu\/wp-content\/uploads\/2024\/04\/pngegg2-100x100.png 100w\" sizes=\"auto, (max-width: 30px) 100vw, 30px\" \/> EFFICIENZA<\/h2>\n\n\n\n<p>Tempi di ciclo ridotti. Maggiore efficienza complessiva dell\u2019apparecchiatura grazie alla riduzione dei tempi di fermo e degli interventi di manutenzione con neno risorse dedicate. Utilizzo pi\u00f9 efficiente dello spazio a terra per l&#8217;intera area di lavoro della macchina.<\/p>\n<\/div>\n\n\n\n<div class=\"wp-block-column is-layout-flow wp-block-column-is-layout-flow\">\n<h2 class=\"wp-block-heading has-medium-font-size\"><img loading=\"lazy\" decoding=\"async\" width=\"30\" height=\"30\" class=\"wp-image-559\" style=\"width: 30px;\" src=\"https:\/\/dealtech.eu\/wp-content\/uploads\/2024\/04\/pngegg2.png\" alt=\"\" srcset=\"https:\/\/dealtech.eu\/wp-content\/uploads\/2024\/04\/pngegg2.png 512w, https:\/\/dealtech.eu\/wp-content\/uploads\/2024\/04\/pngegg2-300x300.png 300w, https:\/\/dealtech.eu\/wp-content\/uploads\/2024\/04\/pngegg2-150x150.png 150w, https:\/\/dealtech.eu\/wp-content\/uploads\/2024\/04\/pngegg2-100x100.png 100w\" sizes=\"auto, (max-width: 30px) 100vw, 30px\" \/> <strong>&nbsp;<\/strong>PRECISIONE<\/h2>\n\n\n\n<p>Prestazioni altamente precise e ripetibili producono parti e componenti di qualit\u00e0 per saldatura, taglio e foratura. Il controller S94P e il sistema di movimento offrono un controllo completo e in tempo reale dei processi laser.<\/p>\n<\/div>\n<\/div>\n\n\n\n<div class=\"wp-block-columns is-layout-flex wp-container-core-columns-is-layout-9d6595d7 wp-block-columns-is-layout-flex\">\n<div class=\"wp-block-column is-layout-flow wp-block-column-is-layout-flow\">\n<h2 class=\"wp-block-heading has-medium-font-size\"><img loading=\"lazy\" decoding=\"async\" width=\"30\" height=\"30\" class=\"wp-image-559\" style=\"width: 30px;\" src=\"https:\/\/dealtech.eu\/wp-content\/uploads\/2024\/04\/pngegg2.png\" alt=\"\" srcset=\"https:\/\/dealtech.eu\/wp-content\/uploads\/2024\/04\/pngegg2.png 512w, https:\/\/dealtech.eu\/wp-content\/uploads\/2024\/04\/pngegg2-300x300.png 300w, https:\/\/dealtech.eu\/wp-content\/uploads\/2024\/04\/pngegg2-150x150.png 150w, https:\/\/dealtech.eu\/wp-content\/uploads\/2024\/04\/pngegg2-100x100.png 100w\" sizes=\"auto, (max-width: 30px) 100vw, 30px\" \/> <strong>COMPETENZA NELLA LAVORAZIONE LASER<\/strong><\/h2>\n\n\n\n<p>Prima Power Laserdyne comprende il LASERDYNE Application Group\u2122, il cui scopo \u00e8 aiutare il cliente a definire un processo laser efficiente sfruttando le capacit\u00e0 della macchina attraverso test, sviluppo dei parametri e progettazione dell&#8217;apparecchiatura e vanta oltre 40 anni di esperienza, competenza e conoscenza dei processi laser.<\/p>\n<\/div>\n\n\n\n<div class=\"wp-block-column is-layout-flow wp-block-column-is-layout-flow\">\n<h2 class=\"wp-block-heading has-medium-font-size\"><img loading=\"lazy\" decoding=\"async\" width=\"30\" height=\"30\" class=\"wp-image-559\" style=\"width: 30px;\" src=\"https:\/\/dealtech.eu\/wp-content\/uploads\/2024\/04\/pngegg2.png\" alt=\"\" srcset=\"https:\/\/dealtech.eu\/wp-content\/uploads\/2024\/04\/pngegg2.png 512w, https:\/\/dealtech.eu\/wp-content\/uploads\/2024\/04\/pngegg2-300x300.png 300w, https:\/\/dealtech.eu\/wp-content\/uploads\/2024\/04\/pngegg2-150x150.png 150w, https:\/\/dealtech.eu\/wp-content\/uploads\/2024\/04\/pngegg2-100x100.png 100w\" sizes=\"auto, (max-width: 30px) 100vw, 30px\" \/> <strong>&nbsp;ASSISTENZA TELEFONICA DA REMOTO<\/strong><\/h2>\n\n\n\n<p>Assistenza telefonica remota per il sistema LASERDYNE\u00ae&nbsp;795&nbsp;disponibile 24 ore su 24, 7 giorni su 7, 365 giorni all\u2019anno. Il tecnico di assistenza prover\u00e0 a diagnosticare e risolvere il problema in remoto. Se il problema non pu\u00f2 essere risolto telefonicamente, il tecnico avvier\u00e0 il processo per l\u2019assistenza in loco.<\/p>\n<\/div>\n<\/div>\n\n\n\n<div class=\"wp-block-columns is-layout-flex wp-container-core-columns-is-layout-9d6595d7 wp-block-columns-is-layout-flex\">\n<div class=\"wp-block-column is-layout-flow wp-block-column-is-layout-flow\">\n<h2 class=\"wp-block-heading has-medium-font-size\"><img loading=\"lazy\" decoding=\"async\" width=\"30\" height=\"30\" class=\"wp-image-559\" style=\"width: 30px;\" src=\"https:\/\/dealtech.eu\/wp-content\/uploads\/2024\/04\/pngegg2.png\" alt=\"\" srcset=\"https:\/\/dealtech.eu\/wp-content\/uploads\/2024\/04\/pngegg2.png 512w, https:\/\/dealtech.eu\/wp-content\/uploads\/2024\/04\/pngegg2-300x300.png 300w, https:\/\/dealtech.eu\/wp-content\/uploads\/2024\/04\/pngegg2-150x150.png 150w, https:\/\/dealtech.eu\/wp-content\/uploads\/2024\/04\/pngegg2-100x100.png 100w\" sizes=\"auto, (max-width: 30px) 100vw, 30px\" \/> <strong>COMPETENZA NELLA LAVORAZIONE LASER<\/strong><\/h2>\n\n\n\n<p>LASERDYNE\u00ae 795 offre il miglior valore sul mercato per la lavorazione laser di precisione. Le prestazioni ottimizzate e le SmartTechniques\u2122 integrate sono progettate per offrire una lavorazione laser di precisione rapida, efficiente e affidabile per la produzione di pezzi di qualit\u00e0 dall&#8217;inizio alla fine.<\/p>\n<\/div>\n\n\n\n<div class=\"wp-block-column is-layout-flow wp-block-column-is-layout-flow\">\n<h2 class=\"wp-block-heading has-medium-font-size\"><\/h2>\n<\/div>\n<\/div>\n\n\n\n<div style=\"height:38px\" aria-hidden=\"true\" class=\"wp-block-spacer\"><\/div>\n\n\n\n<details class=\"wp-block-details is-layout-flow wp-block-details-is-layout-flow\" open><summary><font size=\"28px\"><b>Caratteristiche<\/b><\/font><\/summary>\n<h3 class=\"wp-block-heading has-vivid-cyan-blue-color has-text-color has-link-color wp-elements-abd39ed5c23d1f5768d1d814015c2ae3\">Panoramica<\/h3>\n\n\n\n<p>LASERDYNE\u00ae 795 \u00e8 disponibile con laser fibra CW (fino a 4000 W)e QCW (fino a 23.000 W) ed \u00e8 facilmente integrabile in un&#8217;ampia variet\u00e0 di soluzioni di automazione, rendendo LASERDYNE\u00ae 795 una vera e propria piattaforma.&nbsp;Fonti laser a elevata efficienza energetica, costi di esercizio ridotti e minima manutenzione. Prestazioni di lunga durata comprovate per un ammortamento del costo del capitale.<\/p>\n\n\n\n<p>LASERDYNE\u00ae&nbsp;795, un sistema di movimento a 5 assi reali, \u00e8 progettato per saldare, forare e tagliare pezzi 2D e 3D di medie e grandi dimensioni con un esclusivo sistema di movimento del fascio, denominato BeamDirector\u00ae. BeamDirector\u00ae consente l&#8217;accesso alle geometrie dei pezzi pi\u00f9 difficili ed \u00e8 costruito per funzionare ad alta velocit\u00e0 senza compromettere l&#8217;accuratezza meccanica, rappresentando il primo e unico sistema laser multiasse standard in grado di garantire l&#8217;accuratezza volumetrica.&nbsp;<\/p>\n\n\n\n<p>LASERDYNE\u00ae 795 con laser fibra \u00e8 progettato in modo per le operazioni di saldatura, foratura e taglio di precisione di pezzi 2D e 3D. Questi sistemi offrono la flessibilit\u00e0 di movimento necessaria e tolleranze ristrette durante la lavorazione laser. L&#8217;architettura a telaio aperto e il sistema di movimento del raggio consentono di configurare il sistema in modo da gestire parti dalle dimensioni virtualmente illimitate.<\/p>\n\n\n\n<h3 class=\"wp-block-heading has-vivid-cyan-blue-color has-text-color has-link-color wp-elements-cb5e853490ac7eeb2b7b9f02fb6f6f6a\">Caratteristiche della macchina<\/h3>\n\n\n\n<p>Le funzionalit\u00e0 e le capacit\u00e0 del sistema LASERDYNE\u00ae 795 riflettono le mutevoli esigenze della tecnologia di lavorazione laser. Il software di controllo LASERDYNE\u00ae S94P integra il laser, il movimento e il rilevamento del processo in un unico sistema, per fornire processi di produzione ben controllati e migliorare la qualit\u00e0 dei pezzi, per una produttivit\u00e0 accelerata con una minore dipendenza dall&#8217;operatore. Il controllo S94P \u00e8 in grado di controllare simultaneamente pi\u00f9 di 7 assi.<\/p>\n\n\n\n<p>La struttura rigida incorpora un basamento in granito sintetico con una robusta struttura saldata in acciaio per la realizzazione di superfici lavorate con estrema precisione.<\/p>\n\n\n\n<p>Il design BeamDirector\u00ae a trasmissione diretta ed elevata capacit\u00e0 elimina ingranaggi e cinghie, assicurando una maggiore precisione e consentendo una corsa e una portata maggiori.<\/p>\n\n\n\n<p><strong>I punti di forza di Laserdyne di Prima Power<\/strong><\/p>\n\n\n\n<p><strong>Flessibilit\u00e0<\/strong><\/p>\n\n\n\n<p>Un\u2019unica macchina in grado di supportare applicazioni 2D e 3D per la saldatura, la foratura e il taglio di componenti. Il BeamDirector\u00ae e gli ugelli a cambio rapido consentono il passaggio da un processo laser a un altro. La macchina supporta da 3 a oltre 7 assi di movimento simultaneo.<\/p>\n\n\n\n<p><strong>Affidabilit\u00e0<\/strong><\/p>\n\n\n\n<p>Completamente testata e validata per le operazioni di saldatura, foratura e taglio laser. La macchina racchiude oltre 40 anni di esperienza nell&#8217;ingegneria e nella lavorazione laser industriale. LASERDYNE\u00ae vanta una solida reputazione per la produzione costante e rapida di componenti di qualit\u00e0.<\/p>\n\n\n\n<p><strong>Efficienza<\/strong><\/p>\n\n\n\n<p>Tempi di ciclo ridotti. Maggiore efficienza complessiva dell\u2019apparecchiatura grazie alla riduzione dei tempi di fermo e degli interventi di manutenzione con neno risorse dedicate. Utilizzo pi\u00f9 efficiente dello spazio a terra per l&#8217;intera area di lavoro della macchina.<\/p>\n\n\n\n<p><strong>Precisione<\/strong><\/p>\n\n\n\n<p>Prestazioni altamente precise e ripetibili producono parti e componenti di qualit\u00e0 per saldatura, taglio e foratura. Il controller S94P e il sistema di movimento offrono un controllo completo e in tempo reale dei processi laser.<\/p>\n\n\n\n<p><strong>Competenza nella lavorazione laser<\/strong><\/p>\n\n\n\n<p>Prima Power Laserdyne comprende il LASERDYNE Application Group\u2122, il cui scopo \u00e8 aiutare il cliente a definire un processo laser efficiente sfruttando le capacit\u00e0 della macchina attraverso test, sviluppo dei parametri e progettazione dell&#8217;apparecchiatura e vanta oltre 40 anni di esperienza, competenza e conoscenza dei processi laser.<\/p>\n\n\n\n<p><strong>Assistenza telefonico remota<\/strong><\/p>\n\n\n\n<p>Assistenza telefonica remota per il sistema LASERDYNE\u00ae&nbsp;811 disponibile 24 ore su 24, 7 giorni su 7, 365 giorni all\u2019anno. Il tecnico di assistenza prover\u00e0 a diagnosticare e risolvere il problema in remoto. Se il problema non pu\u00f2 essere risolto telefonicamente, il tecnico avvier\u00e0 il processo per l\u2019assistenza in loco.<\/p>\n\n\n\n<p><strong>Valore<\/strong><\/p>\n\n\n\n<p>LASERDYNE\u00ae 811 offre il miglior valore sul mercato per la lavorazione laser di precisione. Le prestazioni ottimizzate e le SmartTechniques\u2122 integrate sono progettate per offrire una lavorazione laser di precisione rapida, efficiente e affidabile per la produzione di pezzi di qualit\u00e0 dall&#8217;inizio alla fine.<\/p>\n\n\n\n<h3 class=\"wp-block-heading has-vivid-cyan-blue-color has-text-color has-link-color wp-elements-4822bb808d34026e09780d7e47c5d156\">Dati tecnici<\/h3>\n\n\n\n<p><strong>Corsa<\/strong><br>LASERDYNE\u00ae 795 XS: X 1,000 mm \u2013 Y 1,000 mm \u2013 Z 1,000 mm&nbsp;<br>LASERDYNE\u00ae 795 XL:&nbsp;X 2,000 mm \u2013 Y 1,000 mm \u2013 Z 1,000 mm<br>Nota: sono disponibili altezze maggiori per l&#8217;asse Z: 1370 mm (54\u201d) o 1830 (72\u201d)<br>BeamDirector\u00ae:&nbsp; C 900\u00b0 \u2013 D 300\u00b0 (\u00b1150\u00b0 dalla verticale)<\/p>\n\n\n\n<p><strong>Velocit\u00e0 degli assi<\/strong><br>X, Y, Z: 20 m\/min<br>BeamDirector\u00ae: 90 giri\/min.<\/p>\n\n\n\n<figure class=\"wp-block-table\"><table><tbody><tr><td>Precisione<\/td><td>X, Y, and Z axis =&nbsp;&nbsp;25 um (0,001\u201d)BeamDirector\u00ae = +\/-15 arcsecondsRotazione\/inclinazione= numerose opzioni disponibili<\/td><\/tr><tr><td>Ripetibilit\u00e0<\/td><td>X, Y,&nbsp; and Z axis =&nbsp;25 um (0,001\u201d)BeamDirector\u00ae = 15 arcsecondsRotazione\/inclinazione= numerose opzioni disponibili<\/td><\/tr><\/tbody><\/table><\/figure>\n\n\n\n<p><strong>Potenza sorgente laser<\/strong><br>Fiber CW 4000 W<br>Fiber QCW 9000 W \u2013 23000 W<\/p>\n<\/details>\n\n\n\n<div style=\"height:38px\" aria-hidden=\"true\" class=\"wp-block-spacer\"><\/div>\n\n\n\n<div style=\"height:38px\" aria-hidden=\"true\" class=\"wp-block-spacer\"><\/div>\n\n\n\n<h2 class=\"wp-block-heading\">Maggiori informazioni? Compila il form!<\/h2>\n\n\n\n<div class=\"wpcf7 no-js\" id=\"wpcf7-f1438-o1\" lang=\"en-US\" dir=\"ltr\" data-wpcf7-id=\"1438\">\n<div class=\"screen-reader-response\"><p role=\"status\" aria-live=\"polite\" aria-atomic=\"true\"><\/p> <ul><\/ul><\/div>\n<form action=\"\/en\/wp-json\/wp\/v2\/pages\/796#wpcf7-f1438-o1\" method=\"post\" class=\"wpcf7-form init\" aria-label=\"Contact form\" novalidate=\"novalidate\" data-status=\"init\">\n<fieldset class=\"hidden-fields-container\"><input type=\"hidden\" name=\"_wpcf7\" value=\"1438\" \/><input type=\"hidden\" name=\"_wpcf7_version\" value=\"6.1.5\" \/><input type=\"hidden\" name=\"_wpcf7_locale\" value=\"en_US\" \/><input type=\"hidden\" name=\"_wpcf7_unit_tag\" value=\"wpcf7-f1438-o1\" \/><input type=\"hidden\" name=\"_wpcf7_container_post\" value=\"0\" \/><input type=\"hidden\" name=\"_wpcf7_posted_data_hash\" value=\"\" \/><input type=\"hidden\" name=\"_wpcf7dtx_version\" value=\"5.0.4\" \/><input type=\"hidden\" name=\"lang\" value=\"en\" \/><input type=\"hidden\" name=\"_wpcf7_recaptcha_response\" value=\"\" \/>\n<\/fieldset>\n<p><label> Name<br \/>\n<span class=\"wpcf7-form-control-wrap\" data-name=\"your-name\"><input size=\"40\" maxlength=\"400\" class=\"wpcf7-form-control wpcf7-text wpcf7-validates-as-required\" autocomplete=\"name\" aria-required=\"true\" aria-invalid=\"false\" value=\"\" type=\"text\" name=\"your-name\" \/><\/span> <\/label>\n<\/p>\n<p><label> Email<br \/>\n<span class=\"wpcf7-form-control-wrap\" data-name=\"your-email\"><input size=\"40\" maxlength=\"400\" class=\"wpcf7-form-control wpcf7-email wpcf7-validates-as-required wpcf7-text wpcf7-validates-as-email\" autocomplete=\"email\" aria-required=\"true\" aria-invalid=\"false\" value=\"\" type=\"email\" name=\"your-email\" \/><\/span> <\/label>\n<\/p>\n<p><label> Subject<br \/>\n<span class=\"wpcf7-form-control-wrap\" data-name=\"your-subject\"><input size=\"40\" maxlength=\"400\" class=\"wpcf7-form-control wpcf7-text wpcf7-validates-as-required\" aria-required=\"true\" aria-invalid=\"false\" value=\"\" type=\"text\" name=\"your-subject\" \/><\/span> <\/label>\n<\/p>\n<p><label class=\"wpcf7-form-control wpcf7-label wpcf7dtx wpcf7dtx-label\">LASERDYNE\u00ae 795<\/label>\n<\/p>\n<p><span id=\"wpcf7-69fb23a434fc8-wrapper\" class=\"wpcf7-form-control-wrap your-prod-message-wrap\" style=\"display:none !important; visibility:hidden !important;\"><input type=\"hidden\" name=\"your-prod-message-time-start\" value=\"1778066340\"><input type=\"hidden\" name=\"your-prod-message-time-check\" value=\"4\"><label for=\"wpcf7-69fb23a434fc8-field\" class=\"hp-message\">Please leave this field empty.<\/label><input id=\"wpcf7-69fb23a434fc8-field\"  class=\"wpcf7-form-control wpcf7-text\" type=\"text\" name=\"your-prod-message\" value=\"\" size=\"40\" tabindex=\"-1\" autocomplete=\"new-password\" \/><\/span>\n<\/p>\n<p><label> Messagge (optional)<br \/>\n<span class=\"wpcf7-form-control-wrap\" data-name=\"your-prod-message\"><textarea cols=\"40\" rows=\"10\" maxlength=\"2000\" class=\"wpcf7-form-control wpcf7-textarea\" aria-invalid=\"false\" name=\"your-prod-message\"><\/textarea><\/span> <\/label>\n<\/p>\n<p><input class=\"wpcf7-form-control wpcf7-submit has-spinner\" type=\"submit\" value=\"Send\" \/>\n<\/p><div class=\"wpcf7-response-output\" aria-hidden=\"true\"><\/div>\n<\/form>\n<\/div>\n\n","protected":false},"excerpt":{"rendered":"<p>MACCHINE PER IL TAGLIO LASER&nbsp;3D Il sistema di lavorazione laser multiasse leader per operazioni di precisione di saldatura, foratura, taglio e applicazioni additive DED (Direct&nbsp;Energy Deposition) LASERDYNE\u00ae 795 soddisfa l&#8217;ampia<\/p>\n","protected":false},"author":11,"featured_media":1264,"parent":0,"menu_order":0,"comment_status":"closed","ping_status":"closed","template":"","meta":{"_seopress_robots_primary_cat":"","_seopress_titles_title":"","_seopress_titles_desc":"","_seopress_robots_index":"","footnotes":""},"categories":[148],"tags":[],"class_list":{"0":"post-796","1":"page","2":"type-page","3":"status-publish","5":"hentry","6":"category-prima-power-laser"},"_links":{"self":[{"href":"https:\/\/dealtech.eu\/en\/wp-json\/wp\/v2\/pages\/796","targetHints":{"allow":["GET"]}}],"collection":[{"href":"https:\/\/dealtech.eu\/en\/wp-json\/wp\/v2\/pages"}],"about":[{"href":"https:\/\/dealtech.eu\/en\/wp-json\/wp\/v2\/types\/page"}],"author":[{"embeddable":true,"href":"https:\/\/dealtech.eu\/en\/wp-json\/wp\/v2\/users\/11"}],"replies":[{"embeddable":true,"href":"https:\/\/dealtech.eu\/en\/wp-json\/wp\/v2\/comments?post=796"}],"version-history":[{"count":5,"href":"https:\/\/dealtech.eu\/en\/wp-json\/wp\/v2\/pages\/796\/revisions"}],"predecessor-version":[{"id":1457,"href":"https:\/\/dealtech.eu\/en\/wp-json\/wp\/v2\/pages\/796\/revisions\/1457"}],"wp:featuredmedia":[{"embeddable":true,"href":"https:\/\/dealtech.eu\/en\/wp-json\/wp\/v2\/media\/1264"}],"wp:attachment":[{"href":"https:\/\/dealtech.eu\/en\/wp-json\/wp\/v2\/media?parent=796"}],"wp:term":[{"taxonomy":"category","embeddable":true,"href":"https:\/\/dealtech.eu\/en\/wp-json\/wp\/v2\/categories?post=796"},{"taxonomy":"post_tag","embeddable":true,"href":"https:\/\/dealtech.eu\/en\/wp-json\/wp\/v2\/tags?post=796"}],"curies":[{"name":"wp","href":"https:\/\/api.w.org\/{rel}","templated":true}]}}