
{"id":887,"date":"2024-05-20T22:17:12","date_gmt":"2024-05-20T20:17:12","guid":{"rendered":"https:\/\/dealtech.eu\/it\/?page_id=887"},"modified":"2024-07-13T16:20:12","modified_gmt":"2024-07-13T14:20:12","slug":"ebe-express-bender","status":"publish","type":"page","link":"https:\/\/dealtech.eu\/en\/ebe-express-bender\/","title":{"rendered":"EBe Express Bender"},"content":{"rendered":"\n<div class=\"wp-block-query is-layout-flow wp-block-query-is-layout-flow\"><ul class=\"wp-block-post-template is-layout-flow wp-block-post-template-is-layout-flow\"><li class=\"post-23 post type-post status-publish format-standard hentry category-combinata-laser\">\n\n<p class=\"has-text-align-center has-x-large-font-size\">PRIMA POWER EBe Express Bender<\/p>\n\n<\/li><\/ul><\/div>\n\n\n\n<div class=\"wp-block-columns is-layout-flex wp-container-core-columns-is-layout-9d6595d7 wp-block-columns-is-layout-flex\">\n<div class=\"wp-block-column is-layout-flow wp-block-column-is-layout-flow\" style=\"flex-basis:66.66%\"><div id=\"metaslider-id-888\" style=\"width: 100%;\" class=\"ml-slider-3-105-0 metaslider metaslider-flex metaslider-888 ml-slider ms-theme-default nav-hidden\" role=\"region\" aria-label=\"EBe Express Bender\" data-height=\"500\" data-width=\"700\">\n    <div id=\"metaslider_container_888\">\n        <div id=\"metaslider_888\">\n            <ul class='slides'>\n                <li style=\"display: block; width: 100%;\" class=\"slide-896 ms-image \" aria-roledescription=\"slide\" data-date=\"2024-04-30 01:05:04\" data-filename=\"Prima_Power_EBe_10-700x500.png\" data-slide-type=\"image\"><img loading=\"lazy\" decoding=\"async\" src=\"https:\/\/dealtech.eu\/wp-content\/uploads\/2024\/04\/Prima_Power_EBe_10-700x500.png\" height=\"500\" width=\"700\" alt=\"\" class=\"slider-888 slide-896 msDefaultImage\" title=\"Prima_Power_EBe_10\" \/><\/li>\n                <li style=\"display: none; width: 100%;\" class=\"slide-897 ms-image \" aria-roledescription=\"slide\" data-date=\"2024-04-30 01:05:04\" data-filename=\"Prima_Power_EBe_8-700x500.png\" data-slide-type=\"image\"><img loading=\"lazy\" decoding=\"async\" src=\"https:\/\/dealtech.eu\/wp-content\/uploads\/2024\/04\/Prima_Power_EBe_8-700x500.png\" height=\"500\" width=\"700\" alt=\"Prima Power panel bendere express\" class=\"slider-888 slide-897 msDefaultImage\" title=\"Prima_Power_EBe_8\" \/><\/li>\n                <li style=\"display: none; width: 100%;\" class=\"slide-898 ms-image \" aria-roledescription=\"slide\" data-date=\"2024-04-30 01:05:04\" data-filename=\"Prima_Power_EBe_5-700x500.png\" data-slide-type=\"image\"><img loading=\"lazy\" decoding=\"async\" src=\"https:\/\/dealtech.eu\/wp-content\/uploads\/2024\/04\/Prima_Power_EBe_5-700x500.png\" height=\"500\" width=\"700\" alt=\"\" class=\"slider-888 slide-898 msDefaultImage\" title=\"Prima_Power_EBe_5\" \/><\/li>\n                <li style=\"display: none; width: 100%;\" class=\"slide-900 ms-image \" aria-roledescription=\"slide\" data-date=\"2024-04-30 01:05:05\" data-filename=\"Ebe-700x500.jpg\" data-slide-type=\"image\"><img loading=\"lazy\" decoding=\"async\" src=\"https:\/\/dealtech.eu\/wp-content\/uploads\/2024\/04\/Ebe-700x500.jpg\" height=\"500\" width=\"700\" alt=\"\" class=\"slider-888 slide-900 msDefaultImage\" title=\"Ebe\" \/><\/li>\n            <\/ul>\n        <\/div>\n        \n    <\/div>\n<\/div>\n<\/div>\n\n\n\n<div class=\"wp-block-column is-layout-flow wp-block-column-is-layout-flow\" style=\"flex-basis:33.33%\">\n<p>PANNELLATRICI<\/p>\n\n\n\n<h2 class=\"wp-block-heading has-large-font-size\">La produttivit\u00e0 al suo massimo<\/h2>\n\n\n\n<p>Express Bender EBe di Prima Power \u00e8 la pannellatrice servo elettrica che aumenta considerevolmente la capacit\u00e0 produttiva grazie a processi automatizzati di carico e scarico, massimizzando cos\u00ec l&#8217;efficienza del processo di piegatura. La versione EBe stand-alone \u00e8 dotata di una tavola porta-pacco per il carico di quantit\u00e0 elevate di uno stesso pezzo: una configurazione perfetta per volumi produttivi importanti con variabilit\u00e0 limitata.<\/p>\n<\/div>\n<\/div>\n\n\n\n<div style=\"height:38px\" aria-hidden=\"true\" class=\"wp-block-spacer\"><\/div>\n\n\n\n<div class=\"wp-block-columns is-layout-flex wp-container-core-columns-is-layout-9d6595d7 wp-block-columns-is-layout-flex\">\n<div class=\"wp-block-column is-layout-flow wp-block-column-is-layout-flow\">\n<h2 class=\"wp-block-heading has-medium-font-size\"><img loading=\"lazy\" decoding=\"async\" width=\"30\" height=\"30\" class=\"wp-image-559\" style=\"width: 30px;\" src=\"https:\/\/dealtech.eu\/wp-content\/uploads\/2024\/04\/pngegg2.png\" alt=\"\" srcset=\"https:\/\/dealtech.eu\/wp-content\/uploads\/2024\/04\/pngegg2.png 512w, https:\/\/dealtech.eu\/wp-content\/uploads\/2024\/04\/pngegg2-300x300.png 300w, https:\/\/dealtech.eu\/wp-content\/uploads\/2024\/04\/pngegg2-150x150.png 150w, https:\/\/dealtech.eu\/wp-content\/uploads\/2024\/04\/pngegg2-100x100.png 100w\" sizes=\"auto, (max-width: 30px) 100vw, 30px\" \/> FLESSIBILITA&#8217;<\/h2>\n\n\n\n<p>Eccellente qualit\u00e0 di piegatura grazie al database per la correzione dell&#8217;angolo e alla tecnologia servo elettrica.<\/p>\n<\/div>\n\n\n\n<div class=\"wp-block-column is-layout-flow wp-block-column-is-layout-flow\">\n<h2 class=\"wp-block-heading has-medium-font-size\"><img loading=\"lazy\" decoding=\"async\" width=\"30\" height=\"30\" class=\"wp-image-559\" style=\"width: 30px;\" src=\"https:\/\/dealtech.eu\/wp-content\/uploads\/2024\/04\/pngegg2.png\" alt=\"\" srcset=\"https:\/\/dealtech.eu\/wp-content\/uploads\/2024\/04\/pngegg2.png 512w, https:\/\/dealtech.eu\/wp-content\/uploads\/2024\/04\/pngegg2-300x300.png 300w, https:\/\/dealtech.eu\/wp-content\/uploads\/2024\/04\/pngegg2-150x150.png 150w, https:\/\/dealtech.eu\/wp-content\/uploads\/2024\/04\/pngegg2-100x100.png 100w\" sizes=\"auto, (max-width: 30px) 100vw, 30px\" \/> <strong>&nbsp;<\/strong>VELOCITA&#8217;<\/h2>\n\n\n\n<p>Abbattimento dei tempi di ciclo grazie a operazioni di carico e scarico in tempo mascherato.<\/p>\n<\/div>\n<\/div>\n\n\n\n<div class=\"wp-block-columns is-layout-flex wp-container-core-columns-is-layout-9d6595d7 wp-block-columns-is-layout-flex\">\n<div class=\"wp-block-column is-layout-flow wp-block-column-is-layout-flow\">\n<h2 class=\"wp-block-heading has-medium-font-size\"><img loading=\"lazy\" decoding=\"async\" width=\"30\" height=\"30\" class=\"wp-image-559\" style=\"width: 30px;\" src=\"https:\/\/dealtech.eu\/wp-content\/uploads\/2024\/04\/pngegg2.png\" alt=\"\" srcset=\"https:\/\/dealtech.eu\/wp-content\/uploads\/2024\/04\/pngegg2.png 512w, https:\/\/dealtech.eu\/wp-content\/uploads\/2024\/04\/pngegg2-300x300.png 300w, https:\/\/dealtech.eu\/wp-content\/uploads\/2024\/04\/pngegg2-150x150.png 150w, https:\/\/dealtech.eu\/wp-content\/uploads\/2024\/04\/pngegg2-100x100.png 100w\" sizes=\"auto, (max-width: 30px) 100vw, 30px\" \/> SCALABILITA&#8217;<\/h2>\n\n\n\n<p>Indicata per ogni esigenza produttiva grazie alla gamma completa di soluzioni per l\u2019automazione di carico, scarico e impilamento.<\/p>\n<\/div>\n\n\n\n<div class=\"wp-block-column is-layout-flow wp-block-column-is-layout-flow\">\n<h2 class=\"wp-block-heading has-medium-font-size\"><img loading=\"lazy\" decoding=\"async\" width=\"30\" height=\"30\" class=\"wp-image-559\" style=\"width: 30px;\" src=\"https:\/\/dealtech.eu\/wp-content\/uploads\/2024\/04\/pngegg2.png\" alt=\"\" srcset=\"https:\/\/dealtech.eu\/wp-content\/uploads\/2024\/04\/pngegg2.png 512w, https:\/\/dealtech.eu\/wp-content\/uploads\/2024\/04\/pngegg2-300x300.png 300w, https:\/\/dealtech.eu\/wp-content\/uploads\/2024\/04\/pngegg2-150x150.png 150w, https:\/\/dealtech.eu\/wp-content\/uploads\/2024\/04\/pngegg2-100x100.png 100w\" sizes=\"auto, (max-width: 30px) 100vw, 30px\" \/> <strong>&nbsp;<\/strong>SEMPLICITA&#8217;<\/h2>\n\n\n\n<p>Programmazione 3D con simulazione integrata del ciclo di piegatura.<\/p>\n<\/div>\n<\/div>\n\n\n\n<div style=\"height:38px\" aria-hidden=\"true\" class=\"wp-block-spacer\"><\/div>\n\n\n\n<details class=\"wp-block-details is-layout-flow wp-block-details-is-layout-flow\" open><summary><font size=\"28px\"><b>Caratteristiche<\/b><\/font><\/summary>\n<h3 class=\"wp-block-heading has-vivid-cyan-blue-color has-text-color has-link-color wp-elements-abd39ed5c23d1f5768d1d814015c2ae3\">Panoramica<\/h3>\n\n\n\n<p>Il dispositivo PCD rappresenta un&#8217;alternativa con maggiore automazione per il carico di pi\u00f9 pile di pezzi diversi, con un ribaltatore opzionale, che consente la produzione di lotti o kit e predispone la pannellatrice per future connessioni ad altre macchine Prima Power.<\/p>\n\n\n\n<h3 class=\"wp-block-heading has-vivid-cyan-blue-color has-text-color has-link-color wp-elements-4822bb808d34026e09780d7e47c5d156\">Dati tecnici<\/h3>\n\n\n\n<figure class=\"wp-block-table\"><table><tbody><tr><td>&nbsp;<\/td><td class=\"has-text-align-center\" data-align=\"center\"><strong>EBe2220<\/strong><br><strong>EBe2226<\/strong><\/td><td class=\"has-text-align-center\" data-align=\"center\"><strong>EBe2720<\/strong><br><strong>EBe2726<\/strong><\/td><td class=\"has-text-align-center\" data-align=\"center\"><strong>EBe3320<\/strong><br><strong>EBe3326<\/strong><\/td><td class=\"has-text-align-center\" data-align=\"center\"><strong>EBe3820<\/strong><br><strong>EBe3826<\/strong><\/td><\/tr><tr><td><strong>Lunghezza massima di piegatura<\/strong><\/td><td class=\"has-text-align-center\" data-align=\"center\">2,250 mm<\/td><td class=\"has-text-align-center\" data-align=\"center\">2,750 mm<\/td><td class=\"has-text-align-center\" data-align=\"center\">3,350 mm<\/td><td class=\"has-text-align-center\" data-align=\"center\">3,800 mm<\/td><\/tr><tr><td><strong>Lunghezza massima del foglio da lavorare<\/strong><\/td><td class=\"has-text-align-center\" data-align=\"center\" colspan=\"2\">2,850 mm<\/td><td class=\"has-text-align-center\" data-align=\"center\">3,850 mm<\/td><td class=\"has-text-align-center\" data-align=\"center\">4,000 mm<\/td><\/tr><tr><td><strong>Larghezza massima del foglio da lavorare<\/strong><\/td><td class=\"has-text-align-center\" data-align=\"center\" colspan=\"2\">1,500 mm<\/td><td class=\"has-text-align-center\" data-align=\"center\" colspan=\"2\">1,700 mm<\/td><\/tr><tr><td><strong>Diagonale massima del pannello<\/strong><\/td><td class=\"has-text-align-center\" data-align=\"center\" colspan=\"2\">3,000 mm<\/td><td class=\"has-text-align-center\" data-align=\"center\">3,950 mm<\/td><td class=\"has-text-align-center\" data-align=\"center\">4,000 mm<\/td><\/tr><tr><td><strong>Altezza massima di piegatura<\/strong><\/td><td class=\"has-text-align-center\" data-align=\"center\" colspan=\"4\">204 mm<br>264 mm<\/td><\/tr><tr><td><strong>Piega massima a rientrare<\/strong><\/td><td class=\"has-text-align-center\" data-align=\"center\" colspan=\"4\">55 mm<\/td><\/tr><tr><td><strong>Forza di piegatura<\/strong><\/td><td class=\"has-text-align-center\" data-align=\"center\">32t(320kN)<\/td><td class=\"has-text-align-center\" data-align=\"center\" colspan=\"3\">41t(410kN)<\/td><\/tr><tr><td><strong>Forza di tenuta foglio<\/strong><\/td><td class=\"has-text-align-center\" data-align=\"center\">52t(510kN)<\/td><td class=\"has-text-align-center\" data-align=\"center\">90t(890kN)<\/td><td class=\"has-text-align-center\" data-align=\"center\" colspan=\"2\">100t(980kN)<\/td><\/tr><tr><td><strong>Spessore max, acciaio UTS 410 N\/mm<sup>2<\/sup><\/strong><\/td><td class=\"has-text-align-center\" data-align=\"center\">3.0 mm<\/td><td class=\"has-text-align-center\" data-align=\"center\">3.2 mm<\/td><td class=\"has-text-align-center\" data-align=\"center\">3.0 mm*3.2 mm**<\/td><td class=\"has-text-align-center\" data-align=\"center\">2.0 mm*3.2 mm**<\/td><\/tr><tr><td><strong>Spessore max, acciaio inox UTS 680 N\/mm<sup>2<\/sup><\/strong><\/td><td class=\"has-text-align-center\" data-align=\"center\">2.0 mm<\/td><td class=\"has-text-align-center\" data-align=\"center\">2.2 mm<\/td><td class=\"has-text-align-center\" data-align=\"center\">2.0 mm*2.2 mm**<\/td><td class=\"has-text-align-center\" data-align=\"center\">1.5 mm*2.2 mm**<\/td><\/tr><tr><td><strong>Spessore max, alluminio UTS 265 N\/mm<sup>2<\/sup><\/strong><\/td><td class=\"has-text-align-center\" data-align=\"center\">4.0 mm<\/td><td class=\"has-text-align-center\" data-align=\"center\">4.0 mm<\/td><td class=\"has-text-align-center\" data-align=\"center\">3.5 mm*4.0 mm**<\/td><td class=\"has-text-align-center\" data-align=\"center\">3.0 mm*4.0 mm**<\/td><\/tr><tr><td><strong>Spessore minimo<\/strong><\/td><td class=\"has-text-align-center\" data-align=\"center\" colspan=\"4\">0.5 mm<\/td><\/tr><tr><td><strong>Consumo medio assorbito<\/strong><\/td><td class=\"has-text-align-center\" data-align=\"center\" colspan=\"2\">6.5 kWh<\/td><td class=\"has-text-align-center\" data-align=\"center\" colspan=\"2\">7 kWh<\/td><\/tr><\/tbody><\/table><\/figure>\n\n\n\n<p>I valori indicati si riferiscono a una macchina standard. Prima Power si riserva la facolt\u00e0 di modificare i dati senza preavviso.<\/p>\n\n\n\n<p>*Lunghezza totale &#8211; **Max. 3.000 m<\/p>\n<\/details>\n\n\n\n<div style=\"height:38px\" aria-hidden=\"true\" class=\"wp-block-spacer\"><\/div>\n\n\n\n<figure class=\"wp-block-embed aligncenter is-type-video is-provider-youtube wp-block-embed-youtube wp-embed-aspect-16-9 wp-has-aspect-ratio\"><div class=\"wp-block-embed__wrapper\">\n<iframe loading=\"lazy\" title=\"Prima Power FBe Panel Bender - A new Fast Bend era\" width=\"640\" height=\"360\" src=\"https:\/\/www.youtube.com\/embed\/JuuDfrMwVro?feature=oembed\" frameborder=\"0\" allow=\"accelerometer; autoplay; clipboard-write; encrypted-media; gyroscope; picture-in-picture; web-share\" referrerpolicy=\"strict-origin-when-cross-origin\" allowfullscreen><\/iframe>\n<\/div><\/figure>\n\n\n\n<div style=\"height:38px\" aria-hidden=\"true\" class=\"wp-block-spacer\"><\/div>\n\n\n\n<h2 class=\"wp-block-heading\">Maggiori informazioni? Compila il form!<\/h2>\n\n\n\n<div class=\"wpcf7 no-js\" id=\"wpcf7-f1438-o1\" lang=\"en-US\" dir=\"ltr\" data-wpcf7-id=\"1438\">\n<div class=\"screen-reader-response\"><p role=\"status\" aria-live=\"polite\" aria-atomic=\"true\"><\/p> <ul><\/ul><\/div>\n<form action=\"\/en\/wp-json\/wp\/v2\/pages\/887#wpcf7-f1438-o1\" method=\"post\" class=\"wpcf7-form init\" aria-label=\"Contact form\" novalidate=\"novalidate\" data-status=\"init\">\n<fieldset class=\"hidden-fields-container\"><input type=\"hidden\" name=\"_wpcf7\" value=\"1438\" \/><input type=\"hidden\" name=\"_wpcf7_version\" value=\"6.1.5\" \/><input type=\"hidden\" name=\"_wpcf7_locale\" value=\"en_US\" \/><input type=\"hidden\" name=\"_wpcf7_unit_tag\" value=\"wpcf7-f1438-o1\" \/><input type=\"hidden\" name=\"_wpcf7_container_post\" value=\"0\" \/><input type=\"hidden\" name=\"_wpcf7_posted_data_hash\" value=\"\" \/><input type=\"hidden\" name=\"_wpcf7dtx_version\" value=\"5.0.4\" \/><input type=\"hidden\" name=\"lang\" value=\"en\" \/><input type=\"hidden\" name=\"_wpcf7_recaptcha_response\" value=\"\" \/>\n<\/fieldset>\n<p><label> Name<br \/>\n<span class=\"wpcf7-form-control-wrap\" data-name=\"your-name\"><input size=\"40\" maxlength=\"400\" class=\"wpcf7-form-control wpcf7-text wpcf7-validates-as-required\" autocomplete=\"name\" aria-required=\"true\" aria-invalid=\"false\" value=\"\" type=\"text\" name=\"your-name\" \/><\/span> <\/label>\n<\/p>\n<p><label> Email<br \/>\n<span class=\"wpcf7-form-control-wrap\" data-name=\"your-email\"><input size=\"40\" maxlength=\"400\" class=\"wpcf7-form-control wpcf7-email wpcf7-validates-as-required wpcf7-text wpcf7-validates-as-email\" autocomplete=\"email\" aria-required=\"true\" aria-invalid=\"false\" value=\"\" type=\"email\" name=\"your-email\" \/><\/span> <\/label>\n<\/p>\n<p><label> Subject<br \/>\n<span class=\"wpcf7-form-control-wrap\" data-name=\"your-subject\"><input size=\"40\" maxlength=\"400\" class=\"wpcf7-form-control wpcf7-text wpcf7-validates-as-required\" aria-required=\"true\" aria-invalid=\"false\" value=\"\" type=\"text\" name=\"your-subject\" \/><\/span> <\/label>\n<\/p>\n<p><label class=\"wpcf7-form-control wpcf7-label wpcf7dtx wpcf7dtx-label\">EBe Express Bender<\/label>\n<\/p>\n<p><span id=\"wpcf7-69fb20375f5cc-wrapper\" class=\"wpcf7-form-control-wrap your-prod-message-wrap\" style=\"display:none !important; visibility:hidden !important;\"><input type=\"hidden\" name=\"your-prod-message-time-start\" value=\"1778065463\"><input type=\"hidden\" name=\"your-prod-message-time-check\" value=\"4\"><label for=\"wpcf7-69fb20375f5cc-field\" class=\"hp-message\">Please leave this field empty.<\/label><input id=\"wpcf7-69fb20375f5cc-field\"  class=\"wpcf7-form-control wpcf7-text\" type=\"text\" name=\"your-prod-message\" value=\"\" size=\"40\" tabindex=\"-1\" autocomplete=\"new-password\" \/><\/span>\n<\/p>\n<p><label> Messagge (optional)<br \/>\n<span class=\"wpcf7-form-control-wrap\" data-name=\"your-prod-message\"><textarea cols=\"40\" rows=\"10\" maxlength=\"2000\" class=\"wpcf7-form-control wpcf7-textarea\" aria-invalid=\"false\" name=\"your-prod-message\"><\/textarea><\/span> <\/label>\n<\/p>\n<p><input class=\"wpcf7-form-control wpcf7-submit has-spinner\" type=\"submit\" value=\"Send\" \/>\n<\/p><div class=\"wpcf7-response-output\" aria-hidden=\"true\"><\/div>\n<\/form>\n<\/div>\n\n","protected":false},"excerpt":{"rendered":"<p>PANNELLATRICI La produttivit\u00e0 al suo massimo Express Bender EBe di Prima Power \u00e8 la pannellatrice servo elettrica che aumenta considerevolmente la capacit\u00e0 produttiva grazie a processi automatizzati di carico e<\/p>\n","protected":false},"author":8,"featured_media":891,"parent":0,"menu_order":0,"comment_status":"closed","ping_status":"closed","template":"","meta":{"_seopress_robots_primary_cat":"","_seopress_titles_title":"","_seopress_titles_desc":"","_seopress_robots_index":"","footnotes":""},"categories":[147],"tags":[],"class_list":{"0":"post-887","1":"page","2":"type-page","3":"status-publish","5":"hentry","6":"category-prima-power-bend"},"_links":{"self":[{"href":"https:\/\/dealtech.eu\/en\/wp-json\/wp\/v2\/pages\/887","targetHints":{"allow":["GET"]}}],"collection":[{"href":"https:\/\/dealtech.eu\/en\/wp-json\/wp\/v2\/pages"}],"about":[{"href":"https:\/\/dealtech.eu\/en\/wp-json\/wp\/v2\/types\/page"}],"author":[{"embeddable":true,"href":"https:\/\/dealtech.eu\/en\/wp-json\/wp\/v2\/users\/8"}],"replies":[{"embeddable":true,"href":"https:\/\/dealtech.eu\/en\/wp-json\/wp\/v2\/comments?post=887"}],"version-history":[{"count":5,"href":"https:\/\/dealtech.eu\/en\/wp-json\/wp\/v2\/pages\/887\/revisions"}],"predecessor-version":[{"id":1614,"href":"https:\/\/dealtech.eu\/en\/wp-json\/wp\/v2\/pages\/887\/revisions\/1614"}],"wp:featuredmedia":[{"embeddable":true,"href":"https:\/\/dealtech.eu\/en\/wp-json\/wp\/v2\/media\/891"}],"wp:attachment":[{"href":"https:\/\/dealtech.eu\/en\/wp-json\/wp\/v2\/media?parent=887"}],"wp:term":[{"taxonomy":"category","embeddable":true,"href":"https:\/\/dealtech.eu\/en\/wp-json\/wp\/v2\/categories?post=887"},{"taxonomy":"post_tag","embeddable":true,"href":"https:\/\/dealtech.eu\/en\/wp-json\/wp\/v2\/tags?post=887"}],"curies":[{"name":"wp","href":"https:\/\/api.w.org\/{rel}","templated":true}]}}