
{"id":930,"date":"2024-05-20T22:18:03","date_gmt":"2024-05-20T20:18:03","guid":{"rendered":"https:\/\/dealtech.eu\/it\/?page_id=930"},"modified":"2025-08-12T16:16:03","modified_gmt":"2025-08-12T14:16:03","slug":"bce-bending-centre","status":"publish","type":"page","link":"https:\/\/dealtech.eu\/en\/bce-bending-centre\/","title":{"rendered":"BCe Bending Centre"},"content":{"rendered":"\n<div class=\"wp-block-query is-layout-flow wp-block-query-is-layout-flow\"><ul class=\"wp-block-post-template is-layout-flow wp-block-post-template-is-layout-flow\"><li class=\"post-23 post type-post status-publish format-standard hentry category-combinata-laser\">\n\n<p class=\"has-text-align-center has-x-large-font-size\">PRIMA POWER BCe Bending Centre<\/p>\n\n<\/li><\/ul><\/div>\n\n\n\n<div class=\"wp-block-columns is-layout-flex wp-container-core-columns-is-layout-9d6595d7 wp-block-columns-is-layout-flex\">\n<div class=\"wp-block-column is-layout-flow wp-block-column-is-layout-flow\" style=\"flex-basis:66.66%\"><div id=\"metaslider-id-931\" style=\"width: 100%;\" class=\"ml-slider-3-105-0 metaslider metaslider-flex metaslider-931 ml-slider ms-theme-default nav-hidden\" role=\"region\" aria-label=\"BCe Bending Centre\" data-height=\"500\" data-width=\"700\">\n    <div id=\"metaslider_container_931\">\n        <div id=\"metaslider_931\">\n            <ul class='slides'>\n                <li style=\"display: block; width: 100%;\" class=\"slide-942 ms-image \" aria-roledescription=\"slide\" data-date=\"2024-04-30 01:36:48\" data-filename=\"BCe_2720_v4_5-1-610x436.png\" data-slide-type=\"image\"><img loading=\"lazy\" decoding=\"async\" src=\"https:\/\/dealtech.eu\/wp-content\/uploads\/2024\/04\/BCe_2720_v4_5-1-610x436.png\" height=\"500\" width=\"700\" alt=\"\" class=\"slider-931 slide-942 msDefaultImage\" title=\"BCe_2720_v4_5 (1)\" \/><\/li>\n                <li style=\"display: none; width: 100%;\" class=\"slide-943 ms-image \" aria-roledescription=\"slide\" data-date=\"2024-04-30 01:36:48\" data-filename=\"BCe_2720_v4_5-610x436.png\" data-slide-type=\"image\"><img loading=\"lazy\" decoding=\"async\" src=\"https:\/\/dealtech.eu\/wp-content\/uploads\/2024\/04\/BCe_2720_v4_5-610x436.png\" height=\"500\" width=\"700\" alt=\"Pannellatrice BCE\" class=\"slider-931 slide-943 msDefaultImage\" title=\"BCe_2720_v4_5\" \/><\/li>\n                <li style=\"display: none; width: 100%;\" class=\"slide-944 ms-image \" aria-roledescription=\"slide\" data-date=\"2024-04-30 01:36:48\" data-filename=\"BCe_7-700x500.jpg\" data-slide-type=\"image\"><img loading=\"lazy\" decoding=\"async\" src=\"https:\/\/dealtech.eu\/wp-content\/uploads\/2024\/04\/BCe_7-700x500.jpg\" height=\"500\" width=\"700\" alt=\"\" class=\"slider-931 slide-944 msDefaultImage\" title=\"BCe_7\" \/><\/li>\n                <li style=\"display: none; width: 100%;\" class=\"slide-945 ms-image \" aria-roledescription=\"slide\" data-date=\"2024-04-30 01:36:48\" data-filename=\"BCe_6-700x500.jpg\" data-slide-type=\"image\"><img loading=\"lazy\" decoding=\"async\" src=\"https:\/\/dealtech.eu\/wp-content\/uploads\/2024\/04\/BCe_6-700x500.jpg\" height=\"500\" width=\"700\" alt=\"\" class=\"slider-931 slide-945 msDefaultImage\" title=\"BCe_6\" \/><\/li>\n                <li style=\"display: none; width: 100%;\" class=\"slide-946 ms-image \" aria-roledescription=\"slide\" data-date=\"2024-04-30 01:36:48\" data-filename=\"KCT_in_action-700x500.jpg\" data-slide-type=\"image\"><img loading=\"lazy\" decoding=\"async\" src=\"https:\/\/dealtech.eu\/wp-content\/uploads\/2024\/04\/KCT_in_action-700x500.jpg\" height=\"500\" width=\"700\" alt=\"\" class=\"slider-931 slide-946 msDefaultImage\" title=\"KCT_in_action\" \/><\/li>\n                <li style=\"display: none; width: 100%;\" class=\"slide-947 ms-image \" aria-roledescription=\"slide\" data-date=\"2024-04-30 01:36:49\" data-filename=\"BCe_10-700x500.jpg\" data-slide-type=\"image\"><img loading=\"lazy\" decoding=\"async\" src=\"https:\/\/dealtech.eu\/wp-content\/uploads\/2024\/04\/BCe_10-700x500.jpg\" height=\"500\" width=\"700\" alt=\"\" class=\"slider-931 slide-947 msDefaultImage\" title=\"BCe_10\" \/><\/li>\n                <li style=\"display: none; width: 100%;\" class=\"slide-948 ms-image \" aria-roledescription=\"slide\" data-date=\"2024-04-30 01:36:49\" data-filename=\"BCe_9-700x500.jpg\" data-slide-type=\"image\"><img loading=\"lazy\" decoding=\"async\" src=\"https:\/\/dealtech.eu\/wp-content\/uploads\/2024\/04\/BCe_9-700x500.jpg\" height=\"500\" width=\"700\" alt=\"\" class=\"slider-931 slide-948 msDefaultImage\" title=\"BCe_9\" \/><\/li>\n                <li style=\"display: none; width: 100%;\" class=\"slide-949 ms-image \" aria-roledescription=\"slide\" data-date=\"2024-04-30 01:36:49\" data-filename=\"BCe_8-700x500.jpg\" data-slide-type=\"image\"><img loading=\"lazy\" decoding=\"async\" src=\"https:\/\/dealtech.eu\/wp-content\/uploads\/2024\/04\/BCe_8-700x500.jpg\" height=\"500\" width=\"700\" alt=\"\" class=\"slider-931 slide-949 msDefaultImage\" title=\"BCe_8\" \/><\/li>\n            <\/ul>\n        <\/div>\n        \n    <\/div>\n<\/div>\n<\/div>\n\n\n\n<div class=\"wp-block-column is-layout-flow wp-block-column-is-layout-flow\" style=\"flex-basis:33.33%\">\n<p class=\"has-vivid-cyan-blue-color has-text-color has-link-color wp-elements-cb828f0724dbb9f17d67f5a93cb7dadb\"><strong>PANNELLATRICI<\/strong><\/p>\n\n\n\n<h2 class=\"wp-block-heading has-large-font-size\">Flessibilit\u00e0 al servizio dei nostri clienti.<\/h2>\n\n\n\n<p>Il centro di piegatura BCe di Prima Power rappresenta la soluzione ideale per chi lavora pezzi singoli, piccoli lotti o produzione in serie. Questa pannellatrice unisce i rinomati vantaggi della pannellatrice Express Bender, ossia flessibilit\u00e0, precisione ed elevata qualit\u00e0, a un processo semi-automatico ma estremamente produttivo, in cui la macchina \u00e8 sempre in produzione grazie alla tavola di carico e scarico LUT, che consente di caricare e scaricare i pezzi in tempo mascherato.<\/p>\n<\/div>\n<\/div>\n\n\n\n<div style=\"height:38px\" aria-hidden=\"true\" class=\"wp-block-spacer\"><\/div>\n\n\n\n<div class=\"wp-block-columns is-layout-flex wp-container-core-columns-is-layout-9d6595d7 wp-block-columns-is-layout-flex\">\n<div class=\"wp-block-column is-layout-flow wp-block-column-is-layout-flow\">\n<h2 class=\"wp-block-heading has-medium-font-size\"><img loading=\"lazy\" decoding=\"async\" width=\"30\" height=\"30\" class=\"wp-image-559\" style=\"width: 30px;\" src=\"https:\/\/dealtech.eu\/wp-content\/uploads\/2024\/04\/pngegg2.png\" alt=\"\" srcset=\"https:\/\/dealtech.eu\/wp-content\/uploads\/2024\/04\/pngegg2.png 512w, https:\/\/dealtech.eu\/wp-content\/uploads\/2024\/04\/pngegg2-300x300.png 300w, https:\/\/dealtech.eu\/wp-content\/uploads\/2024\/04\/pngegg2-150x150.png 150w, https:\/\/dealtech.eu\/wp-content\/uploads\/2024\/04\/pngegg2-100x100.png 100w\" sizes=\"auto, (max-width: 30px) 100vw, 30px\" \/> PRECISIONE<\/h2>\n\n\n\n<p>Eccellente qualit\u00e0 di piegatura grazie al database per la correzione dell&#8217;angolo e alla tecnologia servo elettrica.<\/p>\n<\/div>\n\n\n\n<div class=\"wp-block-column is-layout-flow wp-block-column-is-layout-flow\">\n<h2 class=\"wp-block-heading has-medium-font-size\"><img loading=\"lazy\" decoding=\"async\" width=\"30\" height=\"30\" class=\"wp-image-559\" style=\"width: 30px;\" src=\"https:\/\/dealtech.eu\/wp-content\/uploads\/2024\/04\/pngegg2.png\" alt=\"\" srcset=\"https:\/\/dealtech.eu\/wp-content\/uploads\/2024\/04\/pngegg2.png 512w, https:\/\/dealtech.eu\/wp-content\/uploads\/2024\/04\/pngegg2-300x300.png 300w, https:\/\/dealtech.eu\/wp-content\/uploads\/2024\/04\/pngegg2-150x150.png 150w, https:\/\/dealtech.eu\/wp-content\/uploads\/2024\/04\/pngegg2-100x100.png 100w\" sizes=\"auto, (max-width: 30px) 100vw, 30px\" \/> <strong>&nbsp;<\/strong>PRODUTTIVITA&#8217;<\/h2>\n\n\n\n<p>La tavola LUT consente il carico del pezzo successivo in tempo mascherato mentre la pannellatrice processa quello in lavorazione.<\/p>\n<\/div>\n<\/div>\n\n\n\n<div class=\"wp-block-columns is-layout-flex wp-container-core-columns-is-layout-9d6595d7 wp-block-columns-is-layout-flex\">\n<div class=\"wp-block-column is-layout-flow wp-block-column-is-layout-flow\">\n<h2 class=\"wp-block-heading has-medium-font-size\"><img loading=\"lazy\" decoding=\"async\" width=\"30\" height=\"30\" class=\"wp-image-559\" style=\"width: 30px;\" src=\"https:\/\/dealtech.eu\/wp-content\/uploads\/2024\/04\/pngegg2.png\" alt=\"\" srcset=\"https:\/\/dealtech.eu\/wp-content\/uploads\/2024\/04\/pngegg2.png 512w, https:\/\/dealtech.eu\/wp-content\/uploads\/2024\/04\/pngegg2-300x300.png 300w, https:\/\/dealtech.eu\/wp-content\/uploads\/2024\/04\/pngegg2-150x150.png 150w, https:\/\/dealtech.eu\/wp-content\/uploads\/2024\/04\/pngegg2-100x100.png 100w\" sizes=\"auto, (max-width: 30px) 100vw, 30px\" \/> FLESSIBILITA&#8217;<\/h2>\n\n\n\n<p>Il carico manuale facilitato permette di lavorare lotti di qualsiasi dimensione, inclusi kit e pezzi singoli.<\/p>\n<\/div>\n\n\n\n<div class=\"wp-block-column is-layout-flow wp-block-column-is-layout-flow\">\n<h2 class=\"wp-block-heading has-medium-font-size\"><img loading=\"lazy\" decoding=\"async\" width=\"30\" height=\"30\" class=\"wp-image-559\" style=\"width: 30px;\" src=\"https:\/\/dealtech.eu\/wp-content\/uploads\/2024\/04\/pngegg2.png\" alt=\"\" srcset=\"https:\/\/dealtech.eu\/wp-content\/uploads\/2024\/04\/pngegg2.png 512w, https:\/\/dealtech.eu\/wp-content\/uploads\/2024\/04\/pngegg2-300x300.png 300w, https:\/\/dealtech.eu\/wp-content\/uploads\/2024\/04\/pngegg2-150x150.png 150w, https:\/\/dealtech.eu\/wp-content\/uploads\/2024\/04\/pngegg2-100x100.png 100w\" sizes=\"auto, (max-width: 30px) 100vw, 30px\" \/> <strong>&nbsp;<\/strong>SEMPLICITA&#8217;<\/h2>\n\n\n\n<p>Programmazione 3D con simulazione integrata del ciclo di piegatura.<\/p>\n<\/div>\n<\/div>\n\n\n\n<div style=\"height:38px\" aria-hidden=\"true\" class=\"wp-block-spacer\"><\/div>\n\n\n\n<details class=\"wp-block-details is-layout-flow wp-block-details-is-layout-flow\" open><summary><font size=\"28px\"><b>Caratteristiche<\/b><\/font><\/summary>\n<h3 class=\"wp-block-heading has-vivid-cyan-blue-color has-text-color has-link-color wp-elements-4822bb808d34026e09780d7e47c5d156\">Dati tecnici<\/h3>\n\n\n\n<figure class=\"wp-block-table\"><table><tbody><tr><td>&nbsp;<\/td><td class=\"has-text-align-center\" data-align=\"center\"><strong>BCe2220<\/strong><br><strong>BCe2226<\/strong><\/td><td class=\"has-text-align-center\" data-align=\"center\"><strong>BCe2720<\/strong><br><strong>BCe2726<\/strong><\/td><\/tr><tr><td><br><strong>Lunghezza massima di piegatura<\/strong><\/td><td class=\"has-text-align-center\" data-align=\"center\">2,250 mm<\/td><td class=\"has-text-align-center\" data-align=\"center\">2,750 mm<\/td><\/tr><tr><td><br><strong>Lunghezza massima del foglio da lavorare<\/strong><\/td><td class=\"has-text-align-center\" data-align=\"center\" colspan=\"2\">2,850 mm<\/td><\/tr><tr><td><br><strong>Larghezza massima <\/strong><strong>del foglio da lavorare<\/strong><\/td><td class=\"has-text-align-center\" data-align=\"center\" colspan=\"2\">1,500 mm<\/td><\/tr><tr><td><br><strong>Diagonale massima del pannello<\/strong><\/td><td class=\"has-text-align-center\" data-align=\"center\" colspan=\"2\">3,000 mm<\/td><\/tr><tr><td><br><strong>Altezza massima di piegatura<\/strong><\/td><td class=\"has-text-align-center\" data-align=\"center\" colspan=\"2\">204 mm<br>264 mm<\/td><\/tr><tr><td><br><strong>Piega massima a rientrare<\/strong><\/td><td class=\"has-text-align-center\" data-align=\"center\" colspan=\"2\">55 mm<\/td><\/tr><tr><td><br><strong>Forza di piegatura<\/strong><\/td><td class=\"has-text-align-center\" data-align=\"center\">32t (320kN)<\/td><td class=\"has-text-align-center\" data-align=\"center\">41t (410kN)<\/td><\/tr><tr><td><br><strong>Forza di tenuta foglio<\/strong><\/td><td class=\"has-text-align-center\" data-align=\"center\">52t (510kN)<\/td><td class=\"has-text-align-center\" data-align=\"center\">90t (890kN)<\/td><\/tr><tr><td><br><strong>Spessore max, acciaio UTS 410 N\/mm<\/strong><strong><sup>2<\/sup><\/strong><\/td><td class=\"has-text-align-center\" data-align=\"center\">3.0 mm<\/td><td class=\"has-text-align-center\" data-align=\"center\">3.2 mm<\/td><\/tr><tr><td><br><strong>Spessore max, acciaio inox UTS 680 N\/mm<\/strong><strong><sup>2<\/sup><\/strong><\/td><td class=\"has-text-align-center\" data-align=\"center\">2.0 mm<\/td><td class=\"has-text-align-center\" data-align=\"center\">2.2 mm<\/td><\/tr><tr><td><br><strong>Spessore max, alluminio UTS 265 N\/mm<\/strong><strong><sup>2<\/sup><\/strong><\/td><td class=\"has-text-align-center\" data-align=\"center\">4.0 mm<\/td><td class=\"has-text-align-center\" data-align=\"center\">4.0 mm<\/td><\/tr><tr><td><br><strong>Spessore minimo<\/strong><\/td><td class=\"has-text-align-center\" data-align=\"center\" colspan=\"2\">0.5 mm<\/td><\/tr><tr><td><br><strong>Consumo medio assorbito<\/strong><\/td><td class=\"has-text-align-center\" data-align=\"center\" colspan=\"2\">6.5 kWh<\/td><\/tr><\/tbody><\/table><\/figure>\n\n\n\n<p><br>I valori indicati si riferiscono a una macchina standard. Prima Power si riserva la facolt\u00e0 di modificare i dati senza preavviso.<\/p>\n<\/details>\n\n\n\n<div style=\"height:38px\" aria-hidden=\"true\" class=\"wp-block-spacer\"><\/div>\n\n\n\n<figure class=\"wp-block-embed aligncenter is-type-video is-provider-youtube wp-block-embed-youtube wp-embed-aspect-16-9 wp-has-aspect-ratio\"><div class=\"wp-block-embed__wrapper\">\n<iframe loading=\"lazy\" title=\"Prima Power BCe - Servo-electric panel bender\" width=\"640\" height=\"360\" src=\"https:\/\/www.youtube.com\/embed\/2BFHcjFsbjo?feature=oembed\" frameborder=\"0\" allow=\"accelerometer; autoplay; clipboard-write; encrypted-media; gyroscope; picture-in-picture; web-share\" referrerpolicy=\"strict-origin-when-cross-origin\" allowfullscreen><\/iframe>\n<\/div><\/figure>\n\n\n\n<div style=\"height:38px\" aria-hidden=\"true\" class=\"wp-block-spacer\"><\/div>\n\n\n\n<h2 class=\"wp-block-heading\">Maggiori informazioni? Compila il form!<\/h2>\n\n\n\n<div class=\"wpcf7 no-js\" id=\"wpcf7-f1438-o1\" lang=\"en-US\" dir=\"ltr\" data-wpcf7-id=\"1438\">\n<div class=\"screen-reader-response\"><p role=\"status\" aria-live=\"polite\" aria-atomic=\"true\"><\/p> <ul><\/ul><\/div>\n<form action=\"\/en\/wp-json\/wp\/v2\/pages\/930#wpcf7-f1438-o1\" method=\"post\" class=\"wpcf7-form init\" aria-label=\"Contact form\" novalidate=\"novalidate\" data-status=\"init\">\n<fieldset class=\"hidden-fields-container\"><input type=\"hidden\" name=\"_wpcf7\" value=\"1438\" \/><input type=\"hidden\" name=\"_wpcf7_version\" value=\"6.1.5\" \/><input type=\"hidden\" name=\"_wpcf7_locale\" value=\"en_US\" \/><input type=\"hidden\" name=\"_wpcf7_unit_tag\" value=\"wpcf7-f1438-o1\" \/><input type=\"hidden\" name=\"_wpcf7_container_post\" value=\"0\" \/><input type=\"hidden\" name=\"_wpcf7_posted_data_hash\" value=\"\" \/><input type=\"hidden\" name=\"_wpcf7dtx_version\" value=\"5.0.4\" \/><input type=\"hidden\" name=\"lang\" value=\"en\" \/><input type=\"hidden\" name=\"_wpcf7_recaptcha_response\" value=\"\" \/>\n<\/fieldset>\n<p><label> Name<br \/>\n<span class=\"wpcf7-form-control-wrap\" data-name=\"your-name\"><input size=\"40\" maxlength=\"400\" class=\"wpcf7-form-control wpcf7-text wpcf7-validates-as-required\" autocomplete=\"name\" aria-required=\"true\" aria-invalid=\"false\" value=\"\" type=\"text\" name=\"your-name\" \/><\/span> <\/label>\n<\/p>\n<p><label> Email<br \/>\n<span class=\"wpcf7-form-control-wrap\" data-name=\"your-email\"><input size=\"40\" maxlength=\"400\" class=\"wpcf7-form-control wpcf7-email wpcf7-validates-as-required wpcf7-text wpcf7-validates-as-email\" autocomplete=\"email\" aria-required=\"true\" aria-invalid=\"false\" value=\"\" type=\"email\" name=\"your-email\" \/><\/span> <\/label>\n<\/p>\n<p><label> Subject<br \/>\n<span class=\"wpcf7-form-control-wrap\" data-name=\"your-subject\"><input size=\"40\" maxlength=\"400\" class=\"wpcf7-form-control wpcf7-text wpcf7-validates-as-required\" aria-required=\"true\" aria-invalid=\"false\" value=\"\" type=\"text\" name=\"your-subject\" \/><\/span> <\/label>\n<\/p>\n<p><label class=\"wpcf7-form-control wpcf7-label wpcf7dtx wpcf7dtx-label\">BCe Bending Centre<\/label>\n<\/p>\n<p><span id=\"wpcf7-69ff2ad660d97-wrapper\" class=\"wpcf7-form-control-wrap your-prod-message-wrap\" style=\"display:none !important; visibility:hidden !important;\"><input type=\"hidden\" name=\"your-prod-message-time-start\" value=\"1778330326\"><input type=\"hidden\" name=\"your-prod-message-time-check\" value=\"4\"><label for=\"wpcf7-69ff2ad660d97-field\" class=\"hp-message\">Please leave this field empty.<\/label><input id=\"wpcf7-69ff2ad660d97-field\"  class=\"wpcf7-form-control wpcf7-text\" type=\"text\" name=\"your-prod-message\" value=\"\" size=\"40\" tabindex=\"-1\" autocomplete=\"new-password\" \/><\/span>\n<\/p>\n<p><label> Messagge (optional)<br \/>\n<span class=\"wpcf7-form-control-wrap\" data-name=\"your-prod-message\"><textarea cols=\"40\" rows=\"10\" maxlength=\"2000\" class=\"wpcf7-form-control wpcf7-textarea\" aria-invalid=\"false\" name=\"your-prod-message\"><\/textarea><\/span> <\/label>\n<\/p>\n<p><input class=\"wpcf7-form-control wpcf7-submit has-spinner\" type=\"submit\" value=\"Send\" \/>\n<\/p><div class=\"wpcf7-response-output\" aria-hidden=\"true\"><\/div>\n<\/form>\n<\/div>\n\n","protected":false},"excerpt":{"rendered":"<p>PANNELLATRICI Flessibilit\u00e0 al servizio dei nostri clienti. Il centro di piegatura BCe di Prima Power rappresenta la soluzione ideale per chi lavora pezzi singoli, piccoli lotti o produzione in serie.<\/p>\n","protected":false},"author":8,"featured_media":934,"parent":0,"menu_order":0,"comment_status":"closed","ping_status":"closed","template":"","meta":{"_seopress_robots_primary_cat":"","_seopress_titles_title":"","_seopress_titles_desc":"","_seopress_robots_index":"","footnotes":""},"categories":[147],"tags":[],"class_list":{"0":"post-930","1":"page","2":"type-page","3":"status-publish","5":"hentry","6":"category-prima-power-bend"},"_links":{"self":[{"href":"https:\/\/dealtech.eu\/en\/wp-json\/wp\/v2\/pages\/930","targetHints":{"allow":["GET"]}}],"collection":[{"href":"https:\/\/dealtech.eu\/en\/wp-json\/wp\/v2\/pages"}],"about":[{"href":"https:\/\/dealtech.eu\/en\/wp-json\/wp\/v2\/types\/page"}],"author":[{"embeddable":true,"href":"https:\/\/dealtech.eu\/en\/wp-json\/wp\/v2\/users\/8"}],"replies":[{"embeddable":true,"href":"https:\/\/dealtech.eu\/en\/wp-json\/wp\/v2\/comments?post=930"}],"version-history":[{"count":3,"href":"https:\/\/dealtech.eu\/en\/wp-json\/wp\/v2\/pages\/930\/revisions"}],"predecessor-version":[{"id":1612,"href":"https:\/\/dealtech.eu\/en\/wp-json\/wp\/v2\/pages\/930\/revisions\/1612"}],"wp:featuredmedia":[{"embeddable":true,"href":"https:\/\/dealtech.eu\/en\/wp-json\/wp\/v2\/media\/934"}],"wp:attachment":[{"href":"https:\/\/dealtech.eu\/en\/wp-json\/wp\/v2\/media?parent=930"}],"wp:term":[{"taxonomy":"category","embeddable":true,"href":"https:\/\/dealtech.eu\/en\/wp-json\/wp\/v2\/categories?post=930"},{"taxonomy":"post_tag","embeddable":true,"href":"https:\/\/dealtech.eu\/en\/wp-json\/wp\/v2\/tags?post=930"}],"curies":[{"name":"wp","href":"https:\/\/api.w.org\/{rel}","templated":true}]}}