
{"id":966,"date":"2024-05-20T22:17:55","date_gmt":"2024-05-20T20:17:55","guid":{"rendered":"https:\/\/dealtech.eu\/it\/?page_id=966"},"modified":"2024-07-01T22:08:27","modified_gmt":"2024-07-01T20:08:27","slug":"serie-ep","status":"publish","type":"page","link":"https:\/\/dealtech.eu\/en\/serie-ep\/","title":{"rendered":"Serie eP"},"content":{"rendered":"\n<div class=\"wp-block-query is-layout-flow wp-block-query-is-layout-flow\"><ul class=\"wp-block-post-template is-layout-flow wp-block-post-template-is-layout-flow\"><li class=\"post-23 post type-post status-publish format-standard hentry category-combinata-laser\">\n\n<p class=\"has-text-align-center has-x-large-font-size\">PRIMA POWER Serie eP<\/p>\n\n<\/li><\/ul><\/div>\n\n\n\n<div class=\"wp-block-columns is-layout-flex wp-container-core-columns-is-layout-9d6595d7 wp-block-columns-is-layout-flex\">\n<div class=\"wp-block-column is-layout-flow wp-block-column-is-layout-flow\" style=\"flex-basis:66.66%\"><div id=\"metaslider-id-967\" style=\"width: 100%;\" class=\"ml-slider-3-105-0 metaslider metaslider-flex metaslider-967 ml-slider ms-theme-default nav-hidden\" role=\"region\" aria-label=\"Serie eP\" data-height=\"500\" data-width=\"700\">\n    <div id=\"metaslider_container_967\">\n        <div id=\"metaslider_967\">\n            <ul class='slides'>\n                <li style=\"display: block; width: 100%;\" class=\"slide-979 ms-image \" aria-roledescription=\"slide\" data-date=\"2024-04-30 01:55:54\" data-filename=\"eP_1030_5-610x436.png\" data-slide-type=\"image\"><img loading=\"lazy\" decoding=\"async\" src=\"https:\/\/dealtech.eu\/wp-content\/uploads\/2024\/04\/eP_1030_5-610x436.png\" height=\"500\" width=\"700\" alt=\"\" class=\"slider-967 slide-979 msDefaultImage\" title=\"eP_1030_5\" \/><\/li>\n                <li style=\"display: none; width: 100%;\" class=\"slide-980 ms-image \" aria-roledescription=\"slide\" data-date=\"2024-04-30 01:55:54\" data-filename=\"20210608_121924_0-700x500.jpg\" data-slide-type=\"image\"><img loading=\"lazy\" decoding=\"async\" src=\"https:\/\/dealtech.eu\/wp-content\/uploads\/2024\/04\/20210608_121924_0-700x500.jpg\" height=\"500\" width=\"700\" alt=\"\" class=\"slider-967 slide-980 msDefaultImage\" title=\"20210608_121924_0\" \/><\/li>\n                <li style=\"display: none; width: 100%;\" class=\"slide-981 ms-image \" aria-roledescription=\"slide\" data-date=\"2024-04-30 01:55:54\" data-filename=\"X1_eP-392x280.png\" data-slide-type=\"image\"><img loading=\"lazy\" decoding=\"async\" src=\"https:\/\/dealtech.eu\/wp-content\/uploads\/2024\/04\/X1_eP-392x280.png\" height=\"500\" width=\"700\" alt=\"\" class=\"slider-967 slide-981 msDefaultImage\" title=\"X1_eP\" \/><\/li>\n                <li style=\"display: none; width: 100%;\" class=\"slide-982 ms-image \" aria-roledescription=\"slide\" data-date=\"2024-04-30 01:55:54\" data-filename=\"flattening_table_eP-700x500.jpg\" data-slide-type=\"image\"><img loading=\"lazy\" decoding=\"async\" src=\"https:\/\/dealtech.eu\/wp-content\/uploads\/2024\/04\/flattening_table_eP-700x500.jpg\" height=\"500\" width=\"700\" alt=\"\" class=\"slider-967 slide-982 msDefaultImage\" title=\"flattening_table_eP\" \/><\/li>\n                <li style=\"display: none; width: 100%;\" class=\"slide-983 ms-image \" aria-roledescription=\"slide\" data-date=\"2024-04-30 01:55:55\" data-filename=\"20210609_115303_0-700x500.jpg\" data-slide-type=\"image\"><img loading=\"lazy\" decoding=\"async\" src=\"https:\/\/dealtech.eu\/wp-content\/uploads\/2024\/04\/20210609_115303_0-700x500.jpg\" height=\"500\" width=\"700\" alt=\"\" class=\"slider-967 slide-983 msDefaultImage\" title=\"20210609_115303_0\" \/><\/li>\n                <li style=\"display: none; width: 100%;\" class=\"slide-984 ms-image \" aria-roledescription=\"slide\" data-date=\"2024-04-30 01:55:55\" data-filename=\"eP_energy-700x500.jpg\" data-slide-type=\"image\"><img loading=\"lazy\" decoding=\"async\" src=\"https:\/\/dealtech.eu\/wp-content\/uploads\/2024\/04\/eP_energy-700x500.jpg\" height=\"500\" width=\"700\" alt=\"\" class=\"slider-967 slide-984 msDefaultImage\" title=\"eP_energy\" \/><\/li>\n                <li style=\"display: none; width: 100%;\" class=\"slide-985 ms-image \" aria-roledescription=\"slide\" data-date=\"2024-04-30 01:55:55\" data-filename=\"barcode_reader_eP_0-700x500.jpg\" data-slide-type=\"image\"><img loading=\"lazy\" decoding=\"async\" src=\"https:\/\/dealtech.eu\/wp-content\/uploads\/2024\/04\/barcode_reader_eP_0-700x500.jpg\" height=\"500\" width=\"700\" alt=\"\" class=\"slider-967 slide-985 msDefaultImage\" title=\"barcode_reader_eP_0\" \/><\/li>\n                <li style=\"display: none; width: 100%;\" class=\"slide-986 ms-image \" aria-roledescription=\"slide\" data-date=\"2024-04-30 01:55:55\" data-filename=\"20210608_122024_0-700x500.jpg\" data-slide-type=\"image\"><img loading=\"lazy\" decoding=\"async\" src=\"https:\/\/dealtech.eu\/wp-content\/uploads\/2024\/04\/20210608_122024_0-700x500.jpg\" height=\"500\" width=\"700\" alt=\"\" class=\"slider-967 slide-986 msDefaultImage\" title=\"20210608_122024_0\" \/><\/li>\n                <li style=\"display: none; width: 100%;\" class=\"slide-987 ms-image \" aria-roledescription=\"slide\" data-date=\"2024-04-30 01:55:55\" data-filename=\"20210609_115626_0-700x500.jpg\" data-slide-type=\"image\"><img loading=\"lazy\" decoding=\"async\" src=\"https:\/\/dealtech.eu\/wp-content\/uploads\/2024\/04\/20210609_115626_0-700x500.jpg\" height=\"500\" width=\"700\" alt=\"\" class=\"slider-967 slide-987 msDefaultImage\" title=\"20210609_115626_0\" \/><\/li>\n                <li style=\"display: none; width: 100%;\" class=\"slide-988 ms-image \" aria-roledescription=\"slide\" data-date=\"2024-04-30 01:55:55\" data-filename=\"20210609_115504_0-700x500.jpg\" data-slide-type=\"image\"><img loading=\"lazy\" decoding=\"async\" src=\"https:\/\/dealtech.eu\/wp-content\/uploads\/2024\/04\/20210609_115504_0-700x500.jpg\" height=\"500\" width=\"700\" alt=\"\" class=\"slider-967 slide-988 msDefaultImage\" title=\"20210609_115504_0\" \/><\/li>\n                <li style=\"display: none; width: 100%;\" class=\"slide-989 ms-image \" aria-roledescription=\"slide\" data-date=\"2024-04-30 01:55:56\" data-filename=\"20210609_115434_0-700x500.jpg\" data-slide-type=\"image\"><img loading=\"lazy\" decoding=\"async\" src=\"https:\/\/dealtech.eu\/wp-content\/uploads\/2024\/04\/20210609_115434_0-700x500.jpg\" height=\"500\" width=\"700\" alt=\"\" class=\"slider-967 slide-989 msDefaultImage\" title=\"20210609_115434_0\" \/><\/li>\n            <\/ul>\n        <\/div>\n        \n    <\/div>\n<\/div>\n<\/div>\n\n\n\n<div class=\"wp-block-column is-layout-flow wp-block-column-is-layout-flow\" style=\"flex-basis:33.33%\">\n<p class=\"has-vivid-cyan-blue-color has-text-color has-link-color wp-elements-470e59ea6b1915bb6e1e646b9fa592cb\"><strong>PRESSE PIEGATRICI<\/strong><\/p>\n\n\n\n<h2 class=\"wp-block-heading has-large-font-size\">Elevata affidabilit\u00e0 e massima produttivit\u00e0<\/h2>\n\n\n\n<p>Vantando oltre 20 anni di esperienza nell&#8217;applicazione della servo elettronica nella lavorazione della lamiera, le presse piegatrici della serie eP soddisfano i requisiti dei clienti pi\u00f9 esigenti per la lavorazione di spessori medio-bassi.&nbsp;<\/p>\n\n\n\n<p>Per questo motivo la serie eP di Prima Power rappresenta la soluzione ottimale per i produttori di HVAC, strutture in metallo, apparecchi per la casa ed elettrodomestici, facciate, armadi elettrici e tutte quelle applicazioni che necessitano di una macchina veloce e precisa per aumentare la produttivit\u00e0.&nbsp;<\/p>\n<\/div>\n<\/div>\n\n\n\n<div style=\"height:38px\" aria-hidden=\"true\" class=\"wp-block-spacer\"><\/div>\n\n\n\n<div class=\"wp-block-columns is-layout-flex wp-container-core-columns-is-layout-9d6595d7 wp-block-columns-is-layout-flex\">\n<div class=\"wp-block-column is-layout-flow wp-block-column-is-layout-flow\">\n<h2 class=\"wp-block-heading has-medium-font-size\"><img loading=\"lazy\" decoding=\"async\" width=\"30\" height=\"30\" class=\"wp-image-559\" style=\"width: 30px;\" src=\"https:\/\/dealtech.eu\/wp-content\/uploads\/2024\/04\/pngegg2.png\" alt=\"\" srcset=\"https:\/\/dealtech.eu\/wp-content\/uploads\/2024\/04\/pngegg2.png 512w, https:\/\/dealtech.eu\/wp-content\/uploads\/2024\/04\/pngegg2-300x300.png 300w, https:\/\/dealtech.eu\/wp-content\/uploads\/2024\/04\/pngegg2-150x150.png 150w, https:\/\/dealtech.eu\/wp-content\/uploads\/2024\/04\/pngegg2-100x100.png 100w\" sizes=\"auto, (max-width: 30px) 100vw, 30px\" \/> EFFICIENZA NEI CONSUMI<\/h2>\n\n\n\n<p>Un minore consumo di energia che si traduce in un minore impatto ambientale.<\/p>\n<\/div>\n\n\n\n<div class=\"wp-block-column is-layout-flow wp-block-column-is-layout-flow\">\n<h2 class=\"wp-block-heading has-medium-font-size\"><img loading=\"lazy\" decoding=\"async\" width=\"30\" height=\"30\" class=\"wp-image-559\" style=\"width: 30px;\" src=\"https:\/\/dealtech.eu\/wp-content\/uploads\/2024\/04\/pngegg2.png\" alt=\"\" srcset=\"https:\/\/dealtech.eu\/wp-content\/uploads\/2024\/04\/pngegg2.png 512w, https:\/\/dealtech.eu\/wp-content\/uploads\/2024\/04\/pngegg2-300x300.png 300w, https:\/\/dealtech.eu\/wp-content\/uploads\/2024\/04\/pngegg2-150x150.png 150w, https:\/\/dealtech.eu\/wp-content\/uploads\/2024\/04\/pngegg2-100x100.png 100w\" sizes=\"auto, (max-width: 30px) 100vw, 30px\" \/> <strong>&nbsp;<\/strong>PRODUTTIVITA&#8217;<\/h2>\n\n\n\n<p>Elevata produttivit\u00e0 grazie a tempi di ciclo pi\u00f9 brevi e maggiore affidabilit\u00e0 del processo.<\/p>\n<\/div>\n<\/div>\n\n\n\n<div class=\"wp-block-columns is-layout-flex wp-container-core-columns-is-layout-9d6595d7 wp-block-columns-is-layout-flex\">\n<div class=\"wp-block-column is-layout-flow wp-block-column-is-layout-flow\">\n<h2 class=\"wp-block-heading has-medium-font-size\"><img loading=\"lazy\" decoding=\"async\" width=\"30\" height=\"30\" class=\"wp-image-559\" style=\"width: 30px;\" src=\"https:\/\/dealtech.eu\/wp-content\/uploads\/2024\/04\/pngegg2.png\" alt=\"\" srcset=\"https:\/\/dealtech.eu\/wp-content\/uploads\/2024\/04\/pngegg2.png 512w, https:\/\/dealtech.eu\/wp-content\/uploads\/2024\/04\/pngegg2-300x300.png 300w, https:\/\/dealtech.eu\/wp-content\/uploads\/2024\/04\/pngegg2-150x150.png 150w, https:\/\/dealtech.eu\/wp-content\/uploads\/2024\/04\/pngegg2-100x100.png 100w\" sizes=\"auto, (max-width: 30px) 100vw, 30px\" \/> MODULARITA&#8217;<\/h2>\n\n\n\n<p>In grado di soddisfare qualsiasi esigenza produttiva, con una variet\u00e0 di possibili configurazioni per adattarsi a diversi prodotti.<\/p>\n<\/div>\n\n\n\n<div class=\"wp-block-column is-layout-flow wp-block-column-is-layout-flow\">\n<h2 class=\"wp-block-heading has-medium-font-size\"><img loading=\"lazy\" decoding=\"async\" width=\"30\" height=\"30\" class=\"wp-image-559\" style=\"width: 30px;\" src=\"https:\/\/dealtech.eu\/wp-content\/uploads\/2024\/04\/pngegg2.png\" alt=\"\" srcset=\"https:\/\/dealtech.eu\/wp-content\/uploads\/2024\/04\/pngegg2.png 512w, https:\/\/dealtech.eu\/wp-content\/uploads\/2024\/04\/pngegg2-300x300.png 300w, https:\/\/dealtech.eu\/wp-content\/uploads\/2024\/04\/pngegg2-150x150.png 150w, https:\/\/dealtech.eu\/wp-content\/uploads\/2024\/04\/pngegg2-100x100.png 100w\" sizes=\"auto, (max-width: 30px) 100vw, 30px\" \/> <strong>&nbsp;<\/strong>USO INTUITIVO<\/h2>\n\n\n\n<p>Facile da installare, utilizzare e mantenere.<\/p>\n<\/div>\n<\/div>\n\n\n\n<div style=\"height:38px\" aria-hidden=\"true\" class=\"wp-block-spacer\"><\/div>\n\n\n\n<details class=\"wp-block-details is-layout-flow wp-block-details-is-layout-flow\" open><summary><font size=\"28px\"><b>Caratteristiche<\/b><\/font><\/summary>\n<h3 class=\"wp-block-heading has-vivid-cyan-blue-color has-text-color has-link-color wp-elements-abd39ed5c23d1f5768d1d814015c2ae3\">Panoramica<\/h3>\n\n\n\n<p>L&#8217;innovativo concetto servo elettrico combina produttivit\u00e0, accuratezza, flessibilit\u00e0 e affidabilit\u00e0 ponendo la massima attenzione al rispetto dell&#8217;ambiente. Definiamo tale approccio come &#8220;Green Means\u00ae&#8221;,&nbsp;offrendo ai clienti sostenibilit\u00e0, efficienza produttiva e produttivit\u00e0. Si traduce in maggiore versatilit\u00e0, minor consumo energetico e minori interventi di manutenzione, oltre a evitare l&#8217;acquisto o lo smaltimento di olio. Inoltre, una facile programmazione e un\u2019eccezionale precisione eliminano la produzione di scarti. Semplicemente, permette di realizzare componenti in lamiera migliori ad un costo inferiore.<\/p>\n\n\n\n<h3 class=\"wp-block-heading has-vivid-cyan-blue-color has-text-color has-link-color wp-elements-cb5e853490ac7eeb2b7b9f02fb6f6f6a\">Caratteristiche della macchina<\/h3>\n\n\n\n<p>La pressa piegatrice eP offre il vantaggio di un&#8217;elevata accelerazione e decelerazione nonch\u00e9 tempi di risposta rapidi del sistema di azionamento servo elettrico.&nbsp;<\/p>\n\n\n\n<p>Rispetto alle presse piegatrici convenzionali, permette di ottenere un notevole aumento della produttivit\u00e0 riducendo i tempi di ciclo fino al 30%, oltre a offrire numerosi altri vantaggi.<\/p>\n\n\n\n<p>La velocit\u00e0 operativa \u00e8 programmabile per garantire la piegatura senza influire negativamente sulla qualit\u00e0 del prodotto o sulla sicurezza dell&#8217;operatore.<\/p>\n\n\n\n<p>Il sistema Lazer Safe IRIS assicura un&#8217;elevata velocit\u00e0 con chiusura praticamente a livello della lamiera.<\/p>\n\n\n\n<h3 class=\"wp-block-heading has-vivid-cyan-blue-color has-text-color has-link-color wp-elements-cb5e853490ac7eeb2b7b9f02fb6f6f6a\">Caratteristiche della macchina<\/h3>\n\n\n\n<p>Da 55 a 200 tonnellate<\/p>\n\n\n\n<p>Da 2000 a 4000 mm<\/p>\n<\/details>\n\n\n\n<div style=\"height:38px\" aria-hidden=\"true\" class=\"wp-block-spacer\"><\/div>\n\n\n\n<figure class=\"wp-block-embed aligncenter is-type-video is-provider-youtube wp-block-embed-youtube wp-embed-aspect-16-9 wp-has-aspect-ratio\"><div class=\"wp-block-embed__wrapper\">\n<iframe loading=\"lazy\" title=\"Prima Power eP series - Servoelectric press brakes\" width=\"640\" height=\"360\" src=\"https:\/\/www.youtube.com\/embed\/o9Bu6LluCxQ?feature=oembed\" frameborder=\"0\" allow=\"accelerometer; autoplay; clipboard-write; encrypted-media; gyroscope; picture-in-picture; web-share\" referrerpolicy=\"strict-origin-when-cross-origin\" allowfullscreen><\/iframe>\n<\/div><\/figure>\n\n\n\n<div style=\"height:38px\" aria-hidden=\"true\" class=\"wp-block-spacer\"><\/div>\n\n\n\n<h2 class=\"wp-block-heading\">Maggiori informazioni? Compila il form!<\/h2>\n\n\n\n<div class=\"wpcf7 no-js\" id=\"wpcf7-f1438-o1\" lang=\"en-US\" dir=\"ltr\" data-wpcf7-id=\"1438\">\n<div class=\"screen-reader-response\"><p role=\"status\" aria-live=\"polite\" aria-atomic=\"true\"><\/p> <ul><\/ul><\/div>\n<form action=\"\/en\/wp-json\/wp\/v2\/pages\/966#wpcf7-f1438-o1\" method=\"post\" class=\"wpcf7-form init\" aria-label=\"Contact form\" novalidate=\"novalidate\" data-status=\"init\">\n<fieldset class=\"hidden-fields-container\"><input type=\"hidden\" name=\"_wpcf7\" value=\"1438\" \/><input type=\"hidden\" name=\"_wpcf7_version\" value=\"6.1.5\" \/><input type=\"hidden\" name=\"_wpcf7_locale\" value=\"en_US\" \/><input type=\"hidden\" name=\"_wpcf7_unit_tag\" value=\"wpcf7-f1438-o1\" \/><input type=\"hidden\" name=\"_wpcf7_container_post\" value=\"0\" \/><input type=\"hidden\" name=\"_wpcf7_posted_data_hash\" value=\"\" \/><input type=\"hidden\" name=\"_wpcf7dtx_version\" value=\"5.0.4\" \/><input type=\"hidden\" name=\"lang\" value=\"en\" \/><input type=\"hidden\" name=\"_wpcf7_recaptcha_response\" value=\"\" \/>\n<\/fieldset>\n<p><label> Name<br \/>\n<span class=\"wpcf7-form-control-wrap\" data-name=\"your-name\"><input size=\"40\" maxlength=\"400\" class=\"wpcf7-form-control wpcf7-text wpcf7-validates-as-required\" autocomplete=\"name\" aria-required=\"true\" aria-invalid=\"false\" value=\"\" type=\"text\" name=\"your-name\" \/><\/span> <\/label>\n<\/p>\n<p><label> Email<br \/>\n<span class=\"wpcf7-form-control-wrap\" data-name=\"your-email\"><input size=\"40\" maxlength=\"400\" class=\"wpcf7-form-control wpcf7-email wpcf7-validates-as-required wpcf7-text wpcf7-validates-as-email\" autocomplete=\"email\" aria-required=\"true\" aria-invalid=\"false\" value=\"\" type=\"email\" name=\"your-email\" \/><\/span> <\/label>\n<\/p>\n<p><label> Subject<br \/>\n<span class=\"wpcf7-form-control-wrap\" data-name=\"your-subject\"><input size=\"40\" maxlength=\"400\" class=\"wpcf7-form-control wpcf7-text wpcf7-validates-as-required\" aria-required=\"true\" aria-invalid=\"false\" value=\"\" type=\"text\" name=\"your-subject\" \/><\/span> <\/label>\n<\/p>\n<p><label class=\"wpcf7-form-control wpcf7-label wpcf7dtx wpcf7dtx-label\">Serie eP<\/label>\n<\/p>\n<p><span id=\"wpcf7-69e35c03640b8-wrapper\" class=\"wpcf7-form-control-wrap your-prod-message-wrap\" style=\"display:none !important; visibility:hidden !important;\"><input type=\"hidden\" name=\"your-prod-message-time-start\" value=\"1776507907\"><input type=\"hidden\" name=\"your-prod-message-time-check\" value=\"4\"><label for=\"wpcf7-69e35c03640b8-field\" class=\"hp-message\">Please leave this field empty.<\/label><input id=\"wpcf7-69e35c03640b8-field\"  class=\"wpcf7-form-control wpcf7-text\" type=\"text\" name=\"your-prod-message\" value=\"\" size=\"40\" tabindex=\"-1\" autocomplete=\"new-password\" \/><\/span>\n<\/p>\n<p><label> Messagge (optional)<br \/>\n<span class=\"wpcf7-form-control-wrap\" data-name=\"your-prod-message\"><textarea cols=\"40\" rows=\"10\" maxlength=\"2000\" class=\"wpcf7-form-control wpcf7-textarea\" aria-invalid=\"false\" name=\"your-prod-message\"><\/textarea><\/span> <\/label>\n<\/p>\n<p><input class=\"wpcf7-form-control wpcf7-submit has-spinner\" type=\"submit\" value=\"Send\" \/>\n<\/p><div class=\"wpcf7-response-output\" aria-hidden=\"true\"><\/div>\n<\/form>\n<\/div>\n\n","protected":false},"excerpt":{"rendered":"<p>PRESSE PIEGATRICI Elevata affidabilit\u00e0 e massima produttivit\u00e0 Vantando oltre 20 anni di esperienza nell&#8217;applicazione della servo elettronica nella lavorazione della lamiera, le presse piegatrici della serie eP soddisfano i requisiti<\/p>\n","protected":false},"author":1,"featured_media":0,"parent":0,"menu_order":0,"comment_status":"closed","ping_status":"closed","template":"","meta":{"_seopress_robots_primary_cat":"","_seopress_titles_title":"","_seopress_titles_desc":"","_seopress_robots_index":"","footnotes":""},"categories":[],"tags":[],"class_list":{"1":"page","2":"type-page","3":"status-publish","4":"hentry"},"_links":{"self":[{"href":"https:\/\/dealtech.eu\/en\/wp-json\/wp\/v2\/pages\/966","targetHints":{"allow":["GET"]}}],"collection":[{"href":"https:\/\/dealtech.eu\/en\/wp-json\/wp\/v2\/pages"}],"about":[{"href":"https:\/\/dealtech.eu\/en\/wp-json\/wp\/v2\/types\/page"}],"author":[{"embeddable":true,"href":"https:\/\/dealtech.eu\/en\/wp-json\/wp\/v2\/users\/1"}],"replies":[{"embeddable":true,"href":"https:\/\/dealtech.eu\/en\/wp-json\/wp\/v2\/comments?post=966"}],"version-history":[{"count":4,"href":"https:\/\/dealtech.eu\/en\/wp-json\/wp\/v2\/pages\/966\/revisions"}],"predecessor-version":[{"id":1468,"href":"https:\/\/dealtech.eu\/en\/wp-json\/wp\/v2\/pages\/966\/revisions\/1468"}],"wp:attachment":[{"href":"https:\/\/dealtech.eu\/en\/wp-json\/wp\/v2\/media?parent=966"}],"wp:term":[{"taxonomy":"category","embeddable":true,"href":"https:\/\/dealtech.eu\/en\/wp-json\/wp\/v2\/categories?post=966"},{"taxonomy":"post_tag","embeddable":true,"href":"https:\/\/dealtech.eu\/en\/wp-json\/wp\/v2\/tags?post=966"}],"curies":[{"name":"wp","href":"https:\/\/api.w.org\/{rel}","templated":true}]}}