
{"id":994,"date":"2024-05-20T22:17:45","date_gmt":"2024-05-20T20:17:45","guid":{"rendered":"https:\/\/dealtech.eu\/it\/?page_id=994"},"modified":"2024-07-01T21:55:11","modified_gmt":"2024-07-01T19:55:11","slug":"ep-genius","status":"publish","type":"page","link":"https:\/\/dealtech.eu\/en\/ep-genius\/","title":{"rendered":"eP Genius"},"content":{"rendered":"\n<div class=\"wp-block-query is-layout-flow wp-block-query-is-layout-flow\"><ul class=\"wp-block-post-template is-layout-flow wp-block-post-template-is-layout-flow\"><li class=\"post-23 post type-post status-publish format-standard hentry category-combinata-laser\">\n\n<p class=\"has-text-align-center has-x-large-font-size\">PRIMA POWER eP Genius<\/p>\n\n<\/li><\/ul><\/div>\n\n\n\n<div class=\"wp-block-columns is-layout-flex wp-container-core-columns-is-layout-9d6595d7 wp-block-columns-is-layout-flex\">\n<div class=\"wp-block-column is-layout-flow wp-block-column-is-layout-flow\" style=\"flex-basis:66.66%\"><div id=\"metaslider-id-995\" style=\"width: 100%;\" class=\"ml-slider-3-105-0 metaslider metaslider-flex metaslider-995 ml-slider ms-theme-default nav-hidden\" role=\"region\" aria-label=\"eP Genius\" data-height=\"500\" data-width=\"700\">\n    <div id=\"metaslider_container_995\">\n        <div id=\"metaslider_995\">\n            <ul class='slides'>\n                <li style=\"display: block; width: 100%;\" class=\"slide-1008 ms-image \" aria-roledescription=\"slide\" data-date=\"2024-04-30 14:12:34\" data-filename=\"eP_Genius_Duo_front_view_doors_closed-700x500.png\" data-slide-type=\"image\"><img loading=\"lazy\" decoding=\"async\" src=\"https:\/\/dealtech.eu\/wp-content\/uploads\/2024\/04\/eP_Genius_Duo_front_view_doors_closed-700x500.png\" height=\"500\" width=\"700\" alt=\"\" class=\"slider-995 slide-1008 msDefaultImage\" title=\"eP_Genius_Duo_front_view_doors_closed\" \/><\/li>\n                <li style=\"display: none; width: 100%;\" class=\"slide-1009 ms-image \" aria-roledescription=\"slide\" data-date=\"2024-04-30 14:12:35\" data-filename=\"eP_Genius_Duo_doors_opened-700x500.png\" data-slide-type=\"image\"><img loading=\"lazy\" decoding=\"async\" src=\"https:\/\/dealtech.eu\/wp-content\/uploads\/2024\/04\/eP_Genius_Duo_doors_opened-700x500.png\" height=\"500\" width=\"700\" alt=\"\" class=\"slider-995 slide-1009 msDefaultImage\" title=\"eP_Genius_Duo_doors_opened\" \/><\/li>\n                <li style=\"display: none; width: 100%;\" class=\"slide-1010 ms-image \" aria-roledescription=\"slide\" data-date=\"2024-04-30 14:12:36\" data-filename=\"20210608_121356-700x500.jpg\" data-slide-type=\"image\"><img loading=\"lazy\" decoding=\"async\" src=\"https:\/\/dealtech.eu\/wp-content\/uploads\/2024\/04\/20210608_121356-700x500.jpg\" height=\"500\" width=\"700\" alt=\"\" class=\"slider-995 slide-1010 msDefaultImage\" title=\"20210608_121356\" \/><\/li>\n                <li style=\"display: none; width: 100%;\" class=\"slide-1011 ms-image \" aria-roledescription=\"slide\" data-date=\"2024-04-30 14:12:36\" data-filename=\"20210608_121333-700x500.jpg\" data-slide-type=\"image\"><img loading=\"lazy\" decoding=\"async\" src=\"https:\/\/dealtech.eu\/wp-content\/uploads\/2024\/04\/20210608_121333-700x500.jpg\" height=\"500\" width=\"700\" alt=\"\" class=\"slider-995 slide-1011 msDefaultImage\" title=\"20210608_121333\" \/><\/li>\n                <li style=\"display: none; width: 100%;\" class=\"slide-1012 ms-image \" aria-roledescription=\"slide\" data-date=\"2024-04-30 14:12:36\" data-filename=\"20210608_121313-700x500.jpg\" data-slide-type=\"image\"><img loading=\"lazy\" decoding=\"async\" src=\"https:\/\/dealtech.eu\/wp-content\/uploads\/2024\/04\/20210608_121313-700x500.jpg\" height=\"500\" width=\"700\" alt=\"\" class=\"slider-995 slide-1012 msDefaultImage\" title=\"20210608_121313\" \/><\/li>\n                <li style=\"display: none; width: 100%;\" class=\"slide-1013 ms-image \" aria-roledescription=\"slide\" data-date=\"2024-04-30 14:12:37\" data-filename=\"20210608_121215-700x500.jpg\" data-slide-type=\"image\"><img loading=\"lazy\" decoding=\"async\" src=\"https:\/\/dealtech.eu\/wp-content\/uploads\/2024\/04\/20210608_121215-700x500.jpg\" height=\"500\" width=\"700\" alt=\"\" class=\"slider-995 slide-1013 msDefaultImage\" title=\"20210608_121215\" \/><\/li>\n                <li style=\"display: none; width: 100%;\" class=\"slide-1014 ms-image \" aria-roledescription=\"slide\" data-date=\"2024-04-30 14:12:37\" data-filename=\"20200220_110315-700x500.jpg\" data-slide-type=\"image\"><img loading=\"lazy\" decoding=\"async\" src=\"https:\/\/dealtech.eu\/wp-content\/uploads\/2024\/04\/20200220_110315-700x500.jpg\" height=\"500\" width=\"700\" alt=\"\" class=\"slider-995 slide-1014 msDefaultImage\" title=\"20200220_110315\" \/><\/li>\n                <li style=\"display: none; width: 100%;\" class=\"slide-1015 ms-image \" aria-roledescription=\"slide\" data-date=\"2024-04-30 14:12:37\" data-filename=\"20200219_122834-700x500.jpg\" data-slide-type=\"image\"><img loading=\"lazy\" decoding=\"async\" src=\"https:\/\/dealtech.eu\/wp-content\/uploads\/2024\/04\/20200219_122834-700x500.jpg\" height=\"500\" width=\"700\" alt=\"\" class=\"slider-995 slide-1015 msDefaultImage\" title=\"20200219_122834\" \/><\/li>\n                <li style=\"display: none; width: 100%;\" class=\"slide-1016 ms-image \" aria-roledescription=\"slide\" data-date=\"2024-04-30 14:12:37\" data-filename=\"20200219_114603-700x500.jpg\" data-slide-type=\"image\"><img loading=\"lazy\" decoding=\"async\" src=\"https:\/\/dealtech.eu\/wp-content\/uploads\/2024\/04\/20200219_114603-700x500.jpg\" height=\"500\" width=\"700\" alt=\"\" class=\"slider-995 slide-1016 msDefaultImage\" title=\"20200219_114603\" \/><\/li>\n                <li style=\"display: none; width: 100%;\" class=\"slide-1017 ms-image \" aria-roledescription=\"slide\" data-date=\"2024-04-30 14:12:37\" data-filename=\"20200219_114558-700x500.jpg\" data-slide-type=\"image\"><img loading=\"lazy\" decoding=\"async\" src=\"https:\/\/dealtech.eu\/wp-content\/uploads\/2024\/04\/20200219_114558-700x500.jpg\" height=\"500\" width=\"700\" alt=\"\" class=\"slider-995 slide-1017 msDefaultImage\" title=\"20200219_114558\" \/><\/li>\n                <li style=\"display: none; width: 100%;\" class=\"slide-1018 ms-image \" aria-roledescription=\"slide\" data-date=\"2024-04-30 14:12:38\" data-filename=\"maximum_productivity-567x405.png\" data-slide-type=\"image\"><img loading=\"lazy\" decoding=\"async\" src=\"https:\/\/dealtech.eu\/wp-content\/uploads\/2024\/04\/maximum_productivity-567x405.png\" height=\"500\" width=\"700\" alt=\"\" class=\"slider-995 slide-1018 msDefaultImage\" title=\"maximum_productivity\" \/><\/li>\n                <li style=\"display: none; width: 100%;\" class=\"slide-1019 ms-image \" aria-roledescription=\"slide\" data-date=\"2024-04-30 14:12:38\" data-filename=\"eP_Genius_scheletro_finale_0-700x500.png\" data-slide-type=\"image\"><img loading=\"lazy\" decoding=\"async\" src=\"https:\/\/dealtech.eu\/wp-content\/uploads\/2024\/04\/eP_Genius_scheletro_finale_0-700x500.png\" height=\"500\" width=\"700\" alt=\"\" class=\"slider-995 slide-1019 msDefaultImage\" title=\"eP_Genius_scheletro_finale_0\" \/><\/li>\n            <\/ul>\n        <\/div>\n        \n    <\/div>\n<\/div>\n<\/div>\n\n\n\n<div class=\"wp-block-column is-layout-flow wp-block-column-is-layout-flow\" style=\"flex-basis:33.33%\">\n<p class=\"has-vivid-cyan-blue-color has-text-color has-link-color wp-elements-470e59ea6b1915bb6e1e646b9fa592cb\"><strong>PRESSE PIEGATRICI<\/strong><\/p>\n\n\n\n<h2 class=\"wp-block-heading has-large-font-size\">Una soluzione di piegatura servo elettrica efficace con un magazzino di cambio utensili rapido e automatico<\/h2>\n\n\n\n<p>La soluzione eP Genius 1030 di Prima Power consiste nell\u2019integrazione della pressa piegatrice servo elettrica eP1030 in un magazzino di cambio utensili automatico.<\/p>\n<\/div>\n<\/div>\n\n\n\n<div style=\"height:38px\" aria-hidden=\"true\" class=\"wp-block-spacer\"><\/div>\n\n\n\n<div class=\"wp-block-columns is-layout-flex wp-container-core-columns-is-layout-9d6595d7 wp-block-columns-is-layout-flex\">\n<div class=\"wp-block-column is-layout-flow wp-block-column-is-layout-flow\">\n<h2 class=\"wp-block-heading has-medium-font-size\"><img loading=\"lazy\" decoding=\"async\" width=\"30\" height=\"30\" class=\"wp-image-559\" style=\"width: 30px;\" src=\"https:\/\/dealtech.eu\/wp-content\/uploads\/2024\/04\/pngegg2.png\" alt=\"\" srcset=\"https:\/\/dealtech.eu\/wp-content\/uploads\/2024\/04\/pngegg2.png 512w, https:\/\/dealtech.eu\/wp-content\/uploads\/2024\/04\/pngegg2-300x300.png 300w, https:\/\/dealtech.eu\/wp-content\/uploads\/2024\/04\/pngegg2-150x150.png 150w, https:\/\/dealtech.eu\/wp-content\/uploads\/2024\/04\/pngegg2-100x100.png 100w\" sizes=\"auto, (max-width: 30px) 100vw, 30px\" \/> DISPONIBILITA&#8217; OPERATIVA<\/h2>\n\n\n\n<p>Grazie al cambio utensili automatico, la macchina \u00e8 sempre pronta per la produzione.<\/p>\n<\/div>\n\n\n\n<div class=\"wp-block-column is-layout-flow wp-block-column-is-layout-flow\">\n<h2 class=\"wp-block-heading has-medium-font-size\"><img loading=\"lazy\" decoding=\"async\" width=\"30\" height=\"30\" class=\"wp-image-559\" style=\"width: 30px;\" src=\"https:\/\/dealtech.eu\/wp-content\/uploads\/2024\/04\/pngegg2.png\" alt=\"\" srcset=\"https:\/\/dealtech.eu\/wp-content\/uploads\/2024\/04\/pngegg2.png 512w, https:\/\/dealtech.eu\/wp-content\/uploads\/2024\/04\/pngegg2-300x300.png 300w, https:\/\/dealtech.eu\/wp-content\/uploads\/2024\/04\/pngegg2-150x150.png 150w, https:\/\/dealtech.eu\/wp-content\/uploads\/2024\/04\/pngegg2-100x100.png 100w\" sizes=\"auto, (max-width: 30px) 100vw, 30px\" \/> <strong>&nbsp;<\/strong>PRECISIONE<\/h2>\n\n\n\n<p>Minore possibilit\u00e0 di errori umani legati al cambio e alla configurazione manuali.<\/p>\n<\/div>\n<\/div>\n\n\n\n<div class=\"wp-block-columns is-layout-flex wp-container-core-columns-is-layout-9d6595d7 wp-block-columns-is-layout-flex\">\n<div class=\"wp-block-column is-layout-flow wp-block-column-is-layout-flow\">\n<h2 class=\"wp-block-heading has-medium-font-size\"><img loading=\"lazy\" decoding=\"async\" width=\"30\" height=\"30\" class=\"wp-image-559\" style=\"width: 30px;\" src=\"https:\/\/dealtech.eu\/wp-content\/uploads\/2024\/04\/pngegg2.png\" alt=\"\" srcset=\"https:\/\/dealtech.eu\/wp-content\/uploads\/2024\/04\/pngegg2.png 512w, https:\/\/dealtech.eu\/wp-content\/uploads\/2024\/04\/pngegg2-300x300.png 300w, https:\/\/dealtech.eu\/wp-content\/uploads\/2024\/04\/pngegg2-150x150.png 150w, https:\/\/dealtech.eu\/wp-content\/uploads\/2024\/04\/pngegg2-100x100.png 100w\" sizes=\"auto, (max-width: 30px) 100vw, 30px\" \/> FLESSIBILITA&#8217;<\/h2>\n\n\n\n<p>Programmazione e produzione di kit, nonch\u00e9 di piccoli lotti di produzione.<\/p>\n<\/div>\n\n\n\n<div class=\"wp-block-column is-layout-flow wp-block-column-is-layout-flow\">\n<h2 class=\"wp-block-heading has-medium-font-size\"><img loading=\"lazy\" decoding=\"async\" width=\"30\" height=\"30\" class=\"wp-image-559\" style=\"width: 30px;\" src=\"https:\/\/dealtech.eu\/wp-content\/uploads\/2024\/04\/pngegg2.png\" alt=\"\" srcset=\"https:\/\/dealtech.eu\/wp-content\/uploads\/2024\/04\/pngegg2.png 512w, https:\/\/dealtech.eu\/wp-content\/uploads\/2024\/04\/pngegg2-300x300.png 300w, https:\/\/dealtech.eu\/wp-content\/uploads\/2024\/04\/pngegg2-150x150.png 150w, https:\/\/dealtech.eu\/wp-content\/uploads\/2024\/04\/pngegg2-100x100.png 100w\" sizes=\"auto, (max-width: 30px) 100vw, 30px\" \/> <strong>&nbsp;<\/strong>USO INTUITIVO<\/h2>\n\n\n\n<p>Facile da installare, utilizzare e mantenere.<\/p>\n<\/div>\n<\/div>\n\n\n\n<div style=\"height:38px\" aria-hidden=\"true\" class=\"wp-block-spacer\"><\/div>\n\n\n\n<details class=\"wp-block-details is-layout-flow wp-block-details-is-layout-flow\" open><summary><font size=\"28px\"><b>Caratteristiche<\/b><\/font><\/summary>\n<h3 class=\"wp-block-heading has-vivid-cyan-blue-color has-text-color has-link-color wp-elements-abd39ed5c23d1f5768d1d814015c2ae3\">Panoramica<\/h3>\n\n\n\n<h4 class=\"wp-block-heading\">eP Genius 1030<\/h4>\n\n\n\n<p>La soluzione eP Genius 1030 di Prima Power consiste nell\u2019integrazione della pressa piegatrice servo elettrica eP1030 in un magazzino di cambio utensili automatico.<\/p>\n\n\n\n<p>Tale concetto offre una soluzione di piegatura pi\u00f9 versatile, pi\u00f9 rapida e affidabile, eliminando la configurazione manuale della macchina e consentendo all&#8217;operatore di dedicare il proprio tempo e le proprie competenze alla preparazione dei lotti di piegatura.<\/p>\n\n\n\n<p>eP Genius rappresenta la soluzione ideale per lotti minimi in cui \u00e8 possibile stimare la configurazione della macchina mentre i cicli di breve durata contribuiscono a ottenere una maggiore competitivit\u00e0 sul mercato.<\/p>\n\n\n\n<p>Durante il cambio utensile, uno scanner laser di sicurezza rileva l&#8217;area di lavoro proteggendo l&#8217;operatore, senza richiedere alcun intervento umano al momento del ripristino delle funzionalit\u00e0 della macchina.<\/p>\n\n\n\n<h4 class=\"wp-block-heading\">eP Genius Duo<\/h4>\n\n\n\n<p>L&#8217;unicit\u00e0 di questa soluzione di piegatura \u00e8 la combinazione delle due presse piegatrici e di un magazzino utensili automatico che pu\u00f2 gestire le due macchine contemporaneamente.<\/p>\n\n\n\n<p>La vera novit\u00e0 di questa configurazione rispetto alla eP Genius 1030 standard \u00e8 la possibilit\u00e0 di scegliere una pressa piegatrice diversa per il lato sinistro e di aggiungere una seconda pressa piegatrice sul lato destro. La seconda macchina a destra pu\u00f2 essere una eP-1336 servo-elettrica, oppure una macchina idraulica di tipo&nbsp;hP (da scegliere tra dimensioni specifiche).<\/p>\n\n\n\n<p>La configurazione Duo pu\u00f2 contare su una capacit\u00e0 di 32 fino a 60 metri di utensili e su una navetta portautensili veloce che alimenta entrambe le macchine, passando da un lato all&#8217;altro.<\/p>\n\n\n\n<p>Il cliente pu\u00f2 ottenere una maggiore produttivit\u00e0 con un rapido ritorno dell&#8217;investimento piegando materiali di spessore ridotto sulla eP e utilizzando spessori maggiori sulla hP.<\/p>\n\n\n\n<p>Questo offre ai nostri clienti un&#8217;ampia gamma di opportunit\u00e0 e combinazioni, creando la macchina ideale per soddisfare le loro esigenze di produzione.<\/p>\n\n\n\n<h3 class=\"wp-block-heading has-vivid-cyan-blue-color has-text-color has-link-color wp-elements-86bda974e52e7358bd531478e5345523\">Specifiche tecniche<\/h3>\n\n\n\n<p>La pressa piegatrice eP1030 inclusa nella soluzione \u00e8 la macchina pi\u00f9 versatile della gamma servo elettrica eP.<\/p>\n\n\n\n<p>Una perfetta combinazione di tonnellaggio (105 tonnellate) e capacit\u00e0 operativa (3060 mm di lunghezza di piegatura), centinatura CNC automatica, riscontro posteriore a 5 assi e sistema di controllo dell\u2019angolazione IRIS Plus su bracci motorizzati controllati da CNC.<\/p>\n\n\n\n<p>Il magazzino utensili, l\u2019innovazione principale di questo prodotto, \u00e8 in grado di ospitare un totale di 32 metri di utensili da posizionare su 8 supporti portautensili che si muovono su 3 assi. Permette di gestire gli utensili di tipo Wila con una lunghezza minima di 20 mm fino a 515 mm. Inoltre, una torretta girevole ruota gli utensili prelevati dal magazzino per garantire molteplici possibilit\u00e0 di lavorazione.<\/p>\n\n\n\n<p>L&#8217;HMI di ultima generazione consente la programmazione del pezzo in modo semplice e intuitivo, sia a bordo macchina che off-line, nonch\u00e9 la gestione automatica della configurazione della macchina.<\/p>\n\n\n\n<h3 class=\"wp-block-heading has-vivid-cyan-blue-color has-text-color has-link-color wp-elements-cb5e853490ac7eeb2b7b9f02fb6f6f6a\">Caratteristiche della macchina<\/h3>\n\n\n\n<p><strong>Specifiche tecniche eP Genius<\/strong><\/p>\n\n\n\n<p>Tonnellaggio max.: 1050 kN<\/p>\n\n\n\n<p>Distanza tra i telai laterali: 3150 mm<\/p>\n\n\n\n<p><strong>Specifiche tecniche del magazzino utensili<\/strong><\/p>\n\n\n\n<p>Capacit\u00e0 max. del magazzino utensili: 32 m \/ 60 m<\/p>\n\n\n\n<p>Lunghezza min. utensili: 20 mm<\/p>\n\n\n\n<p>Lunghezza max. utensili: 515 mm<\/p>\n\n\n\n<p>Velocit\u00e0 navetta utensili: 2.600 mm\/sec<\/p>\n\n\n\n<p>Velocit\u00e0 di rotazione utensili a 180\u00b0: 0,4 sec<\/p>\n<\/details>\n\n\n\n<div style=\"height:38px\" aria-hidden=\"true\" class=\"wp-block-spacer\"><\/div>\n\n\n\n<figure class=\"wp-block-embed aligncenter is-type-video is-provider-youtube wp-block-embed-youtube wp-embed-aspect-16-9 wp-has-aspect-ratio\"><div class=\"wp-block-embed__wrapper\">\n<iframe loading=\"lazy\" title=\"Prima Power eP Genius 1030 - Press brake with Automatic Tool Change Storage\" width=\"640\" height=\"360\" src=\"https:\/\/www.youtube.com\/embed\/_PZKoTOuud8?feature=oembed\" frameborder=\"0\" allow=\"accelerometer; autoplay; clipboard-write; encrypted-media; gyroscope; picture-in-picture; web-share\" referrerpolicy=\"strict-origin-when-cross-origin\" allowfullscreen><\/iframe>\n<\/div><\/figure>\n\n\n\n<div style=\"height:38px\" aria-hidden=\"true\" class=\"wp-block-spacer\"><\/div>\n\n\n\n<h2 class=\"wp-block-heading\">Maggiori informazioni? Compila il form!<\/h2>\n\n\n\n<div class=\"wpcf7 no-js\" id=\"wpcf7-f1438-o1\" lang=\"en-US\" dir=\"ltr\" data-wpcf7-id=\"1438\">\n<div class=\"screen-reader-response\"><p role=\"status\" aria-live=\"polite\" aria-atomic=\"true\"><\/p> <ul><\/ul><\/div>\n<form action=\"\/en\/wp-json\/wp\/v2\/pages\/994#wpcf7-f1438-o1\" method=\"post\" class=\"wpcf7-form init\" aria-label=\"Contact form\" novalidate=\"novalidate\" data-status=\"init\">\n<fieldset class=\"hidden-fields-container\"><input type=\"hidden\" name=\"_wpcf7\" value=\"1438\" \/><input type=\"hidden\" name=\"_wpcf7_version\" value=\"6.1.5\" \/><input type=\"hidden\" name=\"_wpcf7_locale\" value=\"en_US\" \/><input type=\"hidden\" name=\"_wpcf7_unit_tag\" value=\"wpcf7-f1438-o1\" \/><input type=\"hidden\" name=\"_wpcf7_container_post\" value=\"0\" \/><input type=\"hidden\" name=\"_wpcf7_posted_data_hash\" value=\"\" \/><input type=\"hidden\" name=\"_wpcf7dtx_version\" value=\"5.0.4\" \/><input type=\"hidden\" name=\"lang\" value=\"en\" \/><input type=\"hidden\" name=\"_wpcf7_recaptcha_response\" value=\"\" \/>\n<\/fieldset>\n<p><label> Name<br \/>\n<span class=\"wpcf7-form-control-wrap\" data-name=\"your-name\"><input size=\"40\" maxlength=\"400\" class=\"wpcf7-form-control wpcf7-text wpcf7-validates-as-required\" autocomplete=\"name\" aria-required=\"true\" aria-invalid=\"false\" value=\"\" type=\"text\" name=\"your-name\" \/><\/span> <\/label>\n<\/p>\n<p><label> Email<br \/>\n<span class=\"wpcf7-form-control-wrap\" data-name=\"your-email\"><input size=\"40\" maxlength=\"400\" class=\"wpcf7-form-control wpcf7-email wpcf7-validates-as-required wpcf7-text wpcf7-validates-as-email\" autocomplete=\"email\" aria-required=\"true\" aria-invalid=\"false\" value=\"\" type=\"email\" name=\"your-email\" \/><\/span> <\/label>\n<\/p>\n<p><label> Subject<br \/>\n<span class=\"wpcf7-form-control-wrap\" data-name=\"your-subject\"><input size=\"40\" maxlength=\"400\" class=\"wpcf7-form-control wpcf7-text wpcf7-validates-as-required\" aria-required=\"true\" aria-invalid=\"false\" value=\"\" type=\"text\" name=\"your-subject\" \/><\/span> <\/label>\n<\/p>\n<p><label class=\"wpcf7-form-control wpcf7-label wpcf7dtx wpcf7dtx-label\">eP Genius<\/label>\n<\/p>\n<p><span id=\"wpcf7-69f36c7ed3647-wrapper\" class=\"wpcf7-form-control-wrap your-prod-message-wrap\" style=\"display:none !important; visibility:hidden !important;\"><input type=\"hidden\" name=\"your-prod-message-time-start\" value=\"1777560702\"><input type=\"hidden\" name=\"your-prod-message-time-check\" value=\"4\"><label for=\"wpcf7-69f36c7ed3647-field\" class=\"hp-message\">Please leave this field empty.<\/label><input id=\"wpcf7-69f36c7ed3647-field\"  class=\"wpcf7-form-control wpcf7-text\" type=\"text\" name=\"your-prod-message\" value=\"\" size=\"40\" tabindex=\"-1\" autocomplete=\"new-password\" \/><\/span>\n<\/p>\n<p><label> Messagge (optional)<br \/>\n<span class=\"wpcf7-form-control-wrap\" data-name=\"your-prod-message\"><textarea cols=\"40\" rows=\"10\" maxlength=\"2000\" class=\"wpcf7-form-control wpcf7-textarea\" aria-invalid=\"false\" name=\"your-prod-message\"><\/textarea><\/span> <\/label>\n<\/p>\n<p><input class=\"wpcf7-form-control wpcf7-submit has-spinner\" type=\"submit\" value=\"Send\" \/>\n<\/p><div class=\"wpcf7-response-output\" aria-hidden=\"true\"><\/div>\n<\/form>\n<\/div>\n\n","protected":false},"excerpt":{"rendered":"<p>PRESSE PIEGATRICI Una soluzione di piegatura servo elettrica efficace con un magazzino di cambio utensili rapido e automatico La soluzione eP Genius 1030 di Prima Power consiste nell\u2019integrazione della pressa<\/p>\n","protected":false},"author":8,"featured_media":1024,"parent":0,"menu_order":0,"comment_status":"closed","ping_status":"closed","template":"","meta":{"_seopress_robots_primary_cat":"","_seopress_titles_title":"","_seopress_titles_desc":"","_seopress_robots_index":"","footnotes":""},"categories":[147],"tags":[],"class_list":{"0":"post-994","1":"page","2":"type-page","3":"status-publish","5":"hentry","6":"category-prima-power-bend"},"_links":{"self":[{"href":"https:\/\/dealtech.eu\/en\/wp-json\/wp\/v2\/pages\/994","targetHints":{"allow":["GET"]}}],"collection":[{"href":"https:\/\/dealtech.eu\/en\/wp-json\/wp\/v2\/pages"}],"about":[{"href":"https:\/\/dealtech.eu\/en\/wp-json\/wp\/v2\/types\/page"}],"author":[{"embeddable":true,"href":"https:\/\/dealtech.eu\/en\/wp-json\/wp\/v2\/users\/8"}],"replies":[{"embeddable":true,"href":"https:\/\/dealtech.eu\/en\/wp-json\/wp\/v2\/comments?post=994"}],"version-history":[{"count":3,"href":"https:\/\/dealtech.eu\/en\/wp-json\/wp\/v2\/pages\/994\/revisions"}],"predecessor-version":[{"id":1450,"href":"https:\/\/dealtech.eu\/en\/wp-json\/wp\/v2\/pages\/994\/revisions\/1450"}],"wp:featuredmedia":[{"embeddable":true,"href":"https:\/\/dealtech.eu\/en\/wp-json\/wp\/v2\/media\/1024"}],"wp:attachment":[{"href":"https:\/\/dealtech.eu\/en\/wp-json\/wp\/v2\/media?parent=994"}],"wp:term":[{"taxonomy":"category","embeddable":true,"href":"https:\/\/dealtech.eu\/en\/wp-json\/wp\/v2\/categories?post=994"},{"taxonomy":"post_tag","embeddable":true,"href":"https:\/\/dealtech.eu\/en\/wp-json\/wp\/v2\/tags?post=994"}],"curies":[{"name":"wp","href":"https:\/\/api.w.org\/{rel}","templated":true}]}}